{"id":2488,"date":"2021-06-25T14:01:48","date_gmt":"2021-06-25T12:01:48","guid":{"rendered":"https:\/\/www.sophy.ch\/?page_id=2488"},"modified":"2021-07-15T08:28:14","modified_gmt":"2021-07-15T06:28:14","slug":"shipping-and-delivery","status":"publish","type":"page","link":"https:\/\/www.sophy.ch\/it\/shipping-and-delivery\/","title":{"rendered":"Spedizione e Consegna"},"content":{"rendered":"<p style=\"text-align: justify;\"><span style=\"font-size: 18pt; color: #8dc8e8;\">SPEDIZIONE E CONSEGNA<\/span><\/p>\n<p style=\"text-align: justify;\"><span style=\"color: #2c76ba;\">QUALI SONO I COSTI DI CONSEGNA?<\/span><br \/>\nTutte le consegne di Sophy Ginevra sono posta A, registrate e inviate gratuitamente con la Posta Svizzera. Se non puoi essere presente al momento della consegna, il corriere ti lascer\u00e0 una ricevuta di ritiro che potrai utilizzare per ritirare la consegna presso l&#039;ufficio postale interessato. Per poter ritirare il tuo ordine allo sportello postale, hai bisogno della distinta di ritiro e di un documento di identit\u00e0 ufficiale.<br \/>\nPer ordini con pi\u00f9 articoli si applica il tempo di consegna pi\u00f9 lungo, in quanto non sono possibili consegne parziali, oppure su richiesta da parte tua via e-mail possiamo gestire la consegna divisa dell&#039;ordine, consulta sempre il nostro team shop@shopy.ch<\/p>\n<p style=\"text-align: justify;\"><span style=\"color: #2c76ba;\">QUANTO TEMPO MANCA L&#039;ARRIVO DEL MIO ACQUISTO?<\/span><br \/>\nSe il tuo ordine \u00e8 gi\u00e0 disponibile, possiamo garantire la consegna entro una settimana dal momento dell&#039;acquisto.<br \/>\nTuttavia, se il tuo articolo non \u00e8 immediatamente disponibile, la consegna richieder\u00e0 fino a 6 settimane. I gioielli Sophy Geneva nella maggior parte dei casi sono gioielli artigianali e realizzati personalmente per te. Ci\u00f2 significa che non appena effettui un ordine con noi, lo inoltriamo al nostro produttore. Al termine, i gioielli acquistati vengono esaminati nel nostro Atelier di controllo qualit\u00e0 a (Losanna-Svizzera) e da l\u00ec vengono inviati direttamente a te.<\/p>\n<p style=\"text-align: justify;\"><span style=\"color: #2c76ba;\">TRACCIAMENTO DELLA SPEDIZIONE<\/span><br \/>\nDopo che il tuo ordine ha lasciato il nostro Atelier in (Losanna-Svizzera), pu\u00f2 essere tracciato utilizzando il Track &amp; Trace della Posta Svizzera. Ti verr\u00e0 inviato un link di tracciamento via e-mail, che ti consentir\u00e0 di tracciare la spedizione da un certo momento in poi. In caso di domande sullo stato della consegna, contatta shop@sophy.ch. Saremo lieti di fornirti le informazioni pi\u00f9 dettagliate possibili.<\/p>\n<p style=\"text-align: justify;\"><span style=\"color: #2c76ba;\">IN QUALI PAESI VENGONO CONSEGNATI GLI ORDINI?<\/span><br \/>\nSophy Geneva generalmente elabora gli ordini all&#039;interno della Svizzera, del Liechtenstein e di alcuni paesi dell&#039;UE<\/p>\n<p style=\"text-align: justify;\"><iframe src=\"\/\/www.youtube.com\/embed\/hVXCjhXwgQM\" width=\"560\" height=\"314\" allowfullscreen=\"allowfullscreen\"><\/iframe><\/p>","protected":false},"excerpt":{"rendered":"<p>SPEDIZIONE E CONSEGNA QUALI SONO I COSTI DI CONSEGNA? Tutte le consegne da Sophy Geneva sono A Mail, registrate e inviate gratuitamente<\/p>","protected":false},"author":1,"featured_media":0,"parent":0,"menu_order":0,"comment_status":"closed","ping_status":"closed","template":"","meta":{"footnotes":""},"class_list":["post-2488","page","type-page","status-publish","hentry"],"yoast_head":"<!-- This site is optimized with the Yoast SEO Premium plugin v26.9 (Yoast SEO v27.1.1) - https:\/\/yoast.com\/product\/yoast-seo-premium-wordpress\/ -->\n<title>Shipping and Delivery - Sophie Jewelry Geneva | Online Store<\/title>\n<meta name=\"robots\" content=\"index, follow, max-snippet:-1, max-image-preview:large, max-video-preview:-1\" \/>\n<link rel=\"canonical\" href=\"http:\/\/www.sophy.ch\/it\/es\/shipping-and-delivery\/\" \/>\n<meta property=\"og:locale\" content=\"it_IT\" \/>\n<meta property=\"og:type\" content=\"article\" \/>\n<meta property=\"og:title\" content=\"Shipping and Delivery - Sophie Jewelry Geneva | Online Store\" \/>\n<meta property=\"og:description\" content=\"SHIPPING AND DELIVERY WHAT ARE THE DELIVERY COSTS? All deliveries from Sophy Geneva are A Mail, registered, and sent free\" \/>\n<meta property=\"og:url\" content=\"http:\/\/www.sophy.ch\/it\/es\/shipping-and-delivery\/\" \/>\n<meta property=\"og:site_name\" content=\"Sophie Jewelry Geneva | Online Store\" \/>\n<meta property=\"article:publisher\" content=\"https:\/\/facebook.com\/sophygeneva\" \/>\n<meta property=\"article:modified_time\" content=\"2021-07-15T06:28:14+00:00\" \/>\n<meta property=\"og:image\" content=\"https:\/\/www.sophy.ch\/web\/wp-content\/uploads\/2021\/11\/Sophy-Geneva-Social-Share-logo.png\" \/>\n\t<meta property=\"og:image:width\" content=\"1200\" \/>\n\t<meta property=\"og:image:height\" content=\"630\" \/>\n\t<meta property=\"og:image:type\" content=\"image\/png\" \/>\n<meta name=\"twitter:card\" content=\"summary_large_image\" \/>\n<meta name=\"twitter:site\" content=\"@sophygeneva\" \/>\n<meta name=\"twitter:label1\" content=\"Tempo di lettura stimato\" \/>\n\t<meta name=\"twitter:data1\" content=\"2 minuti\" \/>\n<script type=\"application\/ld+json\" class=\"yoast-schema-graph\">{\"@context\":\"https:\/\/schema.org\",\"@graph\":[{\"@type\":\"WebPage\",\"@id\":\"http:\/\/www.sophy.ch\/es\/shipping-and-delivery\/\",\"url\":\"http:\/\/www.sophy.ch\/es\/shipping-and-delivery\/\",\"name\":\"Shipping and Delivery - Sophie Jewelry Geneva | Online Store\",\"isPartOf\":{\"@id\":\"https:\/\/www.sophy.ch\/#website\"},\"datePublished\":\"2021-06-25T12:01:48+00:00\",\"dateModified\":\"2021-07-15T06:28:14+00:00\",\"breadcrumb\":{\"@id\":\"http:\/\/www.sophy.ch\/es\/shipping-and-delivery\/#breadcrumb\"},\"inLanguage\":\"it-IT\",\"potentialAction\":[{\"@type\":\"ReadAction\",\"target\":[\"http:\/\/www.sophy.ch\/es\/shipping-and-delivery\/\"]}]},{\"@type\":\"BreadcrumbList\",\"@id\":\"http:\/\/www.sophy.ch\/es\/shipping-and-delivery\/#breadcrumb\",\"itemListElement\":[{\"@type\":\"ListItem\",\"position\":1,\"name\":\"Home\",\"item\":\"https:\/\/www.sophy.ch\/\"},{\"@type\":\"ListItem\",\"position\":2,\"name\":\"Shipping and Delivery\"}]},{\"@type\":\"WebSite\",\"@id\":\"https:\/\/www.sophy.ch\/#website\",\"url\":\"https:\/\/www.sophy.ch\/\",\"name\":\"Sophie Jewelry Geneva | Online Store\",\"description\":\"Swiss Store for Gold, Diamonds &amp; Gems | Best Prices\",\"publisher\":{\"@id\":\"https:\/\/www.sophy.ch\/#organization\"},\"alternateName\":\"Sophy Jewelry\",\"potentialAction\":[{\"@type\":\"SearchAction\",\"target\":{\"@type\":\"EntryPoint\",\"urlTemplate\":\"https:\/\/www.sophy.ch\/?s={search_term_string}\"},\"query-input\":{\"@type\":\"PropertyValueSpecification\",\"valueRequired\":true,\"valueName\":\"search_term_string\"}}],\"inLanguage\":\"it-IT\"},{\"@type\":\"Organization\",\"@id\":\"https:\/\/www.sophy.ch\/#organization\",\"name\":\"Sophy Geneva Jewellery\",\"alternateName\":\"Sophy Jewelry\",\"url\":\"https:\/\/www.sophy.ch\/\",\"logo\":{\"@type\":\"ImageObject\",\"inLanguage\":\"it-IT\",\"@id\":\"https:\/\/www.sophy.ch\/#\/schema\/logo\/image\/\",\"url\":\"https:\/\/www.sophy.ch\/web\/wp-content\/uploads\/2021\/06\/sophy-geneva-logo-small-400.png\",\"contentUrl\":\"https:\/\/www.sophy.ch\/web\/wp-content\/uploads\/2021\/06\/sophy-geneva-logo-small-400.png\",\"width\":408,\"height\":408,\"caption\":\"Sophy Geneva Jewellery\"},\"image\":{\"@id\":\"https:\/\/www.sophy.ch\/#\/schema\/logo\/image\/\"},\"sameAs\":[\"https:\/\/facebook.com\/sophygeneva\",\"https:\/\/x.com\/sophygeneva\",\"https:\/\/instagram.com\/sophygeneva\",\"https:\/\/pinterest.com\/sophygeneva\",\"https:\/\/www.youtube.com\/sophygeneva\",\"https:\/\/www.tiktok.com\/@sophygeneva\"],\"hasMerchantReturnPolicy\":{\"@type\":\"MerchantReturnPolicy\",\"merchantReturnLink\":\"https:\/\/www.sophy.ch\/it\/returns-and-guarantee\/\"}}]}<\/script>\n<!-- \/ Yoast SEO Premium plugin. -->","yoast_head_json":{"title":"Shipping and Delivery - Sophie Jewelry Geneva | Online Store","robots":{"index":"index","follow":"follow","max-snippet":"max-snippet:-1","max-image-preview":"max-image-preview:large","max-video-preview":"max-video-preview:-1"},"canonical":"http:\/\/www.sophy.ch\/it\/es\/shipping-and-delivery\/","og_locale":"it_IT","og_type":"article","og_title":"Shipping and Delivery - Sophie Jewelry Geneva | Online Store","og_description":"SHIPPING AND DELIVERY WHAT ARE THE DELIVERY COSTS? All deliveries from Sophy Geneva are A Mail, registered, and sent free","og_url":"http:\/\/www.sophy.ch\/it\/es\/shipping-and-delivery\/","og_site_name":"Sophie Jewelry Geneva | Online Store","article_publisher":"https:\/\/facebook.com\/sophygeneva","article_modified_time":"2021-07-15T06:28:14+00:00","og_image":[{"width":1200,"height":630,"url":"https:\/\/www.sophy.ch\/web\/wp-content\/uploads\/2021\/11\/Sophy-Geneva-Social-Share-logo.png","type":"image\/png"}],"twitter_card":"summary_large_image","twitter_site":"@sophygeneva","twitter_misc":{"Tempo di lettura stimato":"2 minuti"},"schema":{"@context":"https:\/\/schema.org","@graph":[{"@type":"WebPage","@id":"http:\/\/www.sophy.ch\/es\/shipping-and-delivery\/","url":"http:\/\/www.sophy.ch\/es\/shipping-and-delivery\/","name":"Shipping and Delivery - Sophie Jewelry Geneva | Online Store","isPartOf":{"@id":"https:\/\/www.sophy.ch\/#website"},"datePublished":"2021-06-25T12:01:48+00:00","dateModified":"2021-07-15T06:28:14+00:00","breadcrumb":{"@id":"http:\/\/www.sophy.ch\/es\/shipping-and-delivery\/#breadcrumb"},"inLanguage":"it-IT","potentialAction":[{"@type":"ReadAction","target":["http:\/\/www.sophy.ch\/es\/shipping-and-delivery\/"]}]},{"@type":"BreadcrumbList","@id":"http:\/\/www.sophy.ch\/es\/shipping-and-delivery\/#breadcrumb","itemListElement":[{"@type":"ListItem","position":1,"name":"Home","item":"https:\/\/www.sophy.ch\/"},{"@type":"ListItem","position":2,"name":"Shipping and Delivery"}]},{"@type":"WebSite","@id":"https:\/\/www.sophy.ch\/#website","url":"https:\/\/www.sophy.ch\/","name":"Sophie Jewelry Geneva | Online Store","description":"Swiss Store for Gold, Diamonds &amp; Gems | Best Prices","publisher":{"@id":"https:\/\/www.sophy.ch\/#organization"},"alternateName":"Sophy Jewelry","potentialAction":[{"@type":"SearchAction","target":{"@type":"EntryPoint","urlTemplate":"https:\/\/www.sophy.ch\/?s={search_term_string}"},"query-input":{"@type":"PropertyValueSpecification","valueRequired":true,"valueName":"search_term_string"}}],"inLanguage":"it-IT"},{"@type":"Organization","@id":"https:\/\/www.sophy.ch\/#organization","name":"Sophy Ginevra gioielli","alternateName":"Sophy Jewelry","url":"https:\/\/www.sophy.ch\/","logo":{"@type":"ImageObject","inLanguage":"it-IT","@id":"https:\/\/www.sophy.ch\/#\/schema\/logo\/image\/","url":"https:\/\/www.sophy.ch\/web\/wp-content\/uploads\/2021\/06\/sophy-geneva-logo-small-400.png","contentUrl":"https:\/\/www.sophy.ch\/web\/wp-content\/uploads\/2021\/06\/sophy-geneva-logo-small-400.png","width":408,"height":408,"caption":"Sophy Geneva Jewellery"},"image":{"@id":"https:\/\/www.sophy.ch\/#\/schema\/logo\/image\/"},"sameAs":["https:\/\/facebook.com\/sophygeneva","https:\/\/x.com\/sophygeneva","https:\/\/instagram.com\/sophygeneva","https:\/\/pinterest.com\/sophygeneva","https:\/\/www.youtube.com\/sophygeneva","https:\/\/www.tiktok.com\/@sophygeneva"],"hasMerchantReturnPolicy":{"@type":"MerchantReturnPolicy","merchantReturnLink":"https:\/\/www.sophy.ch\/it\/returns-and-guarantee\/"}}]}},"_links":{"self":[{"href":"https:\/\/www.sophy.ch\/it\/wp-json\/wp\/v2\/pages\/2488","targetHints":{"allow":["GET"]}}],"collection":[{"href":"https:\/\/www.sophy.ch\/it\/wp-json\/wp\/v2\/pages"}],"about":[{"href":"https:\/\/www.sophy.ch\/it\/wp-json\/wp\/v2\/types\/page"}],"author":[{"embeddable":true,"href":"https:\/\/www.sophy.ch\/it\/wp-json\/wp\/v2\/users\/1"}],"replies":[{"embeddable":true,"href":"https:\/\/www.sophy.ch\/it\/wp-json\/wp\/v2\/comments?post=2488"}],"version-history":[{"count":0,"href":"https:\/\/www.sophy.ch\/it\/wp-json\/wp\/v2\/pages\/2488\/revisions"}],"wp:attachment":[{"href":"https:\/\/www.sophy.ch\/it\/wp-json\/wp\/v2\/media?parent=2488"}],"curies":[{"name":"wp","href":"https:\/\/api.w.org\/{rel}","templated":true}]}}