{"id":2486,"date":"2021-06-25T14:01:51","date_gmt":"2021-06-25T12:01:51","guid":{"rendered":"https:\/\/www.sophy.ch\/?page_id=2486"},"modified":"2024-07-10T14:55:39","modified_gmt":"2024-07-10T12:55:39","slug":"imprint","status":"publish","type":"page","link":"https:\/\/www.sophy.ch\/it\/imprint\/","title":{"rendered":"Impressum"},"content":{"rendered":"<div data-elementor-type=\"wp-page\" data-elementor-id=\"2486\" class=\"elementor elementor-2486\" data-elementor-post-type=\"page\">\n\t\t\t\t\t\t<section class=\"wd-negative-gap elementor-section elementor-top-section elementor-element elementor-element-a0896a9 elementor-section-boxed elementor-section-height-default elementor-section-height-default\" data-id=\"a0896a9\" data-element_type=\"section\" data-e-type=\"section\">\n\t\t\t\t\t\t<div class=\"elementor-container elementor-column-gap-default\">\n\t\t\t\t\t<div class=\"elementor-column elementor-col-100 elementor-top-column elementor-element elementor-element-c1b7bcb\" data-id=\"c1b7bcb\" data-element_type=\"column\" data-e-type=\"column\">\n\t\t\t<div class=\"elementor-widget-wrap elementor-element-populated\">\n\t\t\t\t\t\t<div class=\"elementor-element elementor-element-501a9c6 color-scheme-inherit text-left elementor-widget elementor-widget-text-editor\" data-id=\"501a9c6\" data-element_type=\"widget\" data-e-type=\"widget\" data-widget_type=\"text-editor.default\">\n\t\t\t\t<div class=\"elementor-widget-container\">\n\t\t\t\t\t\t\t\t\t<p><span style=\"font-size: 18pt;\">Impressum<\/span><\/p>\n<p>Sophy Ginevra \u2013 Solo<br>Rue des Alpes 9<br>CH \u2013 1201\/GE<\/p>\n<p>Telefono: +41 79 592 39 22<br>e-mail: info(at)sophy.ch<\/p>\n<p>Siamo a tua disposizione per telefono e tramite la nostra Livechat come segue: dal luned\u00ec al venerd\u00ec 08.00 -12.00 e 13.00 -17.00<\/p>\n<p><\/p>\n<p>1. Contenuto dei servizi online<br>L&#039;autore non si assume alcuna responsabilit\u00e0 per la validit\u00e0, l&#039;accuratezza o la completezza delle informazioni fornite sul sito web. Sono categoricamente escluse rivendicazioni di responsabilit\u00e0 nei confronti dell&#039;autore basate su danni di natura materiale o immateriale derivanti dall&#039;uso o non utilizzo delle informazioni presentate e\/o dall&#039;uso di informazioni errate e incomplete, a condizione che l&#039;autore non sia dimostrabilmente colpevole di dolo o colpa grave. Tutte le offerte non sono vincolanti e soggette a modifiche. L&#039;autore si riserva espressamente il diritto di modificare, integrare o cancellare alcune o tutte le pagine web senza preavviso o di chiudere il sito temporaneamente o definitivamente.<\/p>\n<p>2. Riferimenti e collegamenti<br>In caso di riferimenti diretti o indiretti a siti Web esterni (collegamenti ipertestuali) per i quali l&#039;autore non ha alcuna responsabilit\u00e0, la responsabilit\u00e0 pu\u00f2 essere accettata solo se l&#039;autore ha familiarit\u00e0 con il contenuto in questione ed \u00e8 tecnicamente possibile e ragionevole per l&#039;autore impedire il utilizzo di qualsiasi contenuto illecito contenuto. L&#039;autore dichiara espressamente con la presente che non sono stati trovati contenuti illegali sulle pagine collegate al momento dell&#039;impostazione dei collegamenti. L&#039;autore non ha alcuna influenza sulla struttura attuale e futura, sui contenuti e sulla paternit\u00e0 delle pagine collegate\/riferite. Per questo motivo, l&#039;autore si dissocia espressamente dai contenuti di tutte le pagine collegate\/riferite alle quali vengono apportate modifiche dopo la prima impostazione dei collegamenti. Questo vale per tutti i riferimenti e i collegamenti impostati sulle nostre pagine Web e anche per tutte le voci esterne effettuate in qualsiasi libro degli ospiti, forum di discussione, directory di collegamenti, mailing list o altre forme di database in cui il contenuto pu\u00f2 essere pubblicato da terzi. Per ogni contenuto illegale, errato o incompleto e per eventuali danni derivanti dall&#039;uso o dal mancato utilizzo, sar\u00e0 l&#039;unico e pieno responsabile del provider della pagina cui si fa riferimento, e non di chi vi si riferisce tramite link. tali informazioni.<\/p>\n<p>3. Diritto d&#039;autore e diritto dei marchi<br>In tutte le pubblicazioni l&#039;autore si impegna a rispettare i diritti d&#039;autore relativi a qualsiasi foto, grafica, clip audio e video e testi utilizzati o a utilizzare le proprie foto, grafica, clip audio e video e testi o a fare uso di arte grafica , clip audio e video e testi di pubblico dominio. Tutti i marchi ei marchi citati nel sito compresi eventuali marchi e marchi registrati di propriet\u00e0 di terzi sono soggetti senza limitazioni alle leggi attualmente applicabili sui marchi e relativi segni e ai diritti di propriet\u00e0 del proprietario registrato. Il fatto che un marchio sia menzionato sul sito web non implica in alcun modo che non sia protetto da diritti di terzi! Il copyright per tutti i contenuti creati e pubblicati dall&#039;autore rimane esclusivamente con l&#039;autore delle pagine web. Nessuna grafica, immagini, clip audio e video e testi possono essere copiati o utilizzati in altre pubblicazioni elettroniche o cartacee senza l&#039;espresso consenso dell&#039;autore.<\/p>\n<p>4. Protezione dei dati<br>Nella misura in cui gli utenti possono inserire nel sito dati personali o commerciali (indirizzi e-mail, nomi, indirizzi), tutti questi dati sono comunicati su base espressamente volontaria. Per ulteriori informazioni, consultare la nostra Informativa sulla privacy.<\/p>\n<p>5. Validit\u00e0 di questo disclaimer<br>Questo disclaimer fa parte del sito web dal quale l&#039;utente \u00e8 stato indirizzato a questa pagina. Qualora parti o singole formulazioni del presente testo non dovessero o non fossero pi\u00f9 in parte o integralmente conformi all&#039;attuale situazione giuridica, il resto del documento resta inalterato quanto a contenuto e validit\u00e0.<\/p>\t\t\t\t\t\t\t\t<\/div>\n\t\t\t\t<\/div>\n\t\t\t\t\t<\/div>\n\t\t<\/div>\n\t\t\t\t\t<\/div>\n\t\t<\/section>\n\t\t\t\t<\/div>","protected":false},"excerpt":{"rendered":"<p>Imprint Sophy Geneva &#8211; SoloRue des Alpes 9CH &#8211; 1201 \/ GE Phone: +41 79 592 39 22e-mail: info(at)sophy.ch We<\/p>","protected":false},"author":1,"featured_media":0,"parent":0,"menu_order":0,"comment_status":"closed","ping_status":"closed","template":"","meta":{"footnotes":""},"class_list":["post-2486","page","type-page","status-publish","hentry"],"yoast_head":"<!-- This site is optimized with the Yoast SEO Premium plugin v26.9 (Yoast SEO v27.1.1) - https:\/\/yoast.com\/product\/yoast-seo-premium-wordpress\/ -->\n<title>Imprint - Sophie Jewelry Geneva | Online Store<\/title>\n<meta name=\"robots\" content=\"index, follow, max-snippet:-1, max-image-preview:large, max-video-preview:-1\" \/>\n<link rel=\"canonical\" href=\"https:\/\/www.sophy.ch\/it\/imprint\/\" \/>\n<meta property=\"og:locale\" content=\"it_IT\" \/>\n<meta property=\"og:type\" content=\"article\" \/>\n<meta property=\"og:title\" content=\"Imprint - Sophie Jewelry Geneva | Online Store\" \/>\n<meta property=\"og:description\" content=\"Imprint Sophy Geneva &#8211; SoloRue des Alpes 9CH &#8211; 1201 \/ GE Phone: +41 79 592 39 22e-mail: info(at)sophy.ch We\" \/>\n<meta property=\"og:url\" content=\"https:\/\/www.sophy.ch\/it\/imprint\/\" \/>\n<meta property=\"og:site_name\" content=\"Sophie Jewelry Geneva | Online Store\" \/>\n<meta property=\"article:publisher\" content=\"https:\/\/facebook.com\/sophygeneva\" \/>\n<meta property=\"article:modified_time\" content=\"2024-07-10T12:55:39+00:00\" \/>\n<meta property=\"og:image\" content=\"https:\/\/www.sophy.ch\/web\/wp-content\/uploads\/2021\/11\/Sophy-Geneva-Social-Share-logo.png\" \/>\n\t<meta property=\"og:image:width\" content=\"1200\" \/>\n\t<meta property=\"og:image:height\" content=\"630\" \/>\n\t<meta property=\"og:image:type\" content=\"image\/png\" \/>\n<meta name=\"twitter:card\" content=\"summary_large_image\" \/>\n<meta name=\"twitter:site\" content=\"@sophygeneva\" \/>\n<meta name=\"twitter:label1\" content=\"Tempo di lettura stimato\" \/>\n\t<meta name=\"twitter:data1\" content=\"3 minuti\" \/>\n<script type=\"application\/ld+json\" class=\"yoast-schema-graph\">{\"@context\":\"https:\/\/schema.org\",\"@graph\":[{\"@type\":\"WebPage\",\"@id\":\"https:\/\/www.sophy.ch\/en\/imprint\/\",\"url\":\"https:\/\/www.sophy.ch\/en\/imprint\/\",\"name\":\"Imprint - Sophie Jewelry Geneva | Online Store\",\"isPartOf\":{\"@id\":\"https:\/\/www.sophy.ch\/#website\"},\"datePublished\":\"2021-06-25T12:01:51+00:00\",\"dateModified\":\"2024-07-10T12:55:39+00:00\",\"breadcrumb\":{\"@id\":\"https:\/\/www.sophy.ch\/en\/imprint\/#breadcrumb\"},\"inLanguage\":\"it-IT\",\"potentialAction\":[{\"@type\":\"ReadAction\",\"target\":[\"https:\/\/www.sophy.ch\/en\/imprint\/\"]}]},{\"@type\":\"BreadcrumbList\",\"@id\":\"https:\/\/www.sophy.ch\/en\/imprint\/#breadcrumb\",\"itemListElement\":[{\"@type\":\"ListItem\",\"position\":1,\"name\":\"Home\",\"item\":\"https:\/\/www.sophy.ch\/\"},{\"@type\":\"ListItem\",\"position\":2,\"name\":\"Imprint\"}]},{\"@type\":\"WebSite\",\"@id\":\"https:\/\/www.sophy.ch\/#website\",\"url\":\"https:\/\/www.sophy.ch\/\",\"name\":\"Sophie Jewelry Geneva | Online Store\",\"description\":\"Swiss Store for Gold, Diamonds &amp; Gems | Best Prices\",\"publisher\":{\"@id\":\"https:\/\/www.sophy.ch\/#organization\"},\"alternateName\":\"Sophy Jewelry\",\"potentialAction\":[{\"@type\":\"SearchAction\",\"target\":{\"@type\":\"EntryPoint\",\"urlTemplate\":\"https:\/\/www.sophy.ch\/?s={search_term_string}\"},\"query-input\":{\"@type\":\"PropertyValueSpecification\",\"valueRequired\":true,\"valueName\":\"search_term_string\"}}],\"inLanguage\":\"it-IT\"},{\"@type\":\"Organization\",\"@id\":\"https:\/\/www.sophy.ch\/#organization\",\"name\":\"Sophy Geneva Jewellery\",\"alternateName\":\"Sophy Jewelry\",\"url\":\"https:\/\/www.sophy.ch\/\",\"logo\":{\"@type\":\"ImageObject\",\"inLanguage\":\"it-IT\",\"@id\":\"https:\/\/www.sophy.ch\/#\/schema\/logo\/image\/\",\"url\":\"https:\/\/www.sophy.ch\/web\/wp-content\/uploads\/2021\/06\/sophy-geneva-logo-small-400.png\",\"contentUrl\":\"https:\/\/www.sophy.ch\/web\/wp-content\/uploads\/2021\/06\/sophy-geneva-logo-small-400.png\",\"width\":408,\"height\":408,\"caption\":\"Sophy Geneva Jewellery\"},\"image\":{\"@id\":\"https:\/\/www.sophy.ch\/#\/schema\/logo\/image\/\"},\"sameAs\":[\"https:\/\/facebook.com\/sophygeneva\",\"https:\/\/x.com\/sophygeneva\",\"https:\/\/instagram.com\/sophygeneva\",\"https:\/\/pinterest.com\/sophygeneva\",\"https:\/\/www.youtube.com\/sophygeneva\",\"https:\/\/www.tiktok.com\/@sophygeneva\"],\"hasMerchantReturnPolicy\":{\"@type\":\"MerchantReturnPolicy\",\"merchantReturnLink\":\"https:\/\/www.sophy.ch\/it\/returns-and-guarantee\/\"}}]}<\/script>\n<!-- \/ Yoast SEO Premium plugin. -->","yoast_head_json":{"title":"Imprint - Sophie Jewelry Geneva | Online Store","robots":{"index":"index","follow":"follow","max-snippet":"max-snippet:-1","max-image-preview":"max-image-preview:large","max-video-preview":"max-video-preview:-1"},"canonical":"https:\/\/www.sophy.ch\/it\/imprint\/","og_locale":"it_IT","og_type":"article","og_title":"Imprint - Sophie Jewelry Geneva | Online Store","og_description":"Imprint Sophy Geneva &#8211; SoloRue des Alpes 9CH &#8211; 1201 \/ GE Phone: +41 79 592 39 22e-mail: info(at)sophy.ch We","og_url":"https:\/\/www.sophy.ch\/it\/imprint\/","og_site_name":"Sophie Jewelry Geneva | Online Store","article_publisher":"https:\/\/facebook.com\/sophygeneva","article_modified_time":"2024-07-10T12:55:39+00:00","og_image":[{"width":1200,"height":630,"url":"https:\/\/www.sophy.ch\/web\/wp-content\/uploads\/2021\/11\/Sophy-Geneva-Social-Share-logo.png","type":"image\/png"}],"twitter_card":"summary_large_image","twitter_site":"@sophygeneva","twitter_misc":{"Tempo di lettura stimato":"3 minuti"},"schema":{"@context":"https:\/\/schema.org","@graph":[{"@type":"WebPage","@id":"https:\/\/www.sophy.ch\/en\/imprint\/","url":"https:\/\/www.sophy.ch\/en\/imprint\/","name":"Imprint - Sophie Jewelry Geneva | Online Store","isPartOf":{"@id":"https:\/\/www.sophy.ch\/#website"},"datePublished":"2021-06-25T12:01:51+00:00","dateModified":"2024-07-10T12:55:39+00:00","breadcrumb":{"@id":"https:\/\/www.sophy.ch\/en\/imprint\/#breadcrumb"},"inLanguage":"it-IT","potentialAction":[{"@type":"ReadAction","target":["https:\/\/www.sophy.ch\/en\/imprint\/"]}]},{"@type":"BreadcrumbList","@id":"https:\/\/www.sophy.ch\/en\/imprint\/#breadcrumb","itemListElement":[{"@type":"ListItem","position":1,"name":"Home","item":"https:\/\/www.sophy.ch\/"},{"@type":"ListItem","position":2,"name":"Imprint"}]},{"@type":"WebSite","@id":"https:\/\/www.sophy.ch\/#website","url":"https:\/\/www.sophy.ch\/","name":"Sophie Jewelry Geneva | Online Store","description":"Swiss Store for Gold, Diamonds &amp; Gems | Best Prices","publisher":{"@id":"https:\/\/www.sophy.ch\/#organization"},"alternateName":"Sophy Jewelry","potentialAction":[{"@type":"SearchAction","target":{"@type":"EntryPoint","urlTemplate":"https:\/\/www.sophy.ch\/?s={search_term_string}"},"query-input":{"@type":"PropertyValueSpecification","valueRequired":true,"valueName":"search_term_string"}}],"inLanguage":"it-IT"},{"@type":"Organization","@id":"https:\/\/www.sophy.ch\/#organization","name":"Sophy Ginevra gioielli","alternateName":"Sophy Jewelry","url":"https:\/\/www.sophy.ch\/","logo":{"@type":"ImageObject","inLanguage":"it-IT","@id":"https:\/\/www.sophy.ch\/#\/schema\/logo\/image\/","url":"https:\/\/www.sophy.ch\/web\/wp-content\/uploads\/2021\/06\/sophy-geneva-logo-small-400.png","contentUrl":"https:\/\/www.sophy.ch\/web\/wp-content\/uploads\/2021\/06\/sophy-geneva-logo-small-400.png","width":408,"height":408,"caption":"Sophy Geneva Jewellery"},"image":{"@id":"https:\/\/www.sophy.ch\/#\/schema\/logo\/image\/"},"sameAs":["https:\/\/facebook.com\/sophygeneva","https:\/\/x.com\/sophygeneva","https:\/\/instagram.com\/sophygeneva","https:\/\/pinterest.com\/sophygeneva","https:\/\/www.youtube.com\/sophygeneva","https:\/\/www.tiktok.com\/@sophygeneva"],"hasMerchantReturnPolicy":{"@type":"MerchantReturnPolicy","merchantReturnLink":"https:\/\/www.sophy.ch\/it\/returns-and-guarantee\/"}}]}},"_links":{"self":[{"href":"https:\/\/www.sophy.ch\/it\/wp-json\/wp\/v2\/pages\/2486","targetHints":{"allow":["GET"]}}],"collection":[{"href":"https:\/\/www.sophy.ch\/it\/wp-json\/wp\/v2\/pages"}],"about":[{"href":"https:\/\/www.sophy.ch\/it\/wp-json\/wp\/v2\/types\/page"}],"author":[{"embeddable":true,"href":"https:\/\/www.sophy.ch\/it\/wp-json\/wp\/v2\/users\/1"}],"replies":[{"embeddable":true,"href":"https:\/\/www.sophy.ch\/it\/wp-json\/wp\/v2\/comments?post=2486"}],"version-history":[{"count":0,"href":"https:\/\/www.sophy.ch\/it\/wp-json\/wp\/v2\/pages\/2486\/revisions"}],"wp:attachment":[{"href":"https:\/\/www.sophy.ch\/it\/wp-json\/wp\/v2\/media?parent=2486"}],"curies":[{"name":"wp","href":"https:\/\/api.w.org\/{rel}","templated":true}]}}