{"id":20220,"date":"2022-12-27T14:24:47","date_gmt":"2022-12-27T13:24:47","guid":{"rendered":"https:\/\/www.sophy.ch\/?page_id=20220"},"modified":"2023-02-21T10:40:25","modified_gmt":"2023-02-21T09:40:25","slug":"best-price-guarantee","status":"publish","type":"page","link":"https:\/\/www.sophy.ch\/it\/best-price-guarantee\/","title":{"rendered":"Miglior prezzo garantito"},"content":{"rendered":"<div data-elementor-type=\"wp-page\" data-elementor-id=\"20220\" class=\"elementor elementor-20220\" data-elementor-post-type=\"page\">\n\t\t\t\t\t\t<section class=\"wd-negative-gap elementor-section elementor-top-section elementor-element elementor-element-7ec7fe0 elementor-section-boxed elementor-section-height-default elementor-section-height-default\" data-id=\"7ec7fe0\" data-element_type=\"section\" data-e-type=\"section\" data-settings=\"{&quot;background_background&quot;:&quot;classic&quot;}\">\n\t\t\t\t\t\t<div class=\"elementor-container elementor-column-gap-default\">\n\t\t\t\t\t<div class=\"elementor-column elementor-col-100 elementor-top-column elementor-element elementor-element-10eb773c\" data-id=\"10eb773c\" data-element_type=\"column\" data-e-type=\"column\" data-settings=\"{&quot;background_background&quot;:&quot;classic&quot;}\">\n\t\t\t<div class=\"elementor-widget-wrap elementor-element-populated\">\n\t\t\t\t\t\t<div class=\"elementor-element elementor-element-65389e1e color-scheme-inherit text-left elementor-widget elementor-widget-text-editor\" data-id=\"65389e1e\" data-element_type=\"widget\" data-e-type=\"widget\" data-widget_type=\"text-editor.default\">\n\t\t\t\t<div class=\"elementor-widget-container\">\n\t\t\t\t\t\t\t\t\t<p><\/p>\n<p>Noi di Sophy Jewellery, una gioielleria svizzera online, siamo orgogliosi di offrire ai nostri clienti la garanzia del miglior prezzo.<\/p>\n<p>Siamo fiduciosi di avere i migliori prezzi in Svizzera e crediamo che i nostri prezzi siano probabilmente i migliori anche nell&#039;UE.<\/p>\n<p>I nostri prezzi includono le spese di spedizione, quindi non devi preoccuparti di eventuali costi aggiuntivi quando effettui un acquisto da noi.<\/p>\n<p>Non importa cosa stai cercando! Oro, Diamanti, Argento, Zaffiri, Smeraldi, Opale, o qualsiasi altra arte orafa ti interessi, Anelli, Orecchini, Pendenti, Collane, Bracciali, noi di Sophy Jewelry faremo del nostro meglio per offrirti il miglior prezzo.<\/p>\n<p>Seguire costantemente il mercato per mantenere i prezzi migliori \u00e8 qualcosa che richiede molto lavoro che potremmo non essere in grado di fare su base giornaliera o addirittura mensile. Pertanto, se ti capita di trovare un prezzo migliore su un altro negozio, ti invitiamo a contattarci con il link del prodotto sull&#039;altro sito web.<\/p>\n<p>Tenendo presente che per ottenere un prezzo migliore rispetto al prezzo dell&#039;altro negozio, devono essere soddisfatte le seguenti condizioni:<br \/>1. Il negozio si trova in Svizzera.<br \/>2. La spedizione gratuita \u00e8 inclusa<br \/>3. Entrambi i prodotti hanno le stesse specifiche<br \/>4. Il prezzo finale \u00e8 il prezzo originale. On-Sale, Discount, Voucher o qualsiasi altro tipo di offerta non sono applicabili al prezzo finale<span style=\"color: #be9a60;\"><strong><span title=\"Anche se il prodotto \u00e8 in saldo, potremmo offrirti un prezzo o un&#039;offerta migliore.\">*<\/span><\/strong><\/span>.<\/p>\n<p><strong>Faremo del nostro meglio per eguagliare o battere il prezzo e offrirti il miglior affare possibile.<\/strong><\/p>\n<p>Tieni presente che ad ogni acquisto riceverai un regalo con il prodotto, che pu\u00f2 essere un buono o uno sconto che pu\u00f2 essere utilizzato nel prossimo acquisto che ridurr\u00e0 il prezzo finale.<\/p>\n<p>Ci impegniamo a fornire ai nostri clienti i migliori prezzi sul mercato e speriamo che la nostra garanzia del miglior prezzo ti dia la fiducia necessaria per fare acquisti con Sophy Jewellery.<\/p>\n<p style=\"text-align: right;\">Grazie per aver scelto la nostra unica gioielleria.<br \/>Squadra Sofia Ginevra<\/p>\n<p><span style=\"color: #999999; font-size: 8pt;\">Anche se il prodotto \u00e8 in saldo, potremmo offrirti un prezzo o un&#039;offerta migliore.<\/span><\/p>\n<p><\/p>\t\t\t\t\t\t\t\t<\/div>\n\t\t\t\t<\/div>\n\t\t\t\t<div class=\"elementor-element elementor-element-21be739 elementor-grid-6 elementor-share-buttons--color-custom elementor-share-buttons--view-icon-text elementor-share-buttons--skin-gradient elementor-share-buttons--shape-square elementor-widget elementor-widget-share-buttons\" data-id=\"21be739\" data-element_type=\"widget\" data-e-type=\"widget\" data-widget_type=\"share-buttons.default\">\n\t\t\t\t<div class=\"elementor-widget-container\">\n\t\t\t\t\t\t\t<div class=\"elementor-grid\" role=\"list\">\n\t\t\t\t\t\t\t\t<div class=\"elementor-grid-item\" role=\"listitem\">\n\t\t\t\t\t\t<div class=\"elementor-share-btn elementor-share-btn_facebook\" role=\"button\" tabindex=\"0\" aria-label=\"Condividi su facebook\">\n\t\t\t\t\t\t\t\t\t\t\t\t\t\t\t<span class=\"elementor-share-btn__icon\">\n\t\t\t\t\t\t\t\t<i class=\"fab fa-facebook\" aria-hidden=\"true\"><\/i>\t\t\t\t\t\t\t<\/span>\n\t\t\t\t\t\t\t\t\t\t\t\t\t\t\t\t\t\t\t\t\t\t<div class=\"elementor-share-btn__text\">\n\t\t\t\t\t\t\t\t\t\t\t\t\t\t\t\t\t\t\t<span class=\"elementor-share-btn__title\">\n\t\t\t\t\t\t\t\t\t\tFacebook\t\t\t\t\t\t\t\t\t<\/span>\n\t\t\t\t\t\t\t\t\t\t\t\t\t\t\t\t\t<\/div>\n\t\t\t\t\t\t\t\t\t\t\t\t\t<\/div>\n\t\t\t\t\t<\/div>\n\t\t\t\t\t\t\t\t\t<div class=\"elementor-grid-item\" role=\"listitem\">\n\t\t\t\t\t\t<div class=\"elementor-share-btn elementor-share-btn_twitter\" role=\"button\" tabindex=\"0\" aria-label=\"Condividi su twitter\">\n\t\t\t\t\t\t\t\t\t\t\t\t\t\t\t<span class=\"elementor-share-btn__icon\">\n\t\t\t\t\t\t\t\t<i class=\"fab fa-twitter\" aria-hidden=\"true\"><\/i>\t\t\t\t\t\t\t<\/span>\n\t\t\t\t\t\t\t\t\t\t\t\t\t\t\t\t\t\t\t\t\t\t<div class=\"elementor-share-btn__text\">\n\t\t\t\t\t\t\t\t\t\t\t\t\t\t\t\t\t\t\t<span class=\"elementor-share-btn__title\">\n\t\t\t\t\t\t\t\t\t\tCinguettio\t\t\t\t\t\t\t\t\t<\/span>\n\t\t\t\t\t\t\t\t\t\t\t\t\t\t\t\t\t<\/div>\n\t\t\t\t\t\t\t\t\t\t\t\t\t<\/div>\n\t\t\t\t\t<\/div>\n\t\t\t\t\t\t\t\t\t<div class=\"elementor-grid-item\" role=\"listitem\">\n\t\t\t\t\t\t<div class=\"elementor-share-btn elementor-share-btn_linkedin\" role=\"button\" tabindex=\"0\" aria-label=\"Condividi su linkedin\">\n\t\t\t\t\t\t\t\t\t\t\t\t\t\t\t<span class=\"elementor-share-btn__icon\">\n\t\t\t\t\t\t\t\t<i class=\"fab fa-linkedin\" aria-hidden=\"true\"><\/i>\t\t\t\t\t\t\t<\/span>\n\t\t\t\t\t\t\t\t\t\t\t\t\t\t\t\t\t\t\t\t\t\t<div class=\"elementor-share-btn__text\">\n\t\t\t\t\t\t\t\t\t\t\t\t\t\t\t\t\t\t\t<span class=\"elementor-share-btn__title\">\n\t\t\t\t\t\t\t\t\t\tLinkedin\t\t\t\t\t\t\t\t\t<\/span>\n\t\t\t\t\t\t\t\t\t\t\t\t\t\t\t\t\t<\/div>\n\t\t\t\t\t\t\t\t\t\t\t\t\t<\/div>\n\t\t\t\t\t<\/div>\n\t\t\t\t\t\t\t\t\t<div class=\"elementor-grid-item\" role=\"listitem\">\n\t\t\t\t\t\t<div class=\"elementor-share-btn elementor-share-btn_telegram\" role=\"button\" tabindex=\"0\" aria-label=\"Condividi su telegram\">\n\t\t\t\t\t\t\t\t\t\t\t\t\t\t\t<span class=\"elementor-share-btn__icon\">\n\t\t\t\t\t\t\t\t<i class=\"fab fa-telegram\" aria-hidden=\"true\"><\/i>\t\t\t\t\t\t\t<\/span>\n\t\t\t\t\t\t\t\t\t\t\t\t\t\t\t\t\t\t\t\t\t\t<div class=\"elementor-share-btn__text\">\n\t\t\t\t\t\t\t\t\t\t\t\t\t\t\t\t\t\t\t<span class=\"elementor-share-btn__title\">\n\t\t\t\t\t\t\t\t\t\tTelegramma\t\t\t\t\t\t\t\t\t<\/span>\n\t\t\t\t\t\t\t\t\t\t\t\t\t\t\t\t\t<\/div>\n\t\t\t\t\t\t\t\t\t\t\t\t\t<\/div>\n\t\t\t\t\t<\/div>\n\t\t\t\t\t\t\t\t\t<div class=\"elementor-grid-item\" role=\"listitem\">\n\t\t\t\t\t\t<div class=\"elementor-share-btn elementor-share-btn_whatsapp\" role=\"button\" tabindex=\"0\" aria-label=\"Condividi su whatsapp\">\n\t\t\t\t\t\t\t\t\t\t\t\t\t\t\t<span class=\"elementor-share-btn__icon\">\n\t\t\t\t\t\t\t\t<i class=\"fab fa-whatsapp\" aria-hidden=\"true\"><\/i>\t\t\t\t\t\t\t<\/span>\n\t\t\t\t\t\t\t\t\t\t\t\t\t\t\t\t\t\t\t\t\t\t<div class=\"elementor-share-btn__text\">\n\t\t\t\t\t\t\t\t\t\t\t\t\t\t\t\t\t\t\t<span class=\"elementor-share-btn__title\">\n\t\t\t\t\t\t\t\t\t\tWhatsApp\t\t\t\t\t\t\t\t\t<\/span>\n\t\t\t\t\t\t\t\t\t\t\t\t\t\t\t\t\t<\/div>\n\t\t\t\t\t\t\t\t\t\t\t\t\t<\/div>\n\t\t\t\t\t<\/div>\n\t\t\t\t\t\t\t\t\t<div class=\"elementor-grid-item\" role=\"listitem\">\n\t\t\t\t\t\t<div class=\"elementor-share-btn elementor-share-btn_email\" role=\"button\" tabindex=\"0\" aria-label=\"Condividi su email\">\n\t\t\t\t\t\t\t\t\t\t\t\t\t\t\t<span class=\"elementor-share-btn__icon\">\n\t\t\t\t\t\t\t\t<i class=\"fas fa-envelope\" aria-hidden=\"true\"><\/i>\t\t\t\t\t\t\t<\/span>\n\t\t\t\t\t\t\t\t\t\t\t\t\t\t\t\t\t\t\t\t\t\t<div class=\"elementor-share-btn__text\">\n\t\t\t\t\t\t\t\t\t\t\t\t\t\t\t\t\t\t\t<span class=\"elementor-share-btn__title\">\n\t\t\t\t\t\t\t\t\t\tE-mail\t\t\t\t\t\t\t\t\t<\/span>\n\t\t\t\t\t\t\t\t\t\t\t\t\t\t\t\t\t<\/div>\n\t\t\t\t\t\t\t\t\t\t\t\t\t<\/div>\n\t\t\t\t\t<\/div>\n\t\t\t\t\t\t<\/div>\n\t\t\t\t\t\t<\/div>\n\t\t\t\t<\/div>\n\t\t\t\t<div class=\"elementor-element elementor-element-bd2357a elementor-widget elementor-widget-testimonial\" data-id=\"bd2357a\" data-element_type=\"widget\" data-e-type=\"widget\" data-widget_type=\"testimonial.default\">\n\t\t\t\t<div class=\"elementor-widget-container\">\n\t\t\t\t\t\t\t<div class=\"elementor-testimonial-wrapper\">\n\t\t\t\t\t\t\t<div class=\"elementor-testimonial-content\">Tieni presente che ad ogni acquisto riceverai un regalo con il prodotto, che pu\u00f2 essere un buono o uno sconto che pu\u00f2 essere utilizzato nel prossimo acquisto che ridurr\u00e0 il prezzo originale.<\/div>\n\t\t\t\n\t\t\t\t\t\t<div class=\"elementor-testimonial-meta elementor-has-image elementor-testimonial-image-position-aside\">\n\t\t\t\t<div class=\"elementor-testimonial-meta-inner\">\n\t\t\t\t\t\t\t\t\t\t\t<div class=\"elementor-testimonial-image\">\n\t\t\t\t\t\t\t<img decoding=\"async\" width=\"665\" height=\"672\" src=\"https:\/\/www.sophy.ch\/web\/wp-content\/uploads\/2023\/01\/best_price_guarantee-golden_label.jpg\" class=\"attachment-full size-full wp-image-20311\" alt=\"\" srcset=\"https:\/\/www.sophy.ch\/web\/wp-content\/uploads\/2023\/01\/best_price_guarantee-golden_label.jpg 665w, https:\/\/www.sophy.ch\/web\/wp-content\/uploads\/2023\/01\/best_price_guarantee-golden_label-150x152.jpg 150w, https:\/\/www.sophy.ch\/web\/wp-content\/uploads\/2023\/01\/best_price_guarantee-golden_label-297x300.jpg 297w, https:\/\/www.sophy.ch\/web\/wp-content\/uploads\/2023\/01\/best_price_guarantee-golden_label-12x12.jpg 12w\" sizes=\"(max-width: 665px) 100vw, 665px\" \/>\t\t\t\t\t\t<\/div>\n\t\t\t\t\t\n\t\t\t\t\t\t\t\t\t\t<div class=\"elementor-testimonial-details\">\n\t\t\t\t\t\t\t\t\t\t\t\t\t\t<div class=\"elementor-testimonial-name\">Sofia Ginevra<\/div>\n\t\t\t\t\t\t\t\t\t\t\t\t\t\t\t\t\t\t\t\t\t\t<div class=\"elementor-testimonial-job\">Founder &amp; CEO<\/div>\n\t\t\t\t\t\t\t\t\t\t\t\t\t<\/div>\n\t\t\t\t\t\t\t\t\t<\/div>\n\t\t\t<\/div>\n\t\t\t\t\t<\/div>\n\t\t\t\t\t\t<\/div>\n\t\t\t\t<\/div>\n\t\t\t\t\t<\/div>\n\t\t<\/div>\n\t\t\t\t\t<\/div>\n\t\t<\/section>\n\t\t\t\t<\/div>","protected":false},"excerpt":{"rendered":"<p>Facebook Twitter LinkedIn Telegram WhatsApp Email Please take into account that with every purchase, you will receive a gift with<\/p>","protected":false},"author":1,"featured_media":20222,"parent":0,"menu_order":0,"comment_status":"closed","ping_status":"closed","template":"","meta":{"footnotes":""},"class_list":["post-20220","page","type-page","status-publish","has-post-thumbnail","hentry"],"yoast_head":"<!-- This site is optimized with the Yoast SEO Premium plugin v26.9 (Yoast SEO v27.1.1) - https:\/\/yoast.com\/product\/yoast-seo-premium-wordpress\/ -->\n<title>Best Price Guarantee | Gold, Diamond &amp; Gemstones @SophyGeneva<\/title>\n<meta name=\"description\" content=\"Guarantee of the Best &amp; Most Reasonable Price in the Swiss &amp; EU Markets! Rings, Earrings, Necklaces, Bracelets &amp; Pendants! Free Shipping! \u27a1\ufe0f\" \/>\n<meta name=\"robots\" content=\"index, follow, max-snippet:-1, max-image-preview:large, max-video-preview:-1\" \/>\n<link rel=\"canonical\" href=\"https:\/\/www.sophy.ch\/it\/best-price-guarantee\/\" \/>\n<meta property=\"og:locale\" content=\"it_IT\" \/>\n<meta property=\"og:type\" content=\"article\" \/>\n<meta property=\"og:title\" content=\"Best Price Guarantee - Sophie Jewelry Geneva | Online Store\" \/>\n<meta property=\"og:description\" content=\"Guarantee of the Best &amp; Most Reasonable Price in the Swiss &amp; EU Markets! Rings, Earrings, Necklaces, Bracelets &amp; Pendants! Free Shipping! \u27a1\ufe0f\" \/>\n<meta property=\"og:url\" content=\"https:\/\/www.sophy.ch\/it\/best-price-guarantee\/\" \/>\n<meta property=\"og:site_name\" content=\"Sophie Jewelry Geneva | Online Store\" \/>\n<meta property=\"article:publisher\" content=\"https:\/\/facebook.com\/sophygeneva\" \/>\n<meta property=\"article:modified_time\" content=\"2023-02-21T09:40:25+00:00\" \/>\n<meta property=\"og:image\" content=\"https:\/\/www.sophy.ch\/web\/wp-content\/uploads\/2022\/12\/best-price-offer-promotion-commerce-marketing-concept.jpg\" \/>\n\t<meta property=\"og:image:width\" content=\"2000\" \/>\n\t<meta property=\"og:image:height\" content=\"1335\" \/>\n\t<meta property=\"og:image:type\" content=\"image\/jpeg\" \/>\n<meta name=\"twitter:card\" content=\"summary_large_image\" \/>\n<meta name=\"twitter:site\" content=\"@sophygeneva\" \/>\n<meta name=\"twitter:label1\" content=\"Tempo di lettura stimato\" \/>\n\t<meta name=\"twitter:data1\" content=\"2 minuti\" \/>\n<script type=\"application\/ld+json\" class=\"yoast-schema-graph\">{\"@context\":\"https:\/\/schema.org\",\"@graph\":[{\"@type\":\"WebPage\",\"@id\":\"https:\/\/www.sophy.ch\/best-price-guarantee\/\",\"url\":\"https:\/\/www.sophy.ch\/best-price-guarantee\/\",\"name\":\"Best Price Guarantee | Gold, Diamond & Gemstones @SophyGeneva\",\"isPartOf\":{\"@id\":\"https:\/\/www.sophy.ch\/#website\"},\"primaryImageOfPage\":{\"@id\":\"https:\/\/www.sophy.ch\/best-price-guarantee\/#primaryimage\"},\"image\":{\"@id\":\"https:\/\/www.sophy.ch\/best-price-guarantee\/#primaryimage\"},\"thumbnailUrl\":\"https:\/\/www.sophy.ch\/web\/wp-content\/uploads\/2022\/12\/best-price-offer-promotion-commerce-marketing-concept.jpg\",\"datePublished\":\"2022-12-27T13:24:47+00:00\",\"dateModified\":\"2023-02-21T09:40:25+00:00\",\"description\":\"Guarantee of the Best & Most Reasonable Price in the Swiss & EU Markets! Rings, Earrings, Necklaces, Bracelets & Pendants! Free Shipping! \u27a1\ufe0f\",\"breadcrumb\":{\"@id\":\"https:\/\/www.sophy.ch\/best-price-guarantee\/#breadcrumb\"},\"inLanguage\":\"it-IT\",\"potentialAction\":[{\"@type\":\"ReadAction\",\"target\":[\"https:\/\/www.sophy.ch\/best-price-guarantee\/\"]}]},{\"@type\":\"ImageObject\",\"inLanguage\":\"it-IT\",\"@id\":\"https:\/\/www.sophy.ch\/best-price-guarantee\/#primaryimage\",\"url\":\"https:\/\/www.sophy.ch\/web\/wp-content\/uploads\/2022\/12\/best-price-offer-promotion-commerce-marketing-concept.jpg\",\"contentUrl\":\"https:\/\/www.sophy.ch\/web\/wp-content\/uploads\/2022\/12\/best-price-offer-promotion-commerce-marketing-concept.jpg\",\"width\":2000,\"height\":1335,\"caption\":\"Best Price Offer Promotion Commerce Marketing Concept\"},{\"@type\":\"BreadcrumbList\",\"@id\":\"https:\/\/www.sophy.ch\/best-price-guarantee\/#breadcrumb\",\"itemListElement\":[{\"@type\":\"ListItem\",\"position\":1,\"name\":\"Home\",\"item\":\"https:\/\/www.sophy.ch\/\"},{\"@type\":\"ListItem\",\"position\":2,\"name\":\"Best Price Guarantee\"}]},{\"@type\":\"WebSite\",\"@id\":\"https:\/\/www.sophy.ch\/#website\",\"url\":\"https:\/\/www.sophy.ch\/\",\"name\":\"Sophie Jewelry Geneva | Online Store\",\"description\":\"Swiss Store for Gold, Diamonds &amp; Gems | Best Prices\",\"publisher\":{\"@id\":\"https:\/\/www.sophy.ch\/#organization\"},\"alternateName\":\"Sophy Jewelry\",\"potentialAction\":[{\"@type\":\"SearchAction\",\"target\":{\"@type\":\"EntryPoint\",\"urlTemplate\":\"https:\/\/www.sophy.ch\/?s={search_term_string}\"},\"query-input\":{\"@type\":\"PropertyValueSpecification\",\"valueRequired\":true,\"valueName\":\"search_term_string\"}}],\"inLanguage\":\"it-IT\"},{\"@type\":\"Organization\",\"@id\":\"https:\/\/www.sophy.ch\/#organization\",\"name\":\"Sophy Geneva Jewellery\",\"alternateName\":\"Sophy Jewelry\",\"url\":\"https:\/\/www.sophy.ch\/\",\"logo\":{\"@type\":\"ImageObject\",\"inLanguage\":\"it-IT\",\"@id\":\"https:\/\/www.sophy.ch\/#\/schema\/logo\/image\/\",\"url\":\"https:\/\/www.sophy.ch\/web\/wp-content\/uploads\/2021\/06\/sophy-geneva-logo-small-400.png\",\"contentUrl\":\"https:\/\/www.sophy.ch\/web\/wp-content\/uploads\/2021\/06\/sophy-geneva-logo-small-400.png\",\"width\":408,\"height\":408,\"caption\":\"Sophy Geneva Jewellery\"},\"image\":{\"@id\":\"https:\/\/www.sophy.ch\/#\/schema\/logo\/image\/\"},\"sameAs\":[\"https:\/\/facebook.com\/sophygeneva\",\"https:\/\/x.com\/sophygeneva\",\"https:\/\/instagram.com\/sophygeneva\",\"https:\/\/pinterest.com\/sophygeneva\",\"https:\/\/www.youtube.com\/sophygeneva\",\"https:\/\/www.tiktok.com\/@sophygeneva\"],\"hasMerchantReturnPolicy\":{\"@type\":\"MerchantReturnPolicy\",\"merchantReturnLink\":\"https:\/\/www.sophy.ch\/it\/returns-and-guarantee\/\"}}]}<\/script>\n<!-- \/ Yoast SEO Premium plugin. -->","yoast_head_json":{"title":"Miglior prezzo garantito | Oro, diamanti e pietre preziose @SophyGeneva","description":"Garanzia del prezzo migliore e pi\u00f9 ragionevole nei mercati svizzero ed europeo! Anelli, orecchini, collane, bracciali e pendenti! Spedizione gratuita! \u27a1\ufe0f","robots":{"index":"index","follow":"follow","max-snippet":"max-snippet:-1","max-image-preview":"max-image-preview:large","max-video-preview":"max-video-preview:-1"},"canonical":"https:\/\/www.sophy.ch\/it\/best-price-guarantee\/","og_locale":"it_IT","og_type":"article","og_title":"Best Price Guarantee - Sophie Jewelry Geneva | Online Store","og_description":"Guarantee of the Best & Most Reasonable Price in the Swiss & EU Markets! Rings, Earrings, Necklaces, Bracelets & Pendants! Free Shipping! \u27a1\ufe0f","og_url":"https:\/\/www.sophy.ch\/it\/best-price-guarantee\/","og_site_name":"Sophie Jewelry Geneva | Online Store","article_publisher":"https:\/\/facebook.com\/sophygeneva","article_modified_time":"2023-02-21T09:40:25+00:00","og_image":[{"width":2000,"height":1335,"url":"https:\/\/www.sophy.ch\/web\/wp-content\/uploads\/2022\/12\/best-price-offer-promotion-commerce-marketing-concept.jpg","type":"image\/jpeg"}],"twitter_card":"summary_large_image","twitter_site":"@sophygeneva","twitter_misc":{"Tempo di lettura stimato":"2 minuti"},"schema":{"@context":"https:\/\/schema.org","@graph":[{"@type":"WebPage","@id":"https:\/\/www.sophy.ch\/best-price-guarantee\/","url":"https:\/\/www.sophy.ch\/best-price-guarantee\/","name":"Miglior prezzo garantito | Oro, diamanti e pietre preziose @SophyGeneva","isPartOf":{"@id":"https:\/\/www.sophy.ch\/#website"},"primaryImageOfPage":{"@id":"https:\/\/www.sophy.ch\/best-price-guarantee\/#primaryimage"},"image":{"@id":"https:\/\/www.sophy.ch\/best-price-guarantee\/#primaryimage"},"thumbnailUrl":"https:\/\/www.sophy.ch\/web\/wp-content\/uploads\/2022\/12\/best-price-offer-promotion-commerce-marketing-concept.jpg","datePublished":"2022-12-27T13:24:47+00:00","dateModified":"2023-02-21T09:40:25+00:00","description":"Garanzia del prezzo migliore e pi\u00f9 ragionevole nei mercati svizzero ed europeo! Anelli, orecchini, collane, bracciali e pendenti! Spedizione gratuita! \u27a1\ufe0f","breadcrumb":{"@id":"https:\/\/www.sophy.ch\/best-price-guarantee\/#breadcrumb"},"inLanguage":"it-IT","potentialAction":[{"@type":"ReadAction","target":["https:\/\/www.sophy.ch\/best-price-guarantee\/"]}]},{"@type":"ImageObject","inLanguage":"it-IT","@id":"https:\/\/www.sophy.ch\/best-price-guarantee\/#primaryimage","url":"https:\/\/www.sophy.ch\/web\/wp-content\/uploads\/2022\/12\/best-price-offer-promotion-commerce-marketing-concept.jpg","contentUrl":"https:\/\/www.sophy.ch\/web\/wp-content\/uploads\/2022\/12\/best-price-offer-promotion-commerce-marketing-concept.jpg","width":2000,"height":1335,"caption":"Best Price Offer Promotion Commerce Marketing Concept"},{"@type":"BreadcrumbList","@id":"https:\/\/www.sophy.ch\/best-price-guarantee\/#breadcrumb","itemListElement":[{"@type":"ListItem","position":1,"name":"Home","item":"https:\/\/www.sophy.ch\/"},{"@type":"ListItem","position":2,"name":"Best Price Guarantee"}]},{"@type":"WebSite","@id":"https:\/\/www.sophy.ch\/#website","url":"https:\/\/www.sophy.ch\/","name":"Sophie Jewelry Geneva | Online Store","description":"Swiss Store for Gold, Diamonds &amp; Gems | Best Prices","publisher":{"@id":"https:\/\/www.sophy.ch\/#organization"},"alternateName":"Sophy Jewelry","potentialAction":[{"@type":"SearchAction","target":{"@type":"EntryPoint","urlTemplate":"https:\/\/www.sophy.ch\/?s={search_term_string}"},"query-input":{"@type":"PropertyValueSpecification","valueRequired":true,"valueName":"search_term_string"}}],"inLanguage":"it-IT"},{"@type":"Organization","@id":"https:\/\/www.sophy.ch\/#organization","name":"Sophy Ginevra gioielli","alternateName":"Sophy Jewelry","url":"https:\/\/www.sophy.ch\/","logo":{"@type":"ImageObject","inLanguage":"it-IT","@id":"https:\/\/www.sophy.ch\/#\/schema\/logo\/image\/","url":"https:\/\/www.sophy.ch\/web\/wp-content\/uploads\/2021\/06\/sophy-geneva-logo-small-400.png","contentUrl":"https:\/\/www.sophy.ch\/web\/wp-content\/uploads\/2021\/06\/sophy-geneva-logo-small-400.png","width":408,"height":408,"caption":"Sophy Geneva Jewellery"},"image":{"@id":"https:\/\/www.sophy.ch\/#\/schema\/logo\/image\/"},"sameAs":["https:\/\/facebook.com\/sophygeneva","https:\/\/x.com\/sophygeneva","https:\/\/instagram.com\/sophygeneva","https:\/\/pinterest.com\/sophygeneva","https:\/\/www.youtube.com\/sophygeneva","https:\/\/www.tiktok.com\/@sophygeneva"],"hasMerchantReturnPolicy":{"@type":"MerchantReturnPolicy","merchantReturnLink":"https:\/\/www.sophy.ch\/it\/returns-and-guarantee\/"}}]}},"_links":{"self":[{"href":"https:\/\/www.sophy.ch\/it\/wp-json\/wp\/v2\/pages\/20220","targetHints":{"allow":["GET"]}}],"collection":[{"href":"https:\/\/www.sophy.ch\/it\/wp-json\/wp\/v2\/pages"}],"about":[{"href":"https:\/\/www.sophy.ch\/it\/wp-json\/wp\/v2\/types\/page"}],"author":[{"embeddable":true,"href":"https:\/\/www.sophy.ch\/it\/wp-json\/wp\/v2\/users\/1"}],"replies":[{"embeddable":true,"href":"https:\/\/www.sophy.ch\/it\/wp-json\/wp\/v2\/comments?post=20220"}],"version-history":[{"count":0,"href":"https:\/\/www.sophy.ch\/it\/wp-json\/wp\/v2\/pages\/20220\/revisions"}],"wp:featuredmedia":[{"embeddable":true,"href":"https:\/\/www.sophy.ch\/it\/wp-json\/wp\/v2\/media\/20222"}],"wp:attachment":[{"href":"https:\/\/www.sophy.ch\/it\/wp-json\/wp\/v2\/media?parent=20220"}],"curies":[{"name":"wp","href":"https:\/\/api.w.org\/{rel}","templated":true}]}}