{"id":8307,"date":"2021-10-28T22:06:20","date_gmt":"2021-10-28T20:06:20","guid":{"rendered":"https:\/\/www.sophy.ch\/item\/5-bezel-diamond-bracelet-with-18k-gold\/"},"modified":"2022-11-26T11:12:48","modified_gmt":"2022-11-26T10:12:48","slug":"5-bezel-diamond-bracelet-with-18k-gold","status":"publish","type":"product","link":"https:\/\/www.sophy.ch\/fr\/item\/5-bezel-diamond-bracelet-with-18k-gold\/","title":{"rendered":"Bracelet diamant 5 lunette avec or 18 carats"},"content":{"rendered":"","protected":false},"excerpt":{"rendered":"<p>\u00c0 la fois \u00e9l\u00e9gant et intemporel, ce bracelet arbore cinq diamants scintillants sertis clos sur une d\u00e9licate cha\u00eene for\u00e7at. La longueur du bracelet peut \u00eatre ajust\u00e9e en fonction des pr\u00e9f\u00e9rences individuelles.<\/p>\n<link rel=\"stylesheet\" id=\"elementor-post-4963-css\" href=\"https:\/\/www.sophy.ch\/web\/wp-content\/uploads\/elementor\/css\/post-4963.css?ver=1778294029\" type=\"text\/css\" media=\"all\">\n<div data-elementor-type=\"wp-post\" data-elementor-id=\"4963\" class=\"elementor elementor-4963\" data-elementor-post-type=\"cms_block\">\n<section class=\"elementor-section elementor-top-section elementor-element elementor-element-1ab3267 elementor-section-content-middle elementor-section-full_width elementor-hidden-phone elementor-section-height-min-height elementor-section-height-default elementor-section-items-middle\" data-id=\"1ab3267\" data-element_type=\"section\" data-e-type=\"section\" data-settings=\"{&quot;background_background&quot;:&quot;classic&quot;}\">\n<div class=\"elementor-container elementor-column-gap-no\">\n<div class=\"elementor-column elementor-col-50 elementor-top-column elementor-element elementor-element-1ec0989\" data-id=\"1ec0989\" data-element_type=\"column\" data-e-type=\"column\">\n<div class=\"elementor-widget-wrap elementor-element-populated\">\n\t\t\t\t\t\t\t<link rel=\"stylesheet\" id=\"wd-mod-animations-transform-base-css\" href=\"https:\/\/www.sophy.ch\/web\/wp-content\/themes\/woodmart\/css\/parts\/mod-animations-transform-base.min.css?ver=8.4.1\" type=\"text\/css\" media=\"all\" \/> \t\t\t\t\t\t<link rel=\"stylesheet\" id=\"wd-mod-animations-transform-css\" href=\"https:\/\/www.sophy.ch\/web\/wp-content\/themes\/woodmart\/css\/parts\/mod-animations-transform.min.css?ver=8.4.1\" type=\"text\/css\" media=\"all\" \/> \t\t\t\t\t\t<link rel=\"stylesheet\" id=\"wd-mod-transform-css\" href=\"https:\/\/www.sophy.ch\/web\/wp-content\/themes\/woodmart\/css\/parts\/mod-transform.min.css?ver=8.4.1\" type=\"text\/css\" media=\"all\" \/>\n<div class=\"elementor-element elementor-element-64d8526 wd-animation-slide-from-left wd-animation-normal wd_delay_100 wd-animation wd-transform elementor-widget elementor-widget-image\" data-id=\"64d8526\" data-element_type=\"widget\" data-e-type=\"widget\" data-widget_type=\"image.default\">\n<div class=\"elementor-widget-container\">\n\t\t\t\t\t\t\t\t\t\t\t\t\t\t\t<img decoding=\"async\" src=\"https:\/\/www.sophy.ch\/web\/wp-content\/uploads\/elementor\/thumbs\/free-delivery-pygblnjs3kt39ylh8iemuksvaimsf873a5iokzrqm8.png\" title=\"livraison gratuite\" alt=\"livraison gratuite\" loading=\"lazy\" \/>\t\t\t\t\t\t\t\t\t\t\t\t\t\t\t<\/div>\n<\/p><\/div>\n<\/p><\/div>\n<\/p><\/div>\n<div class=\"elementor-column elementor-col-50 elementor-top-column elementor-element elementor-element-34f3bda\" data-id=\"34f3bda\" data-element_type=\"column\" data-e-type=\"column\">\n<div class=\"elementor-widget-wrap elementor-element-populated\">\n<div class=\"elementor-element elementor-element-55c181c color-scheme-inherit text-left elementor-widget elementor-widget-text-editor\" data-id=\"55c181c\" data-element_type=\"widget\" data-e-type=\"widget\" data-widget_type=\"text-editor.default\">\n<div class=\"elementor-widget-container\">\n\t\t\t\t\t\t\t\t\t<strong>De Livraison Estim\u00e9:<\/strong> Sera exp\u00e9di\u00e9 entre <strong>3 <\/strong>&amp;<strong> 5 <\/strong>Journ\u00e9es\t\t\t\t\t\t\t\t<\/div>\n<\/p><\/div>\n<\/p><\/div>\n<\/p><\/div>\n<\/p><\/div>\n<\/section><\/div><\/p>","protected":false},"featured_media":8283,"template":"","meta":[],"product_brand":[],"product_cat":[270,1509],"product_tag":[52,386,317],"class_list":{"0":"post-8307","1":"product","2":"type-product","3":"status-publish","4":"has-post-thumbnail","6":"product_cat-bracelets","7":"product_cat-chain-bracelets","8":"product_tag-diamond-jewellery","9":"product_tag-white-diamond","10":"product_tag-white-gold","11":"pa_color-rose-gold","12":"pa_color-white-gold","13":"pa_color-yellow-gold","14":"pa_estimated-time-of-dispatch-2-3-days","15":"pa_jewellery-art-bracelet","16":"pa_jewellery-material-gold-18k-750","17":"pa_made-for-ladies","18":"pa_product-brand-fine-jewellery-by-sophy-geneva","19":"pa_product-clarity-si","20":"pa_product-gemstone-diamond","22":"first","23":"instock","24":"taxable","25":"shipping-taxable","26":"purchasable","27":"product-type-variable"},"yoast_head":"<!-- This site is optimized with the Yoast SEO Premium plugin v26.9 (Yoast SEO v27.1.1) - https:\/\/yoast.com\/product\/yoast-seo-premium-wordpress\/ -->\n<title>5 Bezel Diamond bracelet with 18K Gold - Best Price at Sophy Jewellery<\/title>\n<meta name=\"description\" content=\"Explore Our Selection Of Exceptional Diamond Jewellery. Free Gift Wrapping. Check out our diamond bezel bracelet selection for the very best in unique or custom, handmade pieces from our bracelets shops.\" \/>\n<meta name=\"robots\" content=\"index, follow, max-snippet:-1, max-image-preview:large, max-video-preview:-1\" \/>\n<link rel=\"canonical\" href=\"https:\/\/www.sophy.ch\/fr\/item\/5-bezel-diamond-bracelet-with-18k-gold\/\" \/>\n<meta property=\"og:locale\" content=\"fr_FR\" \/>\n<meta property=\"og:type\" content=\"article\" \/>\n<meta property=\"og:title\" content=\"5 Bezel Diamond bracelet with 18K Gold - Sophie Jewelry Geneva | Online Store\" \/>\n<meta property=\"og:description\" content=\"Best Price Be Wise | Sophy Geneva presents you its Iconic, Glamorous Fine jewelry &amp; watches. Discover our fabulous collections, with a possibility to Virtually try on. Let&#039;s shine\" \/>\n<meta property=\"og:url\" content=\"https:\/\/www.sophy.ch\/fr\/item\/5-bezel-diamond-bracelet-with-18k-gold\/\" \/>\n<meta property=\"og:site_name\" content=\"Sophie Jewelry Geneva | Online Store\" \/>\n<meta property=\"article:publisher\" content=\"https:\/\/facebook.com\/sophygeneva\" \/>\n<meta property=\"article:modified_time\" content=\"2022-11-26T10:12:48+00:00\" \/>\n<meta property=\"og:image\" content=\"https:\/\/www.sophy.ch\/web\/wp-content\/uploads\/2021\/10\/18kBBR110819SG.jpg\" \/>\n\t<meta property=\"og:image:width\" content=\"2500\" \/>\n\t<meta property=\"og:image:height\" content=\"120\" \/>\n\t<meta property=\"og:image:type\" content=\"image\/jpeg\" \/>\n<meta name=\"twitter:card\" content=\"summary_large_image\" \/>\n<meta name=\"twitter:site\" content=\"@sophygeneva\" \/>\n<meta name=\"twitter:label1\" content=\"Disponibilit\u00e9\" \/>\n\t<meta name=\"twitter:data1\" content=\"En stock\" \/>\n<script type=\"application\/ld+json\" class=\"yoast-schema-graph\">{\"@context\":\"https:\/\/schema.org\",\"@graph\":[{\"@type\":[\"WebPage\",\"ItemPage\"],\"@id\":\"https:\/\/www.sophy.ch\/item\/5-bezel-diamond-bracelet-with-18k-gold\/\",\"url\":\"https:\/\/www.sophy.ch\/item\/5-bezel-diamond-bracelet-with-18k-gold\/\",\"name\":\"5 Bezel Diamond bracelet with 18K Gold - Best Price at Sophy Jewellery\",\"isPartOf\":{\"@id\":\"https:\/\/www.sophy.ch\/#website\"},\"primaryImageOfPage\":{\"@id\":\"https:\/\/www.sophy.ch\/item\/5-bezel-diamond-bracelet-with-18k-gold\/#primaryimage\"},\"image\":{\"@id\":\"https:\/\/www.sophy.ch\/item\/5-bezel-diamond-bracelet-with-18k-gold\/#primaryimage\"},\"thumbnailUrl\":\"https:\/\/www.sophy.ch\/web\/wp-content\/uploads\/2021\/10\/18kBBR110819SG.jpg\",\"datePublished\":\"2021-10-28T20:06:20+00:00\",\"dateModified\":\"2022-11-26T10:12:48+00:00\",\"description\":\"Explore Our Selection Of Exceptional Diamond Jewellery. Free Gift Wrapping. Check out our diamond bezel bracelet selection for the very best in unique or custom, handmade pieces from our bracelets shops.\",\"breadcrumb\":{\"@id\":\"https:\/\/www.sophy.ch\/item\/5-bezel-diamond-bracelet-with-18k-gold\/#breadcrumb\"},\"inLanguage\":\"fr-FR\",\"potentialAction\":[{\"@type\":\"ReadAction\",\"target\":[\"https:\/\/www.sophy.ch\/item\/5-bezel-diamond-bracelet-with-18k-gold\/\"]}]},{\"@type\":\"ImageObject\",\"inLanguage\":\"fr-FR\",\"@id\":\"https:\/\/www.sophy.ch\/item\/5-bezel-diamond-bracelet-with-18k-gold\/#primaryimage\",\"url\":\"https:\/\/www.sophy.ch\/web\/wp-content\/uploads\/2021\/10\/18kBBR110819SG.jpg\",\"contentUrl\":\"https:\/\/www.sophy.ch\/web\/wp-content\/uploads\/2021\/10\/18kBBR110819SG.jpg\",\"width\":2500,\"height\":120},{\"@type\":\"BreadcrumbList\",\"@id\":\"https:\/\/www.sophy.ch\/item\/5-bezel-diamond-bracelet-with-18k-gold\/#breadcrumb\",\"itemListElement\":[{\"@type\":\"ListItem\",\"position\":1,\"name\":\"Home\",\"item\":\"https:\/\/www.sophy.ch\/\"},{\"@type\":\"ListItem\",\"position\":2,\"name\":\"Shop\",\"item\":\"https:\/\/www.sophy.ch\/shop\/\"},{\"@type\":\"ListItem\",\"position\":3,\"name\":\"Women Jewelry\",\"item\":\"https:\/\/www.sophy.ch\/products\/women-jewelry\/\"},{\"@type\":\"ListItem\",\"position\":4,\"name\":\"Bracelets\",\"item\":\"https:\/\/www.sophy.ch\/products\/women-jewelry\/bracelets\/\"},{\"@type\":\"ListItem\",\"position\":5,\"name\":\"5 Bezel Diamond bracelet with 18K Gold\"}]},{\"@type\":\"WebSite\",\"@id\":\"https:\/\/www.sophy.ch\/#website\",\"url\":\"https:\/\/www.sophy.ch\/\",\"name\":\"Sophie Jewelry Geneva | Online Store\",\"description\":\"Swiss Store for Gold, Diamonds &amp; Gems | Best Prices\",\"publisher\":{\"@id\":\"https:\/\/www.sophy.ch\/#organization\"},\"alternateName\":\"Sophy Jewelry\",\"potentialAction\":[{\"@type\":\"SearchAction\",\"target\":{\"@type\":\"EntryPoint\",\"urlTemplate\":\"https:\/\/www.sophy.ch\/?s={search_term_string}\"},\"query-input\":{\"@type\":\"PropertyValueSpecification\",\"valueRequired\":true,\"valueName\":\"search_term_string\"}}],\"inLanguage\":\"fr-FR\"},{\"@type\":\"Organization\",\"@id\":\"https:\/\/www.sophy.ch\/#organization\",\"name\":\"Sophy Geneva Jewellery\",\"alternateName\":\"Sophy Jewelry\",\"url\":\"https:\/\/www.sophy.ch\/\",\"logo\":{\"@type\":\"ImageObject\",\"inLanguage\":\"fr-FR\",\"@id\":\"https:\/\/www.sophy.ch\/#\/schema\/logo\/image\/\",\"url\":\"https:\/\/www.sophy.ch\/web\/wp-content\/uploads\/2021\/06\/sophy-geneva-logo-small-400.png\",\"contentUrl\":\"https:\/\/www.sophy.ch\/web\/wp-content\/uploads\/2021\/06\/sophy-geneva-logo-small-400.png\",\"width\":408,\"height\":408,\"caption\":\"Sophy Geneva Jewellery\"},\"image\":{\"@id\":\"https:\/\/www.sophy.ch\/#\/schema\/logo\/image\/\"},\"sameAs\":[\"https:\/\/facebook.com\/sophygeneva\",\"https:\/\/x.com\/sophygeneva\",\"https:\/\/instagram.com\/sophygeneva\",\"https:\/\/pinterest.com\/sophygeneva\",\"https:\/\/www.youtube.com\/sophygeneva\",\"https:\/\/www.tiktok.com\/@sophygeneva\"],\"hasMerchantReturnPolicy\":{\"@type\":\"MerchantReturnPolicy\",\"merchantReturnLink\":\"https:\/\/www.sophy.ch\/fr\/returns-and-guarantee\/\"}}]}<\/script>\n<meta property=\"product:brand\" content=\"Fine Jewellery by Sophy Geneva\" \/>\n<meta property=\"og:availability\" content=\"instock\" \/>\n<meta property=\"product:availability\" content=\"instock\" \/>\n<meta property=\"product:retailer_item_id\" content=\"18kBBR110819SG\" \/>\n<meta property=\"product:condition\" content=\"new\" \/>\n<!-- \/ Yoast SEO Premium plugin. -->","yoast_head_json":{"title":"Bracelet 5 diamants avec or 18 carats - Meilleur prix chez Sophy Jewellery","description":"Explorez notre s\u00e9lection de bijoux en diamants d&#039;exception. Emballage cadeau gratuit. Parcourez notre s\u00e9lection de bracelet diamant lunette : vous y trouverez les meilleures pi\u00e8ces uniques ou personnalis\u00e9es de nos bracelets boutiques.","robots":{"index":"index","follow":"follow","max-snippet":"max-snippet:-1","max-image-preview":"max-image-preview:large","max-video-preview":"max-video-preview:-1"},"canonical":"https:\/\/www.sophy.ch\/fr\/item\/5-bezel-diamond-bracelet-with-18k-gold\/","og_locale":"fr_FR","og_type":"article","og_title":"5 Bezel Diamond bracelet with 18K Gold - Sophie Jewelry Geneva | Online Store","og_description":"Best Price Be Wise | Sophy Geneva presents you its Iconic, Glamorous Fine jewelry & watches. Discover our fabulous collections, with a possibility to Virtually try on. Let's shine","og_url":"https:\/\/www.sophy.ch\/fr\/item\/5-bezel-diamond-bracelet-with-18k-gold\/","og_site_name":"Sophie Jewelry Geneva | Online Store","article_publisher":"https:\/\/facebook.com\/sophygeneva","article_modified_time":"2022-11-26T10:12:48+00:00","og_image":[{"width":2500,"height":120,"url":"https:\/\/www.sophy.ch\/web\/wp-content\/uploads\/2021\/10\/18kBBR110819SG.jpg","type":"image\/jpeg"}],"twitter_card":"summary_large_image","twitter_site":"@sophygeneva","twitter_misc":{"Disponibilit\u00e9":"En stock"},"schema":{"@context":"https:\/\/schema.org","@graph":[{"@type":["WebPage","ItemPage"],"@id":"https:\/\/www.sophy.ch\/item\/5-bezel-diamond-bracelet-with-18k-gold\/","url":"https:\/\/www.sophy.ch\/item\/5-bezel-diamond-bracelet-with-18k-gold\/","name":"Bracelet 5 diamants avec or 18 carats - Meilleur prix chez Sophy Jewellery","isPartOf":{"@id":"https:\/\/www.sophy.ch\/#website"},"primaryImageOfPage":{"@id":"https:\/\/www.sophy.ch\/item\/5-bezel-diamond-bracelet-with-18k-gold\/#primaryimage"},"image":{"@id":"https:\/\/www.sophy.ch\/item\/5-bezel-diamond-bracelet-with-18k-gold\/#primaryimage"},"thumbnailUrl":"https:\/\/www.sophy.ch\/web\/wp-content\/uploads\/2021\/10\/18kBBR110819SG.jpg","datePublished":"2021-10-28T20:06:20+00:00","dateModified":"2022-11-26T10:12:48+00:00","description":"Explorez notre s\u00e9lection de bijoux en diamants d&#039;exception. Emballage cadeau gratuit. Parcourez notre s\u00e9lection de bracelet diamant lunette : vous y trouverez les meilleures pi\u00e8ces uniques ou personnalis\u00e9es de nos bracelets boutiques.","breadcrumb":{"@id":"https:\/\/www.sophy.ch\/item\/5-bezel-diamond-bracelet-with-18k-gold\/#breadcrumb"},"inLanguage":"fr-FR","potentialAction":[{"@type":"ReadAction","target":["https:\/\/www.sophy.ch\/item\/5-bezel-diamond-bracelet-with-18k-gold\/"]}]},{"@type":"ImageObject","inLanguage":"fr-FR","@id":"https:\/\/www.sophy.ch\/item\/5-bezel-diamond-bracelet-with-18k-gold\/#primaryimage","url":"https:\/\/www.sophy.ch\/web\/wp-content\/uploads\/2021\/10\/18kBBR110819SG.jpg","contentUrl":"https:\/\/www.sophy.ch\/web\/wp-content\/uploads\/2021\/10\/18kBBR110819SG.jpg","width":2500,"height":120},{"@type":"BreadcrumbList","@id":"https:\/\/www.sophy.ch\/item\/5-bezel-diamond-bracelet-with-18k-gold\/#breadcrumb","itemListElement":[{"@type":"ListItem","position":1,"name":"Home","item":"https:\/\/www.sophy.ch\/"},{"@type":"ListItem","position":2,"name":"Shop","item":"https:\/\/www.sophy.ch\/shop\/"},{"@type":"ListItem","position":3,"name":"Women Jewelry","item":"https:\/\/www.sophy.ch\/products\/women-jewelry\/"},{"@type":"ListItem","position":4,"name":"Bracelets","item":"https:\/\/www.sophy.ch\/products\/women-jewelry\/bracelets\/"},{"@type":"ListItem","position":5,"name":"5 Bezel Diamond bracelet with 18K Gold"}]},{"@type":"WebSite","@id":"https:\/\/www.sophy.ch\/#website","url":"https:\/\/www.sophy.ch\/","name":"Sophie Jewelry Geneva | Online Store","description":"Swiss Store for Gold, Diamonds &amp; Gems | Best Prices","publisher":{"@id":"https:\/\/www.sophy.ch\/#organization"},"alternateName":"Sophy Jewelry","potentialAction":[{"@type":"SearchAction","target":{"@type":"EntryPoint","urlTemplate":"https:\/\/www.sophy.ch\/?s={search_term_string}"},"query-input":{"@type":"PropertyValueSpecification","valueRequired":true,"valueName":"search_term_string"}}],"inLanguage":"fr-FR"},{"@type":"Organization","@id":"https:\/\/www.sophy.ch\/#organization","name":"Bijoux Sophy Gen\u00e8ve","alternateName":"Sophy Jewelry","url":"https:\/\/www.sophy.ch\/","logo":{"@type":"ImageObject","inLanguage":"fr-FR","@id":"https:\/\/www.sophy.ch\/#\/schema\/logo\/image\/","url":"https:\/\/www.sophy.ch\/web\/wp-content\/uploads\/2021\/06\/sophy-geneva-logo-small-400.png","contentUrl":"https:\/\/www.sophy.ch\/web\/wp-content\/uploads\/2021\/06\/sophy-geneva-logo-small-400.png","width":408,"height":408,"caption":"Sophy Geneva Jewellery"},"image":{"@id":"https:\/\/www.sophy.ch\/#\/schema\/logo\/image\/"},"sameAs":["https:\/\/facebook.com\/sophygeneva","https:\/\/x.com\/sophygeneva","https:\/\/instagram.com\/sophygeneva","https:\/\/pinterest.com\/sophygeneva","https:\/\/www.youtube.com\/sophygeneva","https:\/\/www.tiktok.com\/@sophygeneva"],"hasMerchantReturnPolicy":{"@type":"MerchantReturnPolicy","merchantReturnLink":"https:\/\/www.sophy.ch\/fr\/returns-and-guarantee\/"}}]},"product_brand":"Fine Jewellery by Sophy Geneva","og_availability":"instock","product_availability":"instock","product_retailer_item_id":"18kBBR110819SG","product_condition":"new"},"_links":{"self":[{"href":"https:\/\/www.sophy.ch\/fr\/wp-json\/wp\/v2\/product\/8307","targetHints":{"allow":["GET"]}}],"collection":[{"href":"https:\/\/www.sophy.ch\/fr\/wp-json\/wp\/v2\/product"}],"about":[{"href":"https:\/\/www.sophy.ch\/fr\/wp-json\/wp\/v2\/types\/product"}],"version-history":[{"count":0,"href":"https:\/\/www.sophy.ch\/fr\/wp-json\/wp\/v2\/product\/8307\/revisions"}],"wp:featuredmedia":[{"embeddable":true,"href":"https:\/\/www.sophy.ch\/fr\/wp-json\/wp\/v2\/media\/8283"}],"wp:attachment":[{"href":"https:\/\/www.sophy.ch\/fr\/wp-json\/wp\/v2\/media?parent=8307"}],"wp:term":[{"taxonomy":"product_brand","embeddable":true,"href":"https:\/\/www.sophy.ch\/fr\/wp-json\/wp\/v2\/product_brand?post=8307"},{"taxonomy":"product_cat","embeddable":true,"href":"https:\/\/www.sophy.ch\/fr\/wp-json\/wp\/v2\/product_cat?post=8307"},{"taxonomy":"product_tag","embeddable":true,"href":"https:\/\/www.sophy.ch\/fr\/wp-json\/wp\/v2\/product_tag?post=8307"}],"curies":[{"name":"wp","href":"https:\/\/api.w.org\/{rel}","templated":true}]}}