{"id":6409,"date":"2021-08-07T23:36:12","date_gmt":"2021-08-07T21:36:12","guid":{"rendered":"https:\/\/www.sophy.ch\/item\/trendy-diamond-new-infinity-ring-18k-rose-gold\/"},"modified":"2023-08-28T00:03:14","modified_gmt":"2023-08-27T22:03:14","slug":"trendy-diamond-new-infinity-ring-18k-rose-gold","status":"publish","type":"product","link":"https:\/\/www.sophy.ch\/fr\/item\/trendy-diamond-new-infinity-ring-18k-rose-gold\/","title":{"rendered":"Trendy Diamond nouvelle bague Infinity, or rose 18 carats"},"content":{"rendered":"","protected":false},"excerpt":{"rendered":"<p>Exclusivit\u00e9 Sophy Geneva Bridal, un symbole romantique d&#039;amour infini et de passion ! Une superbe bague en diamant \u00e0 n\u0153ud infini, frappante par sa beaut\u00e9, fabriqu\u00e9e \u00e0 la perfection en or blanc massif 18 carats - poin\u00e7on suisse. Fabriqu\u00e9 \u00e0 la main avec une belle taille ronde naturelle de 30 diamants d&#039;environ 0,19 carat.<\/p>","protected":false},"featured_media":6340,"template":"","meta":[],"product_brand":[],"product_cat":[1964,264,1963,297],"product_tag":[48,52,373,386,317],"class_list":{"0":"post-6409","1":"product","2":"type-product","3":"status-publish","4":"has-post-thumbnail","6":"product_cat-diamond-ring","7":"product_cat-exclusive-collections","8":"product_cat-gold-ring","9":"product_cat-rings","10":"product_tag-18k-gold-jewellery","11":"product_tag-diamond-jewellery","12":"product_tag-solitaire-ring","13":"product_tag-white-diamond","14":"product_tag-white-gold","15":"pa_color-rose-gold","16":"pa_jewellery-art-ring","17":"pa_jewellery-material-gold-18k-750","18":"pa_made-for-ladies","19":"pa_product-brand-fine-jewellery-by-sophy-geneva","20":"pa_product-gemstone-diamond","21":"pa_product-ring-size-50-o-159mm","22":"pa_product-ring-size-52-o-165mm","23":"pa_product-ring-size-377","24":"pa_product-ring-size-378","25":"pa_product-ring-size-379","26":"pa_product-ring-size-380","27":"pa_solitaire-solitaire-ring","29":"first","30":"instock","31":"sale","32":"taxable","33":"shipping-taxable","34":"purchasable","35":"product-type-variable","36":"has-default-attributes"},"yoast_head":"<!-- This site is optimized with the Yoast SEO Premium plugin v26.9 (Yoast SEO v27.1.1) - https:\/\/yoast.com\/product\/yoast-seo-premium-wordpress\/ -->\n<title>Trendy Diamond new Infinity Ring, 18K rose gold - Best Price at Sophy Jewellery<\/title>\n<meta name=\"description\" content=\"SALE for a limited time, View our stunning diamond and 18k Gold rings collection featuring elegant and timeless designs, the most affordable in Switzerland with a possibility to Virtually try on.\" \/>\n<meta name=\"robots\" content=\"index, follow, max-snippet:-1, max-image-preview:large, max-video-preview:-1\" \/>\n<link rel=\"canonical\" href=\"https:\/\/www.sophy.ch\/fr\/item\/trendy-diamond-new-infinity-ring-18k-rose-gold\/\" \/>\n<meta property=\"og:locale\" content=\"fr_FR\" \/>\n<meta property=\"og:type\" content=\"article\" \/>\n<meta property=\"og:title\" content=\"Trendy Diamond new Infinity Ring, 18K rose gold - Sophie Jewelry Geneva | Online Store\" \/>\n<meta property=\"og:description\" content=\"Best Price Be Wise | Sophy Geneva presents you its Iconic, Glamorous Fine jewelry &amp; watches. Discover our fabulous collections, with a possibility to Virtually try on. Let&#039;s shine\" \/>\n<meta property=\"og:url\" content=\"https:\/\/www.sophy.ch\/fr\/item\/trendy-diamond-new-infinity-ring-18k-rose-gold\/\" \/>\n<meta property=\"og:site_name\" content=\"Sophie Jewelry Geneva | Online Store\" \/>\n<meta property=\"article:publisher\" content=\"https:\/\/facebook.com\/sophygeneva\" \/>\n<meta property=\"article:modified_time\" content=\"2023-08-27T22:03:14+00:00\" \/>\n<meta property=\"og:image\" content=\"https:\/\/www.sophy.ch\/web\/wp-content\/uploads\/2021\/08\/Sophy-Geneva-Diamond-18k-gold-750gold-wedding-band-jewelryWP-R-120890-Rose.jpg\" \/>\n\t<meta property=\"og:image:width\" content=\"570\" \/>\n\t<meta property=\"og:image:height\" content=\"570\" \/>\n\t<meta property=\"og:image:type\" content=\"image\/jpeg\" \/>\n<meta name=\"twitter:card\" content=\"summary_large_image\" \/>\n<meta name=\"twitter:site\" content=\"@sophygeneva\" \/>\n<meta name=\"twitter:label1\" content=\"Disponibilit\u00e9\" \/>\n\t<meta name=\"twitter:data1\" content=\"En stock\" \/>\n<script type=\"application\/ld+json\" class=\"yoast-schema-graph\">{\"@context\":\"https:\/\/schema.org\",\"@graph\":[{\"@type\":[\"WebPage\",\"ItemPage\"],\"@id\":\"https:\/\/www.sophy.ch\/item\/trendy-diamond-new-infinity-ring-18k-rose-gold\/\",\"url\":\"https:\/\/www.sophy.ch\/item\/trendy-diamond-new-infinity-ring-18k-rose-gold\/\",\"name\":\"Trendy Diamond new Infinity Ring, 18K rose gold - Best Price at Sophy Jewellery\",\"isPartOf\":{\"@id\":\"https:\/\/www.sophy.ch\/#website\"},\"primaryImageOfPage\":{\"@id\":\"https:\/\/www.sophy.ch\/item\/trendy-diamond-new-infinity-ring-18k-rose-gold\/#primaryimage\"},\"image\":{\"@id\":\"https:\/\/www.sophy.ch\/item\/trendy-diamond-new-infinity-ring-18k-rose-gold\/#primaryimage\"},\"thumbnailUrl\":\"https:\/\/www.sophy.ch\/web\/wp-content\/uploads\/2021\/08\/Sophy-Geneva-Diamond-18k-gold-750gold-wedding-band-jewelryWP-R-120890-Rose.jpg\",\"datePublished\":\"2021-08-07T21:36:12+00:00\",\"dateModified\":\"2023-08-27T22:03:14+00:00\",\"description\":\"SALE for a limited time, View our stunning diamond and 18k Gold rings collection featuring elegant and timeless designs, the most affordable in Switzerland with a possibility to Virtually try on.\",\"breadcrumb\":{\"@id\":\"https:\/\/www.sophy.ch\/item\/trendy-diamond-new-infinity-ring-18k-rose-gold\/#breadcrumb\"},\"inLanguage\":\"fr-FR\",\"potentialAction\":[{\"@type\":\"ReadAction\",\"target\":[\"https:\/\/www.sophy.ch\/item\/trendy-diamond-new-infinity-ring-18k-rose-gold\/\"]}]},{\"@type\":\"ImageObject\",\"inLanguage\":\"fr-FR\",\"@id\":\"https:\/\/www.sophy.ch\/item\/trendy-diamond-new-infinity-ring-18k-rose-gold\/#primaryimage\",\"url\":\"https:\/\/www.sophy.ch\/web\/wp-content\/uploads\/2021\/08\/Sophy-Geneva-Diamond-18k-gold-750gold-wedding-band-jewelryWP-R-120890-Rose.jpg\",\"contentUrl\":\"https:\/\/www.sophy.ch\/web\/wp-content\/uploads\/2021\/08\/Sophy-Geneva-Diamond-18k-gold-750gold-wedding-band-jewelryWP-R-120890-Rose.jpg\",\"width\":570,\"height\":570},{\"@type\":\"BreadcrumbList\",\"@id\":\"https:\/\/www.sophy.ch\/item\/trendy-diamond-new-infinity-ring-18k-rose-gold\/#breadcrumb\",\"itemListElement\":[{\"@type\":\"ListItem\",\"position\":1,\"name\":\"Home\",\"item\":\"https:\/\/www.sophy.ch\/\"},{\"@type\":\"ListItem\",\"position\":2,\"name\":\"Shop\",\"item\":\"https:\/\/www.sophy.ch\/shop\/\"},{\"@type\":\"ListItem\",\"position\":3,\"name\":\"Women Jewelry\",\"item\":\"https:\/\/www.sophy.ch\/products\/women-jewelry\/\"},{\"@type\":\"ListItem\",\"position\":4,\"name\":\"Rings\",\"item\":\"https:\/\/www.sophy.ch\/products\/women-jewelry\/rings\/\"},{\"@type\":\"ListItem\",\"position\":5,\"name\":\"Trendy Diamond new Infinity Ring, 18K rose gold\"}]},{\"@type\":\"WebSite\",\"@id\":\"https:\/\/www.sophy.ch\/#website\",\"url\":\"https:\/\/www.sophy.ch\/\",\"name\":\"Sophie Jewelry Geneva | Online Store\",\"description\":\"Swiss Store for Gold, Diamonds &amp; Gems | Best Prices\",\"publisher\":{\"@id\":\"https:\/\/www.sophy.ch\/#organization\"},\"alternateName\":\"Sophy Jewelry\",\"potentialAction\":[{\"@type\":\"SearchAction\",\"target\":{\"@type\":\"EntryPoint\",\"urlTemplate\":\"https:\/\/www.sophy.ch\/?s={search_term_string}\"},\"query-input\":{\"@type\":\"PropertyValueSpecification\",\"valueRequired\":true,\"valueName\":\"search_term_string\"}}],\"inLanguage\":\"fr-FR\"},{\"@type\":\"Organization\",\"@id\":\"https:\/\/www.sophy.ch\/#organization\",\"name\":\"Sophy Geneva Jewellery\",\"alternateName\":\"Sophy Jewelry\",\"url\":\"https:\/\/www.sophy.ch\/\",\"logo\":{\"@type\":\"ImageObject\",\"inLanguage\":\"fr-FR\",\"@id\":\"https:\/\/www.sophy.ch\/#\/schema\/logo\/image\/\",\"url\":\"https:\/\/www.sophy.ch\/web\/wp-content\/uploads\/2021\/06\/sophy-geneva-logo-small-400.png\",\"contentUrl\":\"https:\/\/www.sophy.ch\/web\/wp-content\/uploads\/2021\/06\/sophy-geneva-logo-small-400.png\",\"width\":408,\"height\":408,\"caption\":\"Sophy Geneva Jewellery\"},\"image\":{\"@id\":\"https:\/\/www.sophy.ch\/#\/schema\/logo\/image\/\"},\"sameAs\":[\"https:\/\/facebook.com\/sophygeneva\",\"https:\/\/x.com\/sophygeneva\",\"https:\/\/instagram.com\/sophygeneva\",\"https:\/\/pinterest.com\/sophygeneva\",\"https:\/\/www.youtube.com\/sophygeneva\",\"https:\/\/www.tiktok.com\/@sophygeneva\"],\"hasMerchantReturnPolicy\":{\"@type\":\"MerchantReturnPolicy\",\"merchantReturnLink\":\"https:\/\/www.sophy.ch\/fr\/returns-and-guarantee\/\"}}]}<\/script>\n<meta property=\"product:brand\" content=\"Fine Jewellery by Sophy Geneva\" \/>\n<meta property=\"og:availability\" content=\"instock\" \/>\n<meta property=\"product:availability\" content=\"instock\" \/>\n<meta property=\"product:retailer_item_id\" content=\"WPR120890-R18\" \/>\n<meta property=\"product:condition\" content=\"new\" \/>\n<!-- \/ Yoast SEO Premium plugin. -->","yoast_head_json":{"title":"Bague Infinity tendance en or rose 18 carats avec diamants - Meilleur prix chez Sophy Jewellery","description":"VENTE pour une dur\u00e9e limit\u00e9e, d\u00e9couvrez notre superbe collection de bagues en diamant et en or 18 carats avec des designs \u00e9l\u00e9gants et intemporels, les plus abordables de Suisse avec une possibilit\u00e9 d&#039;essayer virtuellement.","robots":{"index":"index","follow":"follow","max-snippet":"max-snippet:-1","max-image-preview":"max-image-preview:large","max-video-preview":"max-video-preview:-1"},"canonical":"https:\/\/www.sophy.ch\/fr\/item\/trendy-diamond-new-infinity-ring-18k-rose-gold\/","og_locale":"fr_FR","og_type":"article","og_title":"Trendy Diamond new Infinity Ring, 18K rose gold - Sophie Jewelry Geneva | Online Store","og_description":"Best Price Be Wise | Sophy Geneva presents you its Iconic, Glamorous Fine jewelry & watches. Discover our fabulous collections, with a possibility to Virtually try on. Let's shine","og_url":"https:\/\/www.sophy.ch\/fr\/item\/trendy-diamond-new-infinity-ring-18k-rose-gold\/","og_site_name":"Sophie Jewelry Geneva | Online Store","article_publisher":"https:\/\/facebook.com\/sophygeneva","article_modified_time":"2023-08-27T22:03:14+00:00","og_image":[{"width":570,"height":570,"url":"https:\/\/www.sophy.ch\/web\/wp-content\/uploads\/2021\/08\/Sophy-Geneva-Diamond-18k-gold-750gold-wedding-band-jewelryWP-R-120890-Rose.jpg","type":"image\/jpeg"}],"twitter_card":"summary_large_image","twitter_site":"@sophygeneva","twitter_misc":{"Disponibilit\u00e9":"En stock"},"schema":{"@context":"https:\/\/schema.org","@graph":[{"@type":["WebPage","ItemPage"],"@id":"https:\/\/www.sophy.ch\/item\/trendy-diamond-new-infinity-ring-18k-rose-gold\/","url":"https:\/\/www.sophy.ch\/item\/trendy-diamond-new-infinity-ring-18k-rose-gold\/","name":"Bague Infinity tendance en or rose 18 carats avec diamants - Meilleur prix chez Sophy Jewellery","isPartOf":{"@id":"https:\/\/www.sophy.ch\/#website"},"primaryImageOfPage":{"@id":"https:\/\/www.sophy.ch\/item\/trendy-diamond-new-infinity-ring-18k-rose-gold\/#primaryimage"},"image":{"@id":"https:\/\/www.sophy.ch\/item\/trendy-diamond-new-infinity-ring-18k-rose-gold\/#primaryimage"},"thumbnailUrl":"https:\/\/www.sophy.ch\/web\/wp-content\/uploads\/2021\/08\/Sophy-Geneva-Diamond-18k-gold-750gold-wedding-band-jewelryWP-R-120890-Rose.jpg","datePublished":"2021-08-07T21:36:12+00:00","dateModified":"2023-08-27T22:03:14+00:00","description":"VENTE pour une dur\u00e9e limit\u00e9e, d\u00e9couvrez notre superbe collection de bagues en diamant et en or 18 carats avec des designs \u00e9l\u00e9gants et intemporels, les plus abordables de Suisse avec une possibilit\u00e9 d&#039;essayer virtuellement.","breadcrumb":{"@id":"https:\/\/www.sophy.ch\/item\/trendy-diamond-new-infinity-ring-18k-rose-gold\/#breadcrumb"},"inLanguage":"fr-FR","potentialAction":[{"@type":"ReadAction","target":["https:\/\/www.sophy.ch\/item\/trendy-diamond-new-infinity-ring-18k-rose-gold\/"]}]},{"@type":"ImageObject","inLanguage":"fr-FR","@id":"https:\/\/www.sophy.ch\/item\/trendy-diamond-new-infinity-ring-18k-rose-gold\/#primaryimage","url":"https:\/\/www.sophy.ch\/web\/wp-content\/uploads\/2021\/08\/Sophy-Geneva-Diamond-18k-gold-750gold-wedding-band-jewelryWP-R-120890-Rose.jpg","contentUrl":"https:\/\/www.sophy.ch\/web\/wp-content\/uploads\/2021\/08\/Sophy-Geneva-Diamond-18k-gold-750gold-wedding-band-jewelryWP-R-120890-Rose.jpg","width":570,"height":570},{"@type":"BreadcrumbList","@id":"https:\/\/www.sophy.ch\/item\/trendy-diamond-new-infinity-ring-18k-rose-gold\/#breadcrumb","itemListElement":[{"@type":"ListItem","position":1,"name":"Home","item":"https:\/\/www.sophy.ch\/"},{"@type":"ListItem","position":2,"name":"Shop","item":"https:\/\/www.sophy.ch\/shop\/"},{"@type":"ListItem","position":3,"name":"Women Jewelry","item":"https:\/\/www.sophy.ch\/products\/women-jewelry\/"},{"@type":"ListItem","position":4,"name":"Rings","item":"https:\/\/www.sophy.ch\/products\/women-jewelry\/rings\/"},{"@type":"ListItem","position":5,"name":"Trendy Diamond new Infinity Ring, 18K rose gold"}]},{"@type":"WebSite","@id":"https:\/\/www.sophy.ch\/#website","url":"https:\/\/www.sophy.ch\/","name":"Sophie Jewelry Geneva | Online Store","description":"Swiss Store for Gold, Diamonds &amp; Gems | Best Prices","publisher":{"@id":"https:\/\/www.sophy.ch\/#organization"},"alternateName":"Sophy Jewelry","potentialAction":[{"@type":"SearchAction","target":{"@type":"EntryPoint","urlTemplate":"https:\/\/www.sophy.ch\/?s={search_term_string}"},"query-input":{"@type":"PropertyValueSpecification","valueRequired":true,"valueName":"search_term_string"}}],"inLanguage":"fr-FR"},{"@type":"Organization","@id":"https:\/\/www.sophy.ch\/#organization","name":"Bijoux Sophy Gen\u00e8ve","alternateName":"Sophy Jewelry","url":"https:\/\/www.sophy.ch\/","logo":{"@type":"ImageObject","inLanguage":"fr-FR","@id":"https:\/\/www.sophy.ch\/#\/schema\/logo\/image\/","url":"https:\/\/www.sophy.ch\/web\/wp-content\/uploads\/2021\/06\/sophy-geneva-logo-small-400.png","contentUrl":"https:\/\/www.sophy.ch\/web\/wp-content\/uploads\/2021\/06\/sophy-geneva-logo-small-400.png","width":408,"height":408,"caption":"Sophy Geneva Jewellery"},"image":{"@id":"https:\/\/www.sophy.ch\/#\/schema\/logo\/image\/"},"sameAs":["https:\/\/facebook.com\/sophygeneva","https:\/\/x.com\/sophygeneva","https:\/\/instagram.com\/sophygeneva","https:\/\/pinterest.com\/sophygeneva","https:\/\/www.youtube.com\/sophygeneva","https:\/\/www.tiktok.com\/@sophygeneva"],"hasMerchantReturnPolicy":{"@type":"MerchantReturnPolicy","merchantReturnLink":"https:\/\/www.sophy.ch\/fr\/returns-and-guarantee\/"}}]},"product_brand":"Fine Jewellery by Sophy Geneva","og_availability":"instock","product_availability":"instock","product_retailer_item_id":"WPR120890-R18","product_condition":"new"},"_links":{"self":[{"href":"https:\/\/www.sophy.ch\/fr\/wp-json\/wp\/v2\/product\/6409","targetHints":{"allow":["GET"]}}],"collection":[{"href":"https:\/\/www.sophy.ch\/fr\/wp-json\/wp\/v2\/product"}],"about":[{"href":"https:\/\/www.sophy.ch\/fr\/wp-json\/wp\/v2\/types\/product"}],"version-history":[{"count":0,"href":"https:\/\/www.sophy.ch\/fr\/wp-json\/wp\/v2\/product\/6409\/revisions"}],"wp:featuredmedia":[{"embeddable":true,"href":"https:\/\/www.sophy.ch\/fr\/wp-json\/wp\/v2\/media\/6340"}],"wp:attachment":[{"href":"https:\/\/www.sophy.ch\/fr\/wp-json\/wp\/v2\/media?parent=6409"}],"wp:term":[{"taxonomy":"product_brand","embeddable":true,"href":"https:\/\/www.sophy.ch\/fr\/wp-json\/wp\/v2\/product_brand?post=6409"},{"taxonomy":"product_cat","embeddable":true,"href":"https:\/\/www.sophy.ch\/fr\/wp-json\/wp\/v2\/product_cat?post=6409"},{"taxonomy":"product_tag","embeddable":true,"href":"https:\/\/www.sophy.ch\/fr\/wp-json\/wp\/v2\/product_tag?post=6409"}],"curies":[{"name":"wp","href":"https:\/\/api.w.org\/{rel}","templated":true}]}}