{"id":6072,"date":"2021-07-27T05:34:39","date_gmt":"2021-07-27T03:34:39","guid":{"rendered":"https:\/\/www.sophy.ch\/?post_type=product&#038;p=6072"},"modified":"2023-09-14T10:16:04","modified_gmt":"2023-09-14T08:16:04","slug":"freshwater-white-pearl-necklace-180cm-5-6mm","status":"publish","type":"product","link":"https:\/\/www.sophy.ch\/fr\/item\/freshwater-white-pearl-necklace-180cm-5-6mm\/","title":{"rendered":"Collier de perles blanches d&#039;eau douce 180cm 5-6mm"},"content":{"rendered":"","protected":false},"excerpt":{"rendered":"<p style=\"text-align: justify;\">Les perles peuvent ajouter une touche d&#039;\u00e9l\u00e9gance \u00e0 n&#039;importe quelle tenue. Les perles naturelles sont aussi uniques que vous !\u00a0<span style=\"color: #2c76ba; font-size: 14pt;\">100% Fabriqu\u00e9 en Suisse : <\/span><span style=\"font-size: 12pt;\">Ces magnifiques colliers en perles d&#039;eau douce <\/span><span style=\"font-size: 12pt;\">proviennent d&#039;un atelier de joaillerie Sophy Gen\u00e8ve \u00e0 Lausanne. Les perles ont un diam\u00e8tre de 7-8 mm. Tous nos bijoux en perles sont fabriqu\u00e9s \u00e0 la main sur commande et chaque perle est nou\u00e9e \u00e0 la main de mani\u00e8re professionnelle et individuelle sur du fil de soie en Suisse pour la plus haute qualit\u00e9 jamais repr\u00e9sent\u00e9e.<\/span><\/p>\n<link rel=\"stylesheet\" id=\"elementor-post-4963-css\" href=\"https:\/\/www.sophy.ch\/web\/wp-content\/uploads\/elementor\/css\/post-4963.css?ver=1777992362\" type=\"text\/css\" media=\"all\">\n<div data-elementor-type=\"wp-post\" data-elementor-id=\"4963\" class=\"elementor elementor-4963\" data-elementor-post-type=\"cms_block\">\n<section class=\"elementor-section elementor-top-section elementor-element elementor-element-1ab3267 elementor-section-content-middle elementor-section-full_width elementor-hidden-phone elementor-section-height-min-height elementor-section-height-default elementor-section-items-middle\" data-id=\"1ab3267\" data-element_type=\"section\" data-e-type=\"section\" data-settings=\"{&quot;background_background&quot;:&quot;classic&quot;}\">\n<div class=\"elementor-container elementor-column-gap-no\">\n<div class=\"elementor-column elementor-col-50 elementor-top-column elementor-element elementor-element-1ec0989\" data-id=\"1ec0989\" data-element_type=\"column\" data-e-type=\"column\">\n<div class=\"elementor-widget-wrap elementor-element-populated\">\n\t\t\t\t\t\t\t<link rel=\"stylesheet\" id=\"wd-mod-animations-transform-base-css\" href=\"https:\/\/www.sophy.ch\/web\/wp-content\/themes\/woodmart\/css\/parts\/mod-animations-transform-base.min.css?ver=8.4.1\" type=\"text\/css\" media=\"all\" \/> \t\t\t\t\t\t<link rel=\"stylesheet\" id=\"wd-mod-animations-transform-css\" href=\"https:\/\/www.sophy.ch\/web\/wp-content\/themes\/woodmart\/css\/parts\/mod-animations-transform.min.css?ver=8.4.1\" type=\"text\/css\" media=\"all\" \/> \t\t\t\t\t\t<link rel=\"stylesheet\" id=\"wd-mod-transform-css\" href=\"https:\/\/www.sophy.ch\/web\/wp-content\/themes\/woodmart\/css\/parts\/mod-transform.min.css?ver=8.4.1\" type=\"text\/css\" media=\"all\" \/>\n<div class=\"elementor-element elementor-element-64d8526 wd-animation-slide-from-left wd-animation-normal wd_delay_100 wd-animation wd-transform elementor-widget elementor-widget-image\" data-id=\"64d8526\" data-element_type=\"widget\" data-e-type=\"widget\" data-widget_type=\"image.default\">\n<div class=\"elementor-widget-container\">\n\t\t\t\t\t\t\t\t\t\t\t\t\t\t\t<img decoding=\"async\" src=\"https:\/\/www.sophy.ch\/web\/wp-content\/uploads\/elementor\/thumbs\/free-delivery-pygblnjs3kt39ylh8iemuksvaimsf873a5iokzrqm8.png\" title=\"livraison gratuite\" alt=\"livraison gratuite\" loading=\"lazy\" \/>\t\t\t\t\t\t\t\t\t\t\t\t\t\t\t<\/div>\n<\/p><\/div>\n<\/p><\/div>\n<\/p><\/div>\n<div class=\"elementor-column elementor-col-50 elementor-top-column elementor-element elementor-element-34f3bda\" data-id=\"34f3bda\" data-element_type=\"column\" data-e-type=\"column\">\n<div class=\"elementor-widget-wrap elementor-element-populated\">\n<div class=\"elementor-element elementor-element-55c181c color-scheme-inherit text-left elementor-widget elementor-widget-text-editor\" data-id=\"55c181c\" data-element_type=\"widget\" data-e-type=\"widget\" data-widget_type=\"text-editor.default\">\n<div class=\"elementor-widget-container\">\n\t\t\t\t\t\t\t\t\t<strong>De Livraison Estim\u00e9:<\/strong> Sera exp\u00e9di\u00e9 entre <strong>3 <\/strong>&amp;<strong> 5 <\/strong>Journ\u00e9es\t\t\t\t\t\t\t\t<\/div>\n<\/p><\/div>\n<\/p><\/div>\n<\/p><\/div>\n<\/p><\/div>\n<\/section><\/div><\/p>","protected":false},"featured_media":6073,"template":"","meta":[],"product_brand":[],"product_cat":[1961,348],"product_tag":[293],"class_list":{"0":"post-6072","1":"product","2":"type-product","3":"status-publish","4":"has-post-thumbnail","6":"product_cat-collier","7":"product_cat-pearl-collection","8":"product_tag-freshwater-pearl","9":"pa_estimated-time-of-dispatch-2-3-days","10":"pa_product-brand-marina-c-by-sophy-geneva","11":"pa_product-color-product-color-white","12":"pa_product-gemstone-pearl","13":"pa_product-pearl-kind-freshwater","14":"pa_product-pearl-shape-near-round","16":"first","17":"instock","18":"sale","19":"taxable","20":"shipping-taxable","21":"purchasable","22":"product-type-simple"},"yoast_head":"<!-- This site is optimized with the Yoast SEO Premium plugin v26.9 (Yoast SEO v27.1.1) - https:\/\/yoast.com\/product\/yoast-seo-premium-wordpress\/ -->\n<title>Freshwater white Pearl Necklace 180cm 5-6mm - Best Price at Sophy Jewellery<\/title>\n<meta name=\"description\" content=\"Finest Collection of High-Quality Pearl Jewelry. Free &amp; Fast Delivery. Expert Swiss Craftsmanship, Exceptional Quality, Unbeatable Prices, Stunning Collection, Beautiful Designs.\" \/>\n<meta name=\"robots\" content=\"index, follow, max-snippet:-1, max-image-preview:large, max-video-preview:-1\" \/>\n<link rel=\"canonical\" href=\"https:\/\/www.sophy.ch\/fr\/item\/freshwater-white-pearl-necklace-180cm-5-6mm\/\" \/>\n<meta property=\"og:locale\" content=\"fr_FR\" \/>\n<meta property=\"og:type\" content=\"article\" \/>\n<meta property=\"og:title\" content=\"Freshwater white Pearl Necklace 180cm 5-6mm - Sophie Jewelry Geneva | Online Store\" \/>\n<meta property=\"og:description\" content=\"Best Price Be Wise | Sophy Geneva presents you its Iconic, Glamorous Fine jewelry &amp; watches. Discover our fabulous collections, with a possibility to Virtually try on. Let&#039;s shine\" \/>\n<meta property=\"og:url\" content=\"https:\/\/www.sophy.ch\/fr\/item\/freshwater-white-pearl-necklace-180cm-5-6mm\/\" \/>\n<meta property=\"og:site_name\" content=\"Sophie Jewelry Geneva | Online Store\" \/>\n<meta property=\"article:publisher\" content=\"https:\/\/facebook.com\/sophygeneva\" \/>\n<meta property=\"article:modified_time\" content=\"2023-09-14T08:16:04+00:00\" \/>\n<meta property=\"og:image\" content=\"https:\/\/www.sophy.ch\/web\/wp-content\/uploads\/2021\/07\/Sophy-Geneva-681985-necklace-of-fresh-water-semiround-pearls-5-6mm-lenght-cm-180.jpg\" \/>\n\t<meta property=\"og:image:width\" content=\"600\" \/>\n\t<meta property=\"og:image:height\" content=\"600\" \/>\n\t<meta property=\"og:image:type\" content=\"image\/jpeg\" \/>\n<meta name=\"twitter:card\" content=\"summary_large_image\" \/>\n<meta name=\"twitter:site\" content=\"@sophygeneva\" \/>\n<meta name=\"twitter:label1\" content=\"Prix\" \/>\n\t<meta name=\"twitter:data1\" content=\"&euro;272 Excl. VAT\" \/>\n\t<meta name=\"twitter:label2\" content=\"Disponibilit\u00e9\" \/>\n\t<meta name=\"twitter:data2\" content=\"En stock\" \/>\n<script type=\"application\/ld+json\" class=\"yoast-schema-graph\">{\"@context\":\"https:\/\/schema.org\",\"@graph\":[{\"@type\":[\"WebPage\",\"ItemPage\"],\"@id\":\"https:\/\/www.sophy.ch\/item\/freshwater-white-pearl-necklace-180cm-5-6mm\/\",\"url\":\"https:\/\/www.sophy.ch\/item\/freshwater-white-pearl-necklace-180cm-5-6mm\/\",\"name\":\"Freshwater white Pearl Necklace 180cm 5-6mm - Best Price at Sophy Jewellery\",\"isPartOf\":{\"@id\":\"https:\/\/www.sophy.ch\/#website\"},\"primaryImageOfPage\":{\"@id\":\"https:\/\/www.sophy.ch\/item\/freshwater-white-pearl-necklace-180cm-5-6mm\/#primaryimage\"},\"image\":{\"@id\":\"https:\/\/www.sophy.ch\/item\/freshwater-white-pearl-necklace-180cm-5-6mm\/#primaryimage\"},\"thumbnailUrl\":\"https:\/\/www.sophy.ch\/web\/wp-content\/uploads\/2021\/07\/Sophy-Geneva-681985-necklace-of-fresh-water-semiround-pearls-5-6mm-lenght-cm-180.jpg\",\"datePublished\":\"2021-07-27T03:34:39+00:00\",\"dateModified\":\"2023-09-14T08:16:04+00:00\",\"description\":\"Finest Collection of High-Quality Pearl Jewelry. Free & Fast Delivery. Expert Swiss Craftsmanship, Exceptional Quality, Unbeatable Prices, Stunning Collection, Beautiful Designs.\",\"breadcrumb\":{\"@id\":\"https:\/\/www.sophy.ch\/item\/freshwater-white-pearl-necklace-180cm-5-6mm\/#breadcrumb\"},\"inLanguage\":\"fr-FR\",\"potentialAction\":[{\"@type\":\"ReadAction\",\"target\":[\"https:\/\/www.sophy.ch\/item\/freshwater-white-pearl-necklace-180cm-5-6mm\/\"]}]},{\"@type\":\"ImageObject\",\"inLanguage\":\"fr-FR\",\"@id\":\"https:\/\/www.sophy.ch\/item\/freshwater-white-pearl-necklace-180cm-5-6mm\/#primaryimage\",\"url\":\"https:\/\/www.sophy.ch\/web\/wp-content\/uploads\/2021\/07\/Sophy-Geneva-681985-necklace-of-fresh-water-semiround-pearls-5-6mm-lenght-cm-180.jpg\",\"contentUrl\":\"https:\/\/www.sophy.ch\/web\/wp-content\/uploads\/2021\/07\/Sophy-Geneva-681985-necklace-of-fresh-water-semiround-pearls-5-6mm-lenght-cm-180.jpg\",\"width\":600,\"height\":600},{\"@type\":\"BreadcrumbList\",\"@id\":\"https:\/\/www.sophy.ch\/item\/freshwater-white-pearl-necklace-180cm-5-6mm\/#breadcrumb\",\"itemListElement\":[{\"@type\":\"ListItem\",\"position\":1,\"name\":\"Home\",\"item\":\"https:\/\/www.sophy.ch\/\"},{\"@type\":\"ListItem\",\"position\":2,\"name\":\"Shop\",\"item\":\"https:\/\/www.sophy.ch\/shop\/\"},{\"@type\":\"ListItem\",\"position\":3,\"name\":\"Women Jewelry\",\"item\":\"https:\/\/www.sophy.ch\/products\/women-jewelry\/\"},{\"@type\":\"ListItem\",\"position\":4,\"name\":\"Necklaces\",\"item\":\"https:\/\/www.sophy.ch\/products\/women-jewelry\/necklaces\/\"},{\"@type\":\"ListItem\",\"position\":5,\"name\":\"Freshwater white Pearl Necklace 180cm 5-6mm\"}]},{\"@type\":\"WebSite\",\"@id\":\"https:\/\/www.sophy.ch\/#website\",\"url\":\"https:\/\/www.sophy.ch\/\",\"name\":\"Sophie Jewelry Geneva | Online Store\",\"description\":\"Swiss Store for Gold, Diamonds &amp; Gems | Best Prices\",\"publisher\":{\"@id\":\"https:\/\/www.sophy.ch\/#organization\"},\"alternateName\":\"Sophy Jewelry\",\"potentialAction\":[{\"@type\":\"SearchAction\",\"target\":{\"@type\":\"EntryPoint\",\"urlTemplate\":\"https:\/\/www.sophy.ch\/?s={search_term_string}\"},\"query-input\":{\"@type\":\"PropertyValueSpecification\",\"valueRequired\":true,\"valueName\":\"search_term_string\"}}],\"inLanguage\":\"fr-FR\"},{\"@type\":\"Organization\",\"@id\":\"https:\/\/www.sophy.ch\/#organization\",\"name\":\"Sophy Geneva Jewellery\",\"alternateName\":\"Sophy Jewelry\",\"url\":\"https:\/\/www.sophy.ch\/\",\"logo\":{\"@type\":\"ImageObject\",\"inLanguage\":\"fr-FR\",\"@id\":\"https:\/\/www.sophy.ch\/#\/schema\/logo\/image\/\",\"url\":\"https:\/\/www.sophy.ch\/web\/wp-content\/uploads\/2021\/06\/sophy-geneva-logo-small-400.png\",\"contentUrl\":\"https:\/\/www.sophy.ch\/web\/wp-content\/uploads\/2021\/06\/sophy-geneva-logo-small-400.png\",\"width\":408,\"height\":408,\"caption\":\"Sophy Geneva Jewellery\"},\"image\":{\"@id\":\"https:\/\/www.sophy.ch\/#\/schema\/logo\/image\/\"},\"sameAs\":[\"https:\/\/facebook.com\/sophygeneva\",\"https:\/\/x.com\/sophygeneva\",\"https:\/\/instagram.com\/sophygeneva\",\"https:\/\/pinterest.com\/sophygeneva\",\"https:\/\/www.youtube.com\/sophygeneva\",\"https:\/\/www.tiktok.com\/@sophygeneva\"],\"hasMerchantReturnPolicy\":{\"@type\":\"MerchantReturnPolicy\",\"merchantReturnLink\":\"https:\/\/www.sophy.ch\/fr\/returns-and-guarantee\/\"}}]}<\/script>\n<meta property=\"product:brand\" content=\"Marina C by Sophy Geneva\" \/>\n<meta property=\"product:price:amount\" content=\"272.00\" \/>\n<meta property=\"product:price:currency\" content=\"EUR\" \/>\n<meta property=\"og:availability\" content=\"instock\" \/>\n<meta property=\"product:availability\" content=\"instock\" \/>\n<meta property=\"product:retailer_item_id\" content=\"681985-FWP-1\" \/>\n<meta property=\"product:condition\" content=\"new\" \/>\n<!-- \/ Yoast SEO Premium plugin. -->","yoast_head_json":{"title":"Collier de perles d&#039;eau douce blanches 180cm 5-6mm - Meilleur prix chez Sophy Jewellery","description":"Meilleure collection de bijoux en perles de haute qualit\u00e9. Livraison gratuite et rapide. Artisanat suisse expert, qualit\u00e9 exceptionnelle, prix imbattables, superbe collection, beaux designs.","robots":{"index":"index","follow":"follow","max-snippet":"max-snippet:-1","max-image-preview":"max-image-preview:large","max-video-preview":"max-video-preview:-1"},"canonical":"https:\/\/www.sophy.ch\/fr\/item\/freshwater-white-pearl-necklace-180cm-5-6mm\/","og_locale":"fr_FR","og_type":"article","og_title":"Freshwater white Pearl Necklace 180cm 5-6mm - Sophie Jewelry Geneva | Online Store","og_description":"Best Price Be Wise | Sophy Geneva presents you its Iconic, Glamorous Fine jewelry & watches. Discover our fabulous collections, with a possibility to Virtually try on. Let's shine","og_url":"https:\/\/www.sophy.ch\/fr\/item\/freshwater-white-pearl-necklace-180cm-5-6mm\/","og_site_name":"Sophie Jewelry Geneva | Online Store","article_publisher":"https:\/\/facebook.com\/sophygeneva","article_modified_time":"2023-09-14T08:16:04+00:00","og_image":[{"width":600,"height":600,"url":"https:\/\/www.sophy.ch\/web\/wp-content\/uploads\/2021\/07\/Sophy-Geneva-681985-necklace-of-fresh-water-semiround-pearls-5-6mm-lenght-cm-180.jpg","type":"image\/jpeg"}],"twitter_card":"summary_large_image","twitter_site":"@sophygeneva","twitter_misc":{"Prix":"&euro;272 Excl. VAT","Disponibilit\u00e9":"En stock"},"schema":{"@context":"https:\/\/schema.org","@graph":[{"@type":["WebPage","ItemPage"],"@id":"https:\/\/www.sophy.ch\/item\/freshwater-white-pearl-necklace-180cm-5-6mm\/","url":"https:\/\/www.sophy.ch\/item\/freshwater-white-pearl-necklace-180cm-5-6mm\/","name":"Collier de perles d&#039;eau douce blanches 180cm 5-6mm - Meilleur prix chez Sophy Jewellery","isPartOf":{"@id":"https:\/\/www.sophy.ch\/#website"},"primaryImageOfPage":{"@id":"https:\/\/www.sophy.ch\/item\/freshwater-white-pearl-necklace-180cm-5-6mm\/#primaryimage"},"image":{"@id":"https:\/\/www.sophy.ch\/item\/freshwater-white-pearl-necklace-180cm-5-6mm\/#primaryimage"},"thumbnailUrl":"https:\/\/www.sophy.ch\/web\/wp-content\/uploads\/2021\/07\/Sophy-Geneva-681985-necklace-of-fresh-water-semiround-pearls-5-6mm-lenght-cm-180.jpg","datePublished":"2021-07-27T03:34:39+00:00","dateModified":"2023-09-14T08:16:04+00:00","description":"Meilleure collection de bijoux en perles de haute qualit\u00e9. Livraison gratuite et rapide. Artisanat suisse expert, qualit\u00e9 exceptionnelle, prix imbattables, superbe collection, beaux designs.","breadcrumb":{"@id":"https:\/\/www.sophy.ch\/item\/freshwater-white-pearl-necklace-180cm-5-6mm\/#breadcrumb"},"inLanguage":"fr-FR","potentialAction":[{"@type":"ReadAction","target":["https:\/\/www.sophy.ch\/item\/freshwater-white-pearl-necklace-180cm-5-6mm\/"]}]},{"@type":"ImageObject","inLanguage":"fr-FR","@id":"https:\/\/www.sophy.ch\/item\/freshwater-white-pearl-necklace-180cm-5-6mm\/#primaryimage","url":"https:\/\/www.sophy.ch\/web\/wp-content\/uploads\/2021\/07\/Sophy-Geneva-681985-necklace-of-fresh-water-semiround-pearls-5-6mm-lenght-cm-180.jpg","contentUrl":"https:\/\/www.sophy.ch\/web\/wp-content\/uploads\/2021\/07\/Sophy-Geneva-681985-necklace-of-fresh-water-semiround-pearls-5-6mm-lenght-cm-180.jpg","width":600,"height":600},{"@type":"BreadcrumbList","@id":"https:\/\/www.sophy.ch\/item\/freshwater-white-pearl-necklace-180cm-5-6mm\/#breadcrumb","itemListElement":[{"@type":"ListItem","position":1,"name":"Home","item":"https:\/\/www.sophy.ch\/"},{"@type":"ListItem","position":2,"name":"Shop","item":"https:\/\/www.sophy.ch\/shop\/"},{"@type":"ListItem","position":3,"name":"Women Jewelry","item":"https:\/\/www.sophy.ch\/products\/women-jewelry\/"},{"@type":"ListItem","position":4,"name":"Necklaces","item":"https:\/\/www.sophy.ch\/products\/women-jewelry\/necklaces\/"},{"@type":"ListItem","position":5,"name":"Freshwater white Pearl Necklace 180cm 5-6mm"}]},{"@type":"WebSite","@id":"https:\/\/www.sophy.ch\/#website","url":"https:\/\/www.sophy.ch\/","name":"Sophie Jewelry Geneva | Online Store","description":"Swiss Store for Gold, Diamonds &amp; Gems | Best Prices","publisher":{"@id":"https:\/\/www.sophy.ch\/#organization"},"alternateName":"Sophy Jewelry","potentialAction":[{"@type":"SearchAction","target":{"@type":"EntryPoint","urlTemplate":"https:\/\/www.sophy.ch\/?s={search_term_string}"},"query-input":{"@type":"PropertyValueSpecification","valueRequired":true,"valueName":"search_term_string"}}],"inLanguage":"fr-FR"},{"@type":"Organization","@id":"https:\/\/www.sophy.ch\/#organization","name":"Bijoux Sophy Gen\u00e8ve","alternateName":"Sophy Jewelry","url":"https:\/\/www.sophy.ch\/","logo":{"@type":"ImageObject","inLanguage":"fr-FR","@id":"https:\/\/www.sophy.ch\/#\/schema\/logo\/image\/","url":"https:\/\/www.sophy.ch\/web\/wp-content\/uploads\/2021\/06\/sophy-geneva-logo-small-400.png","contentUrl":"https:\/\/www.sophy.ch\/web\/wp-content\/uploads\/2021\/06\/sophy-geneva-logo-small-400.png","width":408,"height":408,"caption":"Sophy Geneva Jewellery"},"image":{"@id":"https:\/\/www.sophy.ch\/#\/schema\/logo\/image\/"},"sameAs":["https:\/\/facebook.com\/sophygeneva","https:\/\/x.com\/sophygeneva","https:\/\/instagram.com\/sophygeneva","https:\/\/pinterest.com\/sophygeneva","https:\/\/www.youtube.com\/sophygeneva","https:\/\/www.tiktok.com\/@sophygeneva"],"hasMerchantReturnPolicy":{"@type":"MerchantReturnPolicy","merchantReturnLink":"https:\/\/www.sophy.ch\/fr\/returns-and-guarantee\/"}}]},"product_brand":"Marina C by Sophy Geneva","product_price_amount":"272.00","product_price_currency":"EUR","og_availability":"instock","product_availability":"instock","product_retailer_item_id":"681985-FWP-1","product_condition":"new"},"_links":{"self":[{"href":"https:\/\/www.sophy.ch\/fr\/wp-json\/wp\/v2\/product\/6072","targetHints":{"allow":["GET"]}}],"collection":[{"href":"https:\/\/www.sophy.ch\/fr\/wp-json\/wp\/v2\/product"}],"about":[{"href":"https:\/\/www.sophy.ch\/fr\/wp-json\/wp\/v2\/types\/product"}],"version-history":[{"count":0,"href":"https:\/\/www.sophy.ch\/fr\/wp-json\/wp\/v2\/product\/6072\/revisions"}],"wp:featuredmedia":[{"embeddable":true,"href":"https:\/\/www.sophy.ch\/fr\/wp-json\/wp\/v2\/media\/6073"}],"wp:attachment":[{"href":"https:\/\/www.sophy.ch\/fr\/wp-json\/wp\/v2\/media?parent=6072"}],"wp:term":[{"taxonomy":"product_brand","embeddable":true,"href":"https:\/\/www.sophy.ch\/fr\/wp-json\/wp\/v2\/product_brand?post=6072"},{"taxonomy":"product_cat","embeddable":true,"href":"https:\/\/www.sophy.ch\/fr\/wp-json\/wp\/v2\/product_cat?post=6072"},{"taxonomy":"product_tag","embeddable":true,"href":"https:\/\/www.sophy.ch\/fr\/wp-json\/wp\/v2\/product_tag?post=6072"}],"curies":[{"name":"wp","href":"https:\/\/api.w.org\/{rel}","templated":true}]}}