{"id":5615,"date":"2021-07-20T10:25:01","date_gmt":"2021-07-20T08:25:01","guid":{"rendered":"https:\/\/www.sophy.ch\/?post_type=product&#038;p=5615"},"modified":"2023-08-27T23:00:10","modified_gmt":"2023-08-27T21:00:10","slug":"v-shape-trendy-diamond-ring-in-18k-yellow-gold","status":"publish","type":"product","link":"https:\/\/www.sophy.ch\/fr\/item\/v-shape-trendy-diamond-ring-in-18k-yellow-gold\/","title":{"rendered":"Bague diamant tendance en forme de V en or jaune 18 carats"},"content":{"rendered":"","protected":false},"excerpt":{"rendered":"<p>\nUn style \u00e0 couper le souffle qui brille avec une touche moderne et non conventionnelle, ce sertissage en forme de V en or jaune 18 carats brillera lorsqu&#039;il est associ\u00e9 au diamant central de votre choix. L&#039;encoche en forme de V dans le groupe \u00e9pouse la base du sertissage \u00e0 griffes, orn\u00e9 de 39 diamants.<br \/>\nil va avec tout ce avec quoi vous l&#039;associez. Que ce soit votre t-shirt blanc uni ou votre robe longue \u00e0 volants, allez en solo avec cette bague \u00e0 votre doigt ou lancez quelques bagues suppl\u00e9mentaires. Les jolies bagues ne manquent pas pour vous.<br \/>\nUne alliance classique avec une touche : l&#039;alliance en forme de V est la forme parfaite pour accueillir des bagues de fian\u00e7ailles avec des montures inf\u00e9rieures et des pierres centrales de forme plus inhabituelle tout en restant compl\u00e8tement propre, en termes de style.<\/p>\n<link rel=\"stylesheet\" id=\"elementor-post-4866-css\" href=\"https:\/\/www.sophy.ch\/web\/wp-content\/uploads\/elementor\/css\/post-4866.css?ver=1778034793\" type=\"text\/css\" media=\"all\">\n<div data-elementor-type=\"wp-post\" data-elementor-id=\"4866\" class=\"elementor elementor-4866\" data-elementor-post-type=\"cms_block\">\n<section class=\"elementor-section elementor-top-section elementor-element elementor-element-7353354 elementor-section-content-middle elementor-section-full_width elementor-hidden-phone elementor-section-height-default elementor-section-height-default\" data-id=\"7353354\" data-element_type=\"section\" data-e-type=\"section\" data-settings=\"{&quot;background_background&quot;:&quot;classic&quot;}\">\n<div class=\"elementor-container elementor-column-gap-no\">\n<div class=\"elementor-column elementor-col-25 elementor-top-column elementor-element elementor-element-b7cb3a2\" data-id=\"b7cb3a2\" data-element_type=\"column\" data-e-type=\"column\">\n<div class=\"elementor-widget-wrap\">\n\t\t\t\t\t\t\t<\/div>\n<\/p><\/div>\n<div class=\"elementor-column elementor-col-25 elementor-top-column elementor-element elementor-element-bf203cd\" data-id=\"bf203cd\" data-element_type=\"column\" data-e-type=\"column\">\n<div class=\"elementor-widget-wrap elementor-element-populated\">\n\t\t\t\t\t\t\t<link rel=\"stylesheet\" id=\"wd-mod-animations-transform-base-css\" href=\"https:\/\/www.sophy.ch\/web\/wp-content\/themes\/woodmart\/css\/parts\/mod-animations-transform-base.min.css?ver=8.4.1\" type=\"text\/css\" media=\"all\" \/>\n<div class=\"elementor-element elementor-element-2494b51 wd-animation-slide-from-left elementor-widget__width-initial wd-animation-normal wd_delay_100 wd-animation wd-transform elementor-widget elementor-widget-image\" data-id=\"2494b51\" data-element_type=\"widget\" data-e-type=\"widget\" data-widget_type=\"image.default\">\n<div class=\"elementor-widget-container\">\n\t\t\t\t\t\t\t\t\t\t\t\t\t\t\t<img decoding=\"async\" width=\"128\" height=\"128\" src=\"https:\/\/www.sophy.ch\/web\/wp-content\/uploads\/2021\/07\/free-delivery.png\" class=\"attachment-large size-large wp-image-4932\" alt=\"\" srcset=\"https:\/\/www.sophy.ch\/web\/wp-content\/uploads\/2021\/07\/free-delivery.png 128w, https:\/\/www.sophy.ch\/web\/wp-content\/uploads\/2021\/07\/free-delivery-12x12.png 12w\" sizes=\"(max-width: 128px) 100vw, 128px\" \/>\t\t\t\t\t\t\t\t\t\t\t\t\t\t\t<\/div>\n<\/p><\/div>\n<\/p><\/div>\n<\/p><\/div>\n<div class=\"elementor-column elementor-col-25 elementor-top-column elementor-element elementor-element-73f033d\" data-id=\"73f033d\" data-element_type=\"column\" data-e-type=\"column\">\n<div class=\"elementor-widget-wrap\">\n\t\t\t\t\t\t\t<\/div>\n<\/p><\/div>\n<div class=\"elementor-column elementor-col-25 elementor-top-column elementor-element elementor-element-e936c56\" data-id=\"e936c56\" data-element_type=\"column\" data-e-type=\"column\">\n<div class=\"elementor-widget-wrap elementor-element-populated\">\n<div class=\"elementor-element elementor-element-e92426f color-scheme-inherit text-left elementor-widget elementor-widget-text-editor\" data-id=\"e92426f\" data-element_type=\"widget\" data-e-type=\"widget\" data-widget_type=\"text-editor.default\">\n<div class=\"elementor-widget-container\">\n<p><strong>De Livraison Estim\u00e9:<\/strong> Ce produit doit \u00eatre exp\u00e9di\u00e9 \u00e0 l&#039;int\u00e9rieur de <strong>4<\/strong> &amp; <strong>6<\/strong> semaines<\/p>\n<\/p><\/div>\n<\/p><\/div>\n<\/p><\/div>\n<\/p><\/div>\n<\/p><\/div>\n<\/section>\n<section class=\"elementor-section elementor-top-section elementor-element elementor-element-98ed7a7 elementor-section-content-middle elementor-section-full_width elementor-hidden-desktop elementor-hidden-tablet elementor-section-height-default elementor-section-height-default\" data-id=\"98ed7a7\" data-element_type=\"section\" data-e-type=\"section\" data-settings=\"{&quot;background_background&quot;:&quot;classic&quot;}\">\n<div class=\"elementor-container elementor-column-gap-no\">\n<div class=\"elementor-column elementor-col-100 elementor-top-column elementor-element elementor-element-f7d16b2\" data-id=\"f7d16b2\" data-element_type=\"column\" data-e-type=\"column\">\n<div class=\"elementor-widget-wrap elementor-element-populated\">\n<div class=\"elementor-element elementor-element-adef7e3 color-scheme-inherit text-left elementor-widget elementor-widget-text-editor\" data-id=\"adef7e3\" data-element_type=\"widget\" data-e-type=\"widget\" data-widget_type=\"text-editor.default\">\n<div class=\"elementor-widget-container\">\n<p><b>D&#039;Exp\u00e9dition Estim\u00e9e:<\/b> Entre <span style=\"font-family: Lora, Arial, Helvetica, sans-serif; font-size: 14px; font-style: normal; font-variant-ligatures: normal; font-variant-caps: normal; font-weight: 400;\"><strong>4<\/strong> et <strong>6<\/strong> semaines<\/span><\/p>\n<\/p><\/div>\n<\/p><\/div>\n<\/p><\/div>\n<\/p><\/div>\n<\/p><\/div>\n<\/section><\/div><\/p>","protected":false},"featured_media":5629,"template":"","meta":[],"product_brand":[],"product_cat":[1964,297],"product_tag":[48,52,386],"class_list":{"0":"post-5615","1":"product","2":"type-product","3":"status-publish","4":"has-post-thumbnail","6":"product_cat-diamond-ring","7":"product_cat-rings","8":"product_tag-18k-gold-jewellery","9":"product_tag-diamond-jewellery","10":"product_tag-white-diamond","11":"pa_color-yellow-gold","12":"pa_estimated-time-of-dispatch-4-to-5-weeks","13":"pa_jewellery-art-ring","14":"pa_jewellery-material-gold-18k-750","15":"pa_made-for-ladies","16":"pa_product-brand-fine-jewellery-by-sophy-geneva","17":"pa_product-gemstone-diamond","18":"pa_product-ring-size-50-o-159mm","19":"pa_product-ring-size-52-o-165mm","20":"pa_product-ring-size-377","21":"pa_product-ring-size-378","22":"pa_product-ring-size-379","23":"pa_product-ring-size-380","25":"first","26":"instock","27":"taxable","28":"shipping-taxable","29":"purchasable","30":"product-type-variable"},"yoast_head":"<!-- This site is optimized with the Yoast SEO Premium plugin v26.9 (Yoast SEO v27.1.1) - https:\/\/yoast.com\/product\/yoast-seo-premium-wordpress\/ -->\n<title>V shape Trendy Diamond Ring in 18k yellow gold - Best Price at Sophy Jewellery<\/title>\n<meta name=\"description\" content=\"Update any outfit with this super trendy diamond Ring V Shape Ring design of 18k Yellow gold with as a solo or companied with your engagement ring, Forever stylish.\" \/>\n<meta name=\"robots\" content=\"index, follow, max-snippet:-1, max-image-preview:large, max-video-preview:-1\" \/>\n<link rel=\"canonical\" href=\"https:\/\/www.sophy.ch\/fr\/item\/v-shape-trendy-diamond-ring-in-18k-yellow-gold\/\" \/>\n<meta property=\"og:locale\" content=\"fr_FR\" \/>\n<meta property=\"og:type\" content=\"article\" \/>\n<meta property=\"og:title\" content=\"V shape Trendy Diamond Ring in 18k yellow gold - Sophie Jewelry Geneva | Online Store\" \/>\n<meta property=\"og:description\" content=\"Best Price Be Wise | Sophy Geneva presents you its Iconic, Glamorous Fine jewelry &amp; watches. Discover our fabulous collections, with a possibility to Virtually try on. Let&#039;s shine\" \/>\n<meta property=\"og:url\" content=\"https:\/\/www.sophy.ch\/fr\/item\/v-shape-trendy-diamond-ring-in-18k-yellow-gold\/\" \/>\n<meta property=\"og:site_name\" content=\"Sophie Jewelry Geneva | Online Store\" \/>\n<meta property=\"article:publisher\" content=\"https:\/\/facebook.com\/sophygeneva\" \/>\n<meta property=\"article:modified_time\" content=\"2023-08-27T21:00:10+00:00\" \/>\n<meta property=\"og:image\" content=\"https:\/\/www.sophy.ch\/web\/wp-content\/uploads\/2021\/07\/WP-R-122607-yellow-gold18k.jpg\" \/>\n\t<meta property=\"og:image:width\" content=\"570\" \/>\n\t<meta property=\"og:image:height\" content=\"570\" \/>\n\t<meta property=\"og:image:type\" content=\"image\/jpeg\" \/>\n<meta name=\"twitter:card\" content=\"summary_large_image\" \/>\n<meta name=\"twitter:site\" content=\"@sophygeneva\" \/>\n<meta name=\"twitter:label1\" content=\"Disponibilit\u00e9\" \/>\n\t<meta name=\"twitter:data1\" content=\"En stock\" \/>\n<script type=\"application\/ld+json\" class=\"yoast-schema-graph\">{\"@context\":\"https:\/\/schema.org\",\"@graph\":[{\"@type\":[\"WebPage\",\"ItemPage\"],\"@id\":\"https:\/\/www.sophy.ch\/item\/v-shape-trendy-diamond-ring-in-18k-yellow-gold\/\",\"url\":\"https:\/\/www.sophy.ch\/item\/v-shape-trendy-diamond-ring-in-18k-yellow-gold\/\",\"name\":\"V shape Trendy Diamond Ring in 18k yellow gold - Best Price at Sophy Jewellery\",\"isPartOf\":{\"@id\":\"https:\/\/www.sophy.ch\/#website\"},\"primaryImageOfPage\":{\"@id\":\"https:\/\/www.sophy.ch\/item\/v-shape-trendy-diamond-ring-in-18k-yellow-gold\/#primaryimage\"},\"image\":{\"@id\":\"https:\/\/www.sophy.ch\/item\/v-shape-trendy-diamond-ring-in-18k-yellow-gold\/#primaryimage\"},\"thumbnailUrl\":\"https:\/\/www.sophy.ch\/web\/wp-content\/uploads\/2021\/07\/WP-R-122607-yellow-gold18k.jpg\",\"datePublished\":\"2021-07-20T08:25:01+00:00\",\"dateModified\":\"2023-08-27T21:00:10+00:00\",\"description\":\"Update any outfit with this super trendy diamond Ring V Shape Ring design of 18k Yellow gold with as a solo or companied with your engagement ring, Forever stylish.\",\"breadcrumb\":{\"@id\":\"https:\/\/www.sophy.ch\/item\/v-shape-trendy-diamond-ring-in-18k-yellow-gold\/#breadcrumb\"},\"inLanguage\":\"fr-FR\",\"potentialAction\":[{\"@type\":\"ReadAction\",\"target\":[\"https:\/\/www.sophy.ch\/item\/v-shape-trendy-diamond-ring-in-18k-yellow-gold\/\"]}]},{\"@type\":\"ImageObject\",\"inLanguage\":\"fr-FR\",\"@id\":\"https:\/\/www.sophy.ch\/item\/v-shape-trendy-diamond-ring-in-18k-yellow-gold\/#primaryimage\",\"url\":\"https:\/\/www.sophy.ch\/web\/wp-content\/uploads\/2021\/07\/WP-R-122607-yellow-gold18k.jpg\",\"contentUrl\":\"https:\/\/www.sophy.ch\/web\/wp-content\/uploads\/2021\/07\/WP-R-122607-yellow-gold18k.jpg\",\"width\":570,\"height\":570},{\"@type\":\"BreadcrumbList\",\"@id\":\"https:\/\/www.sophy.ch\/item\/v-shape-trendy-diamond-ring-in-18k-yellow-gold\/#breadcrumb\",\"itemListElement\":[{\"@type\":\"ListItem\",\"position\":1,\"name\":\"Home\",\"item\":\"https:\/\/www.sophy.ch\/\"},{\"@type\":\"ListItem\",\"position\":2,\"name\":\"Shop\",\"item\":\"https:\/\/www.sophy.ch\/shop\/\"},{\"@type\":\"ListItem\",\"position\":3,\"name\":\"Women Jewelry\",\"item\":\"https:\/\/www.sophy.ch\/products\/women-jewelry\/\"},{\"@type\":\"ListItem\",\"position\":4,\"name\":\"Rings\",\"item\":\"https:\/\/www.sophy.ch\/products\/women-jewelry\/rings\/\"},{\"@type\":\"ListItem\",\"position\":5,\"name\":\"V shape Trendy Diamond Ring in 18k yellow gold\"}]},{\"@type\":\"WebSite\",\"@id\":\"https:\/\/www.sophy.ch\/#website\",\"url\":\"https:\/\/www.sophy.ch\/\",\"name\":\"Sophie Jewelry Geneva | Online Store\",\"description\":\"Swiss Store for Gold, Diamonds &amp; Gems | Best Prices\",\"publisher\":{\"@id\":\"https:\/\/www.sophy.ch\/#organization\"},\"alternateName\":\"Sophy Jewelry\",\"potentialAction\":[{\"@type\":\"SearchAction\",\"target\":{\"@type\":\"EntryPoint\",\"urlTemplate\":\"https:\/\/www.sophy.ch\/?s={search_term_string}\"},\"query-input\":{\"@type\":\"PropertyValueSpecification\",\"valueRequired\":true,\"valueName\":\"search_term_string\"}}],\"inLanguage\":\"fr-FR\"},{\"@type\":\"Organization\",\"@id\":\"https:\/\/www.sophy.ch\/#organization\",\"name\":\"Sophy Geneva Jewellery\",\"alternateName\":\"Sophy Jewelry\",\"url\":\"https:\/\/www.sophy.ch\/\",\"logo\":{\"@type\":\"ImageObject\",\"inLanguage\":\"fr-FR\",\"@id\":\"https:\/\/www.sophy.ch\/#\/schema\/logo\/image\/\",\"url\":\"https:\/\/www.sophy.ch\/web\/wp-content\/uploads\/2021\/06\/sophy-geneva-logo-small-400.png\",\"contentUrl\":\"https:\/\/www.sophy.ch\/web\/wp-content\/uploads\/2021\/06\/sophy-geneva-logo-small-400.png\",\"width\":408,\"height\":408,\"caption\":\"Sophy Geneva Jewellery\"},\"image\":{\"@id\":\"https:\/\/www.sophy.ch\/#\/schema\/logo\/image\/\"},\"sameAs\":[\"https:\/\/facebook.com\/sophygeneva\",\"https:\/\/x.com\/sophygeneva\",\"https:\/\/instagram.com\/sophygeneva\",\"https:\/\/pinterest.com\/sophygeneva\",\"https:\/\/www.youtube.com\/sophygeneva\",\"https:\/\/www.tiktok.com\/@sophygeneva\"],\"hasMerchantReturnPolicy\":{\"@type\":\"MerchantReturnPolicy\",\"merchantReturnLink\":\"https:\/\/www.sophy.ch\/fr\/returns-and-guarantee\/\"}}]}<\/script>\n<meta property=\"product:brand\" content=\"Fine Jewellery by Sophy Geneva\" \/>\n<meta property=\"og:availability\" content=\"instock\" \/>\n<meta property=\"product:availability\" content=\"instock\" \/>\n<meta property=\"product:retailer_item_id\" content=\"WPR.122607.18KY\" \/>\n<meta property=\"product:condition\" content=\"new\" \/>\n<!-- \/ Yoast SEO Premium plugin. -->","yoast_head_json":{"title":"Bague Tendance Diamant en Or Jaune 18 carats en Forme de V - Meilleur Prix chez Sophy Jewellery","description":"Mettez \u00e0 jour n&#039;importe quelle tenue avec cette bague en diamant super tendance en forme de V en or jaune 18 carats, en solo ou accompagn\u00e9e de votre bague de fian\u00e7ailles, pour toujours avec style.","robots":{"index":"index","follow":"follow","max-snippet":"max-snippet:-1","max-image-preview":"max-image-preview:large","max-video-preview":"max-video-preview:-1"},"canonical":"https:\/\/www.sophy.ch\/fr\/item\/v-shape-trendy-diamond-ring-in-18k-yellow-gold\/","og_locale":"fr_FR","og_type":"article","og_title":"V shape Trendy Diamond Ring in 18k yellow gold - Sophie Jewelry Geneva | Online Store","og_description":"Best Price Be Wise | Sophy Geneva presents you its Iconic, Glamorous Fine jewelry & watches. Discover our fabulous collections, with a possibility to Virtually try on. Let's shine","og_url":"https:\/\/www.sophy.ch\/fr\/item\/v-shape-trendy-diamond-ring-in-18k-yellow-gold\/","og_site_name":"Sophie Jewelry Geneva | Online Store","article_publisher":"https:\/\/facebook.com\/sophygeneva","article_modified_time":"2023-08-27T21:00:10+00:00","og_image":[{"width":570,"height":570,"url":"https:\/\/www.sophy.ch\/web\/wp-content\/uploads\/2021\/07\/WP-R-122607-yellow-gold18k.jpg","type":"image\/jpeg"}],"twitter_card":"summary_large_image","twitter_site":"@sophygeneva","twitter_misc":{"Disponibilit\u00e9":"En stock"},"schema":{"@context":"https:\/\/schema.org","@graph":[{"@type":["WebPage","ItemPage"],"@id":"https:\/\/www.sophy.ch\/item\/v-shape-trendy-diamond-ring-in-18k-yellow-gold\/","url":"https:\/\/www.sophy.ch\/item\/v-shape-trendy-diamond-ring-in-18k-yellow-gold\/","name":"Bague Tendance Diamant en Or Jaune 18 carats en Forme de V - Meilleur Prix chez Sophy Jewellery","isPartOf":{"@id":"https:\/\/www.sophy.ch\/#website"},"primaryImageOfPage":{"@id":"https:\/\/www.sophy.ch\/item\/v-shape-trendy-diamond-ring-in-18k-yellow-gold\/#primaryimage"},"image":{"@id":"https:\/\/www.sophy.ch\/item\/v-shape-trendy-diamond-ring-in-18k-yellow-gold\/#primaryimage"},"thumbnailUrl":"https:\/\/www.sophy.ch\/web\/wp-content\/uploads\/2021\/07\/WP-R-122607-yellow-gold18k.jpg","datePublished":"2021-07-20T08:25:01+00:00","dateModified":"2023-08-27T21:00:10+00:00","description":"Mettez \u00e0 jour n&#039;importe quelle tenue avec cette bague en diamant super tendance en forme de V en or jaune 18 carats, en solo ou accompagn\u00e9e de votre bague de fian\u00e7ailles, pour toujours avec style.","breadcrumb":{"@id":"https:\/\/www.sophy.ch\/item\/v-shape-trendy-diamond-ring-in-18k-yellow-gold\/#breadcrumb"},"inLanguage":"fr-FR","potentialAction":[{"@type":"ReadAction","target":["https:\/\/www.sophy.ch\/item\/v-shape-trendy-diamond-ring-in-18k-yellow-gold\/"]}]},{"@type":"ImageObject","inLanguage":"fr-FR","@id":"https:\/\/www.sophy.ch\/item\/v-shape-trendy-diamond-ring-in-18k-yellow-gold\/#primaryimage","url":"https:\/\/www.sophy.ch\/web\/wp-content\/uploads\/2021\/07\/WP-R-122607-yellow-gold18k.jpg","contentUrl":"https:\/\/www.sophy.ch\/web\/wp-content\/uploads\/2021\/07\/WP-R-122607-yellow-gold18k.jpg","width":570,"height":570},{"@type":"BreadcrumbList","@id":"https:\/\/www.sophy.ch\/item\/v-shape-trendy-diamond-ring-in-18k-yellow-gold\/#breadcrumb","itemListElement":[{"@type":"ListItem","position":1,"name":"Home","item":"https:\/\/www.sophy.ch\/"},{"@type":"ListItem","position":2,"name":"Shop","item":"https:\/\/www.sophy.ch\/shop\/"},{"@type":"ListItem","position":3,"name":"Women Jewelry","item":"https:\/\/www.sophy.ch\/products\/women-jewelry\/"},{"@type":"ListItem","position":4,"name":"Rings","item":"https:\/\/www.sophy.ch\/products\/women-jewelry\/rings\/"},{"@type":"ListItem","position":5,"name":"V shape Trendy Diamond Ring in 18k yellow gold"}]},{"@type":"WebSite","@id":"https:\/\/www.sophy.ch\/#website","url":"https:\/\/www.sophy.ch\/","name":"Sophie Jewelry Geneva | Online Store","description":"Swiss Store for Gold, Diamonds &amp; Gems | Best Prices","publisher":{"@id":"https:\/\/www.sophy.ch\/#organization"},"alternateName":"Sophy Jewelry","potentialAction":[{"@type":"SearchAction","target":{"@type":"EntryPoint","urlTemplate":"https:\/\/www.sophy.ch\/?s={search_term_string}"},"query-input":{"@type":"PropertyValueSpecification","valueRequired":true,"valueName":"search_term_string"}}],"inLanguage":"fr-FR"},{"@type":"Organization","@id":"https:\/\/www.sophy.ch\/#organization","name":"Bijoux Sophy Gen\u00e8ve","alternateName":"Sophy Jewelry","url":"https:\/\/www.sophy.ch\/","logo":{"@type":"ImageObject","inLanguage":"fr-FR","@id":"https:\/\/www.sophy.ch\/#\/schema\/logo\/image\/","url":"https:\/\/www.sophy.ch\/web\/wp-content\/uploads\/2021\/06\/sophy-geneva-logo-small-400.png","contentUrl":"https:\/\/www.sophy.ch\/web\/wp-content\/uploads\/2021\/06\/sophy-geneva-logo-small-400.png","width":408,"height":408,"caption":"Sophy Geneva Jewellery"},"image":{"@id":"https:\/\/www.sophy.ch\/#\/schema\/logo\/image\/"},"sameAs":["https:\/\/facebook.com\/sophygeneva","https:\/\/x.com\/sophygeneva","https:\/\/instagram.com\/sophygeneva","https:\/\/pinterest.com\/sophygeneva","https:\/\/www.youtube.com\/sophygeneva","https:\/\/www.tiktok.com\/@sophygeneva"],"hasMerchantReturnPolicy":{"@type":"MerchantReturnPolicy","merchantReturnLink":"https:\/\/www.sophy.ch\/fr\/returns-and-guarantee\/"}}]},"product_brand":"Fine Jewellery by Sophy Geneva","og_availability":"instock","product_availability":"instock","product_retailer_item_id":"WPR.122607.18KY","product_condition":"new"},"_links":{"self":[{"href":"https:\/\/www.sophy.ch\/fr\/wp-json\/wp\/v2\/product\/5615","targetHints":{"allow":["GET"]}}],"collection":[{"href":"https:\/\/www.sophy.ch\/fr\/wp-json\/wp\/v2\/product"}],"about":[{"href":"https:\/\/www.sophy.ch\/fr\/wp-json\/wp\/v2\/types\/product"}],"version-history":[{"count":0,"href":"https:\/\/www.sophy.ch\/fr\/wp-json\/wp\/v2\/product\/5615\/revisions"}],"wp:featuredmedia":[{"embeddable":true,"href":"https:\/\/www.sophy.ch\/fr\/wp-json\/wp\/v2\/media\/5629"}],"wp:attachment":[{"href":"https:\/\/www.sophy.ch\/fr\/wp-json\/wp\/v2\/media?parent=5615"}],"wp:term":[{"taxonomy":"product_brand","embeddable":true,"href":"https:\/\/www.sophy.ch\/fr\/wp-json\/wp\/v2\/product_brand?post=5615"},{"taxonomy":"product_cat","embeddable":true,"href":"https:\/\/www.sophy.ch\/fr\/wp-json\/wp\/v2\/product_cat?post=5615"},{"taxonomy":"product_tag","embeddable":true,"href":"https:\/\/www.sophy.ch\/fr\/wp-json\/wp\/v2\/product_tag?post=5615"}],"curies":[{"name":"wp","href":"https:\/\/api.w.org\/{rel}","templated":true}]}}