{"id":5084,"date":"2021-07-16T03:20:28","date_gmt":"2021-07-16T01:20:28","guid":{"rendered":"https:\/\/www.sophy.ch\/?post_type=product&#038;p=5084"},"modified":"2022-11-26T11:12:31","modified_gmt":"2022-11-26T10:12:31","slug":"aaa-quality-south-sea-golden-pearl-necklace-8-5-10-mm","status":"publish","type":"product","link":"https:\/\/www.sophy.ch\/fr\/item\/aaa-quality-south-sea-golden-pearl-necklace-8-5-10-mm\/","title":{"rendered":"Collier de perles dor\u00e9es des mers du Sud de qualit\u00e9 AAA 8.5-10 mm"},"content":{"rendered":"","protected":false},"excerpt":{"rendered":"<p style=\"text-align: justify;\">Les perles peuvent ajouter une touche d&#039;\u00e9l\u00e9gance \u00e0 n&#039;importe quelle tenue. Les perles naturelles sont aussi uniques que vous ! Ce magnifique collier de perles dor\u00e9es dans les plus belles perles dor\u00e9es des mers du Sud est parfait et \u00e9l\u00e9gant pour vos \u00e9v\u00e9nements sp\u00e9ciaux, un ajout essentiel \u00e0 toute collection de bijoux. Tous nos bijoux en perles sont fabriqu\u00e9s \u00e0 la main sur commande et chaque perle est nou\u00e9e \u00e0 la main de mani\u00e8re professionnelle et individuelle sur du fil de soie en Suisse pour la plus haute qualit\u00e9 jamais repr\u00e9sent\u00e9e.<br \/>\n<span style=\"color: #2c76ba; font-size: 14pt;\">100% Fabriqu\u00e9 en Suisse : <\/span><span style=\"font-size: 12pt;\">Ces beaux colliers brillants en <\/span><a style=\"font-size: 12pt;\" href=\"https:\/\/www.sophy.ch\/academy\/pearls-education\/\">perles d&#039;eau douce<\/a><span style=\"font-size: 12pt;\"> proviennent d&#039;un atelier de joaillerie Sophy Gen\u00e8ve \u00e0 Lausanne. Les perles ont un diam\u00e8tre de 8,5 \u00e0 9 cm, les fermoirs en Or Fin Jaune ou Blanc 18 carats se pr\u00e9sentent sous la forme d&#039;un solide, brillant, dont l&#039;un peut s&#039;ouvrir. Le bracelet peut \u00e9galement \u00eatre utilis\u00e9 pour \u00e9tendre la longueur du collier de perles \u00e0 pr\u00e8s de 55 cm afin qu&#039;il puisse \u00eatre port\u00e9 hors du cou, comme une extension lorsqu&#039;une longueur suppl\u00e9mentaire est n\u00e9cessaire.<\/span><\/p>","protected":false},"featured_media":5088,"template":"","meta":[],"product_brand":[],"product_cat":[1961,348],"product_tag":[48],"class_list":{"0":"post-5084","1":"product","2":"type-product","3":"status-publish","4":"has-post-thumbnail","6":"product_cat-collier","7":"product_cat-pearl-collection","8":"product_tag-18k-gold-jewellery","9":"pa_color-silver","10":"pa_color-yellow-gold","11":"pa_estimated-time-of-dispatch-2-3-days","12":"pa_product-brand-marina-c-by-sophy-geneva","13":"pa_product-gemstone-pearl","14":"pa_product-pearl-kind-south-sea","15":"pa_product-pearl-shape-near-round","17":"first","18":"instock","19":"taxable","20":"shipping-taxable","21":"purchasable","22":"product-type-simple"},"yoast_head":"<!-- This site is optimized with the Yoast SEO Premium plugin v26.9 (Yoast SEO v27.1.1) - https:\/\/yoast.com\/product\/yoast-seo-premium-wordpress\/ -->\n<title>AAA Quality South Sea Golden Pearl Necklace 8.5-10 mm - Best Price at Sophy Jewellery<\/title>\n<meta name=\"description\" content=\"Finest Collection of High-Quality Pearl Jewelry. Free &amp; Fast Delivery. Expert Swiss Craftsmanship, Exceptional Quality, Unbeatable Prices, Stunning Collection, Beautiful Designs.\" \/>\n<meta name=\"robots\" content=\"index, follow, max-snippet:-1, max-image-preview:large, max-video-preview:-1\" \/>\n<link rel=\"canonical\" href=\"https:\/\/www.sophy.ch\/fr\/item\/aaa-quality-south-sea-golden-pearl-necklace-8-5-10-mm\/\" \/>\n<meta property=\"og:locale\" content=\"fr_FR\" \/>\n<meta property=\"og:type\" content=\"article\" \/>\n<meta property=\"og:title\" content=\"AAA Quality South Sea Golden Pearl Necklace 8.5-10 mm - Sophie Jewelry Geneva | Online Store\" \/>\n<meta property=\"og:description\" content=\"Best Price Be Wise | Sophy Geneva presents you its Iconic, Glamorous Fine jewelry &amp; watches. Discover our fabulous collections, with a possibility to Virtually try on. Let&#039;s shine\" \/>\n<meta property=\"og:url\" content=\"https:\/\/www.sophy.ch\/fr\/item\/aaa-quality-south-sea-golden-pearl-necklace-8-5-10-mm\/\" \/>\n<meta property=\"og:site_name\" content=\"Sophie Jewelry Geneva | Online Store\" \/>\n<meta property=\"article:publisher\" content=\"https:\/\/facebook.com\/sophygeneva\" \/>\n<meta property=\"article:modified_time\" content=\"2022-11-26T10:12:31+00:00\" \/>\n<meta property=\"og:image\" content=\"https:\/\/www.sophy.ch\/web\/wp-content\/uploads\/2021\/07\/8.0-10.0-mm-AAA-Golden-South-See-round-pearls-Necklace-by-Sophy-Geneva-Yellow-Gold-18K.jpg\" \/>\n\t<meta property=\"og:image:width\" content=\"623\" \/>\n\t<meta property=\"og:image:height\" content=\"800\" \/>\n\t<meta property=\"og:image:type\" content=\"image\/jpeg\" \/>\n<meta name=\"twitter:card\" content=\"summary_large_image\" \/>\n<meta name=\"twitter:site\" content=\"@sophygeneva\" \/>\n<meta name=\"twitter:label1\" content=\"Prix\" \/>\n\t<meta name=\"twitter:data1\" content=\"&#067;&#072;&#070;&nbsp;5,340 Excl. VAT\" \/>\n\t<meta name=\"twitter:label2\" content=\"Disponibilit\u00e9\" \/>\n\t<meta name=\"twitter:data2\" content=\"En stock\" \/>\n<script type=\"application\/ld+json\" class=\"yoast-schema-graph\">{\"@context\":\"https:\/\/schema.org\",\"@graph\":[{\"@type\":[\"WebPage\",\"ItemPage\"],\"@id\":\"https:\/\/www.sophy.ch\/item\/aaa-quality-south-sea-golden-pearl-necklace-8-5-10-mm\/\",\"url\":\"https:\/\/www.sophy.ch\/item\/aaa-quality-south-sea-golden-pearl-necklace-8-5-10-mm\/\",\"name\":\"AAA Quality South Sea Golden Pearl Necklace 8.5-10 mm - Best Price at Sophy Jewellery\",\"isPartOf\":{\"@id\":\"https:\/\/www.sophy.ch\/#website\"},\"primaryImageOfPage\":{\"@id\":\"https:\/\/www.sophy.ch\/item\/aaa-quality-south-sea-golden-pearl-necklace-8-5-10-mm\/#primaryimage\"},\"image\":{\"@id\":\"https:\/\/www.sophy.ch\/item\/aaa-quality-south-sea-golden-pearl-necklace-8-5-10-mm\/#primaryimage\"},\"thumbnailUrl\":\"https:\/\/www.sophy.ch\/web\/wp-content\/uploads\/2021\/07\/8.0-10.0-mm-AAA-Golden-South-See-round-pearls-Necklace-by-Sophy-Geneva-Yellow-Gold-18K.jpg\",\"datePublished\":\"2021-07-16T01:20:28+00:00\",\"dateModified\":\"2022-11-26T10:12:31+00:00\",\"description\":\"Finest Collection of High-Quality Pearl Jewelry. Free & Fast Delivery. Expert Swiss Craftsmanship, Exceptional Quality, Unbeatable Prices, Stunning Collection, Beautiful Designs.\",\"breadcrumb\":{\"@id\":\"https:\/\/www.sophy.ch\/item\/aaa-quality-south-sea-golden-pearl-necklace-8-5-10-mm\/#breadcrumb\"},\"inLanguage\":\"fr-FR\",\"potentialAction\":[{\"@type\":\"ReadAction\",\"target\":[\"https:\/\/www.sophy.ch\/item\/aaa-quality-south-sea-golden-pearl-necklace-8-5-10-mm\/\"]}]},{\"@type\":\"ImageObject\",\"inLanguage\":\"fr-FR\",\"@id\":\"https:\/\/www.sophy.ch\/item\/aaa-quality-south-sea-golden-pearl-necklace-8-5-10-mm\/#primaryimage\",\"url\":\"https:\/\/www.sophy.ch\/web\/wp-content\/uploads\/2021\/07\/8.0-10.0-mm-AAA-Golden-South-See-round-pearls-Necklace-by-Sophy-Geneva-Yellow-Gold-18K.jpg\",\"contentUrl\":\"https:\/\/www.sophy.ch\/web\/wp-content\/uploads\/2021\/07\/8.0-10.0-mm-AAA-Golden-South-See-round-pearls-Necklace-by-Sophy-Geneva-Yellow-Gold-18K.jpg\",\"width\":623,\"height\":800},{\"@type\":\"BreadcrumbList\",\"@id\":\"https:\/\/www.sophy.ch\/item\/aaa-quality-south-sea-golden-pearl-necklace-8-5-10-mm\/#breadcrumb\",\"itemListElement\":[{\"@type\":\"ListItem\",\"position\":1,\"name\":\"Home\",\"item\":\"https:\/\/www.sophy.ch\/\"},{\"@type\":\"ListItem\",\"position\":2,\"name\":\"Shop\",\"item\":\"https:\/\/www.sophy.ch\/shop\/\"},{\"@type\":\"ListItem\",\"position\":3,\"name\":\"Women Jewelry\",\"item\":\"https:\/\/www.sophy.ch\/products\/women-jewelry\/\"},{\"@type\":\"ListItem\",\"position\":4,\"name\":\"Sets\",\"item\":\"https:\/\/www.sophy.ch\/products\/women-jewelry\/sets\/\"},{\"@type\":\"ListItem\",\"position\":5,\"name\":\"AAA Quality South Sea Golden Pearl Necklace 8.5-10 mm\"}]},{\"@type\":\"WebSite\",\"@id\":\"https:\/\/www.sophy.ch\/#website\",\"url\":\"https:\/\/www.sophy.ch\/\",\"name\":\"Sophie Jewelry Geneva | Online Store\",\"description\":\"Swiss Store for Gold, Diamonds &amp; Gems | Best Prices\",\"publisher\":{\"@id\":\"https:\/\/www.sophy.ch\/#organization\"},\"alternateName\":\"Sophy Jewelry\",\"potentialAction\":[{\"@type\":\"SearchAction\",\"target\":{\"@type\":\"EntryPoint\",\"urlTemplate\":\"https:\/\/www.sophy.ch\/?s={search_term_string}\"},\"query-input\":{\"@type\":\"PropertyValueSpecification\",\"valueRequired\":true,\"valueName\":\"search_term_string\"}}],\"inLanguage\":\"fr-FR\"},{\"@type\":\"Organization\",\"@id\":\"https:\/\/www.sophy.ch\/#organization\",\"name\":\"Sophy Geneva Jewellery\",\"alternateName\":\"Sophy Jewelry\",\"url\":\"https:\/\/www.sophy.ch\/\",\"logo\":{\"@type\":\"ImageObject\",\"inLanguage\":\"fr-FR\",\"@id\":\"https:\/\/www.sophy.ch\/#\/schema\/logo\/image\/\",\"url\":\"https:\/\/www.sophy.ch\/web\/wp-content\/uploads\/2021\/06\/sophy-geneva-logo-small-400.png\",\"contentUrl\":\"https:\/\/www.sophy.ch\/web\/wp-content\/uploads\/2021\/06\/sophy-geneva-logo-small-400.png\",\"width\":408,\"height\":408,\"caption\":\"Sophy Geneva Jewellery\"},\"image\":{\"@id\":\"https:\/\/www.sophy.ch\/#\/schema\/logo\/image\/\"},\"sameAs\":[\"https:\/\/facebook.com\/sophygeneva\",\"https:\/\/x.com\/sophygeneva\",\"https:\/\/instagram.com\/sophygeneva\",\"https:\/\/pinterest.com\/sophygeneva\",\"https:\/\/www.youtube.com\/sophygeneva\",\"https:\/\/www.tiktok.com\/@sophygeneva\"],\"hasMerchantReturnPolicy\":{\"@type\":\"MerchantReturnPolicy\",\"merchantReturnLink\":\"https:\/\/www.sophy.ch\/fr\/returns-and-guarantee\/\"}}]}<\/script>\n<meta property=\"product:brand\" content=\"Marina C by Sophy Geneva\" \/>\n<meta property=\"product:price:amount\" content=\"5340.00\" \/>\n<meta property=\"product:price:currency\" content=\"CHF\" \/>\n<meta property=\"og:availability\" content=\"instock\" \/>\n<meta property=\"product:availability\" content=\"instock\" \/>\n<meta property=\"product:retailer_item_id\" content=\"SGN8.10SSPY-Y18k\" \/>\n<meta property=\"product:condition\" content=\"new\" \/>\n<!-- \/ Yoast SEO Premium plugin. -->","yoast_head_json":{"title":"Collier de perles dor\u00e9es des mers du Sud de qualit\u00e9 AAA 8,5-10 mm - Meilleur prix chez Sophy Jewellery","description":"Meilleure collection de bijoux en perles de haute qualit\u00e9. Livraison gratuite et rapide. Artisanat suisse expert, qualit\u00e9 exceptionnelle, prix imbattables, superbe collection, beaux designs.","robots":{"index":"index","follow":"follow","max-snippet":"max-snippet:-1","max-image-preview":"max-image-preview:large","max-video-preview":"max-video-preview:-1"},"canonical":"https:\/\/www.sophy.ch\/fr\/item\/aaa-quality-south-sea-golden-pearl-necklace-8-5-10-mm\/","og_locale":"fr_FR","og_type":"article","og_title":"AAA Quality South Sea Golden Pearl Necklace 8.5-10 mm - Sophie Jewelry Geneva | Online Store","og_description":"Best Price Be Wise | Sophy Geneva presents you its Iconic, Glamorous Fine jewelry & watches. Discover our fabulous collections, with a possibility to Virtually try on. Let's shine","og_url":"https:\/\/www.sophy.ch\/fr\/item\/aaa-quality-south-sea-golden-pearl-necklace-8-5-10-mm\/","og_site_name":"Sophie Jewelry Geneva | Online Store","article_publisher":"https:\/\/facebook.com\/sophygeneva","article_modified_time":"2022-11-26T10:12:31+00:00","og_image":[{"width":623,"height":800,"url":"https:\/\/www.sophy.ch\/web\/wp-content\/uploads\/2021\/07\/8.0-10.0-mm-AAA-Golden-South-See-round-pearls-Necklace-by-Sophy-Geneva-Yellow-Gold-18K.jpg","type":"image\/jpeg"}],"twitter_card":"summary_large_image","twitter_site":"@sophygeneva","twitter_misc":{"Prix":"&#67;&#72;&#70;&nbsp;5,340 Excl. VAT","Disponibilit\u00e9":"En stock"},"schema":{"@context":"https:\/\/schema.org","@graph":[{"@type":["WebPage","ItemPage"],"@id":"https:\/\/www.sophy.ch\/item\/aaa-quality-south-sea-golden-pearl-necklace-8-5-10-mm\/","url":"https:\/\/www.sophy.ch\/item\/aaa-quality-south-sea-golden-pearl-necklace-8-5-10-mm\/","name":"Collier de perles dor\u00e9es des mers du Sud de qualit\u00e9 AAA 8,5-10 mm - Meilleur prix chez Sophy Jewellery","isPartOf":{"@id":"https:\/\/www.sophy.ch\/#website"},"primaryImageOfPage":{"@id":"https:\/\/www.sophy.ch\/item\/aaa-quality-south-sea-golden-pearl-necklace-8-5-10-mm\/#primaryimage"},"image":{"@id":"https:\/\/www.sophy.ch\/item\/aaa-quality-south-sea-golden-pearl-necklace-8-5-10-mm\/#primaryimage"},"thumbnailUrl":"https:\/\/www.sophy.ch\/web\/wp-content\/uploads\/2021\/07\/8.0-10.0-mm-AAA-Golden-South-See-round-pearls-Necklace-by-Sophy-Geneva-Yellow-Gold-18K.jpg","datePublished":"2021-07-16T01:20:28+00:00","dateModified":"2022-11-26T10:12:31+00:00","description":"Meilleure collection de bijoux en perles de haute qualit\u00e9. Livraison gratuite et rapide. Artisanat suisse expert, qualit\u00e9 exceptionnelle, prix imbattables, superbe collection, beaux designs.","breadcrumb":{"@id":"https:\/\/www.sophy.ch\/item\/aaa-quality-south-sea-golden-pearl-necklace-8-5-10-mm\/#breadcrumb"},"inLanguage":"fr-FR","potentialAction":[{"@type":"ReadAction","target":["https:\/\/www.sophy.ch\/item\/aaa-quality-south-sea-golden-pearl-necklace-8-5-10-mm\/"]}]},{"@type":"ImageObject","inLanguage":"fr-FR","@id":"https:\/\/www.sophy.ch\/item\/aaa-quality-south-sea-golden-pearl-necklace-8-5-10-mm\/#primaryimage","url":"https:\/\/www.sophy.ch\/web\/wp-content\/uploads\/2021\/07\/8.0-10.0-mm-AAA-Golden-South-See-round-pearls-Necklace-by-Sophy-Geneva-Yellow-Gold-18K.jpg","contentUrl":"https:\/\/www.sophy.ch\/web\/wp-content\/uploads\/2021\/07\/8.0-10.0-mm-AAA-Golden-South-See-round-pearls-Necklace-by-Sophy-Geneva-Yellow-Gold-18K.jpg","width":623,"height":800},{"@type":"BreadcrumbList","@id":"https:\/\/www.sophy.ch\/item\/aaa-quality-south-sea-golden-pearl-necklace-8-5-10-mm\/#breadcrumb","itemListElement":[{"@type":"ListItem","position":1,"name":"Home","item":"https:\/\/www.sophy.ch\/"},{"@type":"ListItem","position":2,"name":"Shop","item":"https:\/\/www.sophy.ch\/shop\/"},{"@type":"ListItem","position":3,"name":"Women Jewelry","item":"https:\/\/www.sophy.ch\/products\/women-jewelry\/"},{"@type":"ListItem","position":4,"name":"Sets","item":"https:\/\/www.sophy.ch\/products\/women-jewelry\/sets\/"},{"@type":"ListItem","position":5,"name":"AAA Quality South Sea Golden Pearl Necklace 8.5-10 mm"}]},{"@type":"WebSite","@id":"https:\/\/www.sophy.ch\/#website","url":"https:\/\/www.sophy.ch\/","name":"Sophie Jewelry Geneva | Online Store","description":"Swiss Store for Gold, Diamonds &amp; Gems | Best Prices","publisher":{"@id":"https:\/\/www.sophy.ch\/#organization"},"alternateName":"Sophy Jewelry","potentialAction":[{"@type":"SearchAction","target":{"@type":"EntryPoint","urlTemplate":"https:\/\/www.sophy.ch\/?s={search_term_string}"},"query-input":{"@type":"PropertyValueSpecification","valueRequired":true,"valueName":"search_term_string"}}],"inLanguage":"fr-FR"},{"@type":"Organization","@id":"https:\/\/www.sophy.ch\/#organization","name":"Bijoux Sophy Gen\u00e8ve","alternateName":"Sophy Jewelry","url":"https:\/\/www.sophy.ch\/","logo":{"@type":"ImageObject","inLanguage":"fr-FR","@id":"https:\/\/www.sophy.ch\/#\/schema\/logo\/image\/","url":"https:\/\/www.sophy.ch\/web\/wp-content\/uploads\/2021\/06\/sophy-geneva-logo-small-400.png","contentUrl":"https:\/\/www.sophy.ch\/web\/wp-content\/uploads\/2021\/06\/sophy-geneva-logo-small-400.png","width":408,"height":408,"caption":"Sophy Geneva Jewellery"},"image":{"@id":"https:\/\/www.sophy.ch\/#\/schema\/logo\/image\/"},"sameAs":["https:\/\/facebook.com\/sophygeneva","https:\/\/x.com\/sophygeneva","https:\/\/instagram.com\/sophygeneva","https:\/\/pinterest.com\/sophygeneva","https:\/\/www.youtube.com\/sophygeneva","https:\/\/www.tiktok.com\/@sophygeneva"],"hasMerchantReturnPolicy":{"@type":"MerchantReturnPolicy","merchantReturnLink":"https:\/\/www.sophy.ch\/fr\/returns-and-guarantee\/"}}]},"product_brand":"Marina C by Sophy Geneva","product_price_amount":"5340.00","product_price_currency":"CHF","og_availability":"instock","product_availability":"instock","product_retailer_item_id":"SGN8.10SSPY-Y18k","product_condition":"new"},"_links":{"self":[{"href":"https:\/\/www.sophy.ch\/fr\/wp-json\/wp\/v2\/product\/5084","targetHints":{"allow":["GET"]}}],"collection":[{"href":"https:\/\/www.sophy.ch\/fr\/wp-json\/wp\/v2\/product"}],"about":[{"href":"https:\/\/www.sophy.ch\/fr\/wp-json\/wp\/v2\/types\/product"}],"version-history":[{"count":0,"href":"https:\/\/www.sophy.ch\/fr\/wp-json\/wp\/v2\/product\/5084\/revisions"}],"wp:featuredmedia":[{"embeddable":true,"href":"https:\/\/www.sophy.ch\/fr\/wp-json\/wp\/v2\/media\/5088"}],"wp:attachment":[{"href":"https:\/\/www.sophy.ch\/fr\/wp-json\/wp\/v2\/media?parent=5084"}],"wp:term":[{"taxonomy":"product_brand","embeddable":true,"href":"https:\/\/www.sophy.ch\/fr\/wp-json\/wp\/v2\/product_brand?post=5084"},{"taxonomy":"product_cat","embeddable":true,"href":"https:\/\/www.sophy.ch\/fr\/wp-json\/wp\/v2\/product_cat?post=5084"},{"taxonomy":"product_tag","embeddable":true,"href":"https:\/\/www.sophy.ch\/fr\/wp-json\/wp\/v2\/product_tag?post=5084"}],"curies":[{"name":"wp","href":"https:\/\/api.w.org\/{rel}","templated":true}]}}