{"id":4089,"date":"2021-07-08T16:43:09","date_gmt":"2021-07-08T14:43:09","guid":{"rendered":"https:\/\/www.sophy.ch\/?post_type=product&#038;p=4089"},"modified":"2022-11-26T11:12:26","modified_gmt":"2022-11-26T10:12:26","slug":"poison-ivy-pendant","status":"publish","type":"product","link":"https:\/\/www.sophy.ch\/fr\/item\/poison-ivy-pendant\/","title":{"rendered":"Pendentif Poison Ivy"},"content":{"rendered":"<blockquote>\n<p>Remarque : une seule pi\u00e8ce est disponible. D\u00e8s qu'elle est vendue, une commande diff\u00e9r\u00e9e peut \u00eatre effectu\u00e9e. Cependant, la date d'exp\u00e9dition estim\u00e9e est de \u00b18 semaines.<\/p>\n<\/blockquote>","protected":false},"excerpt":{"rendered":"<p>Dot\u00e9 d&#039;une \u00e9meraude ultra-fine unique en son genre, li\u00e9e par des vignes de saphir rouge sinueuses, ce pendentif Poison Ivy est dangereusement s\u00e9duisant. Audacieuse, sophistiqu\u00e9e, l\u00e9g\u00e8re et complexe, cette pi\u00e8ce laissera les autres vertes de jalousie.<\/p>\n<p><!--googleoff: index--><\/p>\n<link rel=\"stylesheet\" id=\"elementor-post-4963-css\" href=\"https:\/\/www.sophy.ch\/web\/wp-content\/uploads\/elementor\/css\/post-4963.css?ver=1778121289\" type=\"text\/css\" media=\"all\">\n<div data-elementor-type=\"wp-post\" data-elementor-id=\"4963\" class=\"elementor elementor-4963\" data-elementor-post-type=\"cms_block\">\n<section class=\"elementor-section elementor-top-section elementor-element elementor-element-1ab3267 elementor-section-content-middle elementor-section-full_width elementor-hidden-phone elementor-section-height-min-height elementor-section-height-default elementor-section-items-middle\" data-id=\"1ab3267\" data-element_type=\"section\" data-e-type=\"section\" data-settings=\"{&quot;background_background&quot;:&quot;classic&quot;}\">\n<div class=\"elementor-container elementor-column-gap-no\">\n<div class=\"elementor-column elementor-col-50 elementor-top-column elementor-element elementor-element-1ec0989\" data-id=\"1ec0989\" data-element_type=\"column\" data-e-type=\"column\">\n<div class=\"elementor-widget-wrap elementor-element-populated\">\n\t\t\t\t\t\t\t<link rel=\"stylesheet\" id=\"wd-mod-animations-transform-base-css\" href=\"https:\/\/www.sophy.ch\/web\/wp-content\/themes\/woodmart\/css\/parts\/mod-animations-transform-base.min.css?ver=8.4.1\" type=\"text\/css\" media=\"all\" \/>\n<div class=\"elementor-element elementor-element-64d8526 wd-animation-slide-from-left wd-animation-normal wd_delay_100 wd-animation wd-transform elementor-widget elementor-widget-image\" data-id=\"64d8526\" data-element_type=\"widget\" data-e-type=\"widget\" data-widget_type=\"image.default\">\n<div class=\"elementor-widget-container\">\n\t\t\t\t\t\t\t\t\t\t\t\t\t\t\t<img decoding=\"async\" src=\"https:\/\/www.sophy.ch\/web\/wp-content\/uploads\/elementor\/thumbs\/free-delivery-pygblnjs3kt39ylh8iemuksvaimsf873a5iokzrqm8.png\" title=\"livraison gratuite\" alt=\"livraison gratuite\" loading=\"lazy\" \/>\t\t\t\t\t\t\t\t\t\t\t\t\t\t\t<\/div>\n<\/p><\/div>\n<\/p><\/div>\n<\/p><\/div>\n<div class=\"elementor-column elementor-col-50 elementor-top-column elementor-element elementor-element-34f3bda\" data-id=\"34f3bda\" data-element_type=\"column\" data-e-type=\"column\">\n<div class=\"elementor-widget-wrap elementor-element-populated\">\n<div class=\"elementor-element elementor-element-55c181c color-scheme-inherit text-left elementor-widget elementor-widget-text-editor\" data-id=\"55c181c\" data-element_type=\"widget\" data-e-type=\"widget\" data-widget_type=\"text-editor.default\">\n<div class=\"elementor-widget-container\">\n\t\t\t\t\t\t\t\t\t<strong>De Livraison Estim\u00e9:<\/strong> Sera exp\u00e9di\u00e9 entre <strong>3 <\/strong>&amp;<strong> 5 <\/strong>Journ\u00e9es\t\t\t\t\t\t\t\t<\/div>\n<\/p><\/div>\n<\/p><\/div>\n<\/p><\/div>\n<\/p><\/div>\n<\/section><\/div>\n<\/p>\n<p><!--googleon: index--><\/p>","protected":false},"featured_media":3862,"template":"","meta":[],"product_brand":[],"product_cat":[264,269,498],"product_tag":[48,385,367,396],"class_list":{"0":"post-4089","1":"product","2":"type-product","3":"status-publish","4":"has-post-thumbnail","6":"product_cat-exclusive-collections","7":"product_cat-pendants","8":"product_cat-votive-jewellery","9":"product_tag-18k-gold-jewellery","10":"product_tag-black-diamond","11":"product_tag-blue-sapphire","12":"product_tag-emerald","13":"pa_jewellery-art-pendants","14":"pa_jewellery-material-gold-18k-750","15":"pa_made-for-ladies","16":"pa_product-brand-votive-jewellery","17":"pa_product-gemstone-emerald","19":"first","20":"instock","21":"sold-individually","22":"taxable","23":"shipping-taxable","24":"purchasable","25":"product-type-simple"},"yoast_head":"<!-- This site is optimized with the Yoast SEO Premium plugin v26.9 (Yoast SEO v27.1.1) - https:\/\/yoast.com\/product\/yoast-seo-premium-wordpress\/ -->\n<title>Poison Ivy Pendant - Sophie Jewelry Geneva | Online Store<\/title>\n<meta name=\"description\" content=\"the center gem is emerald, natural green emerald stones surrounded by diamond and sapphire, unique and beautiful as came from mother nature.\" \/>\n<meta name=\"robots\" content=\"index, follow, max-snippet:-1, max-image-preview:large, max-video-preview:-1\" \/>\n<link rel=\"canonical\" href=\"https:\/\/www.sophy.ch\/fr\/item\/poison-ivy-pendant\/\" \/>\n<meta property=\"og:locale\" content=\"fr_FR\" \/>\n<meta property=\"og:type\" content=\"article\" \/>\n<meta property=\"og:title\" content=\"Poison Ivy Pendant - Sophie Jewelry Geneva | Online Store\" \/>\n<meta property=\"og:description\" content=\"Best Price Be Wise | Sophy Geneva presents you its Iconic, Glamorous Fine jewelry &amp; watches. Discover our fabulous collections, with a possibility to Virtually try on. Let&#039;s shine\" \/>\n<meta property=\"og:url\" content=\"https:\/\/www.sophy.ch\/fr\/item\/poison-ivy-pendant\/\" \/>\n<meta property=\"og:site_name\" content=\"Sophie Jewelry Geneva | Online Store\" \/>\n<meta property=\"article:publisher\" content=\"https:\/\/facebook.com\/sophygeneva\" \/>\n<meta property=\"article:modified_time\" content=\"2022-11-26T10:12:26+00:00\" \/>\n<meta property=\"og:image\" content=\"https:\/\/www.sophy.ch\/web\/wp-content\/uploads\/2021\/07\/DSC01372-scaled.jpg\" \/>\n\t<meta property=\"og:image:width\" content=\"2560\" \/>\n\t<meta property=\"og:image:height\" content=\"2558\" \/>\n\t<meta property=\"og:image:type\" content=\"image\/jpeg\" \/>\n<meta name=\"twitter:card\" content=\"summary_large_image\" \/>\n<meta name=\"twitter:site\" content=\"@sophygeneva\" \/>\n<meta name=\"twitter:label1\" content=\"Prix\" \/>\n\t<meta name=\"twitter:data1\" content=\"&#067;&#072;&#070;&nbsp;8,250 Excl. VAT\" \/>\n\t<meta name=\"twitter:label2\" content=\"Disponibilit\u00e9\" \/>\n\t<meta name=\"twitter:data2\" content=\"En stock\" \/>\n<script type=\"application\/ld+json\" class=\"yoast-schema-graph\">{\"@context\":\"https:\/\/schema.org\",\"@graph\":[{\"@type\":[\"WebPage\",\"ItemPage\"],\"@id\":\"https:\/\/www.sophy.ch\/item\/poison-ivy-pendant\/\",\"url\":\"https:\/\/www.sophy.ch\/item\/poison-ivy-pendant\/\",\"name\":\"Poison Ivy Pendant - Sophie Jewelry Geneva | Online Store\",\"isPartOf\":{\"@id\":\"https:\/\/www.sophy.ch\/#website\"},\"primaryImageOfPage\":{\"@id\":\"https:\/\/www.sophy.ch\/item\/poison-ivy-pendant\/#primaryimage\"},\"image\":{\"@id\":\"https:\/\/www.sophy.ch\/item\/poison-ivy-pendant\/#primaryimage\"},\"thumbnailUrl\":\"https:\/\/www.sophy.ch\/web\/wp-content\/uploads\/2021\/07\/DSC01372-scaled.jpg\",\"datePublished\":\"2021-07-08T14:43:09+00:00\",\"dateModified\":\"2022-11-26T10:12:26+00:00\",\"description\":\"the center gem is emerald, natural green emerald stones surrounded by diamond and sapphire, unique and beautiful as came from mother nature.\",\"breadcrumb\":{\"@id\":\"https:\/\/www.sophy.ch\/item\/poison-ivy-pendant\/#breadcrumb\"},\"inLanguage\":\"fr-FR\",\"potentialAction\":[{\"@type\":\"ReadAction\",\"target\":[\"https:\/\/www.sophy.ch\/item\/poison-ivy-pendant\/\"]}]},{\"@type\":\"ImageObject\",\"inLanguage\":\"fr-FR\",\"@id\":\"https:\/\/www.sophy.ch\/item\/poison-ivy-pendant\/#primaryimage\",\"url\":\"https:\/\/www.sophy.ch\/web\/wp-content\/uploads\/2021\/07\/DSC01372-scaled.jpg\",\"contentUrl\":\"https:\/\/www.sophy.ch\/web\/wp-content\/uploads\/2021\/07\/DSC01372-scaled.jpg\",\"width\":2560,\"height\":2558},{\"@type\":\"BreadcrumbList\",\"@id\":\"https:\/\/www.sophy.ch\/item\/poison-ivy-pendant\/#breadcrumb\",\"itemListElement\":[{\"@type\":\"ListItem\",\"position\":1,\"name\":\"Home\",\"item\":\"https:\/\/www.sophy.ch\/\"},{\"@type\":\"ListItem\",\"position\":2,\"name\":\"Shop\",\"item\":\"https:\/\/www.sophy.ch\/shop\/\"},{\"@type\":\"ListItem\",\"position\":3,\"name\":\"Women Jewelry\",\"item\":\"https:\/\/www.sophy.ch\/products\/women-jewelry\/\"},{\"@type\":\"ListItem\",\"position\":4,\"name\":\"Pendants\",\"item\":\"https:\/\/www.sophy.ch\/products\/women-jewelry\/pendants\/\"},{\"@type\":\"ListItem\",\"position\":5,\"name\":\"Poison Ivy Pendant\"}]},{\"@type\":\"WebSite\",\"@id\":\"https:\/\/www.sophy.ch\/#website\",\"url\":\"https:\/\/www.sophy.ch\/\",\"name\":\"Sophie Jewelry Geneva | Online Store\",\"description\":\"Swiss Store for Gold, Diamonds &amp; Gems | Best Prices\",\"publisher\":{\"@id\":\"https:\/\/www.sophy.ch\/#organization\"},\"alternateName\":\"Sophy Jewelry\",\"potentialAction\":[{\"@type\":\"SearchAction\",\"target\":{\"@type\":\"EntryPoint\",\"urlTemplate\":\"https:\/\/www.sophy.ch\/?s={search_term_string}\"},\"query-input\":{\"@type\":\"PropertyValueSpecification\",\"valueRequired\":true,\"valueName\":\"search_term_string\"}}],\"inLanguage\":\"fr-FR\"},{\"@type\":\"Organization\",\"@id\":\"https:\/\/www.sophy.ch\/#organization\",\"name\":\"Sophy Geneva Jewellery\",\"alternateName\":\"Sophy Jewelry\",\"url\":\"https:\/\/www.sophy.ch\/\",\"logo\":{\"@type\":\"ImageObject\",\"inLanguage\":\"fr-FR\",\"@id\":\"https:\/\/www.sophy.ch\/#\/schema\/logo\/image\/\",\"url\":\"https:\/\/www.sophy.ch\/web\/wp-content\/uploads\/2021\/06\/sophy-geneva-logo-small-400.png\",\"contentUrl\":\"https:\/\/www.sophy.ch\/web\/wp-content\/uploads\/2021\/06\/sophy-geneva-logo-small-400.png\",\"width\":408,\"height\":408,\"caption\":\"Sophy Geneva Jewellery\"},\"image\":{\"@id\":\"https:\/\/www.sophy.ch\/#\/schema\/logo\/image\/\"},\"sameAs\":[\"https:\/\/facebook.com\/sophygeneva\",\"https:\/\/x.com\/sophygeneva\",\"https:\/\/instagram.com\/sophygeneva\",\"https:\/\/pinterest.com\/sophygeneva\",\"https:\/\/www.youtube.com\/sophygeneva\",\"https:\/\/www.tiktok.com\/@sophygeneva\"],\"hasMerchantReturnPolicy\":{\"@type\":\"MerchantReturnPolicy\",\"merchantReturnLink\":\"https:\/\/www.sophy.ch\/fr\/returns-and-guarantee\/\"}}]}<\/script>\n<meta property=\"product:brand\" content=\"Votive Jewellery\" \/>\n<meta property=\"product:price:amount\" content=\"8250.00\" \/>\n<meta property=\"product:price:currency\" content=\"CHF\" \/>\n<meta property=\"og:availability\" content=\"instock\" \/>\n<meta property=\"product:availability\" content=\"instock\" \/>\n<meta property=\"product:retailer_item_id\" content=\"PV0012P\" \/>\n<meta property=\"product:condition\" content=\"new\" \/>\n<!-- \/ Yoast SEO Premium plugin. -->","yoast_head_json":{"title":"Poison Ivy Pendant - Sophie Jewelry Geneva | Online Store","description":"le joyau central est une \u00e9meraude, des pierres d&#039;\u00e9meraude vertes naturelles entour\u00e9es de diamants et de saphirs, uniques et belles comme celles de m\u00e8re nature.","robots":{"index":"index","follow":"follow","max-snippet":"max-snippet:-1","max-image-preview":"max-image-preview:large","max-video-preview":"max-video-preview:-1"},"canonical":"https:\/\/www.sophy.ch\/fr\/item\/poison-ivy-pendant\/","og_locale":"fr_FR","og_type":"article","og_title":"Poison Ivy Pendant - Sophie Jewelry Geneva | Online Store","og_description":"Best Price Be Wise | Sophy Geneva presents you its Iconic, Glamorous Fine jewelry & watches. Discover our fabulous collections, with a possibility to Virtually try on. Let's shine","og_url":"https:\/\/www.sophy.ch\/fr\/item\/poison-ivy-pendant\/","og_site_name":"Sophie Jewelry Geneva | Online Store","article_publisher":"https:\/\/facebook.com\/sophygeneva","article_modified_time":"2022-11-26T10:12:26+00:00","og_image":[{"width":2560,"height":2558,"url":"https:\/\/www.sophy.ch\/web\/wp-content\/uploads\/2021\/07\/DSC01372-scaled.jpg","type":"image\/jpeg"}],"twitter_card":"summary_large_image","twitter_site":"@sophygeneva","twitter_misc":{"Prix":"&#67;&#72;&#70;&nbsp;8,250 Excl. VAT","Disponibilit\u00e9":"En stock"},"schema":{"@context":"https:\/\/schema.org","@graph":[{"@type":["WebPage","ItemPage"],"@id":"https:\/\/www.sophy.ch\/item\/poison-ivy-pendant\/","url":"https:\/\/www.sophy.ch\/item\/poison-ivy-pendant\/","name":"Poison Ivy Pendant - Sophie Jewelry Geneva | Online Store","isPartOf":{"@id":"https:\/\/www.sophy.ch\/#website"},"primaryImageOfPage":{"@id":"https:\/\/www.sophy.ch\/item\/poison-ivy-pendant\/#primaryimage"},"image":{"@id":"https:\/\/www.sophy.ch\/item\/poison-ivy-pendant\/#primaryimage"},"thumbnailUrl":"https:\/\/www.sophy.ch\/web\/wp-content\/uploads\/2021\/07\/DSC01372-scaled.jpg","datePublished":"2021-07-08T14:43:09+00:00","dateModified":"2022-11-26T10:12:26+00:00","description":"le joyau central est une \u00e9meraude, des pierres d&#039;\u00e9meraude vertes naturelles entour\u00e9es de diamants et de saphirs, uniques et belles comme celles de m\u00e8re nature.","breadcrumb":{"@id":"https:\/\/www.sophy.ch\/item\/poison-ivy-pendant\/#breadcrumb"},"inLanguage":"fr-FR","potentialAction":[{"@type":"ReadAction","target":["https:\/\/www.sophy.ch\/item\/poison-ivy-pendant\/"]}]},{"@type":"ImageObject","inLanguage":"fr-FR","@id":"https:\/\/www.sophy.ch\/item\/poison-ivy-pendant\/#primaryimage","url":"https:\/\/www.sophy.ch\/web\/wp-content\/uploads\/2021\/07\/DSC01372-scaled.jpg","contentUrl":"https:\/\/www.sophy.ch\/web\/wp-content\/uploads\/2021\/07\/DSC01372-scaled.jpg","width":2560,"height":2558},{"@type":"BreadcrumbList","@id":"https:\/\/www.sophy.ch\/item\/poison-ivy-pendant\/#breadcrumb","itemListElement":[{"@type":"ListItem","position":1,"name":"Home","item":"https:\/\/www.sophy.ch\/"},{"@type":"ListItem","position":2,"name":"Shop","item":"https:\/\/www.sophy.ch\/shop\/"},{"@type":"ListItem","position":3,"name":"Women Jewelry","item":"https:\/\/www.sophy.ch\/products\/women-jewelry\/"},{"@type":"ListItem","position":4,"name":"Pendants","item":"https:\/\/www.sophy.ch\/products\/women-jewelry\/pendants\/"},{"@type":"ListItem","position":5,"name":"Poison Ivy Pendant"}]},{"@type":"WebSite","@id":"https:\/\/www.sophy.ch\/#website","url":"https:\/\/www.sophy.ch\/","name":"Sophie Jewelry Geneva | Online Store","description":"Swiss Store for Gold, Diamonds &amp; Gems | Best Prices","publisher":{"@id":"https:\/\/www.sophy.ch\/#organization"},"alternateName":"Sophy Jewelry","potentialAction":[{"@type":"SearchAction","target":{"@type":"EntryPoint","urlTemplate":"https:\/\/www.sophy.ch\/?s={search_term_string}"},"query-input":{"@type":"PropertyValueSpecification","valueRequired":true,"valueName":"search_term_string"}}],"inLanguage":"fr-FR"},{"@type":"Organization","@id":"https:\/\/www.sophy.ch\/#organization","name":"Bijoux Sophy Gen\u00e8ve","alternateName":"Sophy Jewelry","url":"https:\/\/www.sophy.ch\/","logo":{"@type":"ImageObject","inLanguage":"fr-FR","@id":"https:\/\/www.sophy.ch\/#\/schema\/logo\/image\/","url":"https:\/\/www.sophy.ch\/web\/wp-content\/uploads\/2021\/06\/sophy-geneva-logo-small-400.png","contentUrl":"https:\/\/www.sophy.ch\/web\/wp-content\/uploads\/2021\/06\/sophy-geneva-logo-small-400.png","width":408,"height":408,"caption":"Sophy Geneva Jewellery"},"image":{"@id":"https:\/\/www.sophy.ch\/#\/schema\/logo\/image\/"},"sameAs":["https:\/\/facebook.com\/sophygeneva","https:\/\/x.com\/sophygeneva","https:\/\/instagram.com\/sophygeneva","https:\/\/pinterest.com\/sophygeneva","https:\/\/www.youtube.com\/sophygeneva","https:\/\/www.tiktok.com\/@sophygeneva"],"hasMerchantReturnPolicy":{"@type":"MerchantReturnPolicy","merchantReturnLink":"https:\/\/www.sophy.ch\/fr\/returns-and-guarantee\/"}}]},"product_brand":"Votive Jewellery","product_price_amount":"8250.00","product_price_currency":"CHF","og_availability":"instock","product_availability":"instock","product_retailer_item_id":"PV0012P","product_condition":"new"},"_links":{"self":[{"href":"https:\/\/www.sophy.ch\/fr\/wp-json\/wp\/v2\/product\/4089","targetHints":{"allow":["GET"]}}],"collection":[{"href":"https:\/\/www.sophy.ch\/fr\/wp-json\/wp\/v2\/product"}],"about":[{"href":"https:\/\/www.sophy.ch\/fr\/wp-json\/wp\/v2\/types\/product"}],"version-history":[{"count":0,"href":"https:\/\/www.sophy.ch\/fr\/wp-json\/wp\/v2\/product\/4089\/revisions"}],"wp:featuredmedia":[{"embeddable":true,"href":"https:\/\/www.sophy.ch\/fr\/wp-json\/wp\/v2\/media\/3862"}],"wp:attachment":[{"href":"https:\/\/www.sophy.ch\/fr\/wp-json\/wp\/v2\/media?parent=4089"}],"wp:term":[{"taxonomy":"product_brand","embeddable":true,"href":"https:\/\/www.sophy.ch\/fr\/wp-json\/wp\/v2\/product_brand?post=4089"},{"taxonomy":"product_cat","embeddable":true,"href":"https:\/\/www.sophy.ch\/fr\/wp-json\/wp\/v2\/product_cat?post=4089"},{"taxonomy":"product_tag","embeddable":true,"href":"https:\/\/www.sophy.ch\/fr\/wp-json\/wp\/v2\/product_tag?post=4089"}],"curies":[{"name":"wp","href":"https:\/\/api.w.org\/{rel}","templated":true}]}}