{"id":29104,"date":"2024-11-29T23:38:43","date_gmt":"2024-11-29T22:38:43","guid":{"rendered":"https:\/\/www.sophy.ch\/?post_type=product&#038;p=29104"},"modified":"2024-11-30T00:19:26","modified_gmt":"2024-11-29T23:19:26","slug":"sophisticated-marquise-cut-diamond-ring-in-18k-white-gold","status":"publish","type":"product","link":"https:\/\/www.sophy.ch\/fr\/item\/sophisticated-marquise-cut-diamond-ring-in-18k-white-gold\/","title":{"rendered":"Bague sophistiqu\u00e9e avec diamant taille marquise en or blanc 18 carats"},"content":{"rendered":"<p>Cette bague \u00e9l\u00e9gante est r\u00e9alis\u00e9e en or blanc 18 carats, offrant un design intemporel et raffin\u00e9. La pi\u00e8ce ma\u00eetresse est orn\u00e9e de deux \u00e9blouissants diamants taille marquise, totalisant 0,38 carat, soigneusement s\u00e9lectionn\u00e9s pour leur qualit\u00e9 exceptionnelle (grade G\/VS). Leur forme unique et leur \u00e9clat brillant font de cette bague un v\u00e9ritable chef-d&#039;\u0153uvre d&#039;artisanat, et de 2 diamants princesse de 0,19 ct. G VS<\/p>\n<p>Id\u00e9ale pour les occasions sp\u00e9ciales ou comme rappel quotidien d&#039;\u00e9l\u00e9gance, cette bague en diamant marquise symbolise la gr\u00e2ce et le style.<\/p>\n<p>Pr\u00e9sent\u00e9 avec un certificat d&#039;authenticit\u00e9, c&#039;est une pi\u00e8ce \u00e0 ch\u00e9rir pour toujours.<\/p>\n<p>&nbsp;<\/p>\n<p><strong>Ensemble Marquise Dansante<\/strong><\/p>\n<p>L&#039;ensemble Dancing Marquise comprend un superbe trio de cr\u00e9ations en or blanc 18 carats : un \u00e9l\u00e9gant bracelet orn\u00e9 de 44 diamants taille brillant (1,21 ct), une bague sophistiqu\u00e9e avec deux diamants taille marquise (0,38 ct) et des boucles d&#039;oreilles pendantes \u00e9blouissantes avec six diamants taille marquise (0,54 ct). Un m\u00e9lange parfait de beaut\u00e9 intemporelle et d&#039;\u00e9l\u00e9gance moderne.<img decoding=\"async\" class=\"alignnone size-medium wp-image-29105\" src=\"https:\/\/www.sophy.ch\/web\/wp-content\/uploads\/2024\/11\/Marquise-Sophy-Geneva-diamond-collection-300x183.jpg\" alt=\"\" width=\"300\" height=\"183\" srcset=\"https:\/\/www.sophy.ch\/web\/wp-content\/uploads\/2024\/11\/Marquise-Sophy-Geneva-diamond-collection-300x183.jpg 300w, https:\/\/www.sophy.ch\/web\/wp-content\/uploads\/2024\/11\/Marquise-Sophy-Geneva-diamond-collection-150x91.jpg 150w, https:\/\/www.sophy.ch\/web\/wp-content\/uploads\/2024\/11\/Marquise-Sophy-Geneva-diamond-collection-1200x730.jpg 1200w, https:\/\/www.sophy.ch\/web\/wp-content\/uploads\/2024\/11\/Marquise-Sophy-Geneva-diamond-collection-1024x623.jpg 1024w, https:\/\/www.sophy.ch\/web\/wp-content\/uploads\/2024\/11\/Marquise-Sophy-Geneva-diamond-collection-768x467.jpg 768w, https:\/\/www.sophy.ch\/web\/wp-content\/uploads\/2024\/11\/Marquise-Sophy-Geneva-diamond-collection-18x12.jpg 18w, https:\/\/www.sophy.ch\/web\/wp-content\/uploads\/2024\/11\/Marquise-Sophy-Geneva-diamond-collection.jpg 1426w\" sizes=\"(max-width: 300px) 100vw, 300px\" \/><\/p>","protected":false},"excerpt":{"rendered":"<p>Cette bague \u00e9l\u00e9gante pr\u00e9sente deux diamants marquise \u00e9blouissants de 0,38 ct, d&#039;origine \u00e9thique et certifi\u00e9s sans conflit, un symbole intemporel de gr\u00e2ce et de style.<\/p>","protected":false},"featured_media":29107,"template":"","meta":[],"product_brand":[],"product_cat":[1964,280,297,263],"product_tag":[2066,2065,2067,386],"class_list":{"0":"post-29104","1":"product","2":"type-product","3":"status-publish","4":"has-post-thumbnail","6":"product_cat-diamond-ring","7":"product_cat-engagement","8":"product_cat-rings","9":"product_cat-women-jewelry","10":"product_tag-dancing-marquise-set","11":"product_tag-marquise-cut-diamond","12":"product_tag-princess-cut-diamond","13":"product_tag-white-diamond","14":"pa_color-white-gold","15":"pa_diamond-carat-0-38ct","16":"pa_diamond-shape-marquise-cut-brilliant","17":"pa_diamond-shape-princess-cut-brilliant","18":"pa_guarantee-12-months","19":"pa_product-brand-fine-jewellery-by-sophy-geneva","20":"pa_ring-style-classic-ring","21":"pa_supplier-wassner","23":"first","24":"instock","25":"taxable","26":"shipping-taxable","27":"purchasable","28":"product-type-simple"},"yoast_head":"<!-- This site is optimized with the Yoast SEO Premium plugin v26.9 (Yoast SEO v27.1.1) - https:\/\/yoast.com\/product\/yoast-seo-premium-wordpress\/ -->\n<title>Sophisticated Marquise-Cut Diamond Ring in 18K White Gold - Best Price at Sophy Jewellery<\/title>\n<meta name=\"description\" content=\"Sophy Geneva presents you its Iconic, Glamorous Fine jewelry &amp; watches. Discover our fabulous collections, with a possibility to Virtually try on. Let&#039;s shine with the Best Price!\" \/>\n<meta name=\"robots\" content=\"index, follow, max-snippet:-1, max-image-preview:large, max-video-preview:-1\" \/>\n<link rel=\"canonical\" href=\"https:\/\/www.sophy.ch\/fr\/item\/sophisticated-marquise-cut-diamond-ring-in-18k-white-gold\/\" \/>\n<meta property=\"og:locale\" content=\"fr_FR\" \/>\n<meta property=\"og:type\" content=\"article\" \/>\n<meta property=\"og:title\" content=\"Sophisticated Marquise-Cut Diamond Ring in 18K White Gold - Sophie Jewelry Geneva | Online Store\" \/>\n<meta property=\"og:description\" content=\"Best Price Be Wise | Sophy Geneva presents you its Iconic, Glamorous Fine jewelry &amp; watches. Discover our fabulous collections, with a possibility to Virtually try on. Let&#039;s shine\" \/>\n<meta property=\"og:url\" content=\"https:\/\/www.sophy.ch\/fr\/item\/sophisticated-marquise-cut-diamond-ring-in-18k-white-gold\/\" \/>\n<meta property=\"og:site_name\" content=\"Sophie Jewelry Geneva | Online Store\" \/>\n<meta property=\"article:publisher\" content=\"https:\/\/facebook.com\/sophygeneva\" \/>\n<meta property=\"article:modified_time\" content=\"2024-11-29T23:19:26+00:00\" \/>\n<meta property=\"og:image\" content=\"https:\/\/www.sophy.ch\/web\/wp-content\/uploads\/2024\/11\/RBR2197SG-Sophy-Geneva-diamond-collection.jpg\" \/>\n\t<meta property=\"og:image:width\" content=\"731\" \/>\n\t<meta property=\"og:image:height\" content=\"792\" \/>\n\t<meta property=\"og:image:type\" content=\"image\/jpeg\" \/>\n<meta name=\"twitter:card\" content=\"summary_large_image\" \/>\n<meta name=\"twitter:site\" content=\"@sophygeneva\" \/>\n<meta name=\"twitter:label1\" content=\"Prix\" \/>\n\t<meta name=\"twitter:data1\" content=\"&#067;&#072;&#070;&nbsp;2,790 Excl. VAT\" \/>\n\t<meta name=\"twitter:label2\" content=\"Disponibilit\u00e9\" \/>\n\t<meta name=\"twitter:data2\" content=\"En stock\" \/>\n<script type=\"application\/ld+json\" class=\"yoast-schema-graph\">{\"@context\":\"https:\/\/schema.org\",\"@graph\":[{\"@type\":[\"WebPage\",\"ItemPage\"],\"@id\":\"https:\/\/www.sophy.ch\/item\/sophisticated-marquise-cut-diamond-ring-in-18k-white-gold\/\",\"url\":\"https:\/\/www.sophy.ch\/item\/sophisticated-marquise-cut-diamond-ring-in-18k-white-gold\/\",\"name\":\"Sophisticated Marquise-Cut Diamond Ring in 18K White Gold - Best Price at Sophy Jewellery\",\"isPartOf\":{\"@id\":\"https:\/\/www.sophy.ch\/#website\"},\"primaryImageOfPage\":{\"@id\":\"https:\/\/www.sophy.ch\/item\/sophisticated-marquise-cut-diamond-ring-in-18k-white-gold\/#primaryimage\"},\"image\":{\"@id\":\"https:\/\/www.sophy.ch\/item\/sophisticated-marquise-cut-diamond-ring-in-18k-white-gold\/#primaryimage\"},\"thumbnailUrl\":\"https:\/\/www.sophy.ch\/web\/wp-content\/uploads\/2024\/11\/RBR2197SG-Sophy-Geneva-diamond-collection.jpg\",\"datePublished\":\"2024-11-29T22:38:43+00:00\",\"dateModified\":\"2024-11-29T23:19:26+00:00\",\"description\":\"Sophy Geneva presents you its Iconic, Glamorous Fine jewelry & watches. Discover our fabulous collections, with a possibility to Virtually try on. Let's shine with the Best Price!\",\"breadcrumb\":{\"@id\":\"https:\/\/www.sophy.ch\/item\/sophisticated-marquise-cut-diamond-ring-in-18k-white-gold\/#breadcrumb\"},\"inLanguage\":\"fr-FR\",\"potentialAction\":[{\"@type\":\"ReadAction\",\"target\":[\"https:\/\/www.sophy.ch\/item\/sophisticated-marquise-cut-diamond-ring-in-18k-white-gold\/\"]}]},{\"@type\":\"ImageObject\",\"inLanguage\":\"fr-FR\",\"@id\":\"https:\/\/www.sophy.ch\/item\/sophisticated-marquise-cut-diamond-ring-in-18k-white-gold\/#primaryimage\",\"url\":\"https:\/\/www.sophy.ch\/web\/wp-content\/uploads\/2024\/11\/RBR2197SG-Sophy-Geneva-diamond-collection.jpg\",\"contentUrl\":\"https:\/\/www.sophy.ch\/web\/wp-content\/uploads\/2024\/11\/RBR2197SG-Sophy-Geneva-diamond-collection.jpg\",\"width\":731,\"height\":792},{\"@type\":\"BreadcrumbList\",\"@id\":\"https:\/\/www.sophy.ch\/item\/sophisticated-marquise-cut-diamond-ring-in-18k-white-gold\/#breadcrumb\",\"itemListElement\":[{\"@type\":\"ListItem\",\"position\":1,\"name\":\"Home\",\"item\":\"https:\/\/www.sophy.ch\/\"},{\"@type\":\"ListItem\",\"position\":2,\"name\":\"Shop\",\"item\":\"https:\/\/www.sophy.ch\/shop\/\"},{\"@type\":\"ListItem\",\"position\":3,\"name\":\"Women Jewelry\",\"item\":\"https:\/\/www.sophy.ch\/products\/women-jewelry\/\"},{\"@type\":\"ListItem\",\"position\":4,\"name\":\"Rings\",\"item\":\"https:\/\/www.sophy.ch\/products\/women-jewelry\/rings\/\"},{\"@type\":\"ListItem\",\"position\":5,\"name\":\"Diamond Ring\",\"item\":\"https:\/\/www.sophy.ch\/en\/products\/women-jewelry\/rings\/diamond-ring\/\"},{\"@type\":\"ListItem\",\"position\":6,\"name\":\"Sophisticated Marquise-Cut Diamond Ring in 18K White Gold\"}]},{\"@type\":\"WebSite\",\"@id\":\"https:\/\/www.sophy.ch\/#website\",\"url\":\"https:\/\/www.sophy.ch\/\",\"name\":\"Sophie Jewelry Geneva | Online Store\",\"description\":\"Swiss Store for Gold, Diamonds &amp; Gems | Best Prices\",\"publisher\":{\"@id\":\"https:\/\/www.sophy.ch\/#organization\"},\"alternateName\":\"Sophy Jewelry\",\"potentialAction\":[{\"@type\":\"SearchAction\",\"target\":{\"@type\":\"EntryPoint\",\"urlTemplate\":\"https:\/\/www.sophy.ch\/?s={search_term_string}\"},\"query-input\":{\"@type\":\"PropertyValueSpecification\",\"valueRequired\":true,\"valueName\":\"search_term_string\"}}],\"inLanguage\":\"fr-FR\"},{\"@type\":\"Organization\",\"@id\":\"https:\/\/www.sophy.ch\/#organization\",\"name\":\"Sophy Geneva Jewellery\",\"alternateName\":\"Sophy Jewelry\",\"url\":\"https:\/\/www.sophy.ch\/\",\"logo\":{\"@type\":\"ImageObject\",\"inLanguage\":\"fr-FR\",\"@id\":\"https:\/\/www.sophy.ch\/#\/schema\/logo\/image\/\",\"url\":\"https:\/\/www.sophy.ch\/web\/wp-content\/uploads\/2021\/06\/sophy-geneva-logo-small-400.png\",\"contentUrl\":\"https:\/\/www.sophy.ch\/web\/wp-content\/uploads\/2021\/06\/sophy-geneva-logo-small-400.png\",\"width\":408,\"height\":408,\"caption\":\"Sophy Geneva Jewellery\"},\"image\":{\"@id\":\"https:\/\/www.sophy.ch\/#\/schema\/logo\/image\/\"},\"sameAs\":[\"https:\/\/facebook.com\/sophygeneva\",\"https:\/\/x.com\/sophygeneva\",\"https:\/\/instagram.com\/sophygeneva\",\"https:\/\/pinterest.com\/sophygeneva\",\"https:\/\/www.youtube.com\/sophygeneva\",\"https:\/\/www.tiktok.com\/@sophygeneva\"],\"hasMerchantReturnPolicy\":{\"@type\":\"MerchantReturnPolicy\",\"merchantReturnLink\":\"https:\/\/www.sophy.ch\/fr\/returns-and-guarantee\/\"}}]}<\/script>\n<meta property=\"product:brand\" content=\"Fine Jewellery by Sophy Geneva\" \/>\n<meta property=\"product:price:amount\" content=\"2790.00\" \/>\n<meta property=\"product:price:currency\" content=\"CHF\" \/>\n<meta property=\"og:availability\" content=\"instock\" \/>\n<meta property=\"product:availability\" content=\"instock\" \/>\n<meta property=\"product:retailer_item_id\" content=\"RBR2197SG\" \/>\n<meta property=\"product:condition\" content=\"new\" \/>\n<!-- \/ Yoast SEO Premium plugin. -->","yoast_head_json":{"title":"Bague sophistiqu\u00e9e en or blanc 18 carats avec diamants taille marquise - Meilleur prix chez Sophy Jewellery","description":"Sophy Gen\u00e8ve vous pr\u00e9sente sa Haute Joaillerie &amp; Montres Iconiques et Glamours. D\u00e9couvrez nos fabuleuses collections, avec possibilit\u00e9 d&#039;essayer virtuellement. Brillons avec le meilleur prix\u00a0!","robots":{"index":"index","follow":"follow","max-snippet":"max-snippet:-1","max-image-preview":"max-image-preview:large","max-video-preview":"max-video-preview:-1"},"canonical":"https:\/\/www.sophy.ch\/fr\/item\/sophisticated-marquise-cut-diamond-ring-in-18k-white-gold\/","og_locale":"fr_FR","og_type":"article","og_title":"Sophisticated Marquise-Cut Diamond Ring in 18K White Gold - Sophie Jewelry Geneva | Online Store","og_description":"Best Price Be Wise | Sophy Geneva presents you its Iconic, Glamorous Fine jewelry & watches. Discover our fabulous collections, with a possibility to Virtually try on. Let's shine","og_url":"https:\/\/www.sophy.ch\/fr\/item\/sophisticated-marquise-cut-diamond-ring-in-18k-white-gold\/","og_site_name":"Sophie Jewelry Geneva | Online Store","article_publisher":"https:\/\/facebook.com\/sophygeneva","article_modified_time":"2024-11-29T23:19:26+00:00","og_image":[{"width":731,"height":792,"url":"https:\/\/www.sophy.ch\/web\/wp-content\/uploads\/2024\/11\/RBR2197SG-Sophy-Geneva-diamond-collection.jpg","type":"image\/jpeg"}],"twitter_card":"summary_large_image","twitter_site":"@sophygeneva","twitter_misc":{"Prix":"&#67;&#72;&#70;&nbsp;2,790 Excl. VAT","Disponibilit\u00e9":"En stock"},"schema":{"@context":"https:\/\/schema.org","@graph":[{"@type":["WebPage","ItemPage"],"@id":"https:\/\/www.sophy.ch\/item\/sophisticated-marquise-cut-diamond-ring-in-18k-white-gold\/","url":"https:\/\/www.sophy.ch\/item\/sophisticated-marquise-cut-diamond-ring-in-18k-white-gold\/","name":"Bague sophistiqu\u00e9e en or blanc 18 carats avec diamants taille marquise - Meilleur prix chez Sophy Jewellery","isPartOf":{"@id":"https:\/\/www.sophy.ch\/#website"},"primaryImageOfPage":{"@id":"https:\/\/www.sophy.ch\/item\/sophisticated-marquise-cut-diamond-ring-in-18k-white-gold\/#primaryimage"},"image":{"@id":"https:\/\/www.sophy.ch\/item\/sophisticated-marquise-cut-diamond-ring-in-18k-white-gold\/#primaryimage"},"thumbnailUrl":"https:\/\/www.sophy.ch\/web\/wp-content\/uploads\/2024\/11\/RBR2197SG-Sophy-Geneva-diamond-collection.jpg","datePublished":"2024-11-29T22:38:43+00:00","dateModified":"2024-11-29T23:19:26+00:00","description":"Sophy Gen\u00e8ve vous pr\u00e9sente sa Haute Joaillerie &amp; Montres Iconiques et Glamours. D\u00e9couvrez nos fabuleuses collections, avec possibilit\u00e9 d&#039;essayer virtuellement. Brillons avec le meilleur prix\u00a0!","breadcrumb":{"@id":"https:\/\/www.sophy.ch\/item\/sophisticated-marquise-cut-diamond-ring-in-18k-white-gold\/#breadcrumb"},"inLanguage":"fr-FR","potentialAction":[{"@type":"ReadAction","target":["https:\/\/www.sophy.ch\/item\/sophisticated-marquise-cut-diamond-ring-in-18k-white-gold\/"]}]},{"@type":"ImageObject","inLanguage":"fr-FR","@id":"https:\/\/www.sophy.ch\/item\/sophisticated-marquise-cut-diamond-ring-in-18k-white-gold\/#primaryimage","url":"https:\/\/www.sophy.ch\/web\/wp-content\/uploads\/2024\/11\/RBR2197SG-Sophy-Geneva-diamond-collection.jpg","contentUrl":"https:\/\/www.sophy.ch\/web\/wp-content\/uploads\/2024\/11\/RBR2197SG-Sophy-Geneva-diamond-collection.jpg","width":731,"height":792},{"@type":"BreadcrumbList","@id":"https:\/\/www.sophy.ch\/item\/sophisticated-marquise-cut-diamond-ring-in-18k-white-gold\/#breadcrumb","itemListElement":[{"@type":"ListItem","position":1,"name":"Home","item":"https:\/\/www.sophy.ch\/"},{"@type":"ListItem","position":2,"name":"Shop","item":"https:\/\/www.sophy.ch\/shop\/"},{"@type":"ListItem","position":3,"name":"Women Jewelry","item":"https:\/\/www.sophy.ch\/products\/women-jewelry\/"},{"@type":"ListItem","position":4,"name":"Rings","item":"https:\/\/www.sophy.ch\/products\/women-jewelry\/rings\/"},{"@type":"ListItem","position":5,"name":"Diamond Ring","item":"https:\/\/www.sophy.ch\/en\/products\/women-jewelry\/rings\/diamond-ring\/"},{"@type":"ListItem","position":6,"name":"Sophisticated Marquise-Cut Diamond Ring in 18K White Gold"}]},{"@type":"WebSite","@id":"https:\/\/www.sophy.ch\/#website","url":"https:\/\/www.sophy.ch\/","name":"Sophie Jewelry Geneva | Online Store","description":"Swiss Store for Gold, Diamonds &amp; Gems | Best Prices","publisher":{"@id":"https:\/\/www.sophy.ch\/#organization"},"alternateName":"Sophy Jewelry","potentialAction":[{"@type":"SearchAction","target":{"@type":"EntryPoint","urlTemplate":"https:\/\/www.sophy.ch\/?s={search_term_string}"},"query-input":{"@type":"PropertyValueSpecification","valueRequired":true,"valueName":"search_term_string"}}],"inLanguage":"fr-FR"},{"@type":"Organization","@id":"https:\/\/www.sophy.ch\/#organization","name":"Bijoux Sophy Gen\u00e8ve","alternateName":"Sophy Jewelry","url":"https:\/\/www.sophy.ch\/","logo":{"@type":"ImageObject","inLanguage":"fr-FR","@id":"https:\/\/www.sophy.ch\/#\/schema\/logo\/image\/","url":"https:\/\/www.sophy.ch\/web\/wp-content\/uploads\/2021\/06\/sophy-geneva-logo-small-400.png","contentUrl":"https:\/\/www.sophy.ch\/web\/wp-content\/uploads\/2021\/06\/sophy-geneva-logo-small-400.png","width":408,"height":408,"caption":"Sophy Geneva Jewellery"},"image":{"@id":"https:\/\/www.sophy.ch\/#\/schema\/logo\/image\/"},"sameAs":["https:\/\/facebook.com\/sophygeneva","https:\/\/x.com\/sophygeneva","https:\/\/instagram.com\/sophygeneva","https:\/\/pinterest.com\/sophygeneva","https:\/\/www.youtube.com\/sophygeneva","https:\/\/www.tiktok.com\/@sophygeneva"],"hasMerchantReturnPolicy":{"@type":"MerchantReturnPolicy","merchantReturnLink":"https:\/\/www.sophy.ch\/fr\/returns-and-guarantee\/"}}]},"product_brand":"Fine Jewellery by Sophy Geneva","product_price_amount":"2790.00","product_price_currency":"CHF","og_availability":"instock","product_availability":"instock","product_retailer_item_id":"RBR2197SG","product_condition":"new"},"_links":{"self":[{"href":"https:\/\/www.sophy.ch\/fr\/wp-json\/wp\/v2\/product\/29104","targetHints":{"allow":["GET"]}}],"collection":[{"href":"https:\/\/www.sophy.ch\/fr\/wp-json\/wp\/v2\/product"}],"about":[{"href":"https:\/\/www.sophy.ch\/fr\/wp-json\/wp\/v2\/types\/product"}],"version-history":[{"count":0,"href":"https:\/\/www.sophy.ch\/fr\/wp-json\/wp\/v2\/product\/29104\/revisions"}],"wp:featuredmedia":[{"embeddable":true,"href":"https:\/\/www.sophy.ch\/fr\/wp-json\/wp\/v2\/media\/29107"}],"wp:attachment":[{"href":"https:\/\/www.sophy.ch\/fr\/wp-json\/wp\/v2\/media?parent=29104"}],"wp:term":[{"taxonomy":"product_brand","embeddable":true,"href":"https:\/\/www.sophy.ch\/fr\/wp-json\/wp\/v2\/product_brand?post=29104"},{"taxonomy":"product_cat","embeddable":true,"href":"https:\/\/www.sophy.ch\/fr\/wp-json\/wp\/v2\/product_cat?post=29104"},{"taxonomy":"product_tag","embeddable":true,"href":"https:\/\/www.sophy.ch\/fr\/wp-json\/wp\/v2\/product_tag?post=29104"}],"curies":[{"name":"wp","href":"https:\/\/api.w.org\/{rel}","templated":true}]}}