{"id":14853,"date":"2021-12-12T00:34:44","date_gmt":"2021-12-11T23:34:44","guid":{"rendered":"https:\/\/www.sophy.ch\/en\/item\/allegra-yellow\/"},"modified":"2023-09-14T10:30:42","modified_gmt":"2023-09-14T08:30:42","slug":"allegra-yellow","status":"publish","type":"product","link":"https:\/\/www.sophy.ch\/fr\/item\/allegra-yellow\/","title":{"rendered":"ALLEGRA jaune"},"content":{"rendered":"<p>BO\u00ceTIER DE MONTRE:<\/p>\n<div class=\"woocommerce-product-details__short-description\">\n<div class=\"short-details\" style=\"margin: 0px 0px 50px;padding: 0px;border: 0px;font-family: inherit;font-size: inherit;font-style: inherit;font-weight: inherit;line-height: inherit;vertical-align: baseline;align-items: flex-start\">\n<div class=\"short-details-col\" style=\"margin: 0px;padding: 0px;border: 0px;font-family: inherit;font-size: inherit;font-style: inherit;font-weight: inherit;line-height: inherit;vertical-align: baseline;width: 199px\">\n<p class=\"short-details-col__text\" style=\"margin: 0px;padding: 0px;border: 0px;font-family: inherit;font-size: 1.4rem;font-style: inherit;font-weight: inherit;line-height: 2.1rem;vertical-align: baseline\">Mat\u00e9riel:<span class=\"Apple-converted-space\">&nbsp;<\/span><span class=\"value\" style=\"margin: 0px;padding: 0px;border: 0px;font-family: inherit;font-size: inherit;font-style: inherit;font-weight: bold;line-height: inherit;vertical-align: baseline\"><strong>Acier inoxydable<\/strong><\/span><\/p>\n<p class=\"short-details-col__text\" style=\"margin: 0px;padding: 0px;border: 0px;font-family: inherit;font-size: 1.4rem;font-style: inherit;font-weight: inherit;line-height: 2.1rem;vertical-align: baseline\">Taille:<span class=\"Apple-converted-space\">&nbsp;<\/span><span class=\"value\" style=\"margin: 0px;padding: 0px;border: 0px;font-family: inherit;font-size: inherit;font-style: inherit;font-weight: bold;line-height: inherit;vertical-align: baseline\"><strong>29 \u00d7 40 mm<\/strong><\/span><\/p>\n<p class=\"short-details-col__text\" style=\"margin: 0px;padding: 0px;border: 0px;font-family: inherit;font-size: 1.4rem;font-style: inherit;font-weight: inherit;line-height: 2.1rem;vertical-align: baseline\">\u00c9paisseur:<span class=\"Apple-converted-space\">&nbsp;<\/span><span class=\"value\" style=\"margin: 0px;padding: 0px;border: 0px;font-family: inherit;font-size: inherit;font-style: inherit;font-weight: bold;line-height: inherit;vertical-align: baseline\"><strong>8 millim\u00e8tres<\/strong><\/span><\/p>\n<div class=\"divider\" style=\"margin: 15px 0px;padding: 0px;border: 0px;font-family: inherit;font-size: inherit;font-style: inherit;font-weight: inherit;line-height: inherit;vertical-align: baseline\"><\/div>\n<p class=\"short-details-col__text\" style=\"margin: 0px;padding: 0px;border: 0px;font-family: inherit;font-size: 1.4rem;font-style: inherit;font-weight: inherit;line-height: 2.1rem;vertical-align: baseline\">Verre:<span class=\"Apple-converted-space\">&nbsp;<\/span><span class=\"value\" style=\"margin: 0px;padding: 0px;border: 0px;font-family: inherit;font-size: inherit;font-style: inherit;font-weight: bold;line-height: inherit;vertical-align: baseline\"><strong>cristal de saphir<\/strong><\/span><\/p>\n<p class=\"short-details-col__text\" style=\"margin: 0px;padding: 0px;border: 0px;font-family: inherit;font-size: 1.4rem;font-style: inherit;font-weight: inherit;line-height: 2.1rem;vertical-align: baseline\">Bracelet:<span class=\"Apple-converted-space\">&nbsp;<\/span><span class=\"value\" style=\"margin: 0px;padding: 0px;border: 0px;font-family: inherit;font-size: inherit;font-style: inherit;font-weight: bold;line-height: inherit;vertical-align: baseline\"><strong>Cuir v\u00e9ritable<\/strong><\/span><\/p>\n<p class=\"short-details-col__text\" style=\"margin: 0px;padding: 0px;border: 0px;font-family: inherit;font-size: 1.4rem;font-style: inherit;font-weight: inherit;line-height: 2.1rem;vertical-align: baseline\">Fermoir:<span class=\"Apple-converted-space\">&nbsp;<\/span><span class=\"value\" style=\"margin: 0px;padding: 0px;border: 0px;font-family: inherit;font-size: inherit;font-style: inherit;font-weight: bold;line-height: inherit;vertical-align: baseline\"><strong>Papillon<\/strong><\/span><\/p>\n<p class=\"short-details-col__text\" style=\"margin: 0px;padding: 0px;border: 0px;font-family: inherit;font-size: 1.4rem;font-style: inherit;font-weight: inherit;line-height: 2.1rem;vertical-align: baseline\">Fond :<span class=\"Apple-converted-space\">&nbsp;<\/span><span class=\"value\" style=\"margin: 0px;padding: 0px;border: 0px;font-family: inherit;font-size: inherit;font-style: inherit;font-weight: bold;line-height: inherit;vertical-align: baseline\"><strong>Acier inoxydable<\/strong><\/span><\/p>\n<p class=\"short-details-col__text\" style=\"margin: 0px;padding: 0px;border: 0px;font-family: inherit;font-size: 1.4rem;font-style: inherit;font-weight: inherit;line-height: 2.1rem;vertical-align: baseline\">R\u00e9sistant \u00e0 l&#039;eau:<span class=\"Apple-converted-space\">&nbsp;<\/span><span class=\"value\" style=\"margin: 0px;padding: 0px;border: 0px;font-family: inherit;font-size: inherit;font-style: inherit;font-weight: bold;line-height: inherit;vertical-align: baseline\"><strong>30 m\u00e8tres<\/strong><\/span><\/p>\n<p class=\"short-details-col__text\" style=\"margin: 0px;padding: 0px;border: 0px;font-family: inherit;font-size: 1.4rem;font-style: inherit;font-weight: inherit;line-height: 2.1rem;vertical-align: baseline\">Poids:<span class=\"Apple-converted-space\">&nbsp;<\/span><span class=\"value\" style=\"margin: 0px;padding: 0px;border: 0px;font-family: inherit;font-size: inherit;font-style: inherit;font-weight: bold;line-height: inherit;vertical-align: baseline\"><strong>44 grammes<\/strong><\/span><\/p>\n<\/div>\n<div class=\"short-details-col\" style=\"margin: 0px;padding: 0px;border: 0px;font-family: inherit;font-size: inherit;font-style: inherit;font-weight: inherit;line-height: inherit;vertical-align: baseline;width: 199px\">\n<h3 class=\"short-details-col__title\">MOUVEMENT:<\/h3>\n<p class=\"short-details-col__text\" style=\"margin: 0px;padding: 0px;border: 0px;font-family: inherit;font-size: 1.4rem;font-style: inherit;font-weight: inherit;line-height: 2.1rem;vertical-align: baseline\">Quartz<\/p>\n<div class=\"divider\" style=\"margin: 15px 0px;padding: 0px;border: 0px;font-family: inherit;font-size: inherit;font-style: inherit;font-weight: inherit;line-height: inherit;vertical-align: baseline\"><\/div>\n<h3 class=\"short-details-col__title\">CADRAN:<\/h3>\n<p class=\"short-details-col__text\" style=\"margin: 0px;padding: 0px;border: 0px;font-family: inherit;font-size: 1.4rem;font-style: inherit;font-weight: inherit;line-height: 2.1rem;vertical-align: baseline\">Couleur:<span class=\"Apple-converted-space\">&nbsp;<\/span><span class=\"value\" style=\"margin: 0px;padding: 0px;border: 0px;font-family: inherit;font-size: inherit;font-style: inherit;font-weight: bold;line-height: inherit;vertical-align: baseline\"><strong>Ivoire<\/strong><\/span><\/p>\n<p class=\"short-details-col__text\" style=\"margin: 0px;padding: 0px;border: 0px;font-family: inherit;font-size: 1.4rem;font-style: inherit;font-weight: inherit;line-height: 2.1rem;vertical-align: baseline\">Artisanat:<span class=\"Apple-converted-space\">&nbsp;<\/span><span class=\"value\" style=\"margin: 0px;padding: 0px;border: 0px;font-family: inherit;font-size: inherit;font-style: inherit;font-weight: bold;line-height: inherit;vertical-align: baseline\"><strong>Nacre<\/strong><\/span><\/p>\n<div class=\"divider\" style=\"margin: 15px 0px;padding: 0px;border: 0px;font-family: inherit;font-size: inherit;font-style: inherit;font-weight: inherit;line-height: inherit;vertical-align: baseline\"><\/div>\n<h3 class=\"short-details-col__title\">UNE FONCTION:<\/h3>\n<p class=\"short-details-col__text\" style=\"margin: 0px;padding: 0px;border: 0px;font-family: inherit;font-size: 1.4rem;font-style: inherit;font-weight: inherit;line-height: 2.1rem;vertical-align: baseline\">Seconde (centrale), aiguille des heures\/minutes<\/p>\n<div class=\"divider\" style=\"margin: 15px 0px;padding: 0px;border: 0px;font-family: inherit;font-size: inherit;font-style: inherit;font-weight: inherit;line-height: inherit;vertical-align: baseline\"><\/div>\n<h3 class=\"short-details-col__title\">REMARQUE:<\/h3>\n<p class=\"short-details-col__text\" style=\"margin: 0px;padding: 0px;border: 0px;font-family: inherit;font-size: 1.4rem;font-style: inherit;font-weight: inherit;line-height: 2.1rem;vertical-align: baseline\">30 diamants sur le bo\u00eetier<\/p>\n<\/div>\n<\/div>\n<\/div>","protected":false},"excerpt":{"rendered":"<div data-elementor-type=\"wp-post\" data-elementor-id=\"4963\" class=\"elementor elementor-4963\" data-elementor-settings=\"[]\">\n<div class=\"elementor-section-wrap\">\n<section class=\"elementor-section elementor-top-section elementor-element elementor-element-1ab3267 elementor-section-content-middle elementor-section-full_width elementor-hidden-phone elementor-section-height-default elementor-section-height-default wd-section-disabled\" data-id=\"1ab3267\" data-element_type=\"section\" data-settings=\"{\">\n<div class=\"elementor-container elementor-column-gap-no\">\n<div class=\"elementor-column elementor-col-33 elementor-top-column elementor-element elementor-element-1ec0989\" data-id=\"1ec0989\" data-element_type=\"column\">\n<div class=\"elementor-widget-wrap elementor-element-populated\">\n<div class=\"elementor-element elementor-element-64d8526 wd-animation-slide-from-left elementor-widget__width-initial wd-animation-normal wd_delay_100 elementor-widget elementor-widget-image\" data-id=\"64d8526\" data-element_type=\"widget\" data-widget_type=\"image.default\">\n<div class=\"elementor-widget-container\">\n\t\t\t\t\t\t\t\t\t\t\t\t\t\t\t<img decoding=\"async\" width=\"128\" height=\"128\" src=\"https:\/\/www.sophy.ch\/web\/wp-content\/uploads\/2021\/07\/free-delivery.png\" class=\"attachment-large size-large\" alt=\"\" loading=\"lazy\"><\/div>\n<\/div>\n<\/div>\n<\/div>\n<div class=\"elementor-column elementor-col-33 elementor-top-column elementor-element elementor-element-8010f1f\" data-id=\"8010f1f\" data-element_type=\"column\">\n<div class=\"elementor-widget-wrap\"><\/div>\n<\/div>\n<div class=\"elementor-column elementor-col-33 elementor-top-column elementor-element elementor-element-34f3bda\" data-id=\"34f3bda\" data-element_type=\"column\">\n<div class=\"elementor-widget-wrap elementor-element-populated\">\n<div class=\"elementor-element elementor-element-55c181c color-scheme-inherit text-left elementor-widget elementor-widget-text-editor\" data-id=\"55c181c\" data-element_type=\"widget\" data-widget_type=\"text-editor.default\">\n<div class=\"elementor-widget-container\">\n<p><strong>De Livraison Estim\u00e9:<\/strong> Sera exp\u00e9di\u00e9 entre <b>3 <\/b>&amp;<b> 5 <\/b>Journ\u00e9es<\/p>\n<\/div>\n<\/div>\n<\/div>\n<\/div>\n<\/div>\n<\/section>\n<section class=\"elementor-section elementor-top-section elementor-element elementor-element-00eeb2b elementor-section-content-middle elementor-section-full_width elementor-hidden-desktop elementor-hidden-tablet elementor-section-height-default elementor-section-height-default wd-section-disabled\" data-id=\"00eeb2b\" data-element_type=\"section\" data-settings=\"{\">\n<div class=\"elementor-container elementor-column-gap-no\">\n<div class=\"elementor-column elementor-col-100 elementor-top-column elementor-element elementor-element-8611471\" data-id=\"8611471\" data-element_type=\"column\">\n<div class=\"elementor-widget-wrap elementor-element-populated\">\n<div class=\"elementor-element elementor-element-9568cc2 color-scheme-inherit text-left elementor-widget elementor-widget-text-editor\" data-id=\"9568cc2\" data-element_type=\"widget\" data-widget_type=\"text-editor.default\">\n<div class=\"elementor-widget-container\">\n<p><b>D&#039;Exp\u00e9dition Estim\u00e9e:<\/b> entre <b>3 <\/b>&amp;<b> 5 <\/b>Journ\u00e9es<\/p>\n<\/div>\n<\/div>\n<\/div>\n<\/div>\n<\/div>\n<\/section>\n<\/div>\n<\/div>","protected":false},"featured_media":14858,"template":"","meta":[],"product_brand":[],"product_cat":[268],"product_tag":[],"class_list":{"0":"post-14853","1":"product","2":"type-product","3":"status-publish","4":"has-post-thumbnail","6":"product_cat-ladies-watches","8":"first","9":"instock","10":"taxable","11":"shipping-taxable","12":"purchasable","13":"product-type-simple"},"yoast_head":"<!-- This site is optimized with the Yoast SEO Premium plugin v26.9 (Yoast SEO v27.1.1) - https:\/\/yoast.com\/product\/yoast-seo-premium-wordpress\/ -->\n<title>ALLEGRA yellow - Best Price at Sophy Jewellery<\/title>\n<meta name=\"description\" content=\"Sophy Geneva presents you its Iconic, Glamorous Fine jewelry &amp; watches. Discover our fabulous collections, with a possibility to Virtually try on. Let&#039;s shine with the Best Price!\" \/>\n<meta name=\"robots\" content=\"index, follow, max-snippet:-1, max-image-preview:large, max-video-preview:-1\" \/>\n<link rel=\"canonical\" href=\"https:\/\/www.sophy.ch\/fr\/item\/allegra-yellow\/\" \/>\n<meta property=\"og:locale\" content=\"fr_FR\" \/>\n<meta property=\"og:type\" content=\"article\" \/>\n<meta property=\"og:title\" content=\"ALLEGRA yellow - Sophie Jewelry Geneva | Online Store\" \/>\n<meta property=\"og:description\" content=\"Best Price Be Wise | Sophy Geneva presents you its Iconic, Glamorous Fine jewelry &amp; watches. Discover our fabulous collections, with a possibility to Virtually try on. Let&#039;s shine\" \/>\n<meta property=\"og:url\" content=\"https:\/\/www.sophy.ch\/fr\/item\/allegra-yellow\/\" \/>\n<meta property=\"og:site_name\" content=\"Sophie Jewelry Geneva | Online Store\" \/>\n<meta property=\"article:publisher\" content=\"https:\/\/facebook.com\/sophygeneva\" \/>\n<meta property=\"article:modified_time\" content=\"2023-09-14T08:30:42+00:00\" \/>\n<meta property=\"og:image\" content=\"https:\/\/www.sophy.ch\/web\/wp-content\/uploads\/2021\/12\/img_4566-1.png\" \/>\n\t<meta property=\"og:image:width\" content=\"900\" \/>\n\t<meta property=\"og:image:height\" content=\"900\" \/>\n\t<meta property=\"og:image:type\" content=\"image\/png\" \/>\n<meta name=\"twitter:card\" content=\"summary_large_image\" \/>\n<meta name=\"twitter:site\" content=\"@sophygeneva\" \/>\n<meta name=\"twitter:label1\" content=\"Prix\" \/>\n\t<meta name=\"twitter:data1\" content=\"&euro;966 Excl. VAT\" \/>\n\t<meta name=\"twitter:label2\" content=\"Disponibilit\u00e9\" \/>\n\t<meta name=\"twitter:data2\" content=\"En stock\" \/>\n<script type=\"application\/ld+json\" class=\"yoast-schema-graph\">{\"@context\":\"https:\/\/schema.org\",\"@graph\":[{\"@type\":[\"WebPage\",\"ItemPage\"],\"@id\":\"https:\/\/www.sophy.ch\/item\/allegra-yellow\/\",\"url\":\"https:\/\/www.sophy.ch\/item\/allegra-yellow\/\",\"name\":\"ALLEGRA yellow - Best Price at Sophy Jewellery\",\"isPartOf\":{\"@id\":\"https:\/\/www.sophy.ch\/#website\"},\"primaryImageOfPage\":{\"@id\":\"https:\/\/www.sophy.ch\/item\/allegra-yellow\/#primaryimage\"},\"image\":{\"@id\":\"https:\/\/www.sophy.ch\/item\/allegra-yellow\/#primaryimage\"},\"thumbnailUrl\":\"https:\/\/www.sophy.ch\/web\/wp-content\/uploads\/2021\/12\/img_4566-1.png\",\"datePublished\":\"2021-12-11T23:34:44+00:00\",\"dateModified\":\"2023-09-14T08:30:42+00:00\",\"description\":\"Sophy Geneva presents you its Iconic, Glamorous Fine jewelry & watches. Discover our fabulous collections, with a possibility to Virtually try on. Let's shine with the Best Price!\",\"breadcrumb\":{\"@id\":\"https:\/\/www.sophy.ch\/item\/allegra-yellow\/#breadcrumb\"},\"inLanguage\":\"fr-FR\",\"potentialAction\":[{\"@type\":\"ReadAction\",\"target\":[\"https:\/\/www.sophy.ch\/item\/allegra-yellow\/\"]}]},{\"@type\":\"ImageObject\",\"inLanguage\":\"fr-FR\",\"@id\":\"https:\/\/www.sophy.ch\/item\/allegra-yellow\/#primaryimage\",\"url\":\"https:\/\/www.sophy.ch\/web\/wp-content\/uploads\/2021\/12\/img_4566-1.png\",\"contentUrl\":\"https:\/\/www.sophy.ch\/web\/wp-content\/uploads\/2021\/12\/img_4566-1.png\",\"width\":900,\"height\":900},{\"@type\":\"BreadcrumbList\",\"@id\":\"https:\/\/www.sophy.ch\/item\/allegra-yellow\/#breadcrumb\",\"itemListElement\":[{\"@type\":\"ListItem\",\"position\":1,\"name\":\"Home\",\"item\":\"https:\/\/www.sophy.ch\/\"},{\"@type\":\"ListItem\",\"position\":2,\"name\":\"Shop\",\"item\":\"https:\/\/www.sophy.ch\/shop\/\"},{\"@type\":\"ListItem\",\"position\":3,\"name\":\"Watches\",\"item\":\"https:\/\/www.sophy.ch\/el\/products\/watches\/\"},{\"@type\":\"ListItem\",\"position\":4,\"name\":\"Ladies' Watches\",\"item\":\"https:\/\/www.sophy.ch\/es\/products\/watches\/ladies-watches\/\"},{\"@type\":\"ListItem\",\"position\":5,\"name\":\"ALLEGRA yellow\"}]},{\"@type\":\"WebSite\",\"@id\":\"https:\/\/www.sophy.ch\/#website\",\"url\":\"https:\/\/www.sophy.ch\/\",\"name\":\"Sophie Jewelry Geneva | Online Store\",\"description\":\"Swiss Store for Gold, Diamonds &amp; Gems | Best Prices\",\"publisher\":{\"@id\":\"https:\/\/www.sophy.ch\/#organization\"},\"alternateName\":\"Sophy Jewelry\",\"potentialAction\":[{\"@type\":\"SearchAction\",\"target\":{\"@type\":\"EntryPoint\",\"urlTemplate\":\"https:\/\/www.sophy.ch\/?s={search_term_string}\"},\"query-input\":{\"@type\":\"PropertyValueSpecification\",\"valueRequired\":true,\"valueName\":\"search_term_string\"}}],\"inLanguage\":\"fr-FR\"},{\"@type\":\"Organization\",\"@id\":\"https:\/\/www.sophy.ch\/#organization\",\"name\":\"Sophy Geneva Jewellery\",\"alternateName\":\"Sophy Jewelry\",\"url\":\"https:\/\/www.sophy.ch\/\",\"logo\":{\"@type\":\"ImageObject\",\"inLanguage\":\"fr-FR\",\"@id\":\"https:\/\/www.sophy.ch\/#\/schema\/logo\/image\/\",\"url\":\"https:\/\/www.sophy.ch\/web\/wp-content\/uploads\/2021\/06\/sophy-geneva-logo-small-400.png\",\"contentUrl\":\"https:\/\/www.sophy.ch\/web\/wp-content\/uploads\/2021\/06\/sophy-geneva-logo-small-400.png\",\"width\":408,\"height\":408,\"caption\":\"Sophy Geneva Jewellery\"},\"image\":{\"@id\":\"https:\/\/www.sophy.ch\/#\/schema\/logo\/image\/\"},\"sameAs\":[\"https:\/\/facebook.com\/sophygeneva\",\"https:\/\/x.com\/sophygeneva\",\"https:\/\/instagram.com\/sophygeneva\",\"https:\/\/pinterest.com\/sophygeneva\",\"https:\/\/www.youtube.com\/sophygeneva\",\"https:\/\/www.tiktok.com\/@sophygeneva\"],\"hasMerchantReturnPolicy\":{\"@type\":\"MerchantReturnPolicy\",\"merchantReturnLink\":\"https:\/\/www.sophy.ch\/fr\/returns-and-guarantee\/\"}}]}<\/script>\n<meta property=\"product:price:amount\" content=\"966.00\" \/>\n<meta property=\"product:price:currency\" content=\"EUR\" \/>\n<meta property=\"og:availability\" content=\"instock\" \/>\n<meta property=\"product:availability\" content=\"instock\" \/>\n<meta property=\"product:retailer_item_id\" content=\"P0254DQS\" \/>\n<meta property=\"product:condition\" content=\"new\" \/>\n<!-- \/ Yoast SEO Premium plugin. -->","yoast_head_json":{"title":"ALLEGRA jaune - Meilleur prix chez Sophy Jewellery","description":"Sophy Gen\u00e8ve vous pr\u00e9sente sa Haute Joaillerie &amp; Montres Iconiques et Glamours. D\u00e9couvrez nos fabuleuses collections, avec possibilit\u00e9 d&#039;essayer virtuellement. Brillons avec le meilleur prix\u00a0!","robots":{"index":"index","follow":"follow","max-snippet":"max-snippet:-1","max-image-preview":"max-image-preview:large","max-video-preview":"max-video-preview:-1"},"canonical":"https:\/\/www.sophy.ch\/fr\/item\/allegra-yellow\/","og_locale":"fr_FR","og_type":"article","og_title":"ALLEGRA yellow - Sophie Jewelry Geneva | Online Store","og_description":"Best Price Be Wise | Sophy Geneva presents you its Iconic, Glamorous Fine jewelry & watches. Discover our fabulous collections, with a possibility to Virtually try on. Let's shine","og_url":"https:\/\/www.sophy.ch\/fr\/item\/allegra-yellow\/","og_site_name":"Sophie Jewelry Geneva | Online Store","article_publisher":"https:\/\/facebook.com\/sophygeneva","article_modified_time":"2023-09-14T08:30:42+00:00","og_image":[{"width":900,"height":900,"url":"https:\/\/www.sophy.ch\/web\/wp-content\/uploads\/2021\/12\/img_4566-1.png","type":"image\/png"}],"twitter_card":"summary_large_image","twitter_site":"@sophygeneva","twitter_misc":{"Prix":"&euro;966 Excl. VAT","Disponibilit\u00e9":"En stock"},"schema":{"@context":"https:\/\/schema.org","@graph":[{"@type":["WebPage","ItemPage"],"@id":"https:\/\/www.sophy.ch\/item\/allegra-yellow\/","url":"https:\/\/www.sophy.ch\/item\/allegra-yellow\/","name":"ALLEGRA jaune - Meilleur prix chez Sophy Jewellery","isPartOf":{"@id":"https:\/\/www.sophy.ch\/#website"},"primaryImageOfPage":{"@id":"https:\/\/www.sophy.ch\/item\/allegra-yellow\/#primaryimage"},"image":{"@id":"https:\/\/www.sophy.ch\/item\/allegra-yellow\/#primaryimage"},"thumbnailUrl":"https:\/\/www.sophy.ch\/web\/wp-content\/uploads\/2021\/12\/img_4566-1.png","datePublished":"2021-12-11T23:34:44+00:00","dateModified":"2023-09-14T08:30:42+00:00","description":"Sophy Gen\u00e8ve vous pr\u00e9sente sa Haute Joaillerie &amp; Montres Iconiques et Glamours. D\u00e9couvrez nos fabuleuses collections, avec possibilit\u00e9 d&#039;essayer virtuellement. Brillons avec le meilleur prix\u00a0!","breadcrumb":{"@id":"https:\/\/www.sophy.ch\/item\/allegra-yellow\/#breadcrumb"},"inLanguage":"fr-FR","potentialAction":[{"@type":"ReadAction","target":["https:\/\/www.sophy.ch\/item\/allegra-yellow\/"]}]},{"@type":"ImageObject","inLanguage":"fr-FR","@id":"https:\/\/www.sophy.ch\/item\/allegra-yellow\/#primaryimage","url":"https:\/\/www.sophy.ch\/web\/wp-content\/uploads\/2021\/12\/img_4566-1.png","contentUrl":"https:\/\/www.sophy.ch\/web\/wp-content\/uploads\/2021\/12\/img_4566-1.png","width":900,"height":900},{"@type":"BreadcrumbList","@id":"https:\/\/www.sophy.ch\/item\/allegra-yellow\/#breadcrumb","itemListElement":[{"@type":"ListItem","position":1,"name":"Home","item":"https:\/\/www.sophy.ch\/"},{"@type":"ListItem","position":2,"name":"Shop","item":"https:\/\/www.sophy.ch\/shop\/"},{"@type":"ListItem","position":3,"name":"Watches","item":"https:\/\/www.sophy.ch\/el\/products\/watches\/"},{"@type":"ListItem","position":4,"name":"Ladies' Watches","item":"https:\/\/www.sophy.ch\/es\/products\/watches\/ladies-watches\/"},{"@type":"ListItem","position":5,"name":"ALLEGRA yellow"}]},{"@type":"WebSite","@id":"https:\/\/www.sophy.ch\/#website","url":"https:\/\/www.sophy.ch\/","name":"Sophie Jewelry Geneva | Online Store","description":"Swiss Store for Gold, Diamonds &amp; Gems | Best Prices","publisher":{"@id":"https:\/\/www.sophy.ch\/#organization"},"alternateName":"Sophy Jewelry","potentialAction":[{"@type":"SearchAction","target":{"@type":"EntryPoint","urlTemplate":"https:\/\/www.sophy.ch\/?s={search_term_string}"},"query-input":{"@type":"PropertyValueSpecification","valueRequired":true,"valueName":"search_term_string"}}],"inLanguage":"fr-FR"},{"@type":"Organization","@id":"https:\/\/www.sophy.ch\/#organization","name":"Bijoux Sophy Gen\u00e8ve","alternateName":"Sophy Jewelry","url":"https:\/\/www.sophy.ch\/","logo":{"@type":"ImageObject","inLanguage":"fr-FR","@id":"https:\/\/www.sophy.ch\/#\/schema\/logo\/image\/","url":"https:\/\/www.sophy.ch\/web\/wp-content\/uploads\/2021\/06\/sophy-geneva-logo-small-400.png","contentUrl":"https:\/\/www.sophy.ch\/web\/wp-content\/uploads\/2021\/06\/sophy-geneva-logo-small-400.png","width":408,"height":408,"caption":"Sophy Geneva Jewellery"},"image":{"@id":"https:\/\/www.sophy.ch\/#\/schema\/logo\/image\/"},"sameAs":["https:\/\/facebook.com\/sophygeneva","https:\/\/x.com\/sophygeneva","https:\/\/instagram.com\/sophygeneva","https:\/\/pinterest.com\/sophygeneva","https:\/\/www.youtube.com\/sophygeneva","https:\/\/www.tiktok.com\/@sophygeneva"],"hasMerchantReturnPolicy":{"@type":"MerchantReturnPolicy","merchantReturnLink":"https:\/\/www.sophy.ch\/fr\/returns-and-guarantee\/"}}]},"product_price_amount":"966.00","product_price_currency":"EUR","og_availability":"instock","product_availability":"instock","product_retailer_item_id":"P0254DQS","product_condition":"new"},"_links":{"self":[{"href":"https:\/\/www.sophy.ch\/fr\/wp-json\/wp\/v2\/product\/14853","targetHints":{"allow":["GET"]}}],"collection":[{"href":"https:\/\/www.sophy.ch\/fr\/wp-json\/wp\/v2\/product"}],"about":[{"href":"https:\/\/www.sophy.ch\/fr\/wp-json\/wp\/v2\/types\/product"}],"version-history":[{"count":0,"href":"https:\/\/www.sophy.ch\/fr\/wp-json\/wp\/v2\/product\/14853\/revisions"}],"wp:featuredmedia":[{"embeddable":true,"href":"https:\/\/www.sophy.ch\/fr\/wp-json\/wp\/v2\/media\/14858"}],"wp:attachment":[{"href":"https:\/\/www.sophy.ch\/fr\/wp-json\/wp\/v2\/media?parent=14853"}],"wp:term":[{"taxonomy":"product_brand","embeddable":true,"href":"https:\/\/www.sophy.ch\/fr\/wp-json\/wp\/v2\/product_brand?post=14853"},{"taxonomy":"product_cat","embeddable":true,"href":"https:\/\/www.sophy.ch\/fr\/wp-json\/wp\/v2\/product_cat?post=14853"},{"taxonomy":"product_tag","embeddable":true,"href":"https:\/\/www.sophy.ch\/fr\/wp-json\/wp\/v2\/product_tag?post=14853"}],"curies":[{"name":"wp","href":"https:\/\/api.w.org\/{rel}","templated":true}]}}