{"id":14729,"date":"2021-12-10T01:13:30","date_gmt":"2021-12-10T00:13:30","guid":{"rendered":"https:\/\/www.sophy.ch\/en\/item\/etika-vh-1\/"},"modified":"2023-09-14T10:18:35","modified_gmt":"2023-09-14T08:18:35","slug":"etika-vh-1","status":"publish","type":"product","link":"https:\/\/www.sophy.ch\/fr\/item\/etika-vh-1\/","title":{"rendered":"Etika VH-1"},"content":{"rendered":"<table class=\"woocommerce-product-attributes shop_attributes\" style=\"border-collapse: collapse;border-spacing: 0px;margin-bottom: 1.618em;width: 398px;font-family\">\n<tbody>\n<tr class=\"woocommerce-product-attributes-item woocommerce-product-attributes-item--attribute_pa_caseback\">\n<th class=\"woocommerce-product-attributes-item__label\" style=\"padding: 8px;width: auto;font-weight: 700;border-top-width: 0px;border-bottom-width: 1px;border-bottom-style: dotted;margin: 0px;line-height: 1.5;text-align: left\">Fond du bo\u00eetier<\/th>\n<td class=\"woocommerce-product-attributes-item__value\" style=\"padding: 0px;font-style: italic;border-top-width: 0px;border-bottom-width: 1px;border-bottom-style: dotted;margin: 0px;line-height: 1.5\">\n<p style=\"margin: 0px;padding: 8px 0px\">Acier inoxydable<\/p>\n<\/td>\n<\/tr>\n<tr class=\"woocommerce-product-attributes-item woocommerce-product-attributes-item--attribute_pa_dial-colour\">\n<th class=\"woocommerce-product-attributes-item__label\" style=\"padding: 8px;width: auto;font-weight: 700;border-top-width: 0px;border-bottom-width: 1px;border-bottom-style: dotted;margin: 0px;line-height: 1.5;text-align: left\">Couleur du cadran<\/th>\n<td class=\"woocommerce-product-attributes-item__value\" style=\"padding: 0px;font-style: italic;border-top-width: 0px;border-bottom-width: 1px;border-bottom-style: dotted;margin: 0px;line-height: 1.5\">\n<p style=\"margin: 0px;padding: 8px 0px\">Le noir<\/p>\n<\/td>\n<\/tr>\n<tr class=\"woocommerce-product-attributes-item woocommerce-product-attributes-item--attribute_pa_function\">\n<th class=\"woocommerce-product-attributes-item__label\" style=\"padding: 8px;width: auto;font-weight: 700;border-top-width: 0px;border-bottom-width: 1px;border-bottom-style: dotted;margin: 0px;line-height: 1.5;text-align: left\">Une fonction<\/th>\n<td class=\"woocommerce-product-attributes-item__value\" style=\"padding: 0px;font-style: italic;border-top-width: 0px;border-bottom-width: 1px;border-bottom-style: dotted;margin: 0px;line-height: 1.5\">\n<p style=\"margin: 0px;padding: 8px 0px\">Aiguille des secondes \/ des heures \/ des minutes \/ date \/ indicateur 24h<\/p>\n<\/td>\n<\/tr>\n<tr class=\"woocommerce-product-attributes-item woocommerce-product-attributes-item--attribute_pa_glass\">\n<th class=\"woocommerce-product-attributes-item__label\" style=\"padding: 8px;width: auto;font-weight: 700;border-top-width: 0px;border-bottom-width: 1px;border-bottom-style: dotted;margin: 0px;line-height: 1.5;text-align: left\">Verre<\/th>\n<td class=\"woocommerce-product-attributes-item__value\" style=\"padding: 0px;font-style: italic;border-top-width: 0px;border-bottom-width: 1px;border-bottom-style: dotted;margin: 0px;line-height: 1.5\">\n<p style=\"margin: 0px;padding: 8px 0px\">Min\u00e9ral dur<\/p>\n<\/td>\n<\/tr>\n<tr class=\"woocommerce-product-attributes-item woocommerce-product-attributes-item--attribute_pa_male-female\">\n<th class=\"woocommerce-product-attributes-item__label\" style=\"padding: 8px;width: auto;font-weight: 700;border-top-width: 0px;border-bottom-width: 1px;border-bottom-style: dotted;margin: 0px;line-height: 1.5;text-align: left\">Homme Femme<\/th>\n<td class=\"woocommerce-product-attributes-item__value\" style=\"padding: 0px;font-style: italic;border-top-width: 0px;border-bottom-width: 1px;border-bottom-style: dotted;margin: 0px;line-height: 1.5\">\n<p style=\"margin: 0px;padding: 8px 0px\">Homme Femme<\/p>\n<\/td>\n<\/tr>\n<tr class=\"woocommerce-product-attributes-item woocommerce-product-attributes-item--attribute_pa_movement\">\n<th class=\"woocommerce-product-attributes-item__label\" style=\"padding: 8px;width: auto;font-weight: 700;border-top-width: 0px;border-bottom-width: 1px;border-bottom-style: dotted;margin: 0px;line-height: 1.5;text-align: left\">Mouvement<\/th>\n<td class=\"woocommerce-product-attributes-item__value\" style=\"padding: 0px;font-style: italic;border-top-width: 0px;border-bottom-width: 1px;border-bottom-style: dotted;margin: 0px;line-height: 1.5\">\n<p style=\"margin: 0px;padding: 8px 0px\">Quartz<\/p>\n<\/td>\n<\/tr>\n<tr class=\"woocommerce-product-attributes-item woocommerce-product-attributes-item--attribute_pa_watch-case-material\">\n<th class=\"woocommerce-product-attributes-item__label\" style=\"padding: 8px;width: auto;font-weight: 700;border-top-width: 0px;border-bottom-width: 1px;border-bottom-style: dotted;margin: 0px;line-height: 1.5;text-align: left\">Mat\u00e9riau du bo\u00eetier de la montre<\/th>\n<td class=\"woocommerce-product-attributes-item__value\" style=\"padding: 0px;font-style: italic;border-top-width: 0px;border-bottom-width: 1px;border-bottom-style: dotted;margin: 0px;line-height: 1.5\">\n<p style=\"margin: 0px;padding: 8px 0px\">Acier inoxydable \/ PVD or rose<\/p>\n<\/td>\n<\/tr>\n<tr class=\"woocommerce-product-attributes-item woocommerce-product-attributes-item--attribute_pa_watch-case-thickness-mm\">\n<th class=\"woocommerce-product-attributes-item__label\" style=\"padding: 8px;width: auto;font-weight: 700;border-top-width: 0px;border-bottom-width: 1px;border-bottom-style: dotted;margin: 0px;line-height: 1.5;text-align: left\">\u00c9paisseur du bo\u00eetier de la montre (mm)<\/th>\n<td class=\"woocommerce-product-attributes-item__value\" style=\"padding: 0px;font-style: italic;border-top-width: 0px;border-bottom-width: 1px;border-bottom-style: dotted;margin: 0px;line-height: 1.5\">\n<p style=\"margin: 0px;padding: 8px 0px\">11<\/p>\n<\/td>\n<\/tr>\n<tr class=\"woocommerce-product-attributes-item woocommerce-product-attributes-item--attribute_pa_watch-case-width-mm\">\n<th class=\"woocommerce-product-attributes-item__label\" style=\"padding: 8px;width: auto;font-weight: 700;border-top-width: 0px;border-bottom-width: 1px;border-bottom-style: dotted;margin: 0px;line-height: 1.5;text-align: left\">Largeur du bo\u00eetier de la montre (mm)<\/th>\n<td class=\"woocommerce-product-attributes-item__value\" style=\"padding: 0px;font-style: italic;border-top-width: 0px;border-bottom-width: 1px;border-bottom-style: dotted;margin: 0px;line-height: 1.5\">\n<p style=\"margin: 0px;padding: 8px 0px\">42<\/p>\n<\/td>\n<\/tr>\n<tr class=\"woocommerce-product-attributes-item woocommerce-product-attributes-item--attribute_pa_water-resistant-m\">\n<th class=\"woocommerce-product-attributes-item__label\" style=\"padding: 8px;width: auto;font-weight: 700;border-top-width: 0px;border-bottom-width: 1px;border-bottom-style: dotted;margin: 0px;line-height: 1.5;text-align: left\">R\u00e9sistant \u00e0 l&#039;eau (m)<\/th>\n<td class=\"woocommerce-product-attributes-item__value\" style=\"padding: 0px;font-style: italic;border-top-width: 0px;border-bottom-width: 1px;border-bottom-style: dotted;margin: 0px;line-height: 1.5\">\n<p style=\"margin: 0px;padding: 8px 0px\">30m<\/p>\n<\/td>\n<\/tr>\n<tr class=\"woocommerce-product-attributes-item woocommerce-product-attributes-item--attribute_pa_weight-g\">\n<th class=\"woocommerce-product-attributes-item__label\" style=\"padding: 8px;width: auto;font-weight: 700;border-top-width: 0px;border-bottom-width: 1px;border-bottom-style: dotted;margin: 0px;line-height: 1.5;text-align: left\">Poids (g)<\/th>\n<td class=\"woocommerce-product-attributes-item__value\" style=\"padding: 0px;font-style: italic;border-top-width: 0px;border-bottom-width: 1px;border-bottom-style: dotted;margin: 0px;line-height: 1.5\">\n<p style=\"margin: 0px;padding: 8px 0px\">75<\/p>\n<\/td>\n<\/tr>\n<tr class=\"woocommerce-product-attributes-item woocommerce-product-attributes-item--attribute_pa_wristlet\">\n<th class=\"woocommerce-product-attributes-item__label\" style=\"padding: 8px;width: auto;font-weight: 700;border-top-width: 0px;border-bottom-width: 1px;border-bottom-style: dotted;margin: 0px;line-height: 1.5;text-align: left\">Bracelet<\/th>\n<td class=\"woocommerce-product-attributes-item__value\" style=\"padding: 0px;font-style: italic;border-top-width: 0px;border-bottom-width: 1px;border-bottom-style: dotted;margin: 0px;line-height: 1.5\">\n<p style=\"margin: 0px;padding: 8px 0px\">Cuir<\/p>\n<\/td>\n<\/tr>\n<\/tbody>\n<\/table>","protected":false},"excerpt":{"rendered":"<div data-elementor-type=\"wp-post\" data-elementor-id=\"4963\" class=\"elementor elementor-4963\" data-elementor-settings=\"[]\">\n<div class=\"elementor-section-wrap\">\n<section class=\"elementor-section elementor-top-section elementor-element elementor-element-1ab3267 elementor-section-content-middle elementor-section-full_width elementor-hidden-phone elementor-section-height-default elementor-section-height-default wd-section-disabled\" data-id=\"1ab3267\" data-element_type=\"section\" data-settings=\"{\">\n<div class=\"elementor-container elementor-column-gap-no\">\n<div class=\"elementor-column elementor-col-33 elementor-top-column elementor-element elementor-element-1ec0989\" data-id=\"1ec0989\" data-element_type=\"column\">\n<div class=\"elementor-widget-wrap elementor-element-populated\">\n<div class=\"elementor-element elementor-element-64d8526 wd-animation-slide-from-left elementor-widget__width-initial wd-animation-normal wd_delay_100 elementor-widget elementor-widget-image\" data-id=\"64d8526\" data-element_type=\"widget\" data-widget_type=\"image.default\">\n<div class=\"elementor-widget-container\">\n\t\t\t\t\t\t\t\t\t\t\t\t\t\t\t<img decoding=\"async\" width=\"128\" height=\"128\" src=\"https:\/\/www.sophy.ch\/web\/wp-content\/uploads\/2021\/07\/free-delivery.png\" class=\"attachment-large size-large\" alt=\"\" loading=\"lazy\"><\/div>\n<\/div>\n<\/div>\n<\/div>\n<div class=\"elementor-column elementor-col-33 elementor-top-column elementor-element elementor-element-8010f1f\" data-id=\"8010f1f\" data-element_type=\"column\">\n<div class=\"elementor-widget-wrap\"><\/div>\n<\/div>\n<div class=\"elementor-column elementor-col-33 elementor-top-column elementor-element elementor-element-34f3bda\" data-id=\"34f3bda\" data-element_type=\"column\">\n<div class=\"elementor-widget-wrap elementor-element-populated\">\n<div class=\"elementor-element elementor-element-55c181c color-scheme-inherit text-left elementor-widget elementor-widget-text-editor\" data-id=\"55c181c\" data-element_type=\"widget\" data-widget_type=\"text-editor.default\">\n<div class=\"elementor-widget-container\">\n<p><strong>De Livraison Estim\u00e9:<\/strong> Sera exp\u00e9di\u00e9 entre <b>3 <\/b>&amp;<b> 5 <\/b>Journ\u00e9es<\/p>\n<\/div>\n<\/div>\n<\/div>\n<\/div>\n<\/div>\n<\/section>\n<section class=\"elementor-section elementor-top-section elementor-element elementor-element-00eeb2b elementor-section-content-middle elementor-section-full_width elementor-hidden-desktop elementor-hidden-tablet elementor-section-height-default elementor-section-height-default wd-section-disabled\" data-id=\"00eeb2b\" data-element_type=\"section\" data-settings=\"{\">\n<div class=\"elementor-container elementor-column-gap-no\">\n<div class=\"elementor-column elementor-col-100 elementor-top-column elementor-element elementor-element-8611471\" data-id=\"8611471\" data-element_type=\"column\">\n<div class=\"elementor-widget-wrap elementor-element-populated\">\n<div class=\"elementor-element elementor-element-9568cc2 color-scheme-inherit text-left elementor-widget elementor-widget-text-editor\" data-id=\"9568cc2\" data-element_type=\"widget\" data-widget_type=\"text-editor.default\">\n<div class=\"elementor-widget-container\">\n<p><b>D&#039;Exp\u00e9dition Estim\u00e9e:<\/b> entre <b>3 <\/b>&amp;<b> 5 <\/b>Journ\u00e9es<\/p>\n<\/div>\n<\/div>\n<\/div>\n<\/div>\n<\/div>\n<\/section>\n<\/div>\n<\/div>","protected":false},"featured_media":14728,"template":"","meta":[],"product_brand":[],"product_cat":[267],"product_tag":[],"class_list":{"0":"post-14729","1":"product","2":"type-product","3":"status-publish","4":"has-post-thumbnail","6":"product_cat-gentlemen-watches","8":"first","9":"instock","10":"taxable","11":"shipping-taxable","12":"purchasable","13":"product-type-simple"},"yoast_head":"<!-- This site is optimized with the Yoast SEO Premium plugin v26.9 (Yoast SEO v27.1.1) - https:\/\/yoast.com\/product\/yoast-seo-premium-wordpress\/ -->\n<title>Etika VH-1 - Best Price at Sophy Jewellery<\/title>\n<meta name=\"description\" content=\"Sophy Geneva presents you its Iconic, Glamorous Fine jewelry &amp; watches. Discover our fabulous collections, with a possibility to Virtually try on. Let&#039;s shine with the Best Price!\" \/>\n<meta name=\"robots\" content=\"index, follow, max-snippet:-1, max-image-preview:large, max-video-preview:-1\" \/>\n<link rel=\"canonical\" href=\"https:\/\/www.sophy.ch\/fr\/item\/etika-vh-1\/\" \/>\n<meta property=\"og:locale\" content=\"fr_FR\" \/>\n<meta property=\"og:type\" content=\"article\" \/>\n<meta property=\"og:title\" content=\"Etika VH-1 - Sophie Jewelry Geneva | Online Store\" \/>\n<meta property=\"og:description\" content=\"Best Price Be Wise | Sophy Geneva presents you its Iconic, Glamorous Fine jewelry &amp; watches. Discover our fabulous collections, with a possibility to Virtually try on. Let&#039;s shine\" \/>\n<meta property=\"og:url\" content=\"https:\/\/www.sophy.ch\/fr\/item\/etika-vh-1\/\" \/>\n<meta property=\"og:site_name\" content=\"Sophie Jewelry Geneva | Online Store\" \/>\n<meta property=\"article:publisher\" content=\"https:\/\/facebook.com\/sophygeneva\" \/>\n<meta property=\"article:modified_time\" content=\"2023-09-14T08:18:35+00:00\" \/>\n<meta property=\"og:image\" content=\"https:\/\/www.sophy.ch\/web\/wp-content\/uploads\/2021\/12\/img_4513.png\" \/>\n\t<meta property=\"og:image:width\" content=\"428\" \/>\n\t<meta property=\"og:image:height\" content=\"570\" \/>\n\t<meta property=\"og:image:type\" content=\"image\/png\" \/>\n<meta name=\"twitter:card\" content=\"summary_large_image\" \/>\n<meta name=\"twitter:site\" content=\"@sophygeneva\" \/>\n<meta name=\"twitter:label1\" content=\"Prix\" \/>\n\t<meta name=\"twitter:data1\" content=\"&#067;&#072;&#070;&nbsp;390 Excl. VAT\" \/>\n\t<meta name=\"twitter:label2\" content=\"Disponibilit\u00e9\" \/>\n\t<meta name=\"twitter:data2\" content=\"En stock\" \/>\n<script type=\"application\/ld+json\" class=\"yoast-schema-graph\">{\"@context\":\"https:\/\/schema.org\",\"@graph\":[{\"@type\":[\"WebPage\",\"ItemPage\"],\"@id\":\"https:\/\/www.sophy.ch\/item\/etika-vh-1\/\",\"url\":\"https:\/\/www.sophy.ch\/item\/etika-vh-1\/\",\"name\":\"Etika VH-1 - Best Price at Sophy Jewellery\",\"isPartOf\":{\"@id\":\"https:\/\/www.sophy.ch\/#website\"},\"primaryImageOfPage\":{\"@id\":\"https:\/\/www.sophy.ch\/item\/etika-vh-1\/#primaryimage\"},\"image\":{\"@id\":\"https:\/\/www.sophy.ch\/item\/etika-vh-1\/#primaryimage\"},\"thumbnailUrl\":\"https:\/\/www.sophy.ch\/web\/wp-content\/uploads\/2021\/12\/img_4513.png\",\"datePublished\":\"2021-12-10T00:13:30+00:00\",\"dateModified\":\"2023-09-14T08:18:35+00:00\",\"description\":\"Sophy Geneva presents you its Iconic, Glamorous Fine jewelry & watches. Discover our fabulous collections, with a possibility to Virtually try on. Let's shine with the Best Price!\",\"breadcrumb\":{\"@id\":\"https:\/\/www.sophy.ch\/item\/etika-vh-1\/#breadcrumb\"},\"inLanguage\":\"fr-FR\",\"potentialAction\":[{\"@type\":\"ReadAction\",\"target\":[\"https:\/\/www.sophy.ch\/item\/etika-vh-1\/\"]}]},{\"@type\":\"ImageObject\",\"inLanguage\":\"fr-FR\",\"@id\":\"https:\/\/www.sophy.ch\/item\/etika-vh-1\/#primaryimage\",\"url\":\"https:\/\/www.sophy.ch\/web\/wp-content\/uploads\/2021\/12\/img_4513.png\",\"contentUrl\":\"https:\/\/www.sophy.ch\/web\/wp-content\/uploads\/2021\/12\/img_4513.png\",\"width\":428,\"height\":570},{\"@type\":\"BreadcrumbList\",\"@id\":\"https:\/\/www.sophy.ch\/item\/etika-vh-1\/#breadcrumb\",\"itemListElement\":[{\"@type\":\"ListItem\",\"position\":1,\"name\":\"Home\",\"item\":\"https:\/\/www.sophy.ch\/\"},{\"@type\":\"ListItem\",\"position\":2,\"name\":\"Shop\",\"item\":\"https:\/\/www.sophy.ch\/shop\/\"},{\"@type\":\"ListItem\",\"position\":3,\"name\":\"Watches\",\"item\":\"https:\/\/www.sophy.ch\/el\/products\/watches\/\"},{\"@type\":\"ListItem\",\"position\":4,\"name\":\"Gentlemen's Watches\",\"item\":\"https:\/\/www.sophy.ch\/el\/products\/watches\/gentlemen-watches\/\"},{\"@type\":\"ListItem\",\"position\":5,\"name\":\"Etika VH-1\"}]},{\"@type\":\"WebSite\",\"@id\":\"https:\/\/www.sophy.ch\/#website\",\"url\":\"https:\/\/www.sophy.ch\/\",\"name\":\"Sophie Jewelry Geneva | Online Store\",\"description\":\"Swiss Store for Gold, Diamonds &amp; Gems | Best Prices\",\"publisher\":{\"@id\":\"https:\/\/www.sophy.ch\/#organization\"},\"alternateName\":\"Sophy Jewelry\",\"potentialAction\":[{\"@type\":\"SearchAction\",\"target\":{\"@type\":\"EntryPoint\",\"urlTemplate\":\"https:\/\/www.sophy.ch\/?s={search_term_string}\"},\"query-input\":{\"@type\":\"PropertyValueSpecification\",\"valueRequired\":true,\"valueName\":\"search_term_string\"}}],\"inLanguage\":\"fr-FR\"},{\"@type\":\"Organization\",\"@id\":\"https:\/\/www.sophy.ch\/#organization\",\"name\":\"Sophy Geneva Jewellery\",\"alternateName\":\"Sophy Jewelry\",\"url\":\"https:\/\/www.sophy.ch\/\",\"logo\":{\"@type\":\"ImageObject\",\"inLanguage\":\"fr-FR\",\"@id\":\"https:\/\/www.sophy.ch\/#\/schema\/logo\/image\/\",\"url\":\"https:\/\/www.sophy.ch\/web\/wp-content\/uploads\/2021\/06\/sophy-geneva-logo-small-400.png\",\"contentUrl\":\"https:\/\/www.sophy.ch\/web\/wp-content\/uploads\/2021\/06\/sophy-geneva-logo-small-400.png\",\"width\":408,\"height\":408,\"caption\":\"Sophy Geneva Jewellery\"},\"image\":{\"@id\":\"https:\/\/www.sophy.ch\/#\/schema\/logo\/image\/\"},\"sameAs\":[\"https:\/\/facebook.com\/sophygeneva\",\"https:\/\/x.com\/sophygeneva\",\"https:\/\/instagram.com\/sophygeneva\",\"https:\/\/pinterest.com\/sophygeneva\",\"https:\/\/www.youtube.com\/sophygeneva\",\"https:\/\/www.tiktok.com\/@sophygeneva\"],\"hasMerchantReturnPolicy\":{\"@type\":\"MerchantReturnPolicy\",\"merchantReturnLink\":\"https:\/\/www.sophy.ch\/fr\/returns-and-guarantee\/\"}}]}<\/script>\n<meta property=\"product:price:amount\" content=\"390.00\" \/>\n<meta property=\"product:price:currency\" content=\"CHF\" \/>\n<meta property=\"og:availability\" content=\"instock\" \/>\n<meta property=\"product:availability\" content=\"instock\" \/>\n<meta property=\"product:retailer_item_id\" content=\"VH-1\" \/>\n<meta property=\"product:condition\" content=\"new\" \/>\n<!-- \/ Yoast SEO Premium plugin. -->","yoast_head_json":{"title":"Etika VH-1 - Meilleur prix chez Sophy Jewellery","description":"Sophy Gen\u00e8ve vous pr\u00e9sente sa Haute Joaillerie &amp; Montres Iconiques et Glamours. D\u00e9couvrez nos fabuleuses collections, avec possibilit\u00e9 d&#039;essayer virtuellement. Brillons avec le meilleur prix\u00a0!","robots":{"index":"index","follow":"follow","max-snippet":"max-snippet:-1","max-image-preview":"max-image-preview:large","max-video-preview":"max-video-preview:-1"},"canonical":"https:\/\/www.sophy.ch\/fr\/item\/etika-vh-1\/","og_locale":"fr_FR","og_type":"article","og_title":"Etika VH-1 - Sophie Jewelry Geneva | Online Store","og_description":"Best Price Be Wise | Sophy Geneva presents you its Iconic, Glamorous Fine jewelry & watches. Discover our fabulous collections, with a possibility to Virtually try on. Let's shine","og_url":"https:\/\/www.sophy.ch\/fr\/item\/etika-vh-1\/","og_site_name":"Sophie Jewelry Geneva | Online Store","article_publisher":"https:\/\/facebook.com\/sophygeneva","article_modified_time":"2023-09-14T08:18:35+00:00","og_image":[{"width":428,"height":570,"url":"https:\/\/www.sophy.ch\/web\/wp-content\/uploads\/2021\/12\/img_4513.png","type":"image\/png"}],"twitter_card":"summary_large_image","twitter_site":"@sophygeneva","twitter_misc":{"Prix":"&#67;&#72;&#70;&nbsp;390 Excl. VAT","Disponibilit\u00e9":"En stock"},"schema":{"@context":"https:\/\/schema.org","@graph":[{"@type":["WebPage","ItemPage"],"@id":"https:\/\/www.sophy.ch\/item\/etika-vh-1\/","url":"https:\/\/www.sophy.ch\/item\/etika-vh-1\/","name":"Etika VH-1 - Meilleur prix chez Sophy Jewellery","isPartOf":{"@id":"https:\/\/www.sophy.ch\/#website"},"primaryImageOfPage":{"@id":"https:\/\/www.sophy.ch\/item\/etika-vh-1\/#primaryimage"},"image":{"@id":"https:\/\/www.sophy.ch\/item\/etika-vh-1\/#primaryimage"},"thumbnailUrl":"https:\/\/www.sophy.ch\/web\/wp-content\/uploads\/2021\/12\/img_4513.png","datePublished":"2021-12-10T00:13:30+00:00","dateModified":"2023-09-14T08:18:35+00:00","description":"Sophy Gen\u00e8ve vous pr\u00e9sente sa Haute Joaillerie &amp; Montres Iconiques et Glamours. D\u00e9couvrez nos fabuleuses collections, avec possibilit\u00e9 d&#039;essayer virtuellement. Brillons avec le meilleur prix\u00a0!","breadcrumb":{"@id":"https:\/\/www.sophy.ch\/item\/etika-vh-1\/#breadcrumb"},"inLanguage":"fr-FR","potentialAction":[{"@type":"ReadAction","target":["https:\/\/www.sophy.ch\/item\/etika-vh-1\/"]}]},{"@type":"ImageObject","inLanguage":"fr-FR","@id":"https:\/\/www.sophy.ch\/item\/etika-vh-1\/#primaryimage","url":"https:\/\/www.sophy.ch\/web\/wp-content\/uploads\/2021\/12\/img_4513.png","contentUrl":"https:\/\/www.sophy.ch\/web\/wp-content\/uploads\/2021\/12\/img_4513.png","width":428,"height":570},{"@type":"BreadcrumbList","@id":"https:\/\/www.sophy.ch\/item\/etika-vh-1\/#breadcrumb","itemListElement":[{"@type":"ListItem","position":1,"name":"Home","item":"https:\/\/www.sophy.ch\/"},{"@type":"ListItem","position":2,"name":"Shop","item":"https:\/\/www.sophy.ch\/shop\/"},{"@type":"ListItem","position":3,"name":"Watches","item":"https:\/\/www.sophy.ch\/el\/products\/watches\/"},{"@type":"ListItem","position":4,"name":"Gentlemen's Watches","item":"https:\/\/www.sophy.ch\/el\/products\/watches\/gentlemen-watches\/"},{"@type":"ListItem","position":5,"name":"Etika VH-1"}]},{"@type":"WebSite","@id":"https:\/\/www.sophy.ch\/#website","url":"https:\/\/www.sophy.ch\/","name":"Sophie Jewelry Geneva | Online Store","description":"Swiss Store for Gold, Diamonds &amp; Gems | Best Prices","publisher":{"@id":"https:\/\/www.sophy.ch\/#organization"},"alternateName":"Sophy Jewelry","potentialAction":[{"@type":"SearchAction","target":{"@type":"EntryPoint","urlTemplate":"https:\/\/www.sophy.ch\/?s={search_term_string}"},"query-input":{"@type":"PropertyValueSpecification","valueRequired":true,"valueName":"search_term_string"}}],"inLanguage":"fr-FR"},{"@type":"Organization","@id":"https:\/\/www.sophy.ch\/#organization","name":"Bijoux Sophy Gen\u00e8ve","alternateName":"Sophy Jewelry","url":"https:\/\/www.sophy.ch\/","logo":{"@type":"ImageObject","inLanguage":"fr-FR","@id":"https:\/\/www.sophy.ch\/#\/schema\/logo\/image\/","url":"https:\/\/www.sophy.ch\/web\/wp-content\/uploads\/2021\/06\/sophy-geneva-logo-small-400.png","contentUrl":"https:\/\/www.sophy.ch\/web\/wp-content\/uploads\/2021\/06\/sophy-geneva-logo-small-400.png","width":408,"height":408,"caption":"Sophy Geneva Jewellery"},"image":{"@id":"https:\/\/www.sophy.ch\/#\/schema\/logo\/image\/"},"sameAs":["https:\/\/facebook.com\/sophygeneva","https:\/\/x.com\/sophygeneva","https:\/\/instagram.com\/sophygeneva","https:\/\/pinterest.com\/sophygeneva","https:\/\/www.youtube.com\/sophygeneva","https:\/\/www.tiktok.com\/@sophygeneva"],"hasMerchantReturnPolicy":{"@type":"MerchantReturnPolicy","merchantReturnLink":"https:\/\/www.sophy.ch\/fr\/returns-and-guarantee\/"}}]},"product_price_amount":"390.00","product_price_currency":"CHF","og_availability":"instock","product_availability":"instock","product_retailer_item_id":"VH-1","product_condition":"new"},"_links":{"self":[{"href":"https:\/\/www.sophy.ch\/fr\/wp-json\/wp\/v2\/product\/14729","targetHints":{"allow":["GET"]}}],"collection":[{"href":"https:\/\/www.sophy.ch\/fr\/wp-json\/wp\/v2\/product"}],"about":[{"href":"https:\/\/www.sophy.ch\/fr\/wp-json\/wp\/v2\/types\/product"}],"version-history":[{"count":0,"href":"https:\/\/www.sophy.ch\/fr\/wp-json\/wp\/v2\/product\/14729\/revisions"}],"wp:featuredmedia":[{"embeddable":true,"href":"https:\/\/www.sophy.ch\/fr\/wp-json\/wp\/v2\/media\/14728"}],"wp:attachment":[{"href":"https:\/\/www.sophy.ch\/fr\/wp-json\/wp\/v2\/media?parent=14729"}],"wp:term":[{"taxonomy":"product_brand","embeddable":true,"href":"https:\/\/www.sophy.ch\/fr\/wp-json\/wp\/v2\/product_brand?post=14729"},{"taxonomy":"product_cat","embeddable":true,"href":"https:\/\/www.sophy.ch\/fr\/wp-json\/wp\/v2\/product_cat?post=14729"},{"taxonomy":"product_tag","embeddable":true,"href":"https:\/\/www.sophy.ch\/fr\/wp-json\/wp\/v2\/product_tag?post=14729"}],"curies":[{"name":"wp","href":"https:\/\/api.w.org\/{rel}","templated":true}]}}