{"id":3,"date":"2021-05-11T14:32:44","date_gmt":"2021-05-11T14:32:44","guid":{"rendered":"http:\/\/sophy.ch\/web\/?page_id=3"},"modified":"2021-07-15T07:07:09","modified_gmt":"2021-07-15T05:07:09","slug":"privacy-policy","status":"publish","type":"page","link":"https:\/\/www.sophy.ch\/fr\/privacy-policy\/","title":{"rendered":"Politique De Confidentialit\u00e9"},"content":{"rendered":"<h1 class=\"wp-block-heading\">Politique du site Web\u00a0:<\/h1>\n<h2>Qui nous sommes<\/h2>\n\n\n\n<p>L&#039;adresse de notre site Internet est : http:\/\/sophy.ch\/<\/p>\n\n\n\n<h2 class=\"wp-block-heading\">commentaires<\/h2>\n\n\n\n<p><strong>Habituellement, le syst\u00e8me de commentaires est ferm\u00e9. Cependant, et juste au cas o\u00f9, <\/strong>lorsque les visiteurs laissent des commentaires sur le site, nous collectons les donn\u00e9es affich\u00e9es dans le formulaire de commentaires, ainsi que l&#039;adresse IP du visiteur et la cha\u00eene de l&#039;agent utilisateur du navigateur pour aider \u00e0 la d\u00e9tection du spam.<\/p>\n\n\n\n<p>Une cha\u00eene anonymis\u00e9e cr\u00e9\u00e9e \u00e0 partir de votre adresse e-mail (\u00e9galement appel\u00e9e hachage) peut \u00eatre fournie au service Gravatar pour voir si vous l&#039;utilisez. La politique de confidentialit\u00e9 du service Gravatar est disponible ici : https:\/\/automattic.com\/privacy\/. Apr\u00e8s validation de votre commentaire, votre photo de profil est visible publiquement \u00e0 cot\u00e9 de votre commentaire.<\/p>\n\n\n\n<h2 class=\"wp-block-heading\">M\u00e9dias<\/h2>\n\n\n\n<p>Si vous t\u00e9l\u00e9chargez des images sur le site Web, vous devez \u00e9viter de t\u00e9l\u00e9charger des images avec des donn\u00e9es de localisation int\u00e9gr\u00e9es (EXIF GPS) incluses. Les visiteurs du site Web peuvent t\u00e9l\u00e9charger et extraire toutes les donn\u00e9es de localisation des images sur le site Web.<\/p>\n\n\n\n<h2 class=\"wp-block-heading\">Biscuits<\/h2>\n\n\n\n<p>Si vous laissez un commentaire sur notre site, vous pouvez choisir d&#039;enregistrer votre nom, votre adresse e-mail et votre site Web dans les cookies. Ceux-ci sont pour votre commodit\u00e9 afin que vous n&#039;ayez pas \u00e0 ressaisir vos coordonn\u00e9es lorsque vous laissez un autre commentaire. Ces cookies dureront un an.<\/p>\n\n\n\n<p>Si vous visitez notre page de connexion, nous d\u00e9finirons un cookie temporaire pour d\u00e9terminer si votre navigateur accepte les cookies. Ce cookie ne contient aucune donn\u00e9e personnelle et est supprim\u00e9 lorsque vous fermez votre navigateur.<\/p>\n\n\n\n<p>Lors de votre connexion, nous mettrons \u00e9galement en place plusieurs cookies pour enregistrer vos informations de connexion et vos choix d&#039;affichage \u00e0 l&#039;\u00e9cran. Les cookies de connexion durent deux jours et les cookies d&#039;options d&#039;\u00e9cran durent un an. Si vous s\u00e9lectionnez \u00ab\u00a0Se souvenir de moi\u00a0\u00bb, votre connexion persistera pendant deux semaines. Si vous vous d\u00e9connectez de votre compte, les cookies de connexion seront supprim\u00e9s.<\/p>\n\n\n\n<p>Si vous modifiez ou publiez un article, un cookie suppl\u00e9mentaire sera enregistr\u00e9 dans votre navigateur. Ce cookie ne contient aucune donn\u00e9e personnelle et indique simplement l&#039;ID de publication de l&#039;article que vous venez de modifier. Il expire apr\u00e8s 1 jour.<\/p>\n\n\n\n<h2 class=\"wp-block-heading\">Contenu int\u00e9gr\u00e9 provenant d&#039;autres sites Web<\/h2>\n\n\n\n<p>Les articles de ce site peuvent inclure des contenus int\u00e9gr\u00e9s (par exemple des vid\u00e9os, images, articles, etc.). Le contenu int\u00e9gr\u00e9 d&#039;autres sites Web se comporte exactement de la m\u00eame mani\u00e8re que si le visiteur avait visit\u00e9 l&#039;autre site Web.<\/p>\n\n\n\n<p>Ces sites Web peuvent collecter des donn\u00e9es vous concernant, utiliser des cookies, int\u00e9grer un suivi tiers suppl\u00e9mentaire et surveiller votre interaction avec ce contenu int\u00e9gr\u00e9, y compris le suivi de votre interaction avec le contenu int\u00e9gr\u00e9 si vous avez un compte et \u00eates connect\u00e9 \u00e0 ce site Web.<\/p>\n\n\n\n<h2 class=\"wp-block-heading\">Avec qui partageons-nous vos donn\u00e9es<\/h2>\n\n\n\n<p>Si vous demandez une r\u00e9initialisation de mot de passe, votre adresse IP sera incluse dans l&#039;e-mail de r\u00e9initialisation.<\/p>\n\n\n\n<h2 class=\"wp-block-heading\">Combien de temps conservons-nous vos donn\u00e9es<\/h2>\n\n\n\n<p>Si vous laissez un commentaire, le commentaire et ses m\u00e9tadonn\u00e9es sont conserv\u00e9s ind\u00e9finiment. C&#039;est ainsi que nous pouvons reconna\u00eetre et approuver automatiquement tous les commentaires de suivi au lieu de les maintenir dans une file d&#039;attente de mod\u00e9ration.<\/p>\n\n\n\n<p>Pour les utilisateurs qui s&#039;inscrivent sur notre site Web (le cas \u00e9ch\u00e9ant), nous stockons \u00e9galement les informations personnelles qu&#039;ils fournissent dans leur profil d&#039;utilisateur. Tous les utilisateurs peuvent voir, modifier ou supprimer leurs informations personnelles \u00e0 tout moment (sauf qu&#039;ils ne peuvent pas changer leur nom d&#039;utilisateur). Les administrateurs de sites Web peuvent \u00e9galement voir et modifier ces informations.<\/p>\n\n\n\n<h2 class=\"wp-block-heading\">Quels droits vous avez sur vos donn\u00e9es<\/h2>\n\n\n\n<p>Si vous avez un compte sur ce site, ou avez laiss\u00e9 des commentaires, vous pouvez demander \u00e0 recevoir un fichier export\u00e9 des donn\u00e9es personnelles que nous d\u00e9tenons \u00e0 votre sujet, y compris toutes les donn\u00e9es que vous nous avez fournies. Vous pouvez \u00e9galement demander que nous supprimions toutes les donn\u00e9es personnelles que nous d\u00e9tenons \u00e0 votre sujet. Cela n&#039;inclut pas les donn\u00e9es que nous sommes oblig\u00e9s de conserver \u00e0 des fins administratives, juridiques ou de s\u00e9curit\u00e9.<\/p>\n\n\n\n<h2 class=\"wp-block-heading\">O\u00f9 nous envoyons vos donn\u00e9es<\/h2>\n\n\n\n<p><p>Les commentaires des visiteurs peuvent \u00eatre v\u00e9rifi\u00e9s via un service automatis\u00e9 de d\u00e9tection de spam.<\/p>\n<h1>Politique de recherche\u00a0:<\/h1>\n<h2>Quelles donn\u00e9es personnelles nous collectons et pourquoi nous les collectons<\/h2>\n<h3>Adresse IP pour les recherches<\/h3>\n<p>Toutes les recherches effectu\u00e9es \u00e0 l&#039;aide de la recherche interne du site sont enregistr\u00e9es dans la base de donn\u00e9es, y compris les informations suivantes\u00a0: la requ\u00eate de recherche, le nombre de r\u00e9sultats trouv\u00e9s, l&#039;ID utilisateur pour les utilisateurs connect\u00e9s, la date et l&#039;heure et l&#039;adresse IP. L&#039;adresse IP est stock\u00e9e \u00e0 des fins de s\u00e9curit\u00e9 et d&#039;audit.<\/p>\n<h2>Combien de temps conservons-nous vos donn\u00e9es<\/h2>\n<p>Les journaux de recherche sont stock\u00e9s pendant 90 jours avant d&#039;\u00eatre automatiquement supprim\u00e9s.<\/p>\n<h1>Politique du magasin\u00a0:<\/h1>\n<p>Nous collectons des informations vous concernant lors du processus de paiement sur notre boutique.<\/p>\n<h2>Ce que nous collectons et stockons<\/h2>\n<p>Pendant que vous visitez notre site, nous suivrons :<\/p>\n<ul>\n<li>Produits que vous avez consult\u00e9s\u00a0: nous l&#039;utiliserons pour, par exemple, vous montrer les produits que vous avez r\u00e9cemment consult\u00e9s<\/li>\n<li>Emplacement, adresse IP et type de navigateur\u00a0: nous les utiliserons \u00e0 des fins telles que l&#039;estimation des taxes et la livraison<\/li>\n<li>Adresse de livraison : nous vous demanderons de l&#039;entrer afin que nous puissions, par exemple, estimer l&#039;exp\u00e9dition avant de passer une commande, et vous envoyer la commande !<\/li>\n<\/ul>\n<p>Nous utiliserons \u00e9galement des cookies pour garder une trace du contenu du panier pendant que vous naviguez sur notre site.<\/p>\n<p>Lorsque vous achetez chez nous, nous vous demanderons de fournir des informations, notamment votre nom, votre adresse de facturation, votre adresse de livraison, votre adresse e-mail, votre num\u00e9ro de t\u00e9l\u00e9phone, vos informations de carte de cr\u00e9dit\/de paiement et des informations de compte facultatives telles que le nom d&#039;utilisateur et le mot de passe. Nous utiliserons ces informations \u00e0 des fins telles que\u00a0:<\/p>\n<ul>\n<li>Vous envoyer des informations sur votre compte et votre commande<\/li>\n<li>R\u00e9pondre \u00e0 vos demandes, y compris les remboursements et les r\u00e9clamations<\/li>\n<li>Traiter les paiements et pr\u00e9venir la fraude<\/li>\n<li>Configurez votre compte pour notre magasin<\/li>\n<li>Se conformer \u00e0 toutes les obligations l\u00e9gales que nous avons, telles que le calcul des taxes<\/li>\n<li>Am\u00e9liorer nos offres en magasin<\/li>\n<li>Vous envoyer des messages marketing, si vous choisissez de les recevoir<\/li>\n<\/ul>\n<p>Si vous cr\u00e9ez un compte, nous conserverons votre nom, votre adresse, votre adresse e-mail et votre num\u00e9ro de t\u00e9l\u00e9phone, qui seront utilis\u00e9s pour remplir la caisse pour les commandes futures.<\/p>\n<p>Nous stockons g\u00e9n\u00e9ralement des informations vous concernant aussi longtemps que nous en avons besoin aux fins pour lesquelles nous les collectons et les utilisons, et nous ne sommes pas l\u00e9galement tenus de continuer \u00e0 les conserver. Par exemple, nous conserverons les informations de commande pendant 11 ans \u00e0 des fins fiscales et comptables. Cela inclut votre nom, votre adresse e-mail et vos adresses de facturation et de livraison.<\/p>\n<p>Nous stockerons \u00e9galement des commentaires ou des critiques, si vous choisissez de les laisser.<\/p>\n<h2>Qui dans notre \u00e9quipe a acc\u00e8s<\/h2>\n<p>Les membres de notre \u00e9quipe ont acc\u00e8s aux informations que vous nous fournissez. Par exemple, les administrateurs et les responsables de boutique peuvent acc\u00e9der \u00e0\u00a0:<\/p>\n<ul>\n<li>Des informations de commande telles que ce qui a \u00e9t\u00e9 achet\u00e9, quand il a \u00e9t\u00e9 achet\u00e9 et o\u00f9 il doit \u00eatre envoy\u00e9, et<\/li>\n<li>Les informations client telles que votre nom, votre adresse e-mail et vos informations de facturation et d&#039;exp\u00e9dition.<\/li>\n<\/ul>\n<p>Les membres de notre \u00e9quipe ont acc\u00e8s \u00e0 ces informations pour aider \u00e0 traiter les commandes, traiter les remboursements et vous aider.<\/p>\n<h2>Ce que nous partageons avec les autres<\/h2>\n<p>Nous partageons des informations avec des tiers qui nous aident \u00e0 vous fournir nos commandes et nos services de stockage\u00a0; par exemple -<br>Google<br>Facebook<br>Pay Pal<br>Bande<br>etc.<\/p>\n<h3>Paiements<\/h3>\n<p>En plus du virement bancaire, nous acceptons les paiements via et stripe. Lors du traitement des paiements, certaines de vos donn\u00e9es seront transmises \u00e0 PayPal ou \u00e0 Stripe, y compris les informations requises pour traiter ou prendre en charge le paiement, telles que le total de l&#039;achat et les informations de facturation.<\/p>\n<p>S&#039;il vous pla\u00eet voir le&nbsp;<a href=\"https:\/\/www.paypal.com\/us\/webapps\/mpp\/ua\/privacy-full\">Pay Pal<\/a> &amp; <a href=\"https:\/\/stripe.com\/gb\/privacy\">Bande<\/a> Politique de confidentialit\u00e9 pour plus de d\u00e9tails.<\/p><\/p>","protected":false},"excerpt":{"rendered":"<p>Politique du site Web : Qui nous sommes L&#039;adresse de notre site Web est : http:\/\/sophy.ch\/ Commentaires Habituellement, le syst\u00e8me de commentaires est ferm\u00e9. Cependant, et juste en<\/p>","protected":false},"author":1,"featured_media":0,"parent":0,"menu_order":0,"comment_status":"closed","ping_status":"open","template":"","meta":{"footnotes":""},"class_list":["post-3","page","type-page","status-publish","hentry"],"yoast_head":"<!-- This site is optimized with the Yoast SEO Premium plugin v26.9 (Yoast SEO v27.1.1) - https:\/\/yoast.com\/product\/yoast-seo-premium-wordpress\/ -->\n<title>Privacy Policy - Sophie Jewelry Geneva | Online Store<\/title>\n<meta name=\"robots\" content=\"index, follow, max-snippet:-1, max-image-preview:large, max-video-preview:-1\" \/>\n<link rel=\"canonical\" href=\"http:\/\/www.sophy.ch\/fr\/nl\/privacy-policy\/\" \/>\n<meta property=\"og:locale\" content=\"fr_FR\" \/>\n<meta property=\"og:type\" content=\"article\" \/>\n<meta property=\"og:title\" content=\"Privacy Policy - Sophie Jewelry Geneva | Online Store\" \/>\n<meta property=\"og:description\" content=\"Website Policy: Who we are Our website address is: http:\/\/sophy.ch\/ Comments Usually, comments system is closed. However, and just in\" \/>\n<meta property=\"og:url\" content=\"http:\/\/www.sophy.ch\/fr\/nl\/privacy-policy\/\" \/>\n<meta property=\"og:site_name\" content=\"Sophie Jewelry Geneva | Online Store\" \/>\n<meta property=\"article:publisher\" content=\"https:\/\/facebook.com\/sophygeneva\" \/>\n<meta property=\"article:modified_time\" content=\"2021-07-15T05:07:09+00:00\" \/>\n<meta property=\"og:image\" content=\"https:\/\/www.sophy.ch\/web\/wp-content\/uploads\/2021\/11\/Sophy-Geneva-Social-Share-logo.png\" \/>\n\t<meta property=\"og:image:width\" content=\"1200\" \/>\n\t<meta property=\"og:image:height\" content=\"630\" \/>\n\t<meta property=\"og:image:type\" content=\"image\/png\" \/>\n<meta name=\"twitter:card\" content=\"summary_large_image\" \/>\n<meta name=\"twitter:site\" content=\"@sophygeneva\" \/>\n<meta name=\"twitter:label1\" content=\"Dur\u00e9e de lecture estim\u00e9e\" \/>\n\t<meta name=\"twitter:data1\" content=\"5 minutes\" \/>\n<script type=\"application\/ld+json\" class=\"yoast-schema-graph\">{\"@context\":\"https:\/\/schema.org\",\"@graph\":[{\"@type\":\"WebPage\",\"@id\":\"http:\/\/www.sophy.ch\/nl\/privacy-policy\/\",\"url\":\"http:\/\/www.sophy.ch\/nl\/privacy-policy\/\",\"name\":\"Privacy Policy - Sophie Jewelry Geneva | Online Store\",\"isPartOf\":{\"@id\":\"https:\/\/www.sophy.ch\/#website\"},\"datePublished\":\"2021-05-11T14:32:44+00:00\",\"dateModified\":\"2021-07-15T05:07:09+00:00\",\"breadcrumb\":{\"@id\":\"http:\/\/www.sophy.ch\/nl\/privacy-policy\/#breadcrumb\"},\"inLanguage\":\"fr-FR\",\"potentialAction\":[{\"@type\":\"ReadAction\",\"target\":[\"http:\/\/www.sophy.ch\/nl\/privacy-policy\/\"]}]},{\"@type\":\"BreadcrumbList\",\"@id\":\"http:\/\/www.sophy.ch\/nl\/privacy-policy\/#breadcrumb\",\"itemListElement\":[{\"@type\":\"ListItem\",\"position\":1,\"name\":\"Home\",\"item\":\"https:\/\/www.sophy.ch\/\"},{\"@type\":\"ListItem\",\"position\":2,\"name\":\"Privacy Policy\"}]},{\"@type\":\"WebSite\",\"@id\":\"https:\/\/www.sophy.ch\/#website\",\"url\":\"https:\/\/www.sophy.ch\/\",\"name\":\"Sophie Jewelry Geneva | Online Store\",\"description\":\"Swiss Store for Gold, Diamonds &amp; Gems | Best Prices\",\"publisher\":{\"@id\":\"https:\/\/www.sophy.ch\/#organization\"},\"alternateName\":\"Sophy Jewelry\",\"potentialAction\":[{\"@type\":\"SearchAction\",\"target\":{\"@type\":\"EntryPoint\",\"urlTemplate\":\"https:\/\/www.sophy.ch\/?s={search_term_string}\"},\"query-input\":{\"@type\":\"PropertyValueSpecification\",\"valueRequired\":true,\"valueName\":\"search_term_string\"}}],\"inLanguage\":\"fr-FR\"},{\"@type\":\"Organization\",\"@id\":\"https:\/\/www.sophy.ch\/#organization\",\"name\":\"Sophy Geneva Jewellery\",\"alternateName\":\"Sophy Jewelry\",\"url\":\"https:\/\/www.sophy.ch\/\",\"logo\":{\"@type\":\"ImageObject\",\"inLanguage\":\"fr-FR\",\"@id\":\"https:\/\/www.sophy.ch\/#\/schema\/logo\/image\/\",\"url\":\"https:\/\/www.sophy.ch\/web\/wp-content\/uploads\/2021\/06\/sophy-geneva-logo-small-400.png\",\"contentUrl\":\"https:\/\/www.sophy.ch\/web\/wp-content\/uploads\/2021\/06\/sophy-geneva-logo-small-400.png\",\"width\":408,\"height\":408,\"caption\":\"Sophy Geneva Jewellery\"},\"image\":{\"@id\":\"https:\/\/www.sophy.ch\/#\/schema\/logo\/image\/\"},\"sameAs\":[\"https:\/\/facebook.com\/sophygeneva\",\"https:\/\/x.com\/sophygeneva\",\"https:\/\/instagram.com\/sophygeneva\",\"https:\/\/pinterest.com\/sophygeneva\",\"https:\/\/www.youtube.com\/sophygeneva\",\"https:\/\/www.tiktok.com\/@sophygeneva\"],\"hasMerchantReturnPolicy\":{\"@type\":\"MerchantReturnPolicy\",\"merchantReturnLink\":\"https:\/\/www.sophy.ch\/fr\/returns-and-guarantee\/\"}}]}<\/script>\n<!-- \/ Yoast SEO Premium plugin. -->","yoast_head_json":{"title":"Privacy Policy - Sophie Jewelry Geneva | Online Store","robots":{"index":"index","follow":"follow","max-snippet":"max-snippet:-1","max-image-preview":"max-image-preview:large","max-video-preview":"max-video-preview:-1"},"canonical":"http:\/\/www.sophy.ch\/fr\/nl\/privacy-policy\/","og_locale":"fr_FR","og_type":"article","og_title":"Privacy Policy - Sophie Jewelry Geneva | Online Store","og_description":"Website Policy: Who we are Our website address is: http:\/\/sophy.ch\/ Comments Usually, comments system is closed. However, and just in","og_url":"http:\/\/www.sophy.ch\/fr\/nl\/privacy-policy\/","og_site_name":"Sophie Jewelry Geneva | Online Store","article_publisher":"https:\/\/facebook.com\/sophygeneva","article_modified_time":"2021-07-15T05:07:09+00:00","og_image":[{"width":1200,"height":630,"url":"https:\/\/www.sophy.ch\/web\/wp-content\/uploads\/2021\/11\/Sophy-Geneva-Social-Share-logo.png","type":"image\/png"}],"twitter_card":"summary_large_image","twitter_site":"@sophygeneva","twitter_misc":{"Dur\u00e9e de lecture estim\u00e9e":"5 minutes"},"schema":{"@context":"https:\/\/schema.org","@graph":[{"@type":"WebPage","@id":"http:\/\/www.sophy.ch\/nl\/privacy-policy\/","url":"http:\/\/www.sophy.ch\/nl\/privacy-policy\/","name":"Privacy Policy - Sophie Jewelry Geneva | Online Store","isPartOf":{"@id":"https:\/\/www.sophy.ch\/#website"},"datePublished":"2021-05-11T14:32:44+00:00","dateModified":"2021-07-15T05:07:09+00:00","breadcrumb":{"@id":"http:\/\/www.sophy.ch\/nl\/privacy-policy\/#breadcrumb"},"inLanguage":"fr-FR","potentialAction":[{"@type":"ReadAction","target":["http:\/\/www.sophy.ch\/nl\/privacy-policy\/"]}]},{"@type":"BreadcrumbList","@id":"http:\/\/www.sophy.ch\/nl\/privacy-policy\/#breadcrumb","itemListElement":[{"@type":"ListItem","position":1,"name":"Home","item":"https:\/\/www.sophy.ch\/"},{"@type":"ListItem","position":2,"name":"Privacy Policy"}]},{"@type":"WebSite","@id":"https:\/\/www.sophy.ch\/#website","url":"https:\/\/www.sophy.ch\/","name":"Sophie Jewelry Geneva | Online Store","description":"Swiss Store for Gold, Diamonds &amp; Gems | Best Prices","publisher":{"@id":"https:\/\/www.sophy.ch\/#organization"},"alternateName":"Sophy Jewelry","potentialAction":[{"@type":"SearchAction","target":{"@type":"EntryPoint","urlTemplate":"https:\/\/www.sophy.ch\/?s={search_term_string}"},"query-input":{"@type":"PropertyValueSpecification","valueRequired":true,"valueName":"search_term_string"}}],"inLanguage":"fr-FR"},{"@type":"Organization","@id":"https:\/\/www.sophy.ch\/#organization","name":"Bijoux Sophy Gen\u00e8ve","alternateName":"Sophy Jewelry","url":"https:\/\/www.sophy.ch\/","logo":{"@type":"ImageObject","inLanguage":"fr-FR","@id":"https:\/\/www.sophy.ch\/#\/schema\/logo\/image\/","url":"https:\/\/www.sophy.ch\/web\/wp-content\/uploads\/2021\/06\/sophy-geneva-logo-small-400.png","contentUrl":"https:\/\/www.sophy.ch\/web\/wp-content\/uploads\/2021\/06\/sophy-geneva-logo-small-400.png","width":408,"height":408,"caption":"Sophy Geneva Jewellery"},"image":{"@id":"https:\/\/www.sophy.ch\/#\/schema\/logo\/image\/"},"sameAs":["https:\/\/facebook.com\/sophygeneva","https:\/\/x.com\/sophygeneva","https:\/\/instagram.com\/sophygeneva","https:\/\/pinterest.com\/sophygeneva","https:\/\/www.youtube.com\/sophygeneva","https:\/\/www.tiktok.com\/@sophygeneva"],"hasMerchantReturnPolicy":{"@type":"MerchantReturnPolicy","merchantReturnLink":"https:\/\/www.sophy.ch\/fr\/returns-and-guarantee\/"}}]}},"_links":{"self":[{"href":"https:\/\/www.sophy.ch\/fr\/wp-json\/wp\/v2\/pages\/3","targetHints":{"allow":["GET"]}}],"collection":[{"href":"https:\/\/www.sophy.ch\/fr\/wp-json\/wp\/v2\/pages"}],"about":[{"href":"https:\/\/www.sophy.ch\/fr\/wp-json\/wp\/v2\/types\/page"}],"author":[{"embeddable":true,"href":"https:\/\/www.sophy.ch\/fr\/wp-json\/wp\/v2\/users\/1"}],"replies":[{"embeddable":true,"href":"https:\/\/www.sophy.ch\/fr\/wp-json\/wp\/v2\/comments?post=3"}],"version-history":[{"count":0,"href":"https:\/\/www.sophy.ch\/fr\/wp-json\/wp\/v2\/pages\/3\/revisions"}],"wp:attachment":[{"href":"https:\/\/www.sophy.ch\/fr\/wp-json\/wp\/v2\/media?parent=3"}],"curies":[{"name":"wp","href":"https:\/\/api.w.org\/{rel}","templated":true}]}}