{"id":2486,"date":"2021-06-25T14:01:51","date_gmt":"2021-06-25T12:01:51","guid":{"rendered":"https:\/\/www.sophy.ch\/?page_id=2486"},"modified":"2024-07-10T14:55:39","modified_gmt":"2024-07-10T12:55:39","slug":"imprint","status":"publish","type":"page","link":"https:\/\/www.sophy.ch\/fr\/imprint\/","title":{"rendered":"Mentions l\u00e9gales"},"content":{"rendered":"<div data-elementor-type=\"wp-page\" data-elementor-id=\"2486\" class=\"elementor elementor-2486\" data-elementor-post-type=\"page\">\n\t\t\t\t\t\t<section class=\"wd-negative-gap elementor-section elementor-top-section elementor-element elementor-element-a0896a9 elementor-section-boxed elementor-section-height-default elementor-section-height-default\" data-id=\"a0896a9\" data-element_type=\"section\" data-e-type=\"section\">\n\t\t\t\t\t\t<div class=\"elementor-container elementor-column-gap-default\">\n\t\t\t\t\t<div class=\"elementor-column elementor-col-100 elementor-top-column elementor-element elementor-element-c1b7bcb\" data-id=\"c1b7bcb\" data-element_type=\"column\" data-e-type=\"column\">\n\t\t\t<div class=\"elementor-widget-wrap elementor-element-populated\">\n\t\t\t\t\t\t<div class=\"elementor-element elementor-element-501a9c6 color-scheme-inherit text-left elementor-widget elementor-widget-text-editor\" data-id=\"501a9c6\" data-element_type=\"widget\" data-e-type=\"widget\" data-widget_type=\"text-editor.default\">\n\t\t\t\t<div class=\"elementor-widget-container\">\n\t\t\t\t\t\t\t\t\t<p><span style=\"font-size: 18pt;\">Mentions l\u00e9gales<\/span><\/p>\n<p>Sophie Gen\u00e8ve \u2013 Solo<br>Rue des Alpes 9<br>CH-1201 \/ GE<\/p>\n<p>T\u00e9l\u00e9phone : +41 79 592 39 22<br>e-mail : info(at)sophy.ch<\/p>\n<p>Nous sommes \u00e0 votre disposition par t\u00e9l\u00e9phone ainsi que via notre Livechat comme suit : du Lundi au Vendredi de 08h00 \u00e0 12h00 et de 13h00 \u00e0 17h00<\/p>\n<p><\/p>\n<p>1. Contenu des services en ligne<br>L'auteur peut refuser toute responsabilit\u00e9 quant \u00e0 la validit\u00e9, l'exactitude ou l'exhaustivit\u00e9 des informations fournies sur le site. Les r\u00e9clamations en responsabilit\u00e9 contre l'auteur fond\u00e9es sur des dommages de nature mat\u00e9rielle ou immat\u00e9rielle r\u00e9sultant de l'utilisation ou de la non-utilisation des informations pr\u00e9sent\u00e9es et\/ou de l'utilisation d'informations incorrectes et incompl\u00e8tes sont cat\u00e9goriquement exclues, \u00e0 condition que l'auteur ne soit pas manifestement coupable de n\u00e9gligence intentionnelle ou grave. Toutes les offres sont sans engagement et sous r\u00e9serve de modifications. L'auteur se r\u00e9serve express\u00e9ment le droit de modifier, compl\u00e9ter ou supprimer tout ou partie des pages Web sans pr\u00e9avis ou de fermer le site temporairement ou d\u00e9finitivement.<\/p>\n<p>2. R\u00e9f\u00e9rences et liens<br>Dans le cas de r\u00e9f\u00e9rences directes ou indirectes \u00e0 des sites Web externes (hyperliens) pour lesquels l'auteur n'a aucune responsabilit\u00e9, la responsabilit\u00e9 ne peut \u00eatre accept\u00e9e que si l'auteur conna\u00eet le contenu en question et qu'il est techniquement possible et raisonnable pour l'auteur d'emp\u00eacher l'utilisation de tout contenu ill\u00e9gal contenu. L'auteur d\u00e9clare express\u00e9ment par la pr\u00e9sente qu'aucun contenu ill\u00e9gal n'a \u00e9t\u00e9 trouv\u00e9 sur les pages li\u00e9es au moment o\u00f9 les liens ont \u00e9t\u00e9 \u00e9tablis. L'auteur n'a aucune influence sur la conception actuelle et future, le contenu et la paternit\u00e9 des pages li\u00e9es\/r\u00e9f\u00e9renc\u00e9es. Pour cette raison, l'auteur se dissocie express\u00e9ment du contenu de toutes les pages li\u00e9es\/r\u00e9f\u00e9renc\u00e9es auxquelles des modifications sont apport\u00e9es apr\u00e8s la premi\u00e8re mise en place des liens. Cela s'applique \u00e0 toutes les r\u00e9f\u00e9rences et liens d\u00e9finis sur nos pages Web ainsi qu'\u00e0 toutes les entr\u00e9es externes effectu\u00e9es dans les livres d'or, les forums de discussion, les r\u00e9pertoires de liens, les listes de diffusion ou d'autres formes de bases de donn\u00e9es dans lesquelles le contenu peut \u00eatre publi\u00e9 par des tiers. Le fournisseur de la page \u00e0 laquelle il a \u00e9t\u00e9 fait r\u00e9f\u00e9rence \u2013 et non la personne faisant r\u00e9f\u00e9rence \u00e0 la page via un lien \u2013 sera le seul et enti\u00e8rement responsable de tout contenu ill\u00e9gal, incorrect ou incomplet et de tout dommage r\u00e9sultant de l'utilisation ou de la non-utilisation de telles informations.<\/p>\n<p>3. Droit d&#039;auteur et droit des marques<br>Dans toutes les publications, l&#039;auteur s&#039;efforce soit de respecter le droit d&#039;auteur relatif aux photos, graphiques, clips audio et vid\u00e9o et textes utilis\u00e9s, soit d&#039;utiliser ses propres photos, arts graphiques, clips audio et vid\u00e9o et textes ou d&#039;utiliser l&#039;art graphique. , clips audio et vid\u00e9o et textes du domaine public. Toutes les marques et marques d\u00e9pos\u00e9es mentionn\u00e9es sur le site Web, y compris toutes les marques et marques d\u00e9pos\u00e9es appartenant \u00e0 des tiers, sont soumises sans restriction aux lois actuellement applicables sur les marques et les signes associ\u00e9s et aux droits de propri\u00e9t\u00e9 du propri\u00e9taire enregistr\u00e9. Le fait qu&#039;une marque soit mentionn\u00e9e sur le site n&#039;implique en aucun cas qu&#039;elle n&#039;est pas prot\u00e9g\u00e9e par des droits de tiers ! Le droit d&#039;auteur pour tous les contenus cr\u00e9\u00e9s et publi\u00e9s par l&#039;auteur appartient uniquement \u00e0 l&#039;auteur des pages Web. Aucun graphique, images, clips audio et vid\u00e9o et textes ne peuvent \u00eatre copi\u00e9s ou utilis\u00e9s dans d&#039;autres publications \u00e9lectroniques ou imprim\u00e9es sans le consentement expr\u00e8s de l&#039;auteur.<\/p>\n<p>4. Protection des donn\u00e9es<br>Dans la mesure o\u00f9 les utilisateurs peuvent saisir des donn\u00e9es personnelles ou professionnelles (adresses e-mail, noms, adresses) sur le site Web, toutes ces donn\u00e9es sont divulgu\u00e9es sur une base express\u00e9ment volontaire. Pour plus d&#039;informations, veuillez consulter notre D\u00e9claration de confidentialit\u00e9.<\/p>\n<p>5. Validit\u00e9 de cette clause de non-responsabilit\u00e9<br>Cette clause de non-responsabilit\u00e9 fait partie du site Web \u00e0 partir duquel l&#039;utilisateur a \u00e9t\u00e9 renvoy\u00e9 \u00e0 cette page. Si des parties ou des formulations individuelles de ce texte ne sont pas ou plus conformes en partie ou en totalit\u00e9 \u00e0 la situation juridique actuelle, le reste du document n&#039;en sera pas affect\u00e9 en termes de contenu et de validit\u00e9.<\/p>\t\t\t\t\t\t\t\t<\/div>\n\t\t\t\t<\/div>\n\t\t\t\t\t<\/div>\n\t\t<\/div>\n\t\t\t\t\t<\/div>\n\t\t<\/section>\n\t\t\t\t<\/div>","protected":false},"excerpt":{"rendered":"<p>Imprint Sophy Geneva &#8211; SoloRue des Alpes 9CH &#8211; 1201 \/ GE Phone: +41 79 592 39 22e-mail: info(at)sophy.ch We<\/p>","protected":false},"author":1,"featured_media":0,"parent":0,"menu_order":0,"comment_status":"closed","ping_status":"closed","template":"","meta":{"footnotes":""},"class_list":["post-2486","page","type-page","status-publish","hentry"],"yoast_head":"<!-- This site is optimized with the Yoast SEO Premium plugin v26.9 (Yoast SEO v27.1.1) - https:\/\/yoast.com\/product\/yoast-seo-premium-wordpress\/ -->\n<title>Imprint - Sophie Jewelry Geneva | Online Store<\/title>\n<meta name=\"robots\" content=\"index, follow, max-snippet:-1, max-image-preview:large, max-video-preview:-1\" \/>\n<link rel=\"canonical\" href=\"https:\/\/www.sophy.ch\/fr\/imprint\/\" \/>\n<meta property=\"og:locale\" content=\"fr_FR\" \/>\n<meta property=\"og:type\" content=\"article\" \/>\n<meta property=\"og:title\" content=\"Imprint - Sophie Jewelry Geneva | Online Store\" \/>\n<meta property=\"og:description\" content=\"Imprint Sophy Geneva &#8211; SoloRue des Alpes 9CH &#8211; 1201 \/ GE Phone: +41 79 592 39 22e-mail: info(at)sophy.ch We\" \/>\n<meta property=\"og:url\" content=\"https:\/\/www.sophy.ch\/fr\/imprint\/\" \/>\n<meta property=\"og:site_name\" content=\"Sophie Jewelry Geneva | Online Store\" \/>\n<meta property=\"article:publisher\" content=\"https:\/\/facebook.com\/sophygeneva\" \/>\n<meta property=\"article:modified_time\" content=\"2024-07-10T12:55:39+00:00\" \/>\n<meta property=\"og:image\" content=\"https:\/\/www.sophy.ch\/web\/wp-content\/uploads\/2021\/11\/Sophy-Geneva-Social-Share-logo.png\" \/>\n\t<meta property=\"og:image:width\" content=\"1200\" \/>\n\t<meta property=\"og:image:height\" content=\"630\" \/>\n\t<meta property=\"og:image:type\" content=\"image\/png\" \/>\n<meta name=\"twitter:card\" content=\"summary_large_image\" \/>\n<meta name=\"twitter:site\" content=\"@sophygeneva\" \/>\n<meta name=\"twitter:label1\" content=\"Dur\u00e9e de lecture estim\u00e9e\" \/>\n\t<meta name=\"twitter:data1\" content=\"3 minutes\" \/>\n<script type=\"application\/ld+json\" class=\"yoast-schema-graph\">{\"@context\":\"https:\/\/schema.org\",\"@graph\":[{\"@type\":\"WebPage\",\"@id\":\"https:\/\/www.sophy.ch\/en\/imprint\/\",\"url\":\"https:\/\/www.sophy.ch\/en\/imprint\/\",\"name\":\"Imprint - Sophie Jewelry Geneva | Online Store\",\"isPartOf\":{\"@id\":\"https:\/\/www.sophy.ch\/#website\"},\"datePublished\":\"2021-06-25T12:01:51+00:00\",\"dateModified\":\"2024-07-10T12:55:39+00:00\",\"breadcrumb\":{\"@id\":\"https:\/\/www.sophy.ch\/en\/imprint\/#breadcrumb\"},\"inLanguage\":\"fr-FR\",\"potentialAction\":[{\"@type\":\"ReadAction\",\"target\":[\"https:\/\/www.sophy.ch\/en\/imprint\/\"]}]},{\"@type\":\"BreadcrumbList\",\"@id\":\"https:\/\/www.sophy.ch\/en\/imprint\/#breadcrumb\",\"itemListElement\":[{\"@type\":\"ListItem\",\"position\":1,\"name\":\"Home\",\"item\":\"https:\/\/www.sophy.ch\/\"},{\"@type\":\"ListItem\",\"position\":2,\"name\":\"Imprint\"}]},{\"@type\":\"WebSite\",\"@id\":\"https:\/\/www.sophy.ch\/#website\",\"url\":\"https:\/\/www.sophy.ch\/\",\"name\":\"Sophie Jewelry Geneva | Online Store\",\"description\":\"Swiss Store for Gold, Diamonds &amp; Gems | Best Prices\",\"publisher\":{\"@id\":\"https:\/\/www.sophy.ch\/#organization\"},\"alternateName\":\"Sophy Jewelry\",\"potentialAction\":[{\"@type\":\"SearchAction\",\"target\":{\"@type\":\"EntryPoint\",\"urlTemplate\":\"https:\/\/www.sophy.ch\/?s={search_term_string}\"},\"query-input\":{\"@type\":\"PropertyValueSpecification\",\"valueRequired\":true,\"valueName\":\"search_term_string\"}}],\"inLanguage\":\"fr-FR\"},{\"@type\":\"Organization\",\"@id\":\"https:\/\/www.sophy.ch\/#organization\",\"name\":\"Sophy Geneva Jewellery\",\"alternateName\":\"Sophy Jewelry\",\"url\":\"https:\/\/www.sophy.ch\/\",\"logo\":{\"@type\":\"ImageObject\",\"inLanguage\":\"fr-FR\",\"@id\":\"https:\/\/www.sophy.ch\/#\/schema\/logo\/image\/\",\"url\":\"https:\/\/www.sophy.ch\/web\/wp-content\/uploads\/2021\/06\/sophy-geneva-logo-small-400.png\",\"contentUrl\":\"https:\/\/www.sophy.ch\/web\/wp-content\/uploads\/2021\/06\/sophy-geneva-logo-small-400.png\",\"width\":408,\"height\":408,\"caption\":\"Sophy Geneva Jewellery\"},\"image\":{\"@id\":\"https:\/\/www.sophy.ch\/#\/schema\/logo\/image\/\"},\"sameAs\":[\"https:\/\/facebook.com\/sophygeneva\",\"https:\/\/x.com\/sophygeneva\",\"https:\/\/instagram.com\/sophygeneva\",\"https:\/\/pinterest.com\/sophygeneva\",\"https:\/\/www.youtube.com\/sophygeneva\",\"https:\/\/www.tiktok.com\/@sophygeneva\"],\"hasMerchantReturnPolicy\":{\"@type\":\"MerchantReturnPolicy\",\"merchantReturnLink\":\"https:\/\/www.sophy.ch\/fr\/returns-and-guarantee\/\"}}]}<\/script>\n<!-- \/ Yoast SEO Premium plugin. -->","yoast_head_json":{"title":"Imprint - Sophie Jewelry Geneva | Online Store","robots":{"index":"index","follow":"follow","max-snippet":"max-snippet:-1","max-image-preview":"max-image-preview:large","max-video-preview":"max-video-preview:-1"},"canonical":"https:\/\/www.sophy.ch\/fr\/imprint\/","og_locale":"fr_FR","og_type":"article","og_title":"Imprint - Sophie Jewelry Geneva | Online Store","og_description":"Imprint Sophy Geneva &#8211; SoloRue des Alpes 9CH &#8211; 1201 \/ GE Phone: +41 79 592 39 22e-mail: info(at)sophy.ch We","og_url":"https:\/\/www.sophy.ch\/fr\/imprint\/","og_site_name":"Sophie Jewelry Geneva | Online Store","article_publisher":"https:\/\/facebook.com\/sophygeneva","article_modified_time":"2024-07-10T12:55:39+00:00","og_image":[{"width":1200,"height":630,"url":"https:\/\/www.sophy.ch\/web\/wp-content\/uploads\/2021\/11\/Sophy-Geneva-Social-Share-logo.png","type":"image\/png"}],"twitter_card":"summary_large_image","twitter_site":"@sophygeneva","twitter_misc":{"Dur\u00e9e de lecture estim\u00e9e":"3 minutes"},"schema":{"@context":"https:\/\/schema.org","@graph":[{"@type":"WebPage","@id":"https:\/\/www.sophy.ch\/en\/imprint\/","url":"https:\/\/www.sophy.ch\/en\/imprint\/","name":"Imprint - Sophie Jewelry Geneva | Online Store","isPartOf":{"@id":"https:\/\/www.sophy.ch\/#website"},"datePublished":"2021-06-25T12:01:51+00:00","dateModified":"2024-07-10T12:55:39+00:00","breadcrumb":{"@id":"https:\/\/www.sophy.ch\/en\/imprint\/#breadcrumb"},"inLanguage":"fr-FR","potentialAction":[{"@type":"ReadAction","target":["https:\/\/www.sophy.ch\/en\/imprint\/"]}]},{"@type":"BreadcrumbList","@id":"https:\/\/www.sophy.ch\/en\/imprint\/#breadcrumb","itemListElement":[{"@type":"ListItem","position":1,"name":"Home","item":"https:\/\/www.sophy.ch\/"},{"@type":"ListItem","position":2,"name":"Imprint"}]},{"@type":"WebSite","@id":"https:\/\/www.sophy.ch\/#website","url":"https:\/\/www.sophy.ch\/","name":"Sophie Jewelry Geneva | Online Store","description":"Swiss Store for Gold, Diamonds &amp; Gems | Best Prices","publisher":{"@id":"https:\/\/www.sophy.ch\/#organization"},"alternateName":"Sophy Jewelry","potentialAction":[{"@type":"SearchAction","target":{"@type":"EntryPoint","urlTemplate":"https:\/\/www.sophy.ch\/?s={search_term_string}"},"query-input":{"@type":"PropertyValueSpecification","valueRequired":true,"valueName":"search_term_string"}}],"inLanguage":"fr-FR"},{"@type":"Organization","@id":"https:\/\/www.sophy.ch\/#organization","name":"Bijoux Sophy Gen\u00e8ve","alternateName":"Sophy Jewelry","url":"https:\/\/www.sophy.ch\/","logo":{"@type":"ImageObject","inLanguage":"fr-FR","@id":"https:\/\/www.sophy.ch\/#\/schema\/logo\/image\/","url":"https:\/\/www.sophy.ch\/web\/wp-content\/uploads\/2021\/06\/sophy-geneva-logo-small-400.png","contentUrl":"https:\/\/www.sophy.ch\/web\/wp-content\/uploads\/2021\/06\/sophy-geneva-logo-small-400.png","width":408,"height":408,"caption":"Sophy Geneva Jewellery"},"image":{"@id":"https:\/\/www.sophy.ch\/#\/schema\/logo\/image\/"},"sameAs":["https:\/\/facebook.com\/sophygeneva","https:\/\/x.com\/sophygeneva","https:\/\/instagram.com\/sophygeneva","https:\/\/pinterest.com\/sophygeneva","https:\/\/www.youtube.com\/sophygeneva","https:\/\/www.tiktok.com\/@sophygeneva"],"hasMerchantReturnPolicy":{"@type":"MerchantReturnPolicy","merchantReturnLink":"https:\/\/www.sophy.ch\/fr\/returns-and-guarantee\/"}}]}},"_links":{"self":[{"href":"https:\/\/www.sophy.ch\/fr\/wp-json\/wp\/v2\/pages\/2486","targetHints":{"allow":["GET"]}}],"collection":[{"href":"https:\/\/www.sophy.ch\/fr\/wp-json\/wp\/v2\/pages"}],"about":[{"href":"https:\/\/www.sophy.ch\/fr\/wp-json\/wp\/v2\/types\/page"}],"author":[{"embeddable":true,"href":"https:\/\/www.sophy.ch\/fr\/wp-json\/wp\/v2\/users\/1"}],"replies":[{"embeddable":true,"href":"https:\/\/www.sophy.ch\/fr\/wp-json\/wp\/v2\/comments?post=2486"}],"version-history":[{"count":0,"href":"https:\/\/www.sophy.ch\/fr\/wp-json\/wp\/v2\/pages\/2486\/revisions"}],"wp:attachment":[{"href":"https:\/\/www.sophy.ch\/fr\/wp-json\/wp\/v2\/media?parent=2486"}],"curies":[{"name":"wp","href":"https:\/\/api.w.org\/{rel}","templated":true}]}}