{"id":2482,"date":"2021-06-25T14:01:36","date_gmt":"2021-06-25T12:01:36","guid":{"rendered":"https:\/\/www.sophy.ch\/?page_id=2482"},"modified":"2025-04-07T16:25:26","modified_gmt":"2025-04-07T14:25:26","slug":"about-us","status":"publish","type":"page","link":"https:\/\/www.sophy.ch\/fr\/about-us\/","title":{"rendered":"\u00c0 propos de nous"},"content":{"rendered":"<div data-elementor-type=\"wp-page\" data-elementor-id=\"2482\" class=\"elementor elementor-2482\" data-elementor-post-type=\"page\">\n\t\t\t\t\t\t<section class=\"wd-negative-gap elementor-section elementor-top-section elementor-element elementor-element-b4b24d5 elementor-section-boxed elementor-section-height-default elementor-section-height-default\" data-id=\"b4b24d5\" data-element_type=\"section\" data-e-type=\"section\">\n\t\t\t\t\t\t<div class=\"elementor-container elementor-column-gap-default\">\n\t\t\t\t\t<div class=\"elementor-column elementor-col-66 elementor-top-column elementor-element elementor-element-bbdb731\" data-id=\"bbdb731\" data-element_type=\"column\" data-e-type=\"column\">\n\t\t\t<div class=\"elementor-widget-wrap elementor-element-populated\">\n\t\t\t\t\t\t<div class=\"elementor-element elementor-element-fce3936 color-scheme-inherit text-left elementor-widget elementor-widget-text-editor\" data-id=\"fce3936\" data-element_type=\"widget\" data-e-type=\"widget\" data-widget_type=\"text-editor.default\">\n\t\t\t\t<div class=\"elementor-widget-container\">\n\t\t\t\t\t\t\t\t\t<p><span style=\"font-size: 18pt; color: #2c76ba;\">A PROPOS DE SOPHY GENEVE <\/span><br \/><span style=\"font-size: 14pt;\">sophy.ch est la premi\u00e8re place de march\u00e9 virtuelle en ligne pour bijoux et montres, et fait battre plus vite le c\u0153ur de nos clients \u2013 et bien s\u00fbr notre c\u0153ur aussi ! Les bijoux sont la plus belle chose au monde ! Chez sophy.ch, nous ne pouvons rien imaginer de plus beau.<\/span><br \/><span style=\"font-size: 14pt;\">En tant que place de march\u00e9 en ligne, nous avons regroup\u00e9 divers fournisseurs de bijoux et de montres sur un seul site Web. notre gamme de bijoux comprend des lignes de bijoux de haute qualit\u00e9 en diamants, or, perles et pierres pr\u00e9cieuses de couleur, ainsi qu&#039;une collection exclusive de mari\u00e9e Sophy Gen\u00e8ve. nous proposons \u00e9galement une large gamme de montres pour dames et messieurs. Le produit se concentre sur les bijoux de cr\u00e9ateurs, les bijoux faits \u00e0 la main.<\/span><\/p>\t\t\t\t\t\t\t\t<\/div>\n\t\t\t\t<\/div>\n\t\t\t\t\t<\/div>\n\t\t<\/div>\n\t\t\t\t<div class=\"elementor-column elementor-col-33 elementor-top-column elementor-element elementor-element-9a4ba54\" data-id=\"9a4ba54\" data-element_type=\"column\" data-e-type=\"column\">\n\t\t\t<div class=\"elementor-widget-wrap elementor-element-populated\">\n\t\t\t\t\t\t<div class=\"elementor-element elementor-element-1266fcf elementor-widget elementor-widget-image\" data-id=\"1266fcf\" data-element_type=\"widget\" data-e-type=\"widget\" data-widget_type=\"image.default\">\n\t\t\t\t<div class=\"elementor-widget-container\">\n\t\t\t\t\t\t\t\t\t\t\t\t\t\t\t<img decoding=\"async\" width=\"1024\" height=\"768\" src=\"https:\/\/www.sophy.ch\/web\/wp-content\/uploads\/2021\/08\/flower-clock-in-geneva-switzerland-1024x768.jpg\" class=\"attachment-large size-large wp-image-6532\" alt=\"Horloge fleurie \u00e0 Gen\u00e8ve, Suisse\" srcset=\"https:\/\/www.sophy.ch\/web\/wp-content\/uploads\/2021\/08\/flower-clock-in-geneva-switzerland-1024x768.jpg 1024w, https:\/\/www.sophy.ch\/web\/wp-content\/uploads\/2021\/08\/flower-clock-in-geneva-switzerland-150x113.jpg 150w, https:\/\/www.sophy.ch\/web\/wp-content\/uploads\/2021\/08\/flower-clock-in-geneva-switzerland-1200x900.jpg 1200w, https:\/\/www.sophy.ch\/web\/wp-content\/uploads\/2021\/08\/flower-clock-in-geneva-switzerland-300x225.jpg 300w, https:\/\/www.sophy.ch\/web\/wp-content\/uploads\/2021\/08\/flower-clock-in-geneva-switzerland-768x576.jpg 768w, https:\/\/www.sophy.ch\/web\/wp-content\/uploads\/2021\/08\/flower-clock-in-geneva-switzerland-1536x1152.jpg 1536w, https:\/\/www.sophy.ch\/web\/wp-content\/uploads\/2021\/08\/flower-clock-in-geneva-switzerland-16x12.jpg 16w, https:\/\/www.sophy.ch\/web\/wp-content\/uploads\/2021\/08\/flower-clock-in-geneva-switzerland.jpg 2000w\" sizes=\"(max-width: 1024px) 100vw, 1024px\" \/>\t\t\t\t\t\t\t\t\t\t\t\t\t\t\t<\/div>\n\t\t\t\t<\/div>\n\t\t\t\t\t<\/div>\n\t\t<\/div>\n\t\t\t\t\t<\/div>\n\t\t<\/section>\n\t\t\t\t<section class=\"wd-negative-gap elementor-section elementor-top-section elementor-element elementor-element-9ba1317 elementor-section-boxed elementor-section-height-default elementor-section-height-default\" data-id=\"9ba1317\" data-element_type=\"section\" data-e-type=\"section\">\n\t\t\t\t\t\t<div class=\"elementor-container elementor-column-gap-default\">\n\t\t\t\t\t<div class=\"elementor-column elementor-col-33 elementor-top-column elementor-element elementor-element-c1ed504\" data-id=\"c1ed504\" data-element_type=\"column\" data-e-type=\"column\">\n\t\t\t<div class=\"elementor-widget-wrap elementor-element-populated\">\n\t\t\t\t\t\t<div class=\"elementor-element elementor-element-5a9d29c elementor-widget elementor-widget-image\" data-id=\"5a9d29c\" data-element_type=\"widget\" data-e-type=\"widget\" data-widget_type=\"image.default\">\n\t\t\t\t<div class=\"elementor-widget-container\">\n\t\t\t\t\t\t\t\t\t\t\t\t\t\t\t<img decoding=\"async\" width=\"1024\" height=\"671\" src=\"https:\/\/www.sophy.ch\/web\/wp-content\/uploads\/2021\/08\/female-freelancing-pearls-jewelry-on-a-keyboard-1024x671.jpg\" class=\"attachment-large size-large wp-image-6533\" alt=\"Femme ind\u00e9pendante - bijoux de perles sur un clavier\" srcset=\"https:\/\/www.sophy.ch\/web\/wp-content\/uploads\/2021\/08\/female-freelancing-pearls-jewelry-on-a-keyboard-1024x671.jpg 1024w, https:\/\/www.sophy.ch\/web\/wp-content\/uploads\/2021\/08\/female-freelancing-pearls-jewelry-on-a-keyboard-150x98.jpg 150w, https:\/\/www.sophy.ch\/web\/wp-content\/uploads\/2021\/08\/female-freelancing-pearls-jewelry-on-a-keyboard-1200x787.jpg 1200w, https:\/\/www.sophy.ch\/web\/wp-content\/uploads\/2021\/08\/female-freelancing-pearls-jewelry-on-a-keyboard-300x197.jpg 300w, https:\/\/www.sophy.ch\/web\/wp-content\/uploads\/2021\/08\/female-freelancing-pearls-jewelry-on-a-keyboard-768x503.jpg 768w, https:\/\/www.sophy.ch\/web\/wp-content\/uploads\/2021\/08\/female-freelancing-pearls-jewelry-on-a-keyboard-1536x1007.jpg 1536w, https:\/\/www.sophy.ch\/web\/wp-content\/uploads\/2021\/08\/female-freelancing-pearls-jewelry-on-a-keyboard-18x12.jpg 18w, https:\/\/www.sophy.ch\/web\/wp-content\/uploads\/2021\/08\/female-freelancing-pearls-jewelry-on-a-keyboard.jpg 2000w\" sizes=\"(max-width: 1024px) 100vw, 1024px\" \/>\t\t\t\t\t\t\t\t\t\t\t\t\t\t\t<\/div>\n\t\t\t\t<\/div>\n\t\t\t\t\t<\/div>\n\t\t<\/div>\n\t\t\t\t<div class=\"elementor-column elementor-col-66 elementor-top-column elementor-element elementor-element-a84b1c2\" data-id=\"a84b1c2\" data-element_type=\"column\" data-e-type=\"column\">\n\t\t\t<div class=\"elementor-widget-wrap elementor-element-populated\">\n\t\t\t\t\t\t<div class=\"elementor-element elementor-element-789bc7b color-scheme-inherit text-left elementor-widget elementor-widget-text-editor\" data-id=\"789bc7b\" data-element_type=\"widget\" data-e-type=\"widget\" data-widget_type=\"text-editor.default\">\n\t\t\t\t<div class=\"elementor-widget-container\">\n\t\t\t\t\t\t\t\t\t<p><span style=\"color: #2c76ba;\">COMMENT EST VENUE L&#039;ID\u00c9E DE LA BOUTIQUE EN LIGNE SOPHY GENEVA JOAILLERIE\u00a0:<\/span><\/p>\n<p>Myrna Kay<br \/><span style=\"font-size: 14pt;\">\u00ab L&#039;id\u00e9e est n\u00e9e d&#039;une situation de tous les jours pour acheter un tr\u00e8s beau bijou depuis chez soi. La recherche de bijoux de haute qualit\u00e9 beaux et abordables prend toujours trop de temps. Afin de faire gagner du temps et des efforts \u00e0 nos clients bien-aim\u00e9s, nous avons envisag\u00e9 de mettre en place une sorte de \u00ab\u00a0boutique de toiture\u00a0\u00bb en ligne. Trouver des bijoux et des montres rapidement et facilement avec les options les plus diverses.<\/span><\/p>\t\t\t\t\t\t\t\t<\/div>\n\t\t\t\t<\/div>\n\t\t\t\t\t<\/div>\n\t\t<\/div>\n\t\t\t\t\t<\/div>\n\t\t<\/section>\n\t\t\t\t<section class=\"wd-negative-gap elementor-section elementor-top-section elementor-element elementor-element-ef3f3c7 elementor-section-boxed elementor-section-height-default elementor-section-height-default\" data-id=\"ef3f3c7\" data-element_type=\"section\" data-e-type=\"section\">\n\t\t\t\t\t\t<div class=\"elementor-container elementor-column-gap-default\">\n\t\t\t\t\t<div class=\"elementor-column elementor-col-66 elementor-top-column elementor-element elementor-element-ee76d14\" data-id=\"ee76d14\" data-element_type=\"column\" data-e-type=\"column\">\n\t\t\t<div class=\"elementor-widget-wrap elementor-element-populated\">\n\t\t\t\t\t\t<div class=\"elementor-element elementor-element-ddcf61b color-scheme-inherit text-left elementor-widget elementor-widget-text-editor\" data-id=\"ddcf61b\" data-element_type=\"widget\" data-e-type=\"widget\" data-widget_type=\"text-editor.default\">\n\t\t\t\t<div class=\"elementor-widget-container\">\n\t\t\t\t\t\t\t\t\t<p><span style=\"font-size: 18pt; font-family: georgia, palatino, serif; color: #2c76ba;\">QU&#039;EST-CE QUE SOPHY.CH EST SP\u00c9CIAL<\/span><br \/>Myrna Kay<br \/><span style=\"font-size: 14pt;\">Tout! www.sophy.ch propose au client une gamme vaste et diversifi\u00e9e de bijoux et de montres. Puisque nous combinons la gamme de nombreux magasins, il y en a pour tous les go\u00fbts. Des bijoux fantaisie aux pi\u00e8ces de cr\u00e9ateurs individuelles. Et notre bijouterie Instagram vous fournira de bonnes id\u00e9es sur la fa\u00e7on de porter vos bijoux avec les styles les plus tendances,<\/span><\/p>\t\t\t\t\t\t\t\t<\/div>\n\t\t\t\t<\/div>\n\t\t\t\t\t<\/div>\n\t\t<\/div>\n\t\t\t\t<div class=\"elementor-column elementor-col-33 elementor-top-column elementor-element elementor-element-2265a42\" data-id=\"2265a42\" data-element_type=\"column\" data-e-type=\"column\">\n\t\t\t<div class=\"elementor-widget-wrap elementor-element-populated\">\n\t\t\t\t\t\t<div class=\"elementor-element elementor-element-e0289e3 elementor-widget elementor-widget-image\" data-id=\"e0289e3\" data-element_type=\"widget\" data-e-type=\"widget\" data-widget_type=\"image.default\">\n\t\t\t\t<div class=\"elementor-widget-container\">\n\t\t\t\t\t\t\t\t\t\t\t\t\t\t\t<img decoding=\"async\" width=\"1024\" height=\"682\" src=\"https:\/\/www.sophy.ch\/web\/wp-content\/uploads\/2021\/08\/luxury-gold-ring-and-lady-gold-watch-on-white--1024x682.jpg\" class=\"attachment-large size-large wp-image-6534\" alt=\"Bague en or de luxe et montre en or dame sur blanc_\" srcset=\"https:\/\/www.sophy.ch\/web\/wp-content\/uploads\/2021\/08\/luxury-gold-ring-and-lady-gold-watch-on-white--1024x682.jpg 1024w, https:\/\/www.sophy.ch\/web\/wp-content\/uploads\/2021\/08\/luxury-gold-ring-and-lady-gold-watch-on-white--150x100.jpg 150w, https:\/\/www.sophy.ch\/web\/wp-content\/uploads\/2021\/08\/luxury-gold-ring-and-lady-gold-watch-on-white--1200x800.jpg 1200w, https:\/\/www.sophy.ch\/web\/wp-content\/uploads\/2021\/08\/luxury-gold-ring-and-lady-gold-watch-on-white--300x200.jpg 300w, https:\/\/www.sophy.ch\/web\/wp-content\/uploads\/2021\/08\/luxury-gold-ring-and-lady-gold-watch-on-white--768x512.jpg 768w, https:\/\/www.sophy.ch\/web\/wp-content\/uploads\/2021\/08\/luxury-gold-ring-and-lady-gold-watch-on-white--1536x1024.jpg 1536w, https:\/\/www.sophy.ch\/web\/wp-content\/uploads\/2021\/08\/luxury-gold-ring-and-lady-gold-watch-on-white--18x12.jpg 18w, https:\/\/www.sophy.ch\/web\/wp-content\/uploads\/2021\/08\/luxury-gold-ring-and-lady-gold-watch-on-white-.jpg 2000w\" sizes=\"(max-width: 1024px) 100vw, 1024px\" \/>\t\t\t\t\t\t\t\t\t\t\t\t\t\t\t<\/div>\n\t\t\t\t<\/div>\n\t\t\t\t\t<\/div>\n\t\t<\/div>\n\t\t\t\t\t<\/div>\n\t\t<\/section>\n\t\t\t\t<section class=\"wd-negative-gap elementor-section elementor-top-section elementor-element elementor-element-9a72c07 elementor-section-boxed elementor-section-height-default elementor-section-height-default\" data-id=\"9a72c07\" data-element_type=\"section\" data-e-type=\"section\">\n\t\t\t\t\t\t<div class=\"elementor-container elementor-column-gap-default\">\n\t\t\t\t\t<div class=\"elementor-column elementor-col-33 elementor-top-column elementor-element elementor-element-deb0b80\" data-id=\"deb0b80\" data-element_type=\"column\" data-e-type=\"column\">\n\t\t\t<div class=\"elementor-widget-wrap elementor-element-populated\">\n\t\t\t\t\t\t<div class=\"elementor-element elementor-element-9bf024a elementor-widget elementor-widget-image\" data-id=\"9bf024a\" data-element_type=\"widget\" data-e-type=\"widget\" data-widget_type=\"image.default\">\n\t\t\t\t<div class=\"elementor-widget-container\">\n\t\t\t\t\t\t\t\t\t\t\t\t\t\t\t<img decoding=\"async\" width=\"1024\" height=\"682\" src=\"https:\/\/www.sophy.ch\/web\/wp-content\/uploads\/2021\/08\/jewelry-expert-holding-material-for-a-new-product-creation-1024x682.jpg\" class=\"attachment-large size-large wp-image-6538\" alt=\"Expert en bijoux tenant du mat\u00e9riel pour une nouvelle cr\u00e9ation de produit\" srcset=\"https:\/\/www.sophy.ch\/web\/wp-content\/uploads\/2021\/08\/jewelry-expert-holding-material-for-a-new-product-creation-1024x682.jpg 1024w, https:\/\/www.sophy.ch\/web\/wp-content\/uploads\/2021\/08\/jewelry-expert-holding-material-for-a-new-product-creation-150x100.jpg 150w, https:\/\/www.sophy.ch\/web\/wp-content\/uploads\/2021\/08\/jewelry-expert-holding-material-for-a-new-product-creation-1200x800.jpg 1200w, https:\/\/www.sophy.ch\/web\/wp-content\/uploads\/2021\/08\/jewelry-expert-holding-material-for-a-new-product-creation-300x200.jpg 300w, https:\/\/www.sophy.ch\/web\/wp-content\/uploads\/2021\/08\/jewelry-expert-holding-material-for-a-new-product-creation-768x512.jpg 768w, https:\/\/www.sophy.ch\/web\/wp-content\/uploads\/2021\/08\/jewelry-expert-holding-material-for-a-new-product-creation-1536x1024.jpg 1536w, https:\/\/www.sophy.ch\/web\/wp-content\/uploads\/2021\/08\/jewelry-expert-holding-material-for-a-new-product-creation-18x12.jpg 18w, https:\/\/www.sophy.ch\/web\/wp-content\/uploads\/2021\/08\/jewelry-expert-holding-material-for-a-new-product-creation.jpg 2000w\" sizes=\"(max-width: 1024px) 100vw, 1024px\" \/>\t\t\t\t\t\t\t\t\t\t\t\t\t\t\t<\/div>\n\t\t\t\t<\/div>\n\t\t\t\t\t<\/div>\n\t\t<\/div>\n\t\t\t\t<div class=\"elementor-column elementor-col-66 elementor-top-column elementor-element elementor-element-0d129db\" data-id=\"0d129db\" data-element_type=\"column\" data-e-type=\"column\">\n\t\t\t<div class=\"elementor-widget-wrap elementor-element-populated\">\n\t\t\t\t\t\t<div class=\"elementor-element elementor-element-026cb72 color-scheme-inherit text-left elementor-widget elementor-widget-text-editor\" data-id=\"026cb72\" data-element_type=\"widget\" data-e-type=\"widget\" data-widget_type=\"text-editor.default\">\n\t\t\t\t<div class=\"elementor-widget-container\">\n\t\t\t\t\t\t\t\t\t<h3>CARRI\u00c8RES<\/h3>\n<p><span style=\"font-size: 14pt;\">Vous avez la m\u00eame passion que nous pour les bijoux et les montres, et vous souhaitez rejoindre l&#039;\u00e9quipe de Sophy Gen\u00e8ve ? pour faire partie de notre \u00e9quipe, veuillez consulter les opportunit\u00e9s que nous offrons <a href=\"https:\/\/www.sophy.ch\/en\/job-vacancies\/\">ici<\/a>.<\/span><\/p>\t\t\t\t\t\t\t\t<\/div>\n\t\t\t\t<\/div>\n\t\t\t\t\t<\/div>\n\t\t<\/div>\n\t\t\t\t\t<\/div>\n\t\t<\/section>\n\t\t\t\t<\/div>","protected":false},"excerpt":{"rendered":"<p>A PROPOS DE SOPHY GENEVE sophy.ch est la premi\u00e8re place de march\u00e9 virtuelle en ligne pour bijoux et montres, et fait le c\u0153ur de<\/p>","protected":false},"author":1,"featured_media":0,"parent":0,"menu_order":0,"comment_status":"closed","ping_status":"closed","template":"","meta":{"footnotes":""},"class_list":["post-2482","page","type-page","status-publish","hentry"],"yoast_head":"<!-- This site is optimized with the Yoast SEO Premium plugin v26.9 (Yoast SEO v27.1.1) - https:\/\/yoast.com\/product\/yoast-seo-premium-wordpress\/ -->\n<title>About us - Sophie Jewelry Geneva | Online Store<\/title>\n<meta name=\"robots\" content=\"index, follow, max-snippet:-1, max-image-preview:large, max-video-preview:-1\" \/>\n<link rel=\"canonical\" href=\"https:\/\/www.sophy.ch\/fr\/about-us\/\" \/>\n<meta property=\"og:locale\" content=\"fr_FR\" \/>\n<meta property=\"og:type\" content=\"article\" \/>\n<meta property=\"og:title\" content=\"About us - Sophie Jewelry Geneva | Online Store\" \/>\n<meta property=\"og:description\" content=\"ABOUT SOPHY GENEVA sophy.ch is the first online virtual online marketplace for jewelry and watches, and makes the hearts of\" \/>\n<meta property=\"og:url\" content=\"https:\/\/www.sophy.ch\/fr\/about-us\/\" \/>\n<meta property=\"og:site_name\" content=\"Sophie Jewelry Geneva | Online Store\" \/>\n<meta property=\"article:publisher\" content=\"https:\/\/facebook.com\/sophygeneva\" \/>\n<meta property=\"article:modified_time\" content=\"2025-04-07T14:25:26+00:00\" \/>\n<meta property=\"og:image\" content=\"https:\/\/www.sophy.ch\/web\/wp-content\/uploads\/2021\/08\/flower-clock-in-geneva-switzerland.jpg\" \/>\n\t<meta property=\"og:image:width\" content=\"2000\" \/>\n\t<meta property=\"og:image:height\" content=\"1500\" \/>\n\t<meta property=\"og:image:type\" content=\"image\/jpeg\" \/>\n<meta name=\"twitter:card\" content=\"summary_large_image\" \/>\n<meta name=\"twitter:site\" content=\"@sophygeneva\" \/>\n<meta name=\"twitter:label1\" content=\"Dur\u00e9e de lecture estim\u00e9e\" \/>\n\t<meta name=\"twitter:data1\" content=\"3 minutes\" \/>\n<script type=\"application\/ld+json\" class=\"yoast-schema-graph\">{\"@context\":\"https:\/\/schema.org\",\"@graph\":[{\"@type\":\"WebPage\",\"@id\":\"https:\/\/www.sophy.ch\/about-us\/\",\"url\":\"https:\/\/www.sophy.ch\/about-us\/\",\"name\":\"About us - Sophie Jewelry Geneva | Online Store\",\"isPartOf\":{\"@id\":\"https:\/\/www.sophy.ch\/#website\"},\"primaryImageOfPage\":{\"@id\":\"https:\/\/www.sophy.ch\/about-us\/#primaryimage\"},\"image\":{\"@id\":\"https:\/\/www.sophy.ch\/about-us\/#primaryimage\"},\"thumbnailUrl\":\"https:\/\/www.sophy.ch\/web\/wp-content\/uploads\/2021\/08\/flower-clock-in-geneva-switzerland-1024x768.jpg\",\"datePublished\":\"2021-06-25T12:01:36+00:00\",\"dateModified\":\"2025-04-07T14:25:26+00:00\",\"breadcrumb\":{\"@id\":\"https:\/\/www.sophy.ch\/about-us\/#breadcrumb\"},\"inLanguage\":\"fr-FR\",\"potentialAction\":[{\"@type\":\"ReadAction\",\"target\":[\"https:\/\/www.sophy.ch\/about-us\/\"]}]},{\"@type\":\"ImageObject\",\"inLanguage\":\"fr-FR\",\"@id\":\"https:\/\/www.sophy.ch\/about-us\/#primaryimage\",\"url\":\"https:\/\/www.sophy.ch\/web\/wp-content\/uploads\/2021\/08\/flower-clock-in-geneva-switzerland-1024x768.jpg\",\"contentUrl\":\"https:\/\/www.sophy.ch\/web\/wp-content\/uploads\/2021\/08\/flower-clock-in-geneva-switzerland-1024x768.jpg\"},{\"@type\":\"BreadcrumbList\",\"@id\":\"https:\/\/www.sophy.ch\/about-us\/#breadcrumb\",\"itemListElement\":[{\"@type\":\"ListItem\",\"position\":1,\"name\":\"Home\",\"item\":\"https:\/\/www.sophy.ch\/\"},{\"@type\":\"ListItem\",\"position\":2,\"name\":\"About us\"}]},{\"@type\":\"WebSite\",\"@id\":\"https:\/\/www.sophy.ch\/#website\",\"url\":\"https:\/\/www.sophy.ch\/\",\"name\":\"Sophie Jewelry Geneva | Online Store\",\"description\":\"Swiss Store for Gold, Diamonds &amp; Gems | Best Prices\",\"publisher\":{\"@id\":\"https:\/\/www.sophy.ch\/#organization\"},\"alternateName\":\"Sophy Jewelry\",\"potentialAction\":[{\"@type\":\"SearchAction\",\"target\":{\"@type\":\"EntryPoint\",\"urlTemplate\":\"https:\/\/www.sophy.ch\/?s={search_term_string}\"},\"query-input\":{\"@type\":\"PropertyValueSpecification\",\"valueRequired\":true,\"valueName\":\"search_term_string\"}}],\"inLanguage\":\"fr-FR\"},{\"@type\":\"Organization\",\"@id\":\"https:\/\/www.sophy.ch\/#organization\",\"name\":\"Sophy Geneva Jewellery\",\"alternateName\":\"Sophy Jewelry\",\"url\":\"https:\/\/www.sophy.ch\/\",\"logo\":{\"@type\":\"ImageObject\",\"inLanguage\":\"fr-FR\",\"@id\":\"https:\/\/www.sophy.ch\/#\/schema\/logo\/image\/\",\"url\":\"https:\/\/www.sophy.ch\/web\/wp-content\/uploads\/2021\/06\/sophy-geneva-logo-small-400.png\",\"contentUrl\":\"https:\/\/www.sophy.ch\/web\/wp-content\/uploads\/2021\/06\/sophy-geneva-logo-small-400.png\",\"width\":408,\"height\":408,\"caption\":\"Sophy Geneva Jewellery\"},\"image\":{\"@id\":\"https:\/\/www.sophy.ch\/#\/schema\/logo\/image\/\"},\"sameAs\":[\"https:\/\/facebook.com\/sophygeneva\",\"https:\/\/x.com\/sophygeneva\",\"https:\/\/instagram.com\/sophygeneva\",\"https:\/\/pinterest.com\/sophygeneva\",\"https:\/\/www.youtube.com\/sophygeneva\",\"https:\/\/www.tiktok.com\/@sophygeneva\"],\"hasMerchantReturnPolicy\":{\"@type\":\"MerchantReturnPolicy\",\"merchantReturnLink\":\"https:\/\/www.sophy.ch\/fr\/returns-and-guarantee\/\"}}]}<\/script>\n<!-- \/ Yoast SEO Premium plugin. -->","yoast_head_json":{"title":"About us - Sophie Jewelry Geneva | Online Store","robots":{"index":"index","follow":"follow","max-snippet":"max-snippet:-1","max-image-preview":"max-image-preview:large","max-video-preview":"max-video-preview:-1"},"canonical":"https:\/\/www.sophy.ch\/fr\/about-us\/","og_locale":"fr_FR","og_type":"article","og_title":"About us - Sophie Jewelry Geneva | Online Store","og_description":"ABOUT SOPHY GENEVA sophy.ch is the first online virtual online marketplace for jewelry and watches, and makes the hearts of","og_url":"https:\/\/www.sophy.ch\/fr\/about-us\/","og_site_name":"Sophie Jewelry Geneva | Online Store","article_publisher":"https:\/\/facebook.com\/sophygeneva","article_modified_time":"2025-04-07T14:25:26+00:00","og_image":[{"width":2000,"height":1500,"url":"https:\/\/www.sophy.ch\/web\/wp-content\/uploads\/2021\/08\/flower-clock-in-geneva-switzerland.jpg","type":"image\/jpeg"}],"twitter_card":"summary_large_image","twitter_site":"@sophygeneva","twitter_misc":{"Dur\u00e9e de lecture estim\u00e9e":"3 minutes"},"schema":{"@context":"https:\/\/schema.org","@graph":[{"@type":"WebPage","@id":"https:\/\/www.sophy.ch\/about-us\/","url":"https:\/\/www.sophy.ch\/about-us\/","name":"About us - Sophie Jewelry Geneva | Online Store","isPartOf":{"@id":"https:\/\/www.sophy.ch\/#website"},"primaryImageOfPage":{"@id":"https:\/\/www.sophy.ch\/about-us\/#primaryimage"},"image":{"@id":"https:\/\/www.sophy.ch\/about-us\/#primaryimage"},"thumbnailUrl":"https:\/\/www.sophy.ch\/web\/wp-content\/uploads\/2021\/08\/flower-clock-in-geneva-switzerland-1024x768.jpg","datePublished":"2021-06-25T12:01:36+00:00","dateModified":"2025-04-07T14:25:26+00:00","breadcrumb":{"@id":"https:\/\/www.sophy.ch\/about-us\/#breadcrumb"},"inLanguage":"fr-FR","potentialAction":[{"@type":"ReadAction","target":["https:\/\/www.sophy.ch\/about-us\/"]}]},{"@type":"ImageObject","inLanguage":"fr-FR","@id":"https:\/\/www.sophy.ch\/about-us\/#primaryimage","url":"https:\/\/www.sophy.ch\/web\/wp-content\/uploads\/2021\/08\/flower-clock-in-geneva-switzerland-1024x768.jpg","contentUrl":"https:\/\/www.sophy.ch\/web\/wp-content\/uploads\/2021\/08\/flower-clock-in-geneva-switzerland-1024x768.jpg"},{"@type":"BreadcrumbList","@id":"https:\/\/www.sophy.ch\/about-us\/#breadcrumb","itemListElement":[{"@type":"ListItem","position":1,"name":"Home","item":"https:\/\/www.sophy.ch\/"},{"@type":"ListItem","position":2,"name":"About us"}]},{"@type":"WebSite","@id":"https:\/\/www.sophy.ch\/#website","url":"https:\/\/www.sophy.ch\/","name":"Sophie Jewelry Geneva | Online Store","description":"Swiss Store for Gold, Diamonds &amp; Gems | Best Prices","publisher":{"@id":"https:\/\/www.sophy.ch\/#organization"},"alternateName":"Sophy Jewelry","potentialAction":[{"@type":"SearchAction","target":{"@type":"EntryPoint","urlTemplate":"https:\/\/www.sophy.ch\/?s={search_term_string}"},"query-input":{"@type":"PropertyValueSpecification","valueRequired":true,"valueName":"search_term_string"}}],"inLanguage":"fr-FR"},{"@type":"Organization","@id":"https:\/\/www.sophy.ch\/#organization","name":"Bijoux Sophy Gen\u00e8ve","alternateName":"Sophy Jewelry","url":"https:\/\/www.sophy.ch\/","logo":{"@type":"ImageObject","inLanguage":"fr-FR","@id":"https:\/\/www.sophy.ch\/#\/schema\/logo\/image\/","url":"https:\/\/www.sophy.ch\/web\/wp-content\/uploads\/2021\/06\/sophy-geneva-logo-small-400.png","contentUrl":"https:\/\/www.sophy.ch\/web\/wp-content\/uploads\/2021\/06\/sophy-geneva-logo-small-400.png","width":408,"height":408,"caption":"Sophy Geneva Jewellery"},"image":{"@id":"https:\/\/www.sophy.ch\/#\/schema\/logo\/image\/"},"sameAs":["https:\/\/facebook.com\/sophygeneva","https:\/\/x.com\/sophygeneva","https:\/\/instagram.com\/sophygeneva","https:\/\/pinterest.com\/sophygeneva","https:\/\/www.youtube.com\/sophygeneva","https:\/\/www.tiktok.com\/@sophygeneva"],"hasMerchantReturnPolicy":{"@type":"MerchantReturnPolicy","merchantReturnLink":"https:\/\/www.sophy.ch\/fr\/returns-and-guarantee\/"}}]}},"_links":{"self":[{"href":"https:\/\/www.sophy.ch\/fr\/wp-json\/wp\/v2\/pages\/2482","targetHints":{"allow":["GET"]}}],"collection":[{"href":"https:\/\/www.sophy.ch\/fr\/wp-json\/wp\/v2\/pages"}],"about":[{"href":"https:\/\/www.sophy.ch\/fr\/wp-json\/wp\/v2\/types\/page"}],"author":[{"embeddable":true,"href":"https:\/\/www.sophy.ch\/fr\/wp-json\/wp\/v2\/users\/1"}],"replies":[{"embeddable":true,"href":"https:\/\/www.sophy.ch\/fr\/wp-json\/wp\/v2\/comments?post=2482"}],"version-history":[{"count":1,"href":"https:\/\/www.sophy.ch\/fr\/wp-json\/wp\/v2\/pages\/2482\/revisions"}],"predecessor-version":[{"id":29645,"href":"https:\/\/www.sophy.ch\/fr\/wp-json\/wp\/v2\/pages\/2482\/revisions\/29645"}],"wp:attachment":[{"href":"https:\/\/www.sophy.ch\/fr\/wp-json\/wp\/v2\/media?parent=2482"}],"curies":[{"name":"wp","href":"https:\/\/api.w.org\/{rel}","templated":true}]}}