{"id":20220,"date":"2022-12-27T14:24:47","date_gmt":"2022-12-27T13:24:47","guid":{"rendered":"https:\/\/www.sophy.ch\/?page_id=20220"},"modified":"2023-02-21T10:40:25","modified_gmt":"2023-02-21T09:40:25","slug":"best-price-guarantee","status":"publish","type":"page","link":"https:\/\/www.sophy.ch\/fr\/best-price-guarantee\/","title":{"rendered":"Meilleur prix garanti"},"content":{"rendered":"<div data-elementor-type=\"wp-page\" data-elementor-id=\"20220\" class=\"elementor elementor-20220\" data-elementor-post-type=\"page\">\n\t\t\t\t\t\t<section class=\"wd-negative-gap elementor-section elementor-top-section elementor-element elementor-element-7ec7fe0 elementor-section-boxed elementor-section-height-default elementor-section-height-default\" data-id=\"7ec7fe0\" data-element_type=\"section\" data-e-type=\"section\" data-settings=\"{&quot;background_background&quot;:&quot;classic&quot;}\">\n\t\t\t\t\t\t<div class=\"elementor-container elementor-column-gap-default\">\n\t\t\t\t\t<div class=\"elementor-column elementor-col-100 elementor-top-column elementor-element elementor-element-10eb773c\" data-id=\"10eb773c\" data-element_type=\"column\" data-e-type=\"column\" data-settings=\"{&quot;background_background&quot;:&quot;classic&quot;}\">\n\t\t\t<div class=\"elementor-widget-wrap elementor-element-populated\">\n\t\t\t\t\t\t<div class=\"elementor-element elementor-element-65389e1e color-scheme-inherit text-left elementor-widget elementor-widget-text-editor\" data-id=\"65389e1e\" data-element_type=\"widget\" data-e-type=\"widget\" data-widget_type=\"text-editor.default\">\n\t\t\t\t<div class=\"elementor-widget-container\">\n\t\t\t\t\t\t\t\t\t<p><\/p>\n<p>Chez Sophy Jewellery, une bijouterie en ligne suisse, nous sommes fiers d&#039;offrir \u00e0 nos clients la meilleure garantie de prix.<\/p>\n<p>Nous sommes convaincus que nous avons les meilleurs prix en Suisse et nous pensons que nos prix sont probablement les meilleurs de l&#039;UE \u00e9galement.<\/p>\n<p>Nos prix incluent les frais d&#039;exp\u00e9dition, vous n&#039;avez donc pas \u00e0 vous soucier de frais suppl\u00e9mentaires lorsque vous effectuez un achat chez nous.<\/p>\n<p>Peu importe ce que vous recherchez ! Or, diamants, argent, saphirs, \u00e9meraudes, opale ou tout autre art de la joaillerie qui vous int\u00e9resse, bagues, boucles d&#039;oreilles, pendentifs, colliers, bracelets, chez Sophy Jewelry, nous ferons de notre mieux pour vous offrir le meilleur prix.<\/p>\n<p>Suivre constamment le march\u00e9 afin de maintenir les meilleurs prix est quelque chose qui demande beaucoup de travail que nous ne pourrons peut-\u00eatre pas faire sur une base quotidienne ou m\u00eame mensuelle. Par cons\u00e9quent, si vous trouvez un meilleur prix sur un autre magasin, nous vous encourageons \u00e0 nous contacter avec le lien du produit sur l&#039;autre site Web.<\/p>\n<p>Sachant que pour obtenir un meilleur prix que le prix de l&#039;autre magasin, les conditions suivantes doivent \u00eatre respect\u00e9es :<br \/>1. Le magasin est situ\u00e9 en Suisse.<br \/>2. La livraison gratuite est incluse<br \/>3. Les deux produits ont les m\u00eames sp\u00e9cifications<br \/>4. Le prix final est le prix d&#039;origine. Les soldes, remises, bons d&#039;achat ou tout autre type d&#039;offre ne s&#039;appliquent pas au prix final<span style=\"color: #be9a60;\"><strong><span title=\"M\u00eame si le produit est en solde, nous pouvons vous proposer un meilleur prix ou une meilleure offre.\">*<\/span><\/strong><\/span>.<\/p>\n<p><strong>Nous ferons de notre mieux pour \u00e9galer ou battre le prix et vous proposer la meilleure offre possible.<\/strong><\/p>\n<p>Veuillez prendre en compte qu&#039;\u00e0 chaque achat, vous recevrez un cadeau avec le produit, qui peut \u00eatre un bon ou une r\u00e9duction pouvant \u00eatre utilis\u00e9 lors du prochain achat, ce qui r\u00e9duira le prix final.<\/p>\n<p>Nous nous engageons \u00e0 fournir \u00e0 nos clients les meilleurs prix du march\u00e9 et nous esp\u00e9rons que notre garantie du meilleur prix vous donnera la confiance n\u00e9cessaire pour acheter avec Sophy Jewellery.<\/p>\n<p style=\"text-align: right;\">Merci d&#039;avoir choisi notre seule bijouterie.<br \/>Equipe Sophy Gen\u00e8ve<\/p>\n<p><span style=\"color: #999999; font-size: 8pt;\">M\u00eame si le produit est en solde, nous pouvons vous proposer un meilleur prix ou une meilleure offre.<\/span><\/p>\n<p><\/p>\t\t\t\t\t\t\t\t<\/div>\n\t\t\t\t<\/div>\n\t\t\t\t<div class=\"elementor-element elementor-element-21be739 elementor-grid-6 elementor-share-buttons--color-custom elementor-share-buttons--view-icon-text elementor-share-buttons--skin-gradient elementor-share-buttons--shape-square elementor-widget elementor-widget-share-buttons\" data-id=\"21be739\" data-element_type=\"widget\" data-e-type=\"widget\" data-widget_type=\"share-buttons.default\">\n\t\t\t\t<div class=\"elementor-widget-container\">\n\t\t\t\t\t\t\t<div class=\"elementor-grid\" role=\"list\">\n\t\t\t\t\t\t\t\t<div class=\"elementor-grid-item\" role=\"listitem\">\n\t\t\t\t\t\t<div class=\"elementor-share-btn elementor-share-btn_facebook\" role=\"button\" tabindex=\"0\" aria-label=\"Partager sur Facebook\">\n\t\t\t\t\t\t\t\t\t\t\t\t\t\t\t<span class=\"elementor-share-btn__icon\">\n\t\t\t\t\t\t\t\t<i class=\"fab fa-facebook\" aria-hidden=\"true\"><\/i>\t\t\t\t\t\t\t<\/span>\n\t\t\t\t\t\t\t\t\t\t\t\t\t\t\t\t\t\t\t\t\t\t<div class=\"elementor-share-btn__text\">\n\t\t\t\t\t\t\t\t\t\t\t\t\t\t\t\t\t\t\t<span class=\"elementor-share-btn__title\">\n\t\t\t\t\t\t\t\t\t\tFacebook\t\t\t\t\t\t\t\t\t<\/span>\n\t\t\t\t\t\t\t\t\t\t\t\t\t\t\t\t\t<\/div>\n\t\t\t\t\t\t\t\t\t\t\t\t\t<\/div>\n\t\t\t\t\t<\/div>\n\t\t\t\t\t\t\t\t\t<div class=\"elementor-grid-item\" role=\"listitem\">\n\t\t\t\t\t\t<div class=\"elementor-share-btn elementor-share-btn_twitter\" role=\"button\" tabindex=\"0\" aria-label=\"Partager sur Twitter\">\n\t\t\t\t\t\t\t\t\t\t\t\t\t\t\t<span class=\"elementor-share-btn__icon\">\n\t\t\t\t\t\t\t\t<i class=\"fab fa-twitter\" aria-hidden=\"true\"><\/i>\t\t\t\t\t\t\t<\/span>\n\t\t\t\t\t\t\t\t\t\t\t\t\t\t\t\t\t\t\t\t\t\t<div class=\"elementor-share-btn__text\">\n\t\t\t\t\t\t\t\t\t\t\t\t\t\t\t\t\t\t\t<span class=\"elementor-share-btn__title\">\n\t\t\t\t\t\t\t\t\t\tTwitter\t\t\t\t\t\t\t\t\t<\/span>\n\t\t\t\t\t\t\t\t\t\t\t\t\t\t\t\t\t<\/div>\n\t\t\t\t\t\t\t\t\t\t\t\t\t<\/div>\n\t\t\t\t\t<\/div>\n\t\t\t\t\t\t\t\t\t<div class=\"elementor-grid-item\" role=\"listitem\">\n\t\t\t\t\t\t<div class=\"elementor-share-btn elementor-share-btn_linkedin\" role=\"button\" tabindex=\"0\" aria-label=\"Partager sur linkedin\">\n\t\t\t\t\t\t\t\t\t\t\t\t\t\t\t<span class=\"elementor-share-btn__icon\">\n\t\t\t\t\t\t\t\t<i class=\"fab fa-linkedin\" aria-hidden=\"true\"><\/i>\t\t\t\t\t\t\t<\/span>\n\t\t\t\t\t\t\t\t\t\t\t\t\t\t\t\t\t\t\t\t\t\t<div class=\"elementor-share-btn__text\">\n\t\t\t\t\t\t\t\t\t\t\t\t\t\t\t\t\t\t\t<span class=\"elementor-share-btn__title\">\n\t\t\t\t\t\t\t\t\t\tLinkedIn\t\t\t\t\t\t\t\t\t<\/span>\n\t\t\t\t\t\t\t\t\t\t\t\t\t\t\t\t\t<\/div>\n\t\t\t\t\t\t\t\t\t\t\t\t\t<\/div>\n\t\t\t\t\t<\/div>\n\t\t\t\t\t\t\t\t\t<div class=\"elementor-grid-item\" role=\"listitem\">\n\t\t\t\t\t\t<div class=\"elementor-share-btn elementor-share-btn_telegram\" role=\"button\" tabindex=\"0\" aria-label=\"Partager sur Telegram\">\n\t\t\t\t\t\t\t\t\t\t\t\t\t\t\t<span class=\"elementor-share-btn__icon\">\n\t\t\t\t\t\t\t\t<i class=\"fab fa-telegram\" aria-hidden=\"true\"><\/i>\t\t\t\t\t\t\t<\/span>\n\t\t\t\t\t\t\t\t\t\t\t\t\t\t\t\t\t\t\t\t\t\t<div class=\"elementor-share-btn__text\">\n\t\t\t\t\t\t\t\t\t\t\t\t\t\t\t\t\t\t\t<span class=\"elementor-share-btn__title\">\n\t\t\t\t\t\t\t\t\t\tT\u00e9l\u00e9gramme\t\t\t\t\t\t\t\t\t<\/span>\n\t\t\t\t\t\t\t\t\t\t\t\t\t\t\t\t\t<\/div>\n\t\t\t\t\t\t\t\t\t\t\t\t\t<\/div>\n\t\t\t\t\t<\/div>\n\t\t\t\t\t\t\t\t\t<div class=\"elementor-grid-item\" role=\"listitem\">\n\t\t\t\t\t\t<div class=\"elementor-share-btn elementor-share-btn_whatsapp\" role=\"button\" tabindex=\"0\" aria-label=\"Partager sur WhatsApp\">\n\t\t\t\t\t\t\t\t\t\t\t\t\t\t\t<span class=\"elementor-share-btn__icon\">\n\t\t\t\t\t\t\t\t<i class=\"fab fa-whatsapp\" aria-hidden=\"true\"><\/i>\t\t\t\t\t\t\t<\/span>\n\t\t\t\t\t\t\t\t\t\t\t\t\t\t\t\t\t\t\t\t\t\t<div class=\"elementor-share-btn__text\">\n\t\t\t\t\t\t\t\t\t\t\t\t\t\t\t\t\t\t\t<span class=\"elementor-share-btn__title\">\n\t\t\t\t\t\t\t\t\t\tWhatsapp\t\t\t\t\t\t\t\t\t<\/span>\n\t\t\t\t\t\t\t\t\t\t\t\t\t\t\t\t\t<\/div>\n\t\t\t\t\t\t\t\t\t\t\t\t\t<\/div>\n\t\t\t\t\t<\/div>\n\t\t\t\t\t\t\t\t\t<div class=\"elementor-grid-item\" role=\"listitem\">\n\t\t\t\t\t\t<div class=\"elementor-share-btn elementor-share-btn_email\" role=\"button\" tabindex=\"0\" aria-label=\"Partager par email\">\n\t\t\t\t\t\t\t\t\t\t\t\t\t\t\t<span class=\"elementor-share-btn__icon\">\n\t\t\t\t\t\t\t\t<i class=\"fas fa-envelope\" aria-hidden=\"true\"><\/i>\t\t\t\t\t\t\t<\/span>\n\t\t\t\t\t\t\t\t\t\t\t\t\t\t\t\t\t\t\t\t\t\t<div class=\"elementor-share-btn__text\">\n\t\t\t\t\t\t\t\t\t\t\t\t\t\t\t\t\t\t\t<span class=\"elementor-share-btn__title\">\n\t\t\t\t\t\t\t\t\t\tE-mail\t\t\t\t\t\t\t\t\t<\/span>\n\t\t\t\t\t\t\t\t\t\t\t\t\t\t\t\t\t<\/div>\n\t\t\t\t\t\t\t\t\t\t\t\t\t<\/div>\n\t\t\t\t\t<\/div>\n\t\t\t\t\t\t<\/div>\n\t\t\t\t\t\t<\/div>\n\t\t\t\t<\/div>\n\t\t\t\t<div class=\"elementor-element elementor-element-bd2357a elementor-widget elementor-widget-testimonial\" data-id=\"bd2357a\" data-element_type=\"widget\" data-e-type=\"widget\" data-widget_type=\"testimonial.default\">\n\t\t\t\t<div class=\"elementor-widget-container\">\n\t\t\t\t\t\t\t<div class=\"elementor-testimonial-wrapper\">\n\t\t\t\t\t\t\t<div class=\"elementor-testimonial-content\">Veuillez prendre en compte qu&#039;\u00e0 chaque achat, vous recevrez un cadeau avec le produit, qui peut \u00eatre un bon ou une r\u00e9duction pouvant \u00eatre utilis\u00e9 lors du prochain achat, ce qui r\u00e9duira le prix d&#039;origine.<\/div>\n\t\t\t\n\t\t\t\t\t\t<div class=\"elementor-testimonial-meta elementor-has-image elementor-testimonial-image-position-aside\">\n\t\t\t\t<div class=\"elementor-testimonial-meta-inner\">\n\t\t\t\t\t\t\t\t\t\t\t<div class=\"elementor-testimonial-image\">\n\t\t\t\t\t\t\t<img decoding=\"async\" width=\"665\" height=\"672\" src=\"https:\/\/www.sophy.ch\/web\/wp-content\/uploads\/2023\/01\/best_price_guarantee-golden_label.jpg\" class=\"attachment-full size-full wp-image-20311\" alt=\"\" srcset=\"https:\/\/www.sophy.ch\/web\/wp-content\/uploads\/2023\/01\/best_price_guarantee-golden_label.jpg 665w, https:\/\/www.sophy.ch\/web\/wp-content\/uploads\/2023\/01\/best_price_guarantee-golden_label-150x152.jpg 150w, https:\/\/www.sophy.ch\/web\/wp-content\/uploads\/2023\/01\/best_price_guarantee-golden_label-297x300.jpg 297w, https:\/\/www.sophy.ch\/web\/wp-content\/uploads\/2023\/01\/best_price_guarantee-golden_label-12x12.jpg 12w\" sizes=\"(max-width: 665px) 100vw, 665px\" \/>\t\t\t\t\t\t<\/div>\n\t\t\t\t\t\n\t\t\t\t\t\t\t\t\t\t<div class=\"elementor-testimonial-details\">\n\t\t\t\t\t\t\t\t\t\t\t\t\t\t<div class=\"elementor-testimonial-name\">Sophy Gen\u00e8ve<\/div>\n\t\t\t\t\t\t\t\t\t\t\t\t\t\t\t\t\t\t\t\t\t\t<div class=\"elementor-testimonial-job\">Founder &amp; CEO<\/div>\n\t\t\t\t\t\t\t\t\t\t\t\t\t<\/div>\n\t\t\t\t\t\t\t\t\t<\/div>\n\t\t\t<\/div>\n\t\t\t\t\t<\/div>\n\t\t\t\t\t\t<\/div>\n\t\t\t\t<\/div>\n\t\t\t\t\t<\/div>\n\t\t<\/div>\n\t\t\t\t\t<\/div>\n\t\t<\/section>\n\t\t\t\t<\/div>","protected":false},"excerpt":{"rendered":"<p>Facebook Twitter LinkedIn Telegram WhatsApp Email Please take into account that with every purchase, you will receive a gift with<\/p>","protected":false},"author":1,"featured_media":20222,"parent":0,"menu_order":0,"comment_status":"closed","ping_status":"closed","template":"","meta":{"footnotes":""},"class_list":["post-20220","page","type-page","status-publish","has-post-thumbnail","hentry"],"yoast_head":"<!-- This site is optimized with the Yoast SEO Premium plugin v26.9 (Yoast SEO v27.1.1) - https:\/\/yoast.com\/product\/yoast-seo-premium-wordpress\/ -->\n<title>Best Price Guarantee | Gold, Diamond &amp; Gemstones @SophyGeneva<\/title>\n<meta name=\"description\" content=\"Guarantee of the Best &amp; Most Reasonable Price in the Swiss &amp; EU Markets! Rings, Earrings, Necklaces, Bracelets &amp; Pendants! Free Shipping! \u27a1\ufe0f\" \/>\n<meta name=\"robots\" content=\"index, follow, max-snippet:-1, max-image-preview:large, max-video-preview:-1\" \/>\n<link rel=\"canonical\" href=\"https:\/\/www.sophy.ch\/fr\/best-price-guarantee\/\" \/>\n<meta property=\"og:locale\" content=\"fr_FR\" \/>\n<meta property=\"og:type\" content=\"article\" \/>\n<meta property=\"og:title\" content=\"Best Price Guarantee - Sophie Jewelry Geneva | Online Store\" \/>\n<meta property=\"og:description\" content=\"Guarantee of the Best &amp; Most Reasonable Price in the Swiss &amp; EU Markets! Rings, Earrings, Necklaces, Bracelets &amp; Pendants! Free Shipping! \u27a1\ufe0f\" \/>\n<meta property=\"og:url\" content=\"https:\/\/www.sophy.ch\/fr\/best-price-guarantee\/\" \/>\n<meta property=\"og:site_name\" content=\"Sophie Jewelry Geneva | Online Store\" \/>\n<meta property=\"article:publisher\" content=\"https:\/\/facebook.com\/sophygeneva\" \/>\n<meta property=\"article:modified_time\" content=\"2023-02-21T09:40:25+00:00\" \/>\n<meta property=\"og:image\" content=\"https:\/\/www.sophy.ch\/web\/wp-content\/uploads\/2022\/12\/best-price-offer-promotion-commerce-marketing-concept.jpg\" \/>\n\t<meta property=\"og:image:width\" content=\"2000\" \/>\n\t<meta property=\"og:image:height\" content=\"1335\" \/>\n\t<meta property=\"og:image:type\" content=\"image\/jpeg\" \/>\n<meta name=\"twitter:card\" content=\"summary_large_image\" \/>\n<meta name=\"twitter:site\" content=\"@sophygeneva\" \/>\n<meta name=\"twitter:label1\" content=\"Dur\u00e9e de lecture estim\u00e9e\" \/>\n\t<meta name=\"twitter:data1\" content=\"2 minutes\" \/>\n<script type=\"application\/ld+json\" class=\"yoast-schema-graph\">{\"@context\":\"https:\/\/schema.org\",\"@graph\":[{\"@type\":\"WebPage\",\"@id\":\"https:\/\/www.sophy.ch\/best-price-guarantee\/\",\"url\":\"https:\/\/www.sophy.ch\/best-price-guarantee\/\",\"name\":\"Best Price Guarantee | Gold, Diamond & Gemstones @SophyGeneva\",\"isPartOf\":{\"@id\":\"https:\/\/www.sophy.ch\/#website\"},\"primaryImageOfPage\":{\"@id\":\"https:\/\/www.sophy.ch\/best-price-guarantee\/#primaryimage\"},\"image\":{\"@id\":\"https:\/\/www.sophy.ch\/best-price-guarantee\/#primaryimage\"},\"thumbnailUrl\":\"https:\/\/www.sophy.ch\/web\/wp-content\/uploads\/2022\/12\/best-price-offer-promotion-commerce-marketing-concept.jpg\",\"datePublished\":\"2022-12-27T13:24:47+00:00\",\"dateModified\":\"2023-02-21T09:40:25+00:00\",\"description\":\"Guarantee of the Best & Most Reasonable Price in the Swiss & EU Markets! Rings, Earrings, Necklaces, Bracelets & Pendants! Free Shipping! \u27a1\ufe0f\",\"breadcrumb\":{\"@id\":\"https:\/\/www.sophy.ch\/best-price-guarantee\/#breadcrumb\"},\"inLanguage\":\"fr-FR\",\"potentialAction\":[{\"@type\":\"ReadAction\",\"target\":[\"https:\/\/www.sophy.ch\/best-price-guarantee\/\"]}]},{\"@type\":\"ImageObject\",\"inLanguage\":\"fr-FR\",\"@id\":\"https:\/\/www.sophy.ch\/best-price-guarantee\/#primaryimage\",\"url\":\"https:\/\/www.sophy.ch\/web\/wp-content\/uploads\/2022\/12\/best-price-offer-promotion-commerce-marketing-concept.jpg\",\"contentUrl\":\"https:\/\/www.sophy.ch\/web\/wp-content\/uploads\/2022\/12\/best-price-offer-promotion-commerce-marketing-concept.jpg\",\"width\":2000,\"height\":1335,\"caption\":\"Best Price Offer Promotion Commerce Marketing Concept\"},{\"@type\":\"BreadcrumbList\",\"@id\":\"https:\/\/www.sophy.ch\/best-price-guarantee\/#breadcrumb\",\"itemListElement\":[{\"@type\":\"ListItem\",\"position\":1,\"name\":\"Home\",\"item\":\"https:\/\/www.sophy.ch\/\"},{\"@type\":\"ListItem\",\"position\":2,\"name\":\"Best Price Guarantee\"}]},{\"@type\":\"WebSite\",\"@id\":\"https:\/\/www.sophy.ch\/#website\",\"url\":\"https:\/\/www.sophy.ch\/\",\"name\":\"Sophie Jewelry Geneva | Online Store\",\"description\":\"Swiss Store for Gold, Diamonds &amp; Gems | Best Prices\",\"publisher\":{\"@id\":\"https:\/\/www.sophy.ch\/#organization\"},\"alternateName\":\"Sophy Jewelry\",\"potentialAction\":[{\"@type\":\"SearchAction\",\"target\":{\"@type\":\"EntryPoint\",\"urlTemplate\":\"https:\/\/www.sophy.ch\/?s={search_term_string}\"},\"query-input\":{\"@type\":\"PropertyValueSpecification\",\"valueRequired\":true,\"valueName\":\"search_term_string\"}}],\"inLanguage\":\"fr-FR\"},{\"@type\":\"Organization\",\"@id\":\"https:\/\/www.sophy.ch\/#organization\",\"name\":\"Sophy Geneva Jewellery\",\"alternateName\":\"Sophy Jewelry\",\"url\":\"https:\/\/www.sophy.ch\/\",\"logo\":{\"@type\":\"ImageObject\",\"inLanguage\":\"fr-FR\",\"@id\":\"https:\/\/www.sophy.ch\/#\/schema\/logo\/image\/\",\"url\":\"https:\/\/www.sophy.ch\/web\/wp-content\/uploads\/2021\/06\/sophy-geneva-logo-small-400.png\",\"contentUrl\":\"https:\/\/www.sophy.ch\/web\/wp-content\/uploads\/2021\/06\/sophy-geneva-logo-small-400.png\",\"width\":408,\"height\":408,\"caption\":\"Sophy Geneva Jewellery\"},\"image\":{\"@id\":\"https:\/\/www.sophy.ch\/#\/schema\/logo\/image\/\"},\"sameAs\":[\"https:\/\/facebook.com\/sophygeneva\",\"https:\/\/x.com\/sophygeneva\",\"https:\/\/instagram.com\/sophygeneva\",\"https:\/\/pinterest.com\/sophygeneva\",\"https:\/\/www.youtube.com\/sophygeneva\",\"https:\/\/www.tiktok.com\/@sophygeneva\"],\"hasMerchantReturnPolicy\":{\"@type\":\"MerchantReturnPolicy\",\"merchantReturnLink\":\"https:\/\/www.sophy.ch\/fr\/returns-and-guarantee\/\"}}]}<\/script>\n<!-- \/ Yoast SEO Premium plugin. -->","yoast_head_json":{"title":"Garantie du meilleur prix | Or, diamants et pierres pr\u00e9cieuses @SophyGeneva","description":"Garantie du prix le meilleur et le plus raisonnable sur les march\u00e9s suisse et europ\u00e9en\u00a0! Bagues, boucles d&#039;oreilles, colliers, bracelets et pendentifs\u00a0! Livraison gratuite! \u27a1\ufe0f","robots":{"index":"index","follow":"follow","max-snippet":"max-snippet:-1","max-image-preview":"max-image-preview:large","max-video-preview":"max-video-preview:-1"},"canonical":"https:\/\/www.sophy.ch\/fr\/best-price-guarantee\/","og_locale":"fr_FR","og_type":"article","og_title":"Best Price Guarantee - Sophie Jewelry Geneva | Online Store","og_description":"Guarantee of the Best & Most Reasonable Price in the Swiss & EU Markets! Rings, Earrings, Necklaces, Bracelets & Pendants! Free Shipping! \u27a1\ufe0f","og_url":"https:\/\/www.sophy.ch\/fr\/best-price-guarantee\/","og_site_name":"Sophie Jewelry Geneva | Online Store","article_publisher":"https:\/\/facebook.com\/sophygeneva","article_modified_time":"2023-02-21T09:40:25+00:00","og_image":[{"width":2000,"height":1335,"url":"https:\/\/www.sophy.ch\/web\/wp-content\/uploads\/2022\/12\/best-price-offer-promotion-commerce-marketing-concept.jpg","type":"image\/jpeg"}],"twitter_card":"summary_large_image","twitter_site":"@sophygeneva","twitter_misc":{"Dur\u00e9e de lecture estim\u00e9e":"2 minutes"},"schema":{"@context":"https:\/\/schema.org","@graph":[{"@type":"WebPage","@id":"https:\/\/www.sophy.ch\/best-price-guarantee\/","url":"https:\/\/www.sophy.ch\/best-price-guarantee\/","name":"Garantie du meilleur prix | Or, diamants et pierres pr\u00e9cieuses @SophyGeneva","isPartOf":{"@id":"https:\/\/www.sophy.ch\/#website"},"primaryImageOfPage":{"@id":"https:\/\/www.sophy.ch\/best-price-guarantee\/#primaryimage"},"image":{"@id":"https:\/\/www.sophy.ch\/best-price-guarantee\/#primaryimage"},"thumbnailUrl":"https:\/\/www.sophy.ch\/web\/wp-content\/uploads\/2022\/12\/best-price-offer-promotion-commerce-marketing-concept.jpg","datePublished":"2022-12-27T13:24:47+00:00","dateModified":"2023-02-21T09:40:25+00:00","description":"Garantie du prix le meilleur et le plus raisonnable sur les march\u00e9s suisse et europ\u00e9en\u00a0! Bagues, boucles d&#039;oreilles, colliers, bracelets et pendentifs\u00a0! Livraison gratuite! \u27a1\ufe0f","breadcrumb":{"@id":"https:\/\/www.sophy.ch\/best-price-guarantee\/#breadcrumb"},"inLanguage":"fr-FR","potentialAction":[{"@type":"ReadAction","target":["https:\/\/www.sophy.ch\/best-price-guarantee\/"]}]},{"@type":"ImageObject","inLanguage":"fr-FR","@id":"https:\/\/www.sophy.ch\/best-price-guarantee\/#primaryimage","url":"https:\/\/www.sophy.ch\/web\/wp-content\/uploads\/2022\/12\/best-price-offer-promotion-commerce-marketing-concept.jpg","contentUrl":"https:\/\/www.sophy.ch\/web\/wp-content\/uploads\/2022\/12\/best-price-offer-promotion-commerce-marketing-concept.jpg","width":2000,"height":1335,"caption":"Best Price Offer Promotion Commerce Marketing Concept"},{"@type":"BreadcrumbList","@id":"https:\/\/www.sophy.ch\/best-price-guarantee\/#breadcrumb","itemListElement":[{"@type":"ListItem","position":1,"name":"Home","item":"https:\/\/www.sophy.ch\/"},{"@type":"ListItem","position":2,"name":"Best Price Guarantee"}]},{"@type":"WebSite","@id":"https:\/\/www.sophy.ch\/#website","url":"https:\/\/www.sophy.ch\/","name":"Sophie Jewelry Geneva | Online Store","description":"Swiss Store for Gold, Diamonds &amp; Gems | Best Prices","publisher":{"@id":"https:\/\/www.sophy.ch\/#organization"},"alternateName":"Sophy Jewelry","potentialAction":[{"@type":"SearchAction","target":{"@type":"EntryPoint","urlTemplate":"https:\/\/www.sophy.ch\/?s={search_term_string}"},"query-input":{"@type":"PropertyValueSpecification","valueRequired":true,"valueName":"search_term_string"}}],"inLanguage":"fr-FR"},{"@type":"Organization","@id":"https:\/\/www.sophy.ch\/#organization","name":"Bijoux Sophy Gen\u00e8ve","alternateName":"Sophy Jewelry","url":"https:\/\/www.sophy.ch\/","logo":{"@type":"ImageObject","inLanguage":"fr-FR","@id":"https:\/\/www.sophy.ch\/#\/schema\/logo\/image\/","url":"https:\/\/www.sophy.ch\/web\/wp-content\/uploads\/2021\/06\/sophy-geneva-logo-small-400.png","contentUrl":"https:\/\/www.sophy.ch\/web\/wp-content\/uploads\/2021\/06\/sophy-geneva-logo-small-400.png","width":408,"height":408,"caption":"Sophy Geneva Jewellery"},"image":{"@id":"https:\/\/www.sophy.ch\/#\/schema\/logo\/image\/"},"sameAs":["https:\/\/facebook.com\/sophygeneva","https:\/\/x.com\/sophygeneva","https:\/\/instagram.com\/sophygeneva","https:\/\/pinterest.com\/sophygeneva","https:\/\/www.youtube.com\/sophygeneva","https:\/\/www.tiktok.com\/@sophygeneva"],"hasMerchantReturnPolicy":{"@type":"MerchantReturnPolicy","merchantReturnLink":"https:\/\/www.sophy.ch\/fr\/returns-and-guarantee\/"}}]}},"_links":{"self":[{"href":"https:\/\/www.sophy.ch\/fr\/wp-json\/wp\/v2\/pages\/20220","targetHints":{"allow":["GET"]}}],"collection":[{"href":"https:\/\/www.sophy.ch\/fr\/wp-json\/wp\/v2\/pages"}],"about":[{"href":"https:\/\/www.sophy.ch\/fr\/wp-json\/wp\/v2\/types\/page"}],"author":[{"embeddable":true,"href":"https:\/\/www.sophy.ch\/fr\/wp-json\/wp\/v2\/users\/1"}],"replies":[{"embeddable":true,"href":"https:\/\/www.sophy.ch\/fr\/wp-json\/wp\/v2\/comments?post=20220"}],"version-history":[{"count":0,"href":"https:\/\/www.sophy.ch\/fr\/wp-json\/wp\/v2\/pages\/20220\/revisions"}],"wp:featuredmedia":[{"embeddable":true,"href":"https:\/\/www.sophy.ch\/fr\/wp-json\/wp\/v2\/media\/20222"}],"wp:attachment":[{"href":"https:\/\/www.sophy.ch\/fr\/wp-json\/wp\/v2\/media?parent=20220"}],"curies":[{"name":"wp","href":"https:\/\/api.w.org\/{rel}","templated":true}]}}