{"id":7940,"date":"2021-10-19T22:58:51","date_gmt":"2021-10-19T20:58:51","guid":{"rendered":"https:\/\/www.sophy.ch\/item\/royal-style-blue-sapphire-and-diamond-earrings-with-18k-gold\/"},"modified":"2022-11-26T11:12:45","modified_gmt":"2022-11-26T10:12:45","slug":"royal-style-blue-sapphire-and-diamond-earrings-with-18k-gold","status":"publish","type":"product","link":"https:\/\/www.sophy.ch\/de\/item\/royal-style-blue-sapphire-and-diamond-earrings-with-18k-gold\/","title":{"rendered":"Blaue Saphir- und Diamantohrringe im Royal-Stil mit 18 Karat Gold"},"content":{"rendered":"","protected":false},"excerpt":{"rendered":"<p><em>Sammlung k\u00f6niglicher Juwelen<\/em> | K\u00fchn und sch\u00f6n sind diese erstaunlichen, atemberaubenden High-Edelsteine wie Blauer Saphir, Smaragde und Rubin, umgeben von wei\u00dfen Diamanten in 18 Karat Gold in verschiedenen Gelb- und Wei\u00dft\u00f6nen, Ringe, Ohrringe und Anh\u00e4nger-Kollektion mit k\u00f6niglicher Eleganz und zeitlosen Designs.<\/p>\n<link rel=\"stylesheet\" id=\"elementor-post-4963-css\" href=\"https:\/\/www.sophy.ch\/web\/wp-content\/uploads\/elementor\/css\/post-4963.css?ver=1778121289\" type=\"text\/css\" media=\"all\">\n<div data-elementor-type=\"wp-post\" data-elementor-id=\"4963\" class=\"elementor elementor-4963\" data-elementor-post-type=\"cms_block\">\n<section class=\"elementor-section elementor-top-section elementor-element elementor-element-1ab3267 elementor-section-content-middle elementor-section-full_width elementor-hidden-phone elementor-section-height-min-height elementor-section-height-default elementor-section-items-middle\" data-id=\"1ab3267\" data-element_type=\"section\" data-e-type=\"section\" data-settings=\"{&quot;background_background&quot;:&quot;classic&quot;}\">\n<div class=\"elementor-container elementor-column-gap-no\">\n<div class=\"elementor-column elementor-col-50 elementor-top-column elementor-element elementor-element-1ec0989\" data-id=\"1ec0989\" data-element_type=\"column\" data-e-type=\"column\">\n<div class=\"elementor-widget-wrap elementor-element-populated\">\n\t\t\t\t\t\t\t<link rel=\"stylesheet\" id=\"wd-mod-animations-transform-base-css\" href=\"https:\/\/www.sophy.ch\/web\/wp-content\/themes\/woodmart\/css\/parts\/mod-animations-transform-base.min.css?ver=8.4.1\" type=\"text\/css\" media=\"all\" \/>\n<div class=\"elementor-element elementor-element-64d8526 wd-animation-slide-from-left wd-animation-normal wd_delay_100 wd-animation wd-transform elementor-widget elementor-widget-image\" data-id=\"64d8526\" data-element_type=\"widget\" data-e-type=\"widget\" data-widget_type=\"image.default\">\n<div class=\"elementor-widget-container\">\n\t\t\t\t\t\t\t\t\t\t\t\t\t\t\t<img decoding=\"async\" src=\"https:\/\/www.sophy.ch\/web\/wp-content\/uploads\/elementor\/thumbs\/free-delivery-pygblnjs3kt39ylh8iemuksvaimsf873a5iokzrqm8.png\" title=\"kostenlose Lieferung\" alt=\"kostenlose Lieferung\" loading=\"lazy\" \/>\t\t\t\t\t\t\t\t\t\t\t\t\t\t\t<\/div>\n<\/p><\/div>\n<\/p><\/div>\n<\/p><\/div>\n<div class=\"elementor-column elementor-col-50 elementor-top-column elementor-element elementor-element-34f3bda\" data-id=\"34f3bda\" data-element_type=\"column\" data-e-type=\"column\">\n<div class=\"elementor-widget-wrap elementor-element-populated\">\n<div class=\"elementor-element elementor-element-55c181c color-scheme-inherit text-left elementor-widget elementor-widget-text-editor\" data-id=\"55c181c\" data-element_type=\"widget\" data-e-type=\"widget\" data-widget_type=\"text-editor.default\">\n<div class=\"elementor-widget-container\">\n\t\t\t\t\t\t\t\t\t<strong>Voraussichtliche Lieferung:<\/strong> Wird versendet zwischen <strong>3 <\/strong>&amp;<strong> 5 <\/strong>Tage\t\t\t\t\t\t\t\t<\/div>\n<\/p><\/div>\n<\/p><\/div>\n<\/p><\/div>\n<\/p><\/div>\n<\/section><\/div><\/p>","protected":false},"featured_media":7902,"template":"","meta":[],"product_brand":[],"product_cat":[272],"product_tag":[367,52,2022,595,359,386,317],"class_list":{"0":"post-7940","1":"product","2":"type-product","3":"status-publish","4":"has-post-thumbnail","6":"product_cat-earrings","7":"product_tag-blue-sapphire","8":"product_tag-diamond-jewellery","9":"product_tag-royal-style-jewelry","10":"product_tag-ruby","11":"product_tag-solitaire-pendant","12":"product_tag-white-diamond","13":"product_tag-white-gold","14":"pa_color-yellow-gold","15":"pa_estimated-time-of-dispatch-2-3-days","16":"pa_jewellery-art-earrings","17":"pa_jewellery-material-gold-18k-750","18":"pa_made-for-ladies","19":"pa_product-brand-fine-jewellery-by-sophy-geneva","20":"pa_product-clarity-si","21":"pa_product-color-product-color-blue","22":"pa_product-gemstone-blue-sapphire","23":"pa_product-gemstone-diamond","25":"first","26":"instock","27":"taxable","28":"shipping-taxable","29":"purchasable","30":"product-type-simple"},"yoast_head":"<!-- This site is optimized with the Yoast SEO Premium plugin v26.9 (Yoast SEO v27.1.1) - https:\/\/yoast.com\/product\/yoast-seo-premium-wordpress\/ -->\n<title>Royal Style Blue Sapphire and Diamond Earrings with 18K Gold - Best Price at Sophy Jewellery<\/title>\n<meta name=\"description\" content=\"Bold and beautiful this amazing stunning High precious stones like Blue Sapphire, Emeralds and Ruby surrounded with white diamonds set in 18k Gold various in Yellow and white color, Rings, Earrings, and Pendant collection featuring Royal elegance and timeless designs.\" \/>\n<meta name=\"robots\" content=\"index, follow, max-snippet:-1, max-image-preview:large, max-video-preview:-1\" \/>\n<link rel=\"canonical\" href=\"https:\/\/www.sophy.ch\/de\/item\/royal-style-blue-sapphire-and-diamond-earrings-with-18k-gold\/\" \/>\n<meta property=\"og:locale\" content=\"de_DE\" \/>\n<meta property=\"og:type\" content=\"article\" \/>\n<meta property=\"og:title\" content=\"Royal Style Blue Sapphire and Diamond Earrings with 18K Gold - Sophie Jewelry Geneva | Online Store\" \/>\n<meta property=\"og:description\" content=\"Best Price Be Wise | Sophy Geneva presents you its Iconic, Glamorous Fine jewelry &amp; watches. Discover our fabulous collections, with a possibility to Virtually try on. Let&#039;s shine\" \/>\n<meta property=\"og:url\" content=\"https:\/\/www.sophy.ch\/de\/item\/royal-style-blue-sapphire-and-diamond-earrings-with-18k-gold\/\" \/>\n<meta property=\"og:site_name\" content=\"Sophie Jewelry Geneva | Online Store\" \/>\n<meta property=\"article:publisher\" content=\"https:\/\/facebook.com\/sophygeneva\" \/>\n<meta property=\"article:modified_time\" content=\"2022-11-26T10:12:45+00:00\" \/>\n<meta property=\"og:image\" content=\"https:\/\/www.sophy.ch\/web\/wp-content\/uploads\/2021\/10\/18KOFA1002SG-Royal-Collection-Blue-Sapphire-with-diamond-Earring.jpg\" \/>\n\t<meta property=\"og:image:width\" content=\"781\" \/>\n\t<meta property=\"og:image:height\" content=\"661\" \/>\n\t<meta property=\"og:image:type\" content=\"image\/jpeg\" \/>\n<meta name=\"twitter:card\" content=\"summary_large_image\" \/>\n<meta name=\"twitter:site\" content=\"@sophygeneva\" \/>\n<meta name=\"twitter:label1\" content=\"Price\" \/>\n\t<meta name=\"twitter:data1\" content=\"&#067;&#072;&#070;&nbsp;2,132 Excl. VAT\" \/>\n\t<meta name=\"twitter:label2\" content=\"Availability\" \/>\n\t<meta name=\"twitter:data2\" content=\"In stock\" \/>\n<script type=\"application\/ld+json\" class=\"yoast-schema-graph\">{\"@context\":\"https:\/\/schema.org\",\"@graph\":[{\"@type\":[\"WebPage\",\"ItemPage\"],\"@id\":\"https:\/\/www.sophy.ch\/item\/royal-style-blue-sapphire-and-diamond-earrings-with-18k-gold\/\",\"url\":\"https:\/\/www.sophy.ch\/item\/royal-style-blue-sapphire-and-diamond-earrings-with-18k-gold\/\",\"name\":\"Royal Style Blue Sapphire and Diamond Earrings with 18K Gold - Best Price at Sophy Jewellery\",\"isPartOf\":{\"@id\":\"https:\/\/www.sophy.ch\/#website\"},\"primaryImageOfPage\":{\"@id\":\"https:\/\/www.sophy.ch\/item\/royal-style-blue-sapphire-and-diamond-earrings-with-18k-gold\/#primaryimage\"},\"image\":{\"@id\":\"https:\/\/www.sophy.ch\/item\/royal-style-blue-sapphire-and-diamond-earrings-with-18k-gold\/#primaryimage\"},\"thumbnailUrl\":\"https:\/\/www.sophy.ch\/web\/wp-content\/uploads\/2021\/10\/18KOFA1002SG-Royal-Collection-Blue-Sapphire-with-diamond-Earring.jpg\",\"datePublished\":\"2021-10-19T20:58:51+00:00\",\"dateModified\":\"2022-11-26T10:12:45+00:00\",\"description\":\"Bold and beautiful this amazing stunning High precious stones like Blue Sapphire, Emeralds and Ruby surrounded with white diamonds set in 18k Gold various in Yellow and white color, Rings, Earrings, and Pendant collection featuring Royal elegance and timeless designs.\",\"breadcrumb\":{\"@id\":\"https:\/\/www.sophy.ch\/item\/royal-style-blue-sapphire-and-diamond-earrings-with-18k-gold\/#breadcrumb\"},\"inLanguage\":\"de-CH\",\"potentialAction\":[{\"@type\":\"ReadAction\",\"target\":[\"https:\/\/www.sophy.ch\/item\/royal-style-blue-sapphire-and-diamond-earrings-with-18k-gold\/\"]}]},{\"@type\":\"ImageObject\",\"inLanguage\":\"de-CH\",\"@id\":\"https:\/\/www.sophy.ch\/item\/royal-style-blue-sapphire-and-diamond-earrings-with-18k-gold\/#primaryimage\",\"url\":\"https:\/\/www.sophy.ch\/web\/wp-content\/uploads\/2021\/10\/18KOFA1002SG-Royal-Collection-Blue-Sapphire-with-diamond-Earring.jpg\",\"contentUrl\":\"https:\/\/www.sophy.ch\/web\/wp-content\/uploads\/2021\/10\/18KOFA1002SG-Royal-Collection-Blue-Sapphire-with-diamond-Earring.jpg\",\"width\":781,\"height\":661},{\"@type\":\"BreadcrumbList\",\"@id\":\"https:\/\/www.sophy.ch\/item\/royal-style-blue-sapphire-and-diamond-earrings-with-18k-gold\/#breadcrumb\",\"itemListElement\":[{\"@type\":\"ListItem\",\"position\":1,\"name\":\"Home\",\"item\":\"https:\/\/www.sophy.ch\/\"},{\"@type\":\"ListItem\",\"position\":2,\"name\":\"Shop\",\"item\":\"https:\/\/www.sophy.ch\/shop\/\"},{\"@type\":\"ListItem\",\"position\":3,\"name\":\"Women Jewelry\",\"item\":\"https:\/\/www.sophy.ch\/products\/women-jewelry\/\"},{\"@type\":\"ListItem\",\"position\":4,\"name\":\"Earrings\",\"item\":\"https:\/\/www.sophy.ch\/products\/women-jewelry\/earrings\/\"},{\"@type\":\"ListItem\",\"position\":5,\"name\":\"Royal Style Blue Sapphire and Diamond Earrings with 18K Gold\"}]},{\"@type\":\"WebSite\",\"@id\":\"https:\/\/www.sophy.ch\/#website\",\"url\":\"https:\/\/www.sophy.ch\/\",\"name\":\"Sophie Jewelry Geneva | Online Store\",\"description\":\"Swiss Store for Gold, Diamonds &amp; Gems | Best Prices\",\"publisher\":{\"@id\":\"https:\/\/www.sophy.ch\/#organization\"},\"alternateName\":\"Sophy Jewelry\",\"potentialAction\":[{\"@type\":\"SearchAction\",\"target\":{\"@type\":\"EntryPoint\",\"urlTemplate\":\"https:\/\/www.sophy.ch\/?s={search_term_string}\"},\"query-input\":{\"@type\":\"PropertyValueSpecification\",\"valueRequired\":true,\"valueName\":\"search_term_string\"}}],\"inLanguage\":\"de-CH\"},{\"@type\":\"Organization\",\"@id\":\"https:\/\/www.sophy.ch\/#organization\",\"name\":\"Sophy Geneva Jewellery\",\"alternateName\":\"Sophy Jewelry\",\"url\":\"https:\/\/www.sophy.ch\/\",\"logo\":{\"@type\":\"ImageObject\",\"inLanguage\":\"de-CH\",\"@id\":\"https:\/\/www.sophy.ch\/#\/schema\/logo\/image\/\",\"url\":\"https:\/\/www.sophy.ch\/web\/wp-content\/uploads\/2021\/06\/sophy-geneva-logo-small-400.png\",\"contentUrl\":\"https:\/\/www.sophy.ch\/web\/wp-content\/uploads\/2021\/06\/sophy-geneva-logo-small-400.png\",\"width\":408,\"height\":408,\"caption\":\"Sophy Geneva Jewellery\"},\"image\":{\"@id\":\"https:\/\/www.sophy.ch\/#\/schema\/logo\/image\/\"},\"sameAs\":[\"https:\/\/facebook.com\/sophygeneva\",\"https:\/\/x.com\/sophygeneva\",\"https:\/\/instagram.com\/sophygeneva\",\"https:\/\/pinterest.com\/sophygeneva\",\"https:\/\/www.youtube.com\/sophygeneva\",\"https:\/\/www.tiktok.com\/@sophygeneva\"],\"hasMerchantReturnPolicy\":{\"@type\":\"MerchantReturnPolicy\",\"merchantReturnLink\":\"https:\/\/www.sophy.ch\/de\/returns-and-guarantee\/\"}}]}<\/script>\n<meta property=\"product:brand\" content=\"Fine Jewellery by Sophy Geneva\" \/>\n<meta property=\"product:price:amount\" content=\"2132.00\" \/>\n<meta property=\"product:price:currency\" content=\"CHF\" \/>\n<meta property=\"og:availability\" content=\"instock\" \/>\n<meta property=\"product:availability\" content=\"instock\" \/>\n<meta property=\"product:retailer_item_id\" content=\"OFA1002\" \/>\n<meta property=\"product:condition\" content=\"new\" \/>\n<!-- \/ Yoast SEO Premium plugin. -->","yoast_head_json":{"title":"Ohrringe im k\u00f6niglichen Stil mit blauem Saphir und Diamanten und 18 Karat Gold \u2013 Bester Preis bei Sophy Jewellery","description":"K\u00fchn und sch\u00f6n sind diese erstaunlichen, atemberaubenden High-Edelsteine wie Blauer Saphir, Smaragde und Rubin, umgeben von wei\u00dfen Diamanten in 18 Karat Gold in verschiedenen Gelb- und Wei\u00dft\u00f6nen, Ringe, Ohrringe und Anh\u00e4nger-Kollektion mit k\u00f6niglicher Eleganz und zeitlosen Designs.","robots":{"index":"index","follow":"follow","max-snippet":"max-snippet:-1","max-image-preview":"max-image-preview:large","max-video-preview":"max-video-preview:-1"},"canonical":"https:\/\/www.sophy.ch\/de\/item\/royal-style-blue-sapphire-and-diamond-earrings-with-18k-gold\/","og_locale":"de_DE","og_type":"article","og_title":"Royal Style Blue Sapphire and Diamond Earrings with 18K Gold - Sophie Jewelry Geneva | Online Store","og_description":"Best Price Be Wise | Sophy Geneva presents you its Iconic, Glamorous Fine jewelry & watches. Discover our fabulous collections, with a possibility to Virtually try on. Let's shine","og_url":"https:\/\/www.sophy.ch\/de\/item\/royal-style-blue-sapphire-and-diamond-earrings-with-18k-gold\/","og_site_name":"Sophie Jewelry Geneva | Online Store","article_publisher":"https:\/\/facebook.com\/sophygeneva","article_modified_time":"2022-11-26T10:12:45+00:00","og_image":[{"width":781,"height":661,"url":"https:\/\/www.sophy.ch\/web\/wp-content\/uploads\/2021\/10\/18KOFA1002SG-Royal-Collection-Blue-Sapphire-with-diamond-Earring.jpg","type":"image\/jpeg"}],"twitter_card":"summary_large_image","twitter_site":"@sophygeneva","twitter_misc":{"Price":"&#67;&#72;&#70;&nbsp;2,132 Excl. VAT","Availability":"In stock"},"schema":{"@context":"https:\/\/schema.org","@graph":[{"@type":["WebPage","ItemPage"],"@id":"https:\/\/www.sophy.ch\/item\/royal-style-blue-sapphire-and-diamond-earrings-with-18k-gold\/","url":"https:\/\/www.sophy.ch\/item\/royal-style-blue-sapphire-and-diamond-earrings-with-18k-gold\/","name":"Ohrringe im k\u00f6niglichen Stil mit blauem Saphir und Diamanten und 18 Karat Gold \u2013 Bester Preis bei Sophy Jewellery","isPartOf":{"@id":"https:\/\/www.sophy.ch\/#website"},"primaryImageOfPage":{"@id":"https:\/\/www.sophy.ch\/item\/royal-style-blue-sapphire-and-diamond-earrings-with-18k-gold\/#primaryimage"},"image":{"@id":"https:\/\/www.sophy.ch\/item\/royal-style-blue-sapphire-and-diamond-earrings-with-18k-gold\/#primaryimage"},"thumbnailUrl":"https:\/\/www.sophy.ch\/web\/wp-content\/uploads\/2021\/10\/18KOFA1002SG-Royal-Collection-Blue-Sapphire-with-diamond-Earring.jpg","datePublished":"2021-10-19T20:58:51+00:00","dateModified":"2022-11-26T10:12:45+00:00","description":"K\u00fchn und sch\u00f6n sind diese erstaunlichen, atemberaubenden High-Edelsteine wie Blauer Saphir, Smaragde und Rubin, umgeben von wei\u00dfen Diamanten in 18 Karat Gold in verschiedenen Gelb- und Wei\u00dft\u00f6nen, Ringe, Ohrringe und Anh\u00e4nger-Kollektion mit k\u00f6niglicher Eleganz und zeitlosen Designs.","breadcrumb":{"@id":"https:\/\/www.sophy.ch\/item\/royal-style-blue-sapphire-and-diamond-earrings-with-18k-gold\/#breadcrumb"},"inLanguage":"de-CH","potentialAction":[{"@type":"ReadAction","target":["https:\/\/www.sophy.ch\/item\/royal-style-blue-sapphire-and-diamond-earrings-with-18k-gold\/"]}]},{"@type":"ImageObject","inLanguage":"de-CH","@id":"https:\/\/www.sophy.ch\/item\/royal-style-blue-sapphire-and-diamond-earrings-with-18k-gold\/#primaryimage","url":"https:\/\/www.sophy.ch\/web\/wp-content\/uploads\/2021\/10\/18KOFA1002SG-Royal-Collection-Blue-Sapphire-with-diamond-Earring.jpg","contentUrl":"https:\/\/www.sophy.ch\/web\/wp-content\/uploads\/2021\/10\/18KOFA1002SG-Royal-Collection-Blue-Sapphire-with-diamond-Earring.jpg","width":781,"height":661},{"@type":"BreadcrumbList","@id":"https:\/\/www.sophy.ch\/item\/royal-style-blue-sapphire-and-diamond-earrings-with-18k-gold\/#breadcrumb","itemListElement":[{"@type":"ListItem","position":1,"name":"Home","item":"https:\/\/www.sophy.ch\/"},{"@type":"ListItem","position":2,"name":"Shop","item":"https:\/\/www.sophy.ch\/shop\/"},{"@type":"ListItem","position":3,"name":"Women Jewelry","item":"https:\/\/www.sophy.ch\/products\/women-jewelry\/"},{"@type":"ListItem","position":4,"name":"Earrings","item":"https:\/\/www.sophy.ch\/products\/women-jewelry\/earrings\/"},{"@type":"ListItem","position":5,"name":"Royal Style Blue Sapphire and Diamond Earrings with 18K Gold"}]},{"@type":"WebSite","@id":"https:\/\/www.sophy.ch\/#website","url":"https:\/\/www.sophy.ch\/","name":"Sophie Jewelry Geneva | Online Store","description":"Swiss Store for Gold, Diamonds &amp; Gems | Best Prices","publisher":{"@id":"https:\/\/www.sophy.ch\/#organization"},"alternateName":"Sophy Jewelry","potentialAction":[{"@type":"SearchAction","target":{"@type":"EntryPoint","urlTemplate":"https:\/\/www.sophy.ch\/?s={search_term_string}"},"query-input":{"@type":"PropertyValueSpecification","valueRequired":true,"valueName":"search_term_string"}}],"inLanguage":"de-CH"},{"@type":"Organization","@id":"https:\/\/www.sophy.ch\/#organization","name":"Sophie Geneva Schmuck","alternateName":"Sophy Jewelry","url":"https:\/\/www.sophy.ch\/","logo":{"@type":"ImageObject","inLanguage":"de-CH","@id":"https:\/\/www.sophy.ch\/#\/schema\/logo\/image\/","url":"https:\/\/www.sophy.ch\/web\/wp-content\/uploads\/2021\/06\/sophy-geneva-logo-small-400.png","contentUrl":"https:\/\/www.sophy.ch\/web\/wp-content\/uploads\/2021\/06\/sophy-geneva-logo-small-400.png","width":408,"height":408,"caption":"Sophy Geneva Jewellery"},"image":{"@id":"https:\/\/www.sophy.ch\/#\/schema\/logo\/image\/"},"sameAs":["https:\/\/facebook.com\/sophygeneva","https:\/\/x.com\/sophygeneva","https:\/\/instagram.com\/sophygeneva","https:\/\/pinterest.com\/sophygeneva","https:\/\/www.youtube.com\/sophygeneva","https:\/\/www.tiktok.com\/@sophygeneva"],"hasMerchantReturnPolicy":{"@type":"MerchantReturnPolicy","merchantReturnLink":"https:\/\/www.sophy.ch\/de\/returns-and-guarantee\/"}}]},"product_brand":"Fine Jewellery by Sophy Geneva","product_price_amount":"2132.00","product_price_currency":"CHF","og_availability":"instock","product_availability":"instock","product_retailer_item_id":"OFA1002","product_condition":"new"},"_links":{"self":[{"href":"https:\/\/www.sophy.ch\/de\/wp-json\/wp\/v2\/product\/7940","targetHints":{"allow":["GET"]}}],"collection":[{"href":"https:\/\/www.sophy.ch\/de\/wp-json\/wp\/v2\/product"}],"about":[{"href":"https:\/\/www.sophy.ch\/de\/wp-json\/wp\/v2\/types\/product"}],"version-history":[{"count":0,"href":"https:\/\/www.sophy.ch\/de\/wp-json\/wp\/v2\/product\/7940\/revisions"}],"wp:featuredmedia":[{"embeddable":true,"href":"https:\/\/www.sophy.ch\/de\/wp-json\/wp\/v2\/media\/7902"}],"wp:attachment":[{"href":"https:\/\/www.sophy.ch\/de\/wp-json\/wp\/v2\/media?parent=7940"}],"wp:term":[{"taxonomy":"product_brand","embeddable":true,"href":"https:\/\/www.sophy.ch\/de\/wp-json\/wp\/v2\/product_brand?post=7940"},{"taxonomy":"product_cat","embeddable":true,"href":"https:\/\/www.sophy.ch\/de\/wp-json\/wp\/v2\/product_cat?post=7940"},{"taxonomy":"product_tag","embeddable":true,"href":"https:\/\/www.sophy.ch\/de\/wp-json\/wp\/v2\/product_tag?post=7940"}],"curies":[{"name":"wp","href":"https:\/\/api.w.org\/{rel}","templated":true}]}}