{"id":6379,"date":"2021-08-07T23:35:55","date_gmt":"2021-08-07T21:35:55","guid":{"rendered":"https:\/\/www.sophy.ch\/item\/charming-diamond-new-infinity-ring-18k-yellow-gold\/"},"modified":"2023-08-27T23:01:35","modified_gmt":"2023-08-27T21:01:35","slug":"charming-diamond-new-infinity-ring-18k-yellow-gold","status":"publish","type":"product","link":"https:\/\/www.sophy.ch\/de\/item\/charming-diamond-new-infinity-ring-18k-yellow-gold\/","title":{"rendered":"Charming Diamond neuer Infinity Ring, 18K Gelbgold"},"content":{"rendered":"","protected":false},"excerpt":{"rendered":"<p>Exklusiv bei Sophy Geneva Bridal, Ein romantisches Symbol f\u00fcr unendliche Liebe und Leidenschaft! Ein atemberaubender Diamantring mit Infinity-Knoten, der durch seine Sch\u00f6nheit besticht, in Vollendung gefertigt aus massivem 18 Karat Wei\u00dfgold \u2013 Schweizer Stempel. Handgefertigt mit wundersch\u00f6nen 96 Diamanten im nat\u00fcrlichen Rundschliff von ca.: 0,27 Karat.<\/p>","protected":false},"featured_media":6345,"template":"","meta":[],"product_brand":[],"product_cat":[1964,264,297],"product_tag":[48,52,373,386,317],"class_list":{"0":"post-6379","1":"product","2":"type-product","3":"status-publish","4":"has-post-thumbnail","6":"product_cat-diamond-ring","7":"product_cat-exclusive-collections","8":"product_cat-rings","9":"product_tag-18k-gold-jewellery","10":"product_tag-diamond-jewellery","11":"product_tag-solitaire-ring","12":"product_tag-white-diamond","13":"product_tag-white-gold","14":"pa_color-yellow-gold","15":"pa_jewellery-art-ring","16":"pa_jewellery-material-gold-18k-750","17":"pa_made-for-ladies","18":"pa_product-brand-fine-jewellery-by-sophy-geneva","19":"pa_product-gemstone-diamond","20":"pa_product-ring-size-50-o-159mm","21":"pa_product-ring-size-52-o-165mm","22":"pa_product-ring-size-377","23":"pa_product-ring-size-378","24":"pa_product-ring-size-379","25":"pa_product-ring-size-380","26":"pa_solitaire-solitaire-ring","28":"first","29":"instock","30":"sale","31":"taxable","32":"shipping-taxable","33":"purchasable","34":"product-type-variable","35":"has-default-attributes"},"yoast_head":"<!-- This site is optimized with the Yoast SEO Premium plugin v26.9 (Yoast SEO v27.1.1) - https:\/\/yoast.com\/product\/yoast-seo-premium-wordpress\/ -->\n<title>Charming Diamond new Infinity Ring, 18K yellow gold - Best Price at Sophy Jewellery<\/title>\n<meta name=\"description\" content=\"SALE for a limited time, View our stunning diamond and 18k Gold rings collection featuring elegant and timeless designs, the most affordable in Switzerland with a possibility to Virtually try on.\" \/>\n<meta name=\"robots\" content=\"index, follow, max-snippet:-1, max-image-preview:large, max-video-preview:-1\" \/>\n<link rel=\"canonical\" href=\"https:\/\/www.sophy.ch\/de\/item\/charming-diamond-new-infinity-ring-18k-yellow-gold\/\" \/>\n<meta property=\"og:locale\" content=\"de_DE\" \/>\n<meta property=\"og:type\" content=\"article\" \/>\n<meta property=\"og:title\" content=\"Charming Diamond new Infinity Ring, 18K yellow gold - Sophie Jewelry Geneva | Online Store\" \/>\n<meta property=\"og:description\" content=\"Best Price Be Wise | Sophy Geneva presents you its Iconic, Glamorous Fine jewelry &amp; watches. Discover our fabulous collections, with a possibility to Virtually try on. Let&#039;s shine\" \/>\n<meta property=\"og:url\" content=\"https:\/\/www.sophy.ch\/de\/item\/charming-diamond-new-infinity-ring-18k-yellow-gold\/\" \/>\n<meta property=\"og:site_name\" content=\"Sophie Jewelry Geneva | Online Store\" \/>\n<meta property=\"article:publisher\" content=\"https:\/\/facebook.com\/sophygeneva\" \/>\n<meta property=\"article:modified_time\" content=\"2023-08-27T21:01:35+00:00\" \/>\n<meta property=\"og:image\" content=\"https:\/\/www.sophy.ch\/web\/wp-content\/uploads\/2021\/08\/Sophy-Geneva-Diamond-18k-gold-750gold-wedding-band-jewelryWP-Y-122620.png\" \/>\n\t<meta property=\"og:image:width\" content=\"740\" \/>\n\t<meta property=\"og:image:height\" content=\"740\" \/>\n\t<meta property=\"og:image:type\" content=\"image\/png\" \/>\n<meta name=\"twitter:card\" content=\"summary_large_image\" \/>\n<meta name=\"twitter:site\" content=\"@sophygeneva\" \/>\n<meta name=\"twitter:label1\" content=\"Availability\" \/>\n\t<meta name=\"twitter:data1\" content=\"In stock\" \/>\n<script type=\"application\/ld+json\" class=\"yoast-schema-graph\">{\"@context\":\"https:\/\/schema.org\",\"@graph\":[{\"@type\":[\"WebPage\",\"ItemPage\"],\"@id\":\"https:\/\/www.sophy.ch\/item\/charming-diamond-new-infinity-ring-18k-yellow-gold\/\",\"url\":\"https:\/\/www.sophy.ch\/item\/charming-diamond-new-infinity-ring-18k-yellow-gold\/\",\"name\":\"Charming Diamond new Infinity Ring, 18K yellow gold - Best Price at Sophy Jewellery\",\"isPartOf\":{\"@id\":\"https:\/\/www.sophy.ch\/#website\"},\"primaryImageOfPage\":{\"@id\":\"https:\/\/www.sophy.ch\/item\/charming-diamond-new-infinity-ring-18k-yellow-gold\/#primaryimage\"},\"image\":{\"@id\":\"https:\/\/www.sophy.ch\/item\/charming-diamond-new-infinity-ring-18k-yellow-gold\/#primaryimage\"},\"thumbnailUrl\":\"https:\/\/www.sophy.ch\/web\/wp-content\/uploads\/2021\/08\/Sophy-Geneva-Diamond-18k-gold-750gold-wedding-band-jewelryWP-Y-122620.png\",\"datePublished\":\"2021-08-07T21:35:55+00:00\",\"dateModified\":\"2023-08-27T21:01:35+00:00\",\"description\":\"SALE for a limited time, View our stunning diamond and 18k Gold rings collection featuring elegant and timeless designs, the most affordable in Switzerland with a possibility to Virtually try on.\",\"breadcrumb\":{\"@id\":\"https:\/\/www.sophy.ch\/item\/charming-diamond-new-infinity-ring-18k-yellow-gold\/#breadcrumb\"},\"inLanguage\":\"de-CH\",\"potentialAction\":[{\"@type\":\"ReadAction\",\"target\":[\"https:\/\/www.sophy.ch\/item\/charming-diamond-new-infinity-ring-18k-yellow-gold\/\"]}]},{\"@type\":\"ImageObject\",\"inLanguage\":\"de-CH\",\"@id\":\"https:\/\/www.sophy.ch\/item\/charming-diamond-new-infinity-ring-18k-yellow-gold\/#primaryimage\",\"url\":\"https:\/\/www.sophy.ch\/web\/wp-content\/uploads\/2021\/08\/Sophy-Geneva-Diamond-18k-gold-750gold-wedding-band-jewelryWP-Y-122620.png\",\"contentUrl\":\"https:\/\/www.sophy.ch\/web\/wp-content\/uploads\/2021\/08\/Sophy-Geneva-Diamond-18k-gold-750gold-wedding-band-jewelryWP-Y-122620.png\",\"width\":740,\"height\":740},{\"@type\":\"BreadcrumbList\",\"@id\":\"https:\/\/www.sophy.ch\/item\/charming-diamond-new-infinity-ring-18k-yellow-gold\/#breadcrumb\",\"itemListElement\":[{\"@type\":\"ListItem\",\"position\":1,\"name\":\"Home\",\"item\":\"https:\/\/www.sophy.ch\/\"},{\"@type\":\"ListItem\",\"position\":2,\"name\":\"Shop\",\"item\":\"https:\/\/www.sophy.ch\/shop\/\"},{\"@type\":\"ListItem\",\"position\":3,\"name\":\"Women Jewelry\",\"item\":\"https:\/\/www.sophy.ch\/products\/women-jewelry\/\"},{\"@type\":\"ListItem\",\"position\":4,\"name\":\"Rings\",\"item\":\"https:\/\/www.sophy.ch\/products\/women-jewelry\/rings\/\"},{\"@type\":\"ListItem\",\"position\":5,\"name\":\"Charming Diamond new Infinity Ring, 18K yellow gold\"}]},{\"@type\":\"WebSite\",\"@id\":\"https:\/\/www.sophy.ch\/#website\",\"url\":\"https:\/\/www.sophy.ch\/\",\"name\":\"Sophie Jewelry Geneva | Online Store\",\"description\":\"Swiss Store for Gold, Diamonds &amp; Gems | Best Prices\",\"publisher\":{\"@id\":\"https:\/\/www.sophy.ch\/#organization\"},\"alternateName\":\"Sophy Jewelry\",\"potentialAction\":[{\"@type\":\"SearchAction\",\"target\":{\"@type\":\"EntryPoint\",\"urlTemplate\":\"https:\/\/www.sophy.ch\/?s={search_term_string}\"},\"query-input\":{\"@type\":\"PropertyValueSpecification\",\"valueRequired\":true,\"valueName\":\"search_term_string\"}}],\"inLanguage\":\"de-CH\"},{\"@type\":\"Organization\",\"@id\":\"https:\/\/www.sophy.ch\/#organization\",\"name\":\"Sophy Geneva Jewellery\",\"alternateName\":\"Sophy Jewelry\",\"url\":\"https:\/\/www.sophy.ch\/\",\"logo\":{\"@type\":\"ImageObject\",\"inLanguage\":\"de-CH\",\"@id\":\"https:\/\/www.sophy.ch\/#\/schema\/logo\/image\/\",\"url\":\"https:\/\/www.sophy.ch\/web\/wp-content\/uploads\/2021\/06\/sophy-geneva-logo-small-400.png\",\"contentUrl\":\"https:\/\/www.sophy.ch\/web\/wp-content\/uploads\/2021\/06\/sophy-geneva-logo-small-400.png\",\"width\":408,\"height\":408,\"caption\":\"Sophy Geneva Jewellery\"},\"image\":{\"@id\":\"https:\/\/www.sophy.ch\/#\/schema\/logo\/image\/\"},\"sameAs\":[\"https:\/\/facebook.com\/sophygeneva\",\"https:\/\/x.com\/sophygeneva\",\"https:\/\/instagram.com\/sophygeneva\",\"https:\/\/pinterest.com\/sophygeneva\",\"https:\/\/www.youtube.com\/sophygeneva\",\"https:\/\/www.tiktok.com\/@sophygeneva\"],\"hasMerchantReturnPolicy\":{\"@type\":\"MerchantReturnPolicy\",\"merchantReturnLink\":\"https:\/\/www.sophy.ch\/de\/returns-and-guarantee\/\"}}]}<\/script>\n<meta property=\"product:brand\" content=\"Fine Jewellery by Sophy Geneva\" \/>\n<meta property=\"og:availability\" content=\"instock\" \/>\n<meta property=\"product:availability\" content=\"instock\" \/>\n<meta property=\"product:retailer_item_id\" content=\"WPR122620-Y18\" \/>\n<meta property=\"product:condition\" content=\"new\" \/>\n<!-- \/ Yoast SEO Premium plugin. -->","yoast_head_json":{"title":"Bezaubernder neuer Infinity-Ring mit Diamanten, 18 Karat Gelbgold \u2013 Bester Preis bei Sophy Jewellery","description":"SALE f\u00fcr begrenzte Zeit, Sehen Sie sich unsere atemberaubende Kollektion mit Diamanten und 18 Karat Goldringen mit eleganten und zeitlosen Designs an, die g\u00fcnstigste in der Schweiz mit der M\u00f6glichkeit, sie virtuell anzuprobieren.","robots":{"index":"index","follow":"follow","max-snippet":"max-snippet:-1","max-image-preview":"max-image-preview:large","max-video-preview":"max-video-preview:-1"},"canonical":"https:\/\/www.sophy.ch\/de\/item\/charming-diamond-new-infinity-ring-18k-yellow-gold\/","og_locale":"de_DE","og_type":"article","og_title":"Charming Diamond new Infinity Ring, 18K yellow gold - Sophie Jewelry Geneva | Online Store","og_description":"Best Price Be Wise | Sophy Geneva presents you its Iconic, Glamorous Fine jewelry & watches. Discover our fabulous collections, with a possibility to Virtually try on. Let's shine","og_url":"https:\/\/www.sophy.ch\/de\/item\/charming-diamond-new-infinity-ring-18k-yellow-gold\/","og_site_name":"Sophie Jewelry Geneva | Online Store","article_publisher":"https:\/\/facebook.com\/sophygeneva","article_modified_time":"2023-08-27T21:01:35+00:00","og_image":[{"width":740,"height":740,"url":"https:\/\/www.sophy.ch\/web\/wp-content\/uploads\/2021\/08\/Sophy-Geneva-Diamond-18k-gold-750gold-wedding-band-jewelryWP-Y-122620.png","type":"image\/png"}],"twitter_card":"summary_large_image","twitter_site":"@sophygeneva","twitter_misc":{"Availability":"In stock"},"schema":{"@context":"https:\/\/schema.org","@graph":[{"@type":["WebPage","ItemPage"],"@id":"https:\/\/www.sophy.ch\/item\/charming-diamond-new-infinity-ring-18k-yellow-gold\/","url":"https:\/\/www.sophy.ch\/item\/charming-diamond-new-infinity-ring-18k-yellow-gold\/","name":"Bezaubernder neuer Infinity-Ring mit Diamanten, 18 Karat Gelbgold \u2013 Bester Preis bei Sophy Jewellery","isPartOf":{"@id":"https:\/\/www.sophy.ch\/#website"},"primaryImageOfPage":{"@id":"https:\/\/www.sophy.ch\/item\/charming-diamond-new-infinity-ring-18k-yellow-gold\/#primaryimage"},"image":{"@id":"https:\/\/www.sophy.ch\/item\/charming-diamond-new-infinity-ring-18k-yellow-gold\/#primaryimage"},"thumbnailUrl":"https:\/\/www.sophy.ch\/web\/wp-content\/uploads\/2021\/08\/Sophy-Geneva-Diamond-18k-gold-750gold-wedding-band-jewelryWP-Y-122620.png","datePublished":"2021-08-07T21:35:55+00:00","dateModified":"2023-08-27T21:01:35+00:00","description":"SALE f\u00fcr begrenzte Zeit, Sehen Sie sich unsere atemberaubende Kollektion mit Diamanten und 18 Karat Goldringen mit eleganten und zeitlosen Designs an, die g\u00fcnstigste in der Schweiz mit der M\u00f6glichkeit, sie virtuell anzuprobieren.","breadcrumb":{"@id":"https:\/\/www.sophy.ch\/item\/charming-diamond-new-infinity-ring-18k-yellow-gold\/#breadcrumb"},"inLanguage":"de-CH","potentialAction":[{"@type":"ReadAction","target":["https:\/\/www.sophy.ch\/item\/charming-diamond-new-infinity-ring-18k-yellow-gold\/"]}]},{"@type":"ImageObject","inLanguage":"de-CH","@id":"https:\/\/www.sophy.ch\/item\/charming-diamond-new-infinity-ring-18k-yellow-gold\/#primaryimage","url":"https:\/\/www.sophy.ch\/web\/wp-content\/uploads\/2021\/08\/Sophy-Geneva-Diamond-18k-gold-750gold-wedding-band-jewelryWP-Y-122620.png","contentUrl":"https:\/\/www.sophy.ch\/web\/wp-content\/uploads\/2021\/08\/Sophy-Geneva-Diamond-18k-gold-750gold-wedding-band-jewelryWP-Y-122620.png","width":740,"height":740},{"@type":"BreadcrumbList","@id":"https:\/\/www.sophy.ch\/item\/charming-diamond-new-infinity-ring-18k-yellow-gold\/#breadcrumb","itemListElement":[{"@type":"ListItem","position":1,"name":"Home","item":"https:\/\/www.sophy.ch\/"},{"@type":"ListItem","position":2,"name":"Shop","item":"https:\/\/www.sophy.ch\/shop\/"},{"@type":"ListItem","position":3,"name":"Women Jewelry","item":"https:\/\/www.sophy.ch\/products\/women-jewelry\/"},{"@type":"ListItem","position":4,"name":"Rings","item":"https:\/\/www.sophy.ch\/products\/women-jewelry\/rings\/"},{"@type":"ListItem","position":5,"name":"Charming Diamond new Infinity Ring, 18K yellow gold"}]},{"@type":"WebSite","@id":"https:\/\/www.sophy.ch\/#website","url":"https:\/\/www.sophy.ch\/","name":"Sophie Jewelry Geneva | Online Store","description":"Swiss Store for Gold, Diamonds &amp; Gems | Best Prices","publisher":{"@id":"https:\/\/www.sophy.ch\/#organization"},"alternateName":"Sophy Jewelry","potentialAction":[{"@type":"SearchAction","target":{"@type":"EntryPoint","urlTemplate":"https:\/\/www.sophy.ch\/?s={search_term_string}"},"query-input":{"@type":"PropertyValueSpecification","valueRequired":true,"valueName":"search_term_string"}}],"inLanguage":"de-CH"},{"@type":"Organization","@id":"https:\/\/www.sophy.ch\/#organization","name":"Sophie Geneva Schmuck","alternateName":"Sophy Jewelry","url":"https:\/\/www.sophy.ch\/","logo":{"@type":"ImageObject","inLanguage":"de-CH","@id":"https:\/\/www.sophy.ch\/#\/schema\/logo\/image\/","url":"https:\/\/www.sophy.ch\/web\/wp-content\/uploads\/2021\/06\/sophy-geneva-logo-small-400.png","contentUrl":"https:\/\/www.sophy.ch\/web\/wp-content\/uploads\/2021\/06\/sophy-geneva-logo-small-400.png","width":408,"height":408,"caption":"Sophy Geneva Jewellery"},"image":{"@id":"https:\/\/www.sophy.ch\/#\/schema\/logo\/image\/"},"sameAs":["https:\/\/facebook.com\/sophygeneva","https:\/\/x.com\/sophygeneva","https:\/\/instagram.com\/sophygeneva","https:\/\/pinterest.com\/sophygeneva","https:\/\/www.youtube.com\/sophygeneva","https:\/\/www.tiktok.com\/@sophygeneva"],"hasMerchantReturnPolicy":{"@type":"MerchantReturnPolicy","merchantReturnLink":"https:\/\/www.sophy.ch\/de\/returns-and-guarantee\/"}}]},"product_brand":"Fine Jewellery by Sophy Geneva","og_availability":"instock","product_availability":"instock","product_retailer_item_id":"WPR122620-Y18","product_condition":"new"},"_links":{"self":[{"href":"https:\/\/www.sophy.ch\/de\/wp-json\/wp\/v2\/product\/6379","targetHints":{"allow":["GET"]}}],"collection":[{"href":"https:\/\/www.sophy.ch\/de\/wp-json\/wp\/v2\/product"}],"about":[{"href":"https:\/\/www.sophy.ch\/de\/wp-json\/wp\/v2\/types\/product"}],"version-history":[{"count":0,"href":"https:\/\/www.sophy.ch\/de\/wp-json\/wp\/v2\/product\/6379\/revisions"}],"wp:featuredmedia":[{"embeddable":true,"href":"https:\/\/www.sophy.ch\/de\/wp-json\/wp\/v2\/media\/6345"}],"wp:attachment":[{"href":"https:\/\/www.sophy.ch\/de\/wp-json\/wp\/v2\/media?parent=6379"}],"wp:term":[{"taxonomy":"product_brand","embeddable":true,"href":"https:\/\/www.sophy.ch\/de\/wp-json\/wp\/v2\/product_brand?post=6379"},{"taxonomy":"product_cat","embeddable":true,"href":"https:\/\/www.sophy.ch\/de\/wp-json\/wp\/v2\/product_cat?post=6379"},{"taxonomy":"product_tag","embeddable":true,"href":"https:\/\/www.sophy.ch\/de\/wp-json\/wp\/v2\/product_tag?post=6379"}],"curies":[{"name":"wp","href":"https:\/\/api.w.org\/{rel}","templated":true}]}}