{"id":5923,"date":"2021-07-21T06:58:41","date_gmt":"2021-07-21T04:58:41","guid":{"rendered":"https:\/\/www.sophy.ch\/?post_type=product&#038;p=5923"},"modified":"2022-11-26T11:12:35","modified_gmt":"2022-11-26T10:12:35","slug":"diamond-pave-flower-necklace-in-rose-gold","status":"publish","type":"product","link":"https:\/\/www.sophy.ch\/de\/item\/diamond-pave-flower-necklace-in-rose-gold\/","title":{"rendered":"Diamant-Pav\u00e9-Blumenhalskette in Ros\u00e9gold"},"content":{"rendered":"","protected":false},"excerpt":{"rendered":"<p>Haben Sie sich jemals gefragt, welche Bedeutung jede Blume hat? Je nach Art bedeutet es unter anderem Hoffnung, Liebe, Heilung und viel Gl\u00fcck. Unsere Halskette mit h\u00e4ngendem Blumenanh\u00e4nger ist von den Kirschbl\u00fcten und ihrem duftenden, s\u00fc\u00dfen Duft inspiriert. Es symbolisiert Hoffnung, Sch\u00f6nheit des Lebens &amp; Zeit der Erneuerung mit Neubeginn, denn mit Hoffnung ist alles m\u00f6glich. Die Flower Drop Halskette ist feminin &amp; zierlich. F\u00fcgen Sie diese skurrile Sch\u00f6nheit Ihrem Alltag oder Ihren Veranstaltungen hinzu, da sie aus den Diamanten funkelt, die jedem Anlass einen trendigen Stil verleihen k\u00f6nnen.<\/p>\n<link rel=\"stylesheet\" id=\"elementor-post-4866-css\" href=\"https:\/\/www.sophy.ch\/web\/wp-content\/uploads\/elementor\/css\/post-4866.css?ver=1778250833\" type=\"text\/css\" media=\"all\">\n<div data-elementor-type=\"wp-post\" data-elementor-id=\"4866\" class=\"elementor elementor-4866\" data-elementor-post-type=\"cms_block\">\n<section class=\"elementor-section elementor-top-section elementor-element elementor-element-7353354 elementor-section-content-middle elementor-section-full_width elementor-hidden-phone elementor-section-height-default elementor-section-height-default\" data-id=\"7353354\" data-element_type=\"section\" data-e-type=\"section\" data-settings=\"{&quot;background_background&quot;:&quot;classic&quot;}\">\n<div class=\"elementor-container elementor-column-gap-no\">\n<div class=\"elementor-column elementor-col-25 elementor-top-column elementor-element elementor-element-b7cb3a2\" data-id=\"b7cb3a2\" data-element_type=\"column\" data-e-type=\"column\">\n<div class=\"elementor-widget-wrap\">\n\t\t\t\t\t\t\t<\/div>\n<\/p><\/div>\n<div class=\"elementor-column elementor-col-25 elementor-top-column elementor-element elementor-element-bf203cd\" data-id=\"bf203cd\" data-element_type=\"column\" data-e-type=\"column\">\n<div class=\"elementor-widget-wrap elementor-element-populated\">\n<div class=\"elementor-element elementor-element-2494b51 wd-animation-slide-from-left elementor-widget__width-initial wd-animation-normal wd_delay_100 wd-animation wd-transform elementor-widget elementor-widget-image\" data-id=\"2494b51\" data-element_type=\"widget\" data-e-type=\"widget\" data-widget_type=\"image.default\">\n<div class=\"elementor-widget-container\">\n\t\t\t\t\t\t\t\t\t\t\t\t\t\t\t<img decoding=\"async\" width=\"128\" height=\"128\" src=\"https:\/\/www.sophy.ch\/web\/wp-content\/uploads\/2021\/07\/free-delivery.png\" class=\"attachment-large size-large wp-image-4932\" alt=\"\" srcset=\"https:\/\/www.sophy.ch\/web\/wp-content\/uploads\/2021\/07\/free-delivery.png 128w, https:\/\/www.sophy.ch\/web\/wp-content\/uploads\/2021\/07\/free-delivery-12x12.png 12w\" sizes=\"(max-width: 128px) 100vw, 128px\" \/>\t\t\t\t\t\t\t\t\t\t\t\t\t\t\t<\/div>\n<\/p><\/div>\n<\/p><\/div>\n<\/p><\/div>\n<div class=\"elementor-column elementor-col-25 elementor-top-column elementor-element elementor-element-73f033d\" data-id=\"73f033d\" data-element_type=\"column\" data-e-type=\"column\">\n<div class=\"elementor-widget-wrap\">\n\t\t\t\t\t\t\t<\/div>\n<\/p><\/div>\n<div class=\"elementor-column elementor-col-25 elementor-top-column elementor-element elementor-element-e936c56\" data-id=\"e936c56\" data-element_type=\"column\" data-e-type=\"column\">\n<div class=\"elementor-widget-wrap elementor-element-populated\">\n<div class=\"elementor-element elementor-element-e92426f color-scheme-inherit text-left elementor-widget elementor-widget-text-editor\" data-id=\"e92426f\" data-element_type=\"widget\" data-e-type=\"widget\" data-widget_type=\"text-editor.default\">\n<div class=\"elementor-widget-container\">\n<p><strong>Voraussichtliche Lieferung:<\/strong> Dieses Produkt sollte versendet werden innerhalb von <strong>4<\/strong> &amp; <strong>6<\/strong> Wochen<\/p>\n<\/p><\/div>\n<\/p><\/div>\n<\/p><\/div>\n<\/p><\/div>\n<\/p><\/div>\n<\/section>\n<section class=\"elementor-section elementor-top-section elementor-element elementor-element-98ed7a7 elementor-section-content-middle elementor-section-full_width elementor-hidden-desktop elementor-hidden-tablet elementor-section-height-default elementor-section-height-default\" data-id=\"98ed7a7\" data-element_type=\"section\" data-e-type=\"section\" data-settings=\"{&quot;background_background&quot;:&quot;classic&quot;}\">\n<div class=\"elementor-container elementor-column-gap-no\">\n<div class=\"elementor-column elementor-col-100 elementor-top-column elementor-element elementor-element-f7d16b2\" data-id=\"f7d16b2\" data-element_type=\"column\" data-e-type=\"column\">\n<div class=\"elementor-widget-wrap elementor-element-populated\">\n<div class=\"elementor-element elementor-element-adef7e3 color-scheme-inherit text-left elementor-widget elementor-widget-text-editor\" data-id=\"adef7e3\" data-element_type=\"widget\" data-e-type=\"widget\" data-widget_type=\"text-editor.default\">\n<div class=\"elementor-widget-container\">\n<p><b>Gesch\u00e4tzte Lieferzeit:<\/b> Zwischen <span style=\"font-family: Lora, Arial, Helvetica, sans-serif; font-size: 14px; font-style: normal; font-variant-ligatures: normal; font-variant-caps: normal; font-weight: 400;\"><strong>4<\/strong> und <strong>6<\/strong> Wochen<\/span><\/p>\n<\/p><\/div>\n<\/p><\/div>\n<\/p><\/div>\n<\/p><\/div>\n<\/p><\/div>\n<\/section><\/div><\/p>","protected":false},"featured_media":5926,"template":"","meta":[],"product_brand":[],"product_cat":[273,269],"product_tag":[52,359,386,317],"class_list":{"0":"post-5923","1":"product","2":"type-product","3":"status-publish","4":"has-post-thumbnail","6":"product_cat-necklaces","7":"product_cat-pendants","8":"product_tag-diamond-jewellery","9":"product_tag-solitaire-pendant","10":"product_tag-white-diamond","11":"product_tag-white-gold","12":"pa_color-rose-gold","13":"pa_estimated-time-of-dispatch-4-to-5-weeks","14":"pa_jewellery-art-necklace","15":"pa_jewellery-material-gold-18k-750","16":"pa_made-for-ladies","17":"pa_product-brand-fine-jewellery-by-sophy-geneva","18":"pa_product-clarity-si","19":"pa_product-gemstone-diamond","21":"first","22":"instock","23":"taxable","24":"shipping-taxable","25":"purchasable","26":"product-type-simple"},"yoast_head":"<!-- This site is optimized with the Yoast SEO Premium plugin v26.9 (Yoast SEO v27.1.1) - https:\/\/yoast.com\/product\/yoast-seo-premium-wordpress\/ -->\n<title>Diamond Pav\u00e9 Flower Necklace in Rose gold - Best Price at Sophy Jewellery<\/title>\n<meta name=\"description\" content=\"Sophy Geneva presents you its Iconic, Glamorous Fine jewelry &amp; watches. Discover our fabulous collections, with a possibility to Virtually try on. Let&#039;s shine with the Best Price!\" \/>\n<meta name=\"robots\" content=\"index, follow, max-snippet:-1, max-image-preview:large, max-video-preview:-1\" \/>\n<link rel=\"canonical\" href=\"https:\/\/www.sophy.ch\/de\/item\/diamond-pave-flower-necklace-in-rose-gold\/\" \/>\n<meta property=\"og:locale\" content=\"de_DE\" \/>\n<meta property=\"og:type\" content=\"article\" \/>\n<meta property=\"og:title\" content=\"Diamond Pav\u00e9 Flower Necklace in Rose gold - Sophie Jewelry Geneva | Online Store\" \/>\n<meta property=\"og:description\" content=\"Best Price Be Wise | Sophy Geneva presents you its Iconic, Glamorous Fine jewelry &amp; watches. Discover our fabulous collections, with a possibility to Virtually try on. Let&#039;s shine\" \/>\n<meta property=\"og:url\" content=\"https:\/\/www.sophy.ch\/de\/item\/diamond-pave-flower-necklace-in-rose-gold\/\" \/>\n<meta property=\"og:site_name\" content=\"Sophie Jewelry Geneva | Online Store\" \/>\n<meta property=\"article:publisher\" content=\"https:\/\/facebook.com\/sophygeneva\" \/>\n<meta property=\"article:modified_time\" content=\"2022-11-26T10:12:35+00:00\" \/>\n<meta property=\"og:image\" content=\"https:\/\/www.sophy.ch\/web\/wp-content\/uploads\/2021\/07\/WP-N-112608-Rose-gold-1.png\" \/>\n\t<meta property=\"og:image:width\" content=\"930\" \/>\n\t<meta property=\"og:image:height\" content=\"1030\" \/>\n\t<meta property=\"og:image:type\" content=\"image\/png\" \/>\n<meta name=\"twitter:card\" content=\"summary_large_image\" \/>\n<meta name=\"twitter:site\" content=\"@sophygeneva\" \/>\n<meta name=\"twitter:label1\" content=\"Price\" \/>\n\t<meta name=\"twitter:data1\" content=\"&#067;&#072;&#070;&nbsp;1,490 Excl. VAT\" \/>\n\t<meta name=\"twitter:label2\" content=\"Availability\" \/>\n\t<meta name=\"twitter:data2\" content=\"In stock\" \/>\n<script type=\"application\/ld+json\" class=\"yoast-schema-graph\">{\"@context\":\"https:\/\/schema.org\",\"@graph\":[{\"@type\":[\"WebPage\",\"ItemPage\"],\"@id\":\"https:\/\/www.sophy.ch\/item\/diamond-pave-flower-necklace-in-rose-gold\/\",\"url\":\"https:\/\/www.sophy.ch\/item\/diamond-pave-flower-necklace-in-rose-gold\/\",\"name\":\"Diamond Pav\u00e9 Flower Necklace in Rose gold - Best Price at Sophy Jewellery\",\"isPartOf\":{\"@id\":\"https:\/\/www.sophy.ch\/#website\"},\"primaryImageOfPage\":{\"@id\":\"https:\/\/www.sophy.ch\/item\/diamond-pave-flower-necklace-in-rose-gold\/#primaryimage\"},\"image\":{\"@id\":\"https:\/\/www.sophy.ch\/item\/diamond-pave-flower-necklace-in-rose-gold\/#primaryimage\"},\"thumbnailUrl\":\"https:\/\/www.sophy.ch\/web\/wp-content\/uploads\/2021\/07\/WP-N-112608-Rose-gold-1.png\",\"datePublished\":\"2021-07-21T04:58:41+00:00\",\"dateModified\":\"2022-11-26T10:12:35+00:00\",\"description\":\"Sophy Geneva presents you its Iconic, Glamorous Fine jewelry & watches. Discover our fabulous collections, with a possibility to Virtually try on. Let's shine with the Best Price!\",\"breadcrumb\":{\"@id\":\"https:\/\/www.sophy.ch\/item\/diamond-pave-flower-necklace-in-rose-gold\/#breadcrumb\"},\"inLanguage\":\"de-CH\",\"potentialAction\":[{\"@type\":\"ReadAction\",\"target\":[\"https:\/\/www.sophy.ch\/item\/diamond-pave-flower-necklace-in-rose-gold\/\"]}]},{\"@type\":\"ImageObject\",\"inLanguage\":\"de-CH\",\"@id\":\"https:\/\/www.sophy.ch\/item\/diamond-pave-flower-necklace-in-rose-gold\/#primaryimage\",\"url\":\"https:\/\/www.sophy.ch\/web\/wp-content\/uploads\/2021\/07\/WP-N-112608-Rose-gold-1.png\",\"contentUrl\":\"https:\/\/www.sophy.ch\/web\/wp-content\/uploads\/2021\/07\/WP-N-112608-Rose-gold-1.png\",\"width\":930,\"height\":1030},{\"@type\":\"BreadcrumbList\",\"@id\":\"https:\/\/www.sophy.ch\/item\/diamond-pave-flower-necklace-in-rose-gold\/#breadcrumb\",\"itemListElement\":[{\"@type\":\"ListItem\",\"position\":1,\"name\":\"Home\",\"item\":\"https:\/\/www.sophy.ch\/\"},{\"@type\":\"ListItem\",\"position\":2,\"name\":\"Shop\",\"item\":\"https:\/\/www.sophy.ch\/shop\/\"},{\"@type\":\"ListItem\",\"position\":3,\"name\":\"Women Jewelry\",\"item\":\"https:\/\/www.sophy.ch\/products\/women-jewelry\/\"},{\"@type\":\"ListItem\",\"position\":4,\"name\":\"Necklaces\",\"item\":\"https:\/\/www.sophy.ch\/products\/women-jewelry\/necklaces\/\"},{\"@type\":\"ListItem\",\"position\":5,\"name\":\"Diamond Pav\u00e9 Flower Necklace in Rose gold\"}]},{\"@type\":\"WebSite\",\"@id\":\"https:\/\/www.sophy.ch\/#website\",\"url\":\"https:\/\/www.sophy.ch\/\",\"name\":\"Sophie Jewelry Geneva | Online Store\",\"description\":\"Swiss Store for Gold, Diamonds &amp; Gems | Best Prices\",\"publisher\":{\"@id\":\"https:\/\/www.sophy.ch\/#organization\"},\"alternateName\":\"Sophy Jewelry\",\"potentialAction\":[{\"@type\":\"SearchAction\",\"target\":{\"@type\":\"EntryPoint\",\"urlTemplate\":\"https:\/\/www.sophy.ch\/?s={search_term_string}\"},\"query-input\":{\"@type\":\"PropertyValueSpecification\",\"valueRequired\":true,\"valueName\":\"search_term_string\"}}],\"inLanguage\":\"de-CH\"},{\"@type\":\"Organization\",\"@id\":\"https:\/\/www.sophy.ch\/#organization\",\"name\":\"Sophy Geneva Jewellery\",\"alternateName\":\"Sophy Jewelry\",\"url\":\"https:\/\/www.sophy.ch\/\",\"logo\":{\"@type\":\"ImageObject\",\"inLanguage\":\"de-CH\",\"@id\":\"https:\/\/www.sophy.ch\/#\/schema\/logo\/image\/\",\"url\":\"https:\/\/www.sophy.ch\/web\/wp-content\/uploads\/2021\/06\/sophy-geneva-logo-small-400.png\",\"contentUrl\":\"https:\/\/www.sophy.ch\/web\/wp-content\/uploads\/2021\/06\/sophy-geneva-logo-small-400.png\",\"width\":408,\"height\":408,\"caption\":\"Sophy Geneva Jewellery\"},\"image\":{\"@id\":\"https:\/\/www.sophy.ch\/#\/schema\/logo\/image\/\"},\"sameAs\":[\"https:\/\/facebook.com\/sophygeneva\",\"https:\/\/x.com\/sophygeneva\",\"https:\/\/instagram.com\/sophygeneva\",\"https:\/\/pinterest.com\/sophygeneva\",\"https:\/\/www.youtube.com\/sophygeneva\",\"https:\/\/www.tiktok.com\/@sophygeneva\"],\"hasMerchantReturnPolicy\":{\"@type\":\"MerchantReturnPolicy\",\"merchantReturnLink\":\"https:\/\/www.sophy.ch\/de\/returns-and-guarantee\/\"}}]}<\/script>\n<meta property=\"product:brand\" content=\"Fine Jewellery by Sophy Geneva\" \/>\n<meta property=\"product:price:amount\" content=\"1490.00\" \/>\n<meta property=\"product:price:currency\" content=\"CHF\" \/>\n<meta property=\"og:availability\" content=\"instock\" \/>\n<meta property=\"product:availability\" content=\"instock\" \/>\n<meta property=\"product:retailer_item_id\" content=\"WPN112608.18KR\" \/>\n<meta property=\"product:condition\" content=\"new\" \/>\n<!-- \/ Yoast SEO Premium plugin. -->","yoast_head_json":{"title":"Diamant-Pav\u00e9-Blumenkette in Ros\u00e9gold \u2013 Bester Preis bei Sophy Jewellery","description":"Sophy Geneva pr\u00e4sentiert Ihnen seinen ikonischen, glamour\u00f6sen Schmuck und seine Uhren. Entdecken Sie unsere fabelhaften Kollektionen mit der M\u00f6glichkeit, sie virtuell anzuprobieren. Lassen Sie uns mit dem besten Preis gl\u00e4nzen!","robots":{"index":"index","follow":"follow","max-snippet":"max-snippet:-1","max-image-preview":"max-image-preview:large","max-video-preview":"max-video-preview:-1"},"canonical":"https:\/\/www.sophy.ch\/de\/item\/diamond-pave-flower-necklace-in-rose-gold\/","og_locale":"de_DE","og_type":"article","og_title":"Diamond Pav\u00e9 Flower Necklace in Rose gold - Sophie Jewelry Geneva | Online Store","og_description":"Best Price Be Wise | Sophy Geneva presents you its Iconic, Glamorous Fine jewelry & watches. Discover our fabulous collections, with a possibility to Virtually try on. Let's shine","og_url":"https:\/\/www.sophy.ch\/de\/item\/diamond-pave-flower-necklace-in-rose-gold\/","og_site_name":"Sophie Jewelry Geneva | Online Store","article_publisher":"https:\/\/facebook.com\/sophygeneva","article_modified_time":"2022-11-26T10:12:35+00:00","og_image":[{"width":930,"height":1030,"url":"https:\/\/www.sophy.ch\/web\/wp-content\/uploads\/2021\/07\/WP-N-112608-Rose-gold-1.png","type":"image\/png"}],"twitter_card":"summary_large_image","twitter_site":"@sophygeneva","twitter_misc":{"Price":"&#67;&#72;&#70;&nbsp;1,490 Excl. VAT","Availability":"In stock"},"schema":{"@context":"https:\/\/schema.org","@graph":[{"@type":["WebPage","ItemPage"],"@id":"https:\/\/www.sophy.ch\/item\/diamond-pave-flower-necklace-in-rose-gold\/","url":"https:\/\/www.sophy.ch\/item\/diamond-pave-flower-necklace-in-rose-gold\/","name":"Diamant-Pav\u00e9-Blumenkette in Ros\u00e9gold \u2013 Bester Preis bei Sophy Jewellery","isPartOf":{"@id":"https:\/\/www.sophy.ch\/#website"},"primaryImageOfPage":{"@id":"https:\/\/www.sophy.ch\/item\/diamond-pave-flower-necklace-in-rose-gold\/#primaryimage"},"image":{"@id":"https:\/\/www.sophy.ch\/item\/diamond-pave-flower-necklace-in-rose-gold\/#primaryimage"},"thumbnailUrl":"https:\/\/www.sophy.ch\/web\/wp-content\/uploads\/2021\/07\/WP-N-112608-Rose-gold-1.png","datePublished":"2021-07-21T04:58:41+00:00","dateModified":"2022-11-26T10:12:35+00:00","description":"Sophy Geneva pr\u00e4sentiert Ihnen seinen ikonischen, glamour\u00f6sen Schmuck und seine Uhren. Entdecken Sie unsere fabelhaften Kollektionen mit der M\u00f6glichkeit, sie virtuell anzuprobieren. Lassen Sie uns mit dem besten Preis gl\u00e4nzen!","breadcrumb":{"@id":"https:\/\/www.sophy.ch\/item\/diamond-pave-flower-necklace-in-rose-gold\/#breadcrumb"},"inLanguage":"de-CH","potentialAction":[{"@type":"ReadAction","target":["https:\/\/www.sophy.ch\/item\/diamond-pave-flower-necklace-in-rose-gold\/"]}]},{"@type":"ImageObject","inLanguage":"de-CH","@id":"https:\/\/www.sophy.ch\/item\/diamond-pave-flower-necklace-in-rose-gold\/#primaryimage","url":"https:\/\/www.sophy.ch\/web\/wp-content\/uploads\/2021\/07\/WP-N-112608-Rose-gold-1.png","contentUrl":"https:\/\/www.sophy.ch\/web\/wp-content\/uploads\/2021\/07\/WP-N-112608-Rose-gold-1.png","width":930,"height":1030},{"@type":"BreadcrumbList","@id":"https:\/\/www.sophy.ch\/item\/diamond-pave-flower-necklace-in-rose-gold\/#breadcrumb","itemListElement":[{"@type":"ListItem","position":1,"name":"Home","item":"https:\/\/www.sophy.ch\/"},{"@type":"ListItem","position":2,"name":"Shop","item":"https:\/\/www.sophy.ch\/shop\/"},{"@type":"ListItem","position":3,"name":"Women Jewelry","item":"https:\/\/www.sophy.ch\/products\/women-jewelry\/"},{"@type":"ListItem","position":4,"name":"Necklaces","item":"https:\/\/www.sophy.ch\/products\/women-jewelry\/necklaces\/"},{"@type":"ListItem","position":5,"name":"Diamond Pav\u00e9 Flower Necklace in Rose gold"}]},{"@type":"WebSite","@id":"https:\/\/www.sophy.ch\/#website","url":"https:\/\/www.sophy.ch\/","name":"Sophie Jewelry Geneva | Online Store","description":"Swiss Store for Gold, Diamonds &amp; Gems | Best Prices","publisher":{"@id":"https:\/\/www.sophy.ch\/#organization"},"alternateName":"Sophy Jewelry","potentialAction":[{"@type":"SearchAction","target":{"@type":"EntryPoint","urlTemplate":"https:\/\/www.sophy.ch\/?s={search_term_string}"},"query-input":{"@type":"PropertyValueSpecification","valueRequired":true,"valueName":"search_term_string"}}],"inLanguage":"de-CH"},{"@type":"Organization","@id":"https:\/\/www.sophy.ch\/#organization","name":"Sophie Geneva Schmuck","alternateName":"Sophy Jewelry","url":"https:\/\/www.sophy.ch\/","logo":{"@type":"ImageObject","inLanguage":"de-CH","@id":"https:\/\/www.sophy.ch\/#\/schema\/logo\/image\/","url":"https:\/\/www.sophy.ch\/web\/wp-content\/uploads\/2021\/06\/sophy-geneva-logo-small-400.png","contentUrl":"https:\/\/www.sophy.ch\/web\/wp-content\/uploads\/2021\/06\/sophy-geneva-logo-small-400.png","width":408,"height":408,"caption":"Sophy Geneva Jewellery"},"image":{"@id":"https:\/\/www.sophy.ch\/#\/schema\/logo\/image\/"},"sameAs":["https:\/\/facebook.com\/sophygeneva","https:\/\/x.com\/sophygeneva","https:\/\/instagram.com\/sophygeneva","https:\/\/pinterest.com\/sophygeneva","https:\/\/www.youtube.com\/sophygeneva","https:\/\/www.tiktok.com\/@sophygeneva"],"hasMerchantReturnPolicy":{"@type":"MerchantReturnPolicy","merchantReturnLink":"https:\/\/www.sophy.ch\/de\/returns-and-guarantee\/"}}]},"product_brand":"Fine Jewellery by Sophy Geneva","product_price_amount":"1490.00","product_price_currency":"CHF","og_availability":"instock","product_availability":"instock","product_retailer_item_id":"WPN112608.18KR","product_condition":"new"},"_links":{"self":[{"href":"https:\/\/www.sophy.ch\/de\/wp-json\/wp\/v2\/product\/5923","targetHints":{"allow":["GET"]}}],"collection":[{"href":"https:\/\/www.sophy.ch\/de\/wp-json\/wp\/v2\/product"}],"about":[{"href":"https:\/\/www.sophy.ch\/de\/wp-json\/wp\/v2\/types\/product"}],"version-history":[{"count":0,"href":"https:\/\/www.sophy.ch\/de\/wp-json\/wp\/v2\/product\/5923\/revisions"}],"wp:featuredmedia":[{"embeddable":true,"href":"https:\/\/www.sophy.ch\/de\/wp-json\/wp\/v2\/media\/5926"}],"wp:attachment":[{"href":"https:\/\/www.sophy.ch\/de\/wp-json\/wp\/v2\/media?parent=5923"}],"wp:term":[{"taxonomy":"product_brand","embeddable":true,"href":"https:\/\/www.sophy.ch\/de\/wp-json\/wp\/v2\/product_brand?post=5923"},{"taxonomy":"product_cat","embeddable":true,"href":"https:\/\/www.sophy.ch\/de\/wp-json\/wp\/v2\/product_cat?post=5923"},{"taxonomy":"product_tag","embeddable":true,"href":"https:\/\/www.sophy.ch\/de\/wp-json\/wp\/v2\/product_tag?post=5923"}],"curies":[{"name":"wp","href":"https:\/\/api.w.org\/{rel}","templated":true}]}}