{"id":4724,"date":"2021-07-15T23:50:57","date_gmt":"2021-07-15T21:50:57","guid":{"rendered":"https:\/\/www.sophy.ch\/?post_type=product&#038;p=4724"},"modified":"2022-11-26T11:12:30","modified_gmt":"2022-11-26T10:12:30","slug":"aaa-quality-freshwater-cultured-pearl-set-in-white-6-5-7-mm","status":"publish","type":"product","link":"https:\/\/www.sophy.ch\/de\/item\/aaa-quality-freshwater-cultured-pearl-set-in-white-6-5-7-mm\/","title":{"rendered":"AAA-Qualit\u00e4t S\u00fc\u00dfwasser-Zuchtperlen-Set in wei\u00df 6,5-7 mm"},"content":{"rendered":"","protected":false},"excerpt":{"rendered":"<p style=\"text-align: justify;\">Perlen k\u00f6nnen jedem Outfit einen Hauch von Eleganz verleihen. Naturperlen sind so einzigartig wie Sie! Diese wundersch\u00f6ne klassische Perlenkette\/das Armband und die Ohrringe sind das ganze Jahr \u00fcber perfekt und eine unverzichtbare Erg\u00e4nzung f\u00fcr jede Schmuckkollektion. Alle unsere Perlenschmuckst\u00fccke werden auf Bestellung handgefertigt und jede Perle wird in der Schweiz professionell und individuell von Hand auf Seidenfaden gekn\u00fcpft, um die h\u00f6chste Qualit\u00e4t zu gew\u00e4hrleisten, die jemals vertreten wurde.<br \/>\n<span style=\"color: #2c76ba; font-size: 14pt;\">100% Hergestellt in der Schweiz: <\/span><span style=\"font-size: 12pt;\">Diese wundersch\u00f6nen gl\u00e4nzenden Halsketten aus <\/span><a style=\"font-size: 12pt;\" href=\"https:\/\/www.sophy.ch\/academy\/pearls-education\/\">S\u00fc\u00dfwasserperlen<\/a><span style=\"font-size: 12pt;\"> stammen aus einem Schmuckatelier von Sophy Geneva in Lausanne. Die Perlen haben einen Durchmesser von 6,5 - 7 cm, die Verschl\u00fcsse aus feinem Gelb- oder Wei\u00dfgold 18 Karat sind in massiver, gl\u00e4nzender Form, von denen einer ge\u00f6ffnet werden kann. Das Armband kann auch verwendet werden, um die L\u00e4nge der Perlenkette auf fast 60 cm zu verl\u00e4ngern, sodass sie um den Hals getragen werden kann, als Verl\u00e4ngerung, wenn eine zus\u00e4tzliche L\u00e4nge ben\u00f6tigt wird.<\/span><\/p>","protected":false},"featured_media":4742,"template":"","meta":[],"product_brand":[],"product_cat":[348],"product_tag":[48],"class_list":{"0":"post-4724","1":"product","2":"type-product","3":"status-publish","4":"has-post-thumbnail","6":"product_cat-pearl-collection","7":"product_tag-18k-gold-jewellery","8":"pa_color-silver","9":"pa_color-yellow-gold","10":"pa_estimated-time-of-dispatch-2-3-days","11":"pa_product-brand-marina-c-by-sophy-geneva","12":"pa_product-gemstone-pearl","13":"pa_product-pearl-kind-freshwater","15":"first","16":"instock","17":"taxable","18":"shipping-taxable","19":"purchasable","20":"product-type-variable"},"yoast_head":"<!-- This site is optimized with the Yoast SEO Premium plugin v26.9 (Yoast SEO v27.1.1) - https:\/\/yoast.com\/product\/yoast-seo-premium-wordpress\/ -->\n<title>AAA Quality Freshwater Cultured Pearl Set in white 6.5-7 mm - Best Price at Sophy Jewellery<\/title>\n<meta name=\"description\" content=\"Finest Collection of High-Quality Pearl Jewelry. Free &amp; Fast Delivery. Expert Swiss Craftsmanship, Exceptional Quality, Unbeatable Prices, Stunning Collection, Beautiful Designs.\" \/>\n<meta name=\"robots\" content=\"index, follow, max-snippet:-1, max-image-preview:large, max-video-preview:-1\" \/>\n<link rel=\"canonical\" href=\"https:\/\/www.sophy.ch\/de\/item\/aaa-quality-freshwater-cultured-pearl-set-in-white-6-5-7-mm\/\" \/>\n<meta property=\"og:locale\" content=\"de_DE\" \/>\n<meta property=\"og:type\" content=\"article\" \/>\n<meta property=\"og:title\" content=\"AAA Quality Freshwater Cultured Pearl Set in white 6.5-7 mm - Sophie Jewelry Geneva | Online Store\" \/>\n<meta property=\"og:description\" content=\"Best Price Be Wise | Sophy Geneva presents you its Iconic, Glamorous Fine jewelry &amp; watches. Discover our fabulous collections, with a possibility to Virtually try on. Let&#039;s shine\" \/>\n<meta property=\"og:url\" content=\"https:\/\/www.sophy.ch\/de\/item\/aaa-quality-freshwater-cultured-pearl-set-in-white-6-5-7-mm\/\" \/>\n<meta property=\"og:site_name\" content=\"Sophie Jewelry Geneva | Online Store\" \/>\n<meta property=\"article:publisher\" content=\"https:\/\/facebook.com\/sophygeneva\" \/>\n<meta property=\"article:modified_time\" content=\"2022-11-26T10:12:30+00:00\" \/>\n<meta property=\"og:image\" content=\"https:\/\/www.sophy.ch\/web\/wp-content\/uploads\/2021\/07\/Sophy-Geneva-Yellow-Gold-18K-45cm-3-piece-set-of-65-70-mm-AAA-white-freshwater-pearls.jpg\" \/>\n\t<meta property=\"og:image:width\" content=\"1442\" \/>\n\t<meta property=\"og:image:height\" content=\"2048\" \/>\n\t<meta property=\"og:image:type\" content=\"image\/jpeg\" \/>\n<meta name=\"twitter:card\" content=\"summary_large_image\" \/>\n<meta name=\"twitter:site\" content=\"@sophygeneva\" \/>\n<meta name=\"twitter:label1\" content=\"Availability\" \/>\n\t<meta name=\"twitter:data1\" content=\"In stock\" \/>\n<script type=\"application\/ld+json\" class=\"yoast-schema-graph\">{\"@context\":\"https:\/\/schema.org\",\"@graph\":[{\"@type\":[\"WebPage\",\"ItemPage\"],\"@id\":\"https:\/\/www.sophy.ch\/item\/aaa-quality-freshwater-cultured-pearl-set-in-white-6-5-7-mm\/\",\"url\":\"https:\/\/www.sophy.ch\/item\/aaa-quality-freshwater-cultured-pearl-set-in-white-6-5-7-mm\/\",\"name\":\"AAA Quality Freshwater Cultured Pearl Set in white 6.5-7 mm - Best Price at Sophy Jewellery\",\"isPartOf\":{\"@id\":\"https:\/\/www.sophy.ch\/#website\"},\"primaryImageOfPage\":{\"@id\":\"https:\/\/www.sophy.ch\/item\/aaa-quality-freshwater-cultured-pearl-set-in-white-6-5-7-mm\/#primaryimage\"},\"image\":{\"@id\":\"https:\/\/www.sophy.ch\/item\/aaa-quality-freshwater-cultured-pearl-set-in-white-6-5-7-mm\/#primaryimage\"},\"thumbnailUrl\":\"https:\/\/www.sophy.ch\/web\/wp-content\/uploads\/2021\/07\/Sophy-Geneva-Yellow-Gold-18K-45cm-3-piece-set-of-65-70-mm-AAA-white-freshwater-pearls.jpg\",\"datePublished\":\"2021-07-15T21:50:57+00:00\",\"dateModified\":\"2022-11-26T10:12:30+00:00\",\"description\":\"Finest Collection of High-Quality Pearl Jewelry. Free & Fast Delivery. Expert Swiss Craftsmanship, Exceptional Quality, Unbeatable Prices, Stunning Collection, Beautiful Designs.\",\"breadcrumb\":{\"@id\":\"https:\/\/www.sophy.ch\/item\/aaa-quality-freshwater-cultured-pearl-set-in-white-6-5-7-mm\/#breadcrumb\"},\"inLanguage\":\"de-CH\",\"potentialAction\":[{\"@type\":\"ReadAction\",\"target\":[\"https:\/\/www.sophy.ch\/item\/aaa-quality-freshwater-cultured-pearl-set-in-white-6-5-7-mm\/\"]}]},{\"@type\":\"ImageObject\",\"inLanguage\":\"de-CH\",\"@id\":\"https:\/\/www.sophy.ch\/item\/aaa-quality-freshwater-cultured-pearl-set-in-white-6-5-7-mm\/#primaryimage\",\"url\":\"https:\/\/www.sophy.ch\/web\/wp-content\/uploads\/2021\/07\/Sophy-Geneva-Yellow-Gold-18K-45cm-3-piece-set-of-65-70-mm-AAA-white-freshwater-pearls.jpg\",\"contentUrl\":\"https:\/\/www.sophy.ch\/web\/wp-content\/uploads\/2021\/07\/Sophy-Geneva-Yellow-Gold-18K-45cm-3-piece-set-of-65-70-mm-AAA-white-freshwater-pearls.jpg\",\"width\":1442,\"height\":2048},{\"@type\":\"BreadcrumbList\",\"@id\":\"https:\/\/www.sophy.ch\/item\/aaa-quality-freshwater-cultured-pearl-set-in-white-6-5-7-mm\/#breadcrumb\",\"itemListElement\":[{\"@type\":\"ListItem\",\"position\":1,\"name\":\"Home\",\"item\":\"https:\/\/www.sophy.ch\/\"},{\"@type\":\"ListItem\",\"position\":2,\"name\":\"Shop\",\"item\":\"https:\/\/www.sophy.ch\/shop\/\"},{\"@type\":\"ListItem\",\"position\":3,\"name\":\"Women Jewelry\",\"item\":\"https:\/\/www.sophy.ch\/products\/women-jewelry\/\"},{\"@type\":\"ListItem\",\"position\":4,\"name\":\"Sets\",\"item\":\"https:\/\/www.sophy.ch\/products\/women-jewelry\/sets\/\"},{\"@type\":\"ListItem\",\"position\":5,\"name\":\"AAA Quality Freshwater Cultured Pearl Set in white 6.5-7 mm\"}]},{\"@type\":\"WebSite\",\"@id\":\"https:\/\/www.sophy.ch\/#website\",\"url\":\"https:\/\/www.sophy.ch\/\",\"name\":\"Sophie Jewelry Geneva | Online Store\",\"description\":\"Swiss Store for Gold, Diamonds &amp; Gems | Best Prices\",\"publisher\":{\"@id\":\"https:\/\/www.sophy.ch\/#organization\"},\"alternateName\":\"Sophy Jewelry\",\"potentialAction\":[{\"@type\":\"SearchAction\",\"target\":{\"@type\":\"EntryPoint\",\"urlTemplate\":\"https:\/\/www.sophy.ch\/?s={search_term_string}\"},\"query-input\":{\"@type\":\"PropertyValueSpecification\",\"valueRequired\":true,\"valueName\":\"search_term_string\"}}],\"inLanguage\":\"de-CH\"},{\"@type\":\"Organization\",\"@id\":\"https:\/\/www.sophy.ch\/#organization\",\"name\":\"Sophy Geneva Jewellery\",\"alternateName\":\"Sophy Jewelry\",\"url\":\"https:\/\/www.sophy.ch\/\",\"logo\":{\"@type\":\"ImageObject\",\"inLanguage\":\"de-CH\",\"@id\":\"https:\/\/www.sophy.ch\/#\/schema\/logo\/image\/\",\"url\":\"https:\/\/www.sophy.ch\/web\/wp-content\/uploads\/2021\/06\/sophy-geneva-logo-small-400.png\",\"contentUrl\":\"https:\/\/www.sophy.ch\/web\/wp-content\/uploads\/2021\/06\/sophy-geneva-logo-small-400.png\",\"width\":408,\"height\":408,\"caption\":\"Sophy Geneva Jewellery\"},\"image\":{\"@id\":\"https:\/\/www.sophy.ch\/#\/schema\/logo\/image\/\"},\"sameAs\":[\"https:\/\/facebook.com\/sophygeneva\",\"https:\/\/x.com\/sophygeneva\",\"https:\/\/instagram.com\/sophygeneva\",\"https:\/\/pinterest.com\/sophygeneva\",\"https:\/\/www.youtube.com\/sophygeneva\",\"https:\/\/www.tiktok.com\/@sophygeneva\"],\"hasMerchantReturnPolicy\":{\"@type\":\"MerchantReturnPolicy\",\"merchantReturnLink\":\"https:\/\/www.sophy.ch\/de\/returns-and-guarantee\/\"}}]}<\/script>\n<meta property=\"product:brand\" content=\"Marina C by Sophy Geneva\" \/>\n<meta property=\"og:availability\" content=\"instock\" \/>\n<meta property=\"product:availability\" content=\"instock\" \/>\n<meta property=\"product:retailer_item_id\" content=\"SG3S6.7FPW\" \/>\n<meta property=\"product:condition\" content=\"new\" \/>\n<!-- \/ Yoast SEO Premium plugin. -->","yoast_head_json":{"title":"S\u00fc\u00dfwasser-Zuchtperlen-Set in AAA-Qualit\u00e4t in Wei\u00df, 6,5\u20137 mm \u2013 Bester Preis bei Sophy Jewellery","description":"Feinste Kollektion von hochwertigem Perlenschmuck. Kostenlose und schnelle Lieferung. Professionelle Schweizer Handwerkskunst, au\u00dfergew\u00f6hnliche Qualit\u00e4t, unschlagbare Preise, atemberaubende Kollektion, wundersch\u00f6ne Designs.","robots":{"index":"index","follow":"follow","max-snippet":"max-snippet:-1","max-image-preview":"max-image-preview:large","max-video-preview":"max-video-preview:-1"},"canonical":"https:\/\/www.sophy.ch\/de\/item\/aaa-quality-freshwater-cultured-pearl-set-in-white-6-5-7-mm\/","og_locale":"de_DE","og_type":"article","og_title":"AAA Quality Freshwater Cultured Pearl Set in white 6.5-7 mm - Sophie Jewelry Geneva | Online Store","og_description":"Best Price Be Wise | Sophy Geneva presents you its Iconic, Glamorous Fine jewelry & watches. Discover our fabulous collections, with a possibility to Virtually try on. Let's shine","og_url":"https:\/\/www.sophy.ch\/de\/item\/aaa-quality-freshwater-cultured-pearl-set-in-white-6-5-7-mm\/","og_site_name":"Sophie Jewelry Geneva | Online Store","article_publisher":"https:\/\/facebook.com\/sophygeneva","article_modified_time":"2022-11-26T10:12:30+00:00","og_image":[{"width":1442,"height":2048,"url":"https:\/\/www.sophy.ch\/web\/wp-content\/uploads\/2021\/07\/Sophy-Geneva-Yellow-Gold-18K-45cm-3-piece-set-of-65-70-mm-AAA-white-freshwater-pearls.jpg","type":"image\/jpeg"}],"twitter_card":"summary_large_image","twitter_site":"@sophygeneva","twitter_misc":{"Availability":"In stock"},"schema":{"@context":"https:\/\/schema.org","@graph":[{"@type":["WebPage","ItemPage"],"@id":"https:\/\/www.sophy.ch\/item\/aaa-quality-freshwater-cultured-pearl-set-in-white-6-5-7-mm\/","url":"https:\/\/www.sophy.ch\/item\/aaa-quality-freshwater-cultured-pearl-set-in-white-6-5-7-mm\/","name":"S\u00fc\u00dfwasser-Zuchtperlen-Set in AAA-Qualit\u00e4t in Wei\u00df, 6,5\u20137 mm \u2013 Bester Preis bei Sophy Jewellery","isPartOf":{"@id":"https:\/\/www.sophy.ch\/#website"},"primaryImageOfPage":{"@id":"https:\/\/www.sophy.ch\/item\/aaa-quality-freshwater-cultured-pearl-set-in-white-6-5-7-mm\/#primaryimage"},"image":{"@id":"https:\/\/www.sophy.ch\/item\/aaa-quality-freshwater-cultured-pearl-set-in-white-6-5-7-mm\/#primaryimage"},"thumbnailUrl":"https:\/\/www.sophy.ch\/web\/wp-content\/uploads\/2021\/07\/Sophy-Geneva-Yellow-Gold-18K-45cm-3-piece-set-of-65-70-mm-AAA-white-freshwater-pearls.jpg","datePublished":"2021-07-15T21:50:57+00:00","dateModified":"2022-11-26T10:12:30+00:00","description":"Feinste Kollektion von hochwertigem Perlenschmuck. Kostenlose und schnelle Lieferung. Professionelle Schweizer Handwerkskunst, au\u00dfergew\u00f6hnliche Qualit\u00e4t, unschlagbare Preise, atemberaubende Kollektion, wundersch\u00f6ne Designs.","breadcrumb":{"@id":"https:\/\/www.sophy.ch\/item\/aaa-quality-freshwater-cultured-pearl-set-in-white-6-5-7-mm\/#breadcrumb"},"inLanguage":"de-CH","potentialAction":[{"@type":"ReadAction","target":["https:\/\/www.sophy.ch\/item\/aaa-quality-freshwater-cultured-pearl-set-in-white-6-5-7-mm\/"]}]},{"@type":"ImageObject","inLanguage":"de-CH","@id":"https:\/\/www.sophy.ch\/item\/aaa-quality-freshwater-cultured-pearl-set-in-white-6-5-7-mm\/#primaryimage","url":"https:\/\/www.sophy.ch\/web\/wp-content\/uploads\/2021\/07\/Sophy-Geneva-Yellow-Gold-18K-45cm-3-piece-set-of-65-70-mm-AAA-white-freshwater-pearls.jpg","contentUrl":"https:\/\/www.sophy.ch\/web\/wp-content\/uploads\/2021\/07\/Sophy-Geneva-Yellow-Gold-18K-45cm-3-piece-set-of-65-70-mm-AAA-white-freshwater-pearls.jpg","width":1442,"height":2048},{"@type":"BreadcrumbList","@id":"https:\/\/www.sophy.ch\/item\/aaa-quality-freshwater-cultured-pearl-set-in-white-6-5-7-mm\/#breadcrumb","itemListElement":[{"@type":"ListItem","position":1,"name":"Home","item":"https:\/\/www.sophy.ch\/"},{"@type":"ListItem","position":2,"name":"Shop","item":"https:\/\/www.sophy.ch\/shop\/"},{"@type":"ListItem","position":3,"name":"Women Jewelry","item":"https:\/\/www.sophy.ch\/products\/women-jewelry\/"},{"@type":"ListItem","position":4,"name":"Sets","item":"https:\/\/www.sophy.ch\/products\/women-jewelry\/sets\/"},{"@type":"ListItem","position":5,"name":"AAA Quality Freshwater Cultured Pearl Set in white 6.5-7 mm"}]},{"@type":"WebSite","@id":"https:\/\/www.sophy.ch\/#website","url":"https:\/\/www.sophy.ch\/","name":"Sophie Jewelry Geneva | Online Store","description":"Swiss Store for Gold, Diamonds &amp; Gems | Best Prices","publisher":{"@id":"https:\/\/www.sophy.ch\/#organization"},"alternateName":"Sophy Jewelry","potentialAction":[{"@type":"SearchAction","target":{"@type":"EntryPoint","urlTemplate":"https:\/\/www.sophy.ch\/?s={search_term_string}"},"query-input":{"@type":"PropertyValueSpecification","valueRequired":true,"valueName":"search_term_string"}}],"inLanguage":"de-CH"},{"@type":"Organization","@id":"https:\/\/www.sophy.ch\/#organization","name":"Sophie Geneva Schmuck","alternateName":"Sophy Jewelry","url":"https:\/\/www.sophy.ch\/","logo":{"@type":"ImageObject","inLanguage":"de-CH","@id":"https:\/\/www.sophy.ch\/#\/schema\/logo\/image\/","url":"https:\/\/www.sophy.ch\/web\/wp-content\/uploads\/2021\/06\/sophy-geneva-logo-small-400.png","contentUrl":"https:\/\/www.sophy.ch\/web\/wp-content\/uploads\/2021\/06\/sophy-geneva-logo-small-400.png","width":408,"height":408,"caption":"Sophy Geneva Jewellery"},"image":{"@id":"https:\/\/www.sophy.ch\/#\/schema\/logo\/image\/"},"sameAs":["https:\/\/facebook.com\/sophygeneva","https:\/\/x.com\/sophygeneva","https:\/\/instagram.com\/sophygeneva","https:\/\/pinterest.com\/sophygeneva","https:\/\/www.youtube.com\/sophygeneva","https:\/\/www.tiktok.com\/@sophygeneva"],"hasMerchantReturnPolicy":{"@type":"MerchantReturnPolicy","merchantReturnLink":"https:\/\/www.sophy.ch\/de\/returns-and-guarantee\/"}}]},"product_brand":"Marina C by Sophy Geneva","og_availability":"instock","product_availability":"instock","product_retailer_item_id":"SG3S6.7FPW","product_condition":"new"},"_links":{"self":[{"href":"https:\/\/www.sophy.ch\/de\/wp-json\/wp\/v2\/product\/4724","targetHints":{"allow":["GET"]}}],"collection":[{"href":"https:\/\/www.sophy.ch\/de\/wp-json\/wp\/v2\/product"}],"about":[{"href":"https:\/\/www.sophy.ch\/de\/wp-json\/wp\/v2\/types\/product"}],"version-history":[{"count":0,"href":"https:\/\/www.sophy.ch\/de\/wp-json\/wp\/v2\/product\/4724\/revisions"}],"wp:featuredmedia":[{"embeddable":true,"href":"https:\/\/www.sophy.ch\/de\/wp-json\/wp\/v2\/media\/4742"}],"wp:attachment":[{"href":"https:\/\/www.sophy.ch\/de\/wp-json\/wp\/v2\/media?parent=4724"}],"wp:term":[{"taxonomy":"product_brand","embeddable":true,"href":"https:\/\/www.sophy.ch\/de\/wp-json\/wp\/v2\/product_brand?post=4724"},{"taxonomy":"product_cat","embeddable":true,"href":"https:\/\/www.sophy.ch\/de\/wp-json\/wp\/v2\/product_cat?post=4724"},{"taxonomy":"product_tag","embeddable":true,"href":"https:\/\/www.sophy.ch\/de\/wp-json\/wp\/v2\/product_tag?post=4724"}],"curies":[{"name":"wp","href":"https:\/\/api.w.org\/{rel}","templated":true}]}}