{"id":4213,"date":"2021-07-09T02:02:19","date_gmt":"2021-07-09T00:02:19","guid":{"rendered":"https:\/\/www.sophy.ch\/?post_type=product&#038;p=4213"},"modified":"2023-08-27T23:01:22","modified_gmt":"2023-08-27T21:01:22","slug":"amazing-peridot-stone-surrounded-by-pave-diamonds-ring","status":"publish","type":"product","link":"https:\/\/www.sophy.ch\/de\/item\/amazing-peridot-stone-surrounded-by-pave-diamonds-ring\/","title":{"rendered":"Erstaunlicher Peridot-Stein umgeben von Pav\u00e9 Diamonds Ring"},"content":{"rendered":"<blockquote>\n<p>Hinweis: Es ist nur ein St\u00fcck verf\u00fcgbar. Sobald es ausverkauft ist, kann eine Nachbestellung erfolgen. Das voraussichtliche Versanddatum betr\u00e4gt jedoch \u00b18 Wochen.<\/p>\n<\/blockquote>","protected":false},"excerpt":{"rendered":"<p>Die tiefgr\u00fcne Farbe des 3,82 ct Peridots wird durch die durchbrochene Arbeit und das Funkeln von 36 Diamanten hervorgehoben, die entlang des gesamten Steins ein bezauberndes Motiv entwerfen und vollst\u00e4ndig mit Diamanten pav\u00e9 besetzt sind.<\/p>\n<p><!--googleoff: index--><\/p>\n<link rel=\"stylesheet\" id=\"elementor-post-4963-css\" href=\"https:\/\/www.sophy.ch\/web\/wp-content\/uploads\/elementor\/css\/post-4963.css?ver=1775442806\" type=\"text\/css\" media=\"all\">\n<div data-elementor-type=\"wp-post\" data-elementor-id=\"4963\" class=\"elementor elementor-4963\" data-elementor-post-type=\"cms_block\">\n<section class=\"elementor-section elementor-top-section elementor-element elementor-element-1ab3267 elementor-section-content-middle elementor-section-full_width elementor-hidden-phone elementor-section-height-min-height elementor-section-height-default elementor-section-items-middle\" data-id=\"1ab3267\" data-element_type=\"section\" data-e-type=\"section\" data-settings=\"{&quot;background_background&quot;:&quot;classic&quot;}\">\n<div class=\"elementor-container elementor-column-gap-no\">\n<div class=\"elementor-column elementor-col-50 elementor-top-column elementor-element elementor-element-1ec0989\" data-id=\"1ec0989\" data-element_type=\"column\" data-e-type=\"column\">\n<div class=\"elementor-widget-wrap elementor-element-populated\">\n<div class=\"elementor-element elementor-element-64d8526 wd-animation-slide-from-left wd-animation-normal wd_delay_100 wd-animation wd-transform elementor-widget elementor-widget-image\" data-id=\"64d8526\" data-element_type=\"widget\" data-e-type=\"widget\" data-widget_type=\"image.default\">\n<div class=\"elementor-widget-container\">\n\t\t\t\t\t\t\t\t\t\t\t\t\t\t\t<img decoding=\"async\" src=\"https:\/\/www.sophy.ch\/web\/wp-content\/uploads\/elementor\/thumbs\/free-delivery-pygblnjs3kt39ylh8iemuksvaimsf873a5iokzrqm8.png\" title=\"kostenlose Lieferung\" alt=\"kostenlose Lieferung\" loading=\"lazy\" \/>\t\t\t\t\t\t\t\t\t\t\t\t\t\t\t<\/div>\n<\/p><\/div>\n<\/p><\/div>\n<\/p><\/div>\n<div class=\"elementor-column elementor-col-50 elementor-top-column elementor-element elementor-element-34f3bda\" data-id=\"34f3bda\" data-element_type=\"column\" data-e-type=\"column\">\n<div class=\"elementor-widget-wrap elementor-element-populated\">\n<div class=\"elementor-element elementor-element-55c181c color-scheme-inherit text-left elementor-widget elementor-widget-text-editor\" data-id=\"55c181c\" data-element_type=\"widget\" data-e-type=\"widget\" data-widget_type=\"text-editor.default\">\n<div class=\"elementor-widget-container\">\n\t\t\t\t\t\t\t\t\t<strong>Voraussichtliche Lieferung:<\/strong> Wird versendet zwischen <strong>3 <\/strong>&amp;<strong> 5 <\/strong>Tage\t\t\t\t\t\t\t\t<\/div>\n<\/p><\/div>\n<\/p><\/div>\n<\/p><\/div>\n<\/p><\/div>\n<\/section><\/div>\n<\/p>\n<p><!--googleon: index--><\/p>","protected":false},"featured_media":4797,"template":"","meta":[],"product_brand":[],"product_cat":[1964,264,297,401],"product_tag":[48,52,409,316,386],"class_list":{"0":"post-4213","1":"product","2":"type-product","3":"status-publish","4":"has-post-thumbnail","6":"product_cat-diamond-ring","7":"product_cat-exclusive-collections","8":"product_cat-rings","9":"product_cat-unique-rings","10":"product_tag-18k-gold-jewellery","11":"product_tag-diamond-jewellery","12":"product_tag-peridot","13":"product_tag-rose-gold","14":"product_tag-white-diamond","15":"pa_color-yellow-gold","16":"pa_estimated-time-of-dispatch-3-5-days","17":"pa_jewellery-art-ring","18":"pa_jewellery-material-gold-18k-750","19":"pa_made-for-ladies","20":"pa_product-brand-fine-jewellery-by-sophy-geneva","21":"pa_product-color-product-color-green","22":"pa_product-gemstone-diamond","23":"pa_product-gemstone-peridot","24":"pa_product-ring-size-50-o-159mm","25":"pa_product-ring-size-52-o-165mm","26":"pa_product-ring-size-377","27":"pa_product-ring-size-378","28":"pa_product-ring-size-379","29":"pa_product-ring-size-380","31":"first","32":"instock","33":"sold-individually","34":"taxable","35":"shipping-taxable","36":"purchasable","37":"product-type-variable","38":"has-default-attributes"},"yoast_head":"<!-- This site is optimized with the Yoast SEO Premium plugin v26.9 (Yoast SEO v27.1.1) - https:\/\/yoast.com\/product\/yoast-seo-premium-wordpress\/ -->\n<title>Amazing Peridot Stone Surrounded by Pav\u00e9 Diamonds Ring - Best Price at Sophy Jewellery<\/title>\n<meta name=\"description\" content=\"we present you our Iconic, Glamorous fine jewelry &amp; watches. Discover our fabulous collections, with a possibility to Virtually try on\" \/>\n<meta name=\"robots\" content=\"index, follow, max-snippet:-1, max-image-preview:large, max-video-preview:-1\" \/>\n<link rel=\"canonical\" href=\"https:\/\/www.sophy.ch\/de\/item\/amazing-peridot-stone-surrounded-by-pave-diamonds-ring\/\" \/>\n<meta property=\"og:locale\" content=\"de_DE\" \/>\n<meta property=\"og:type\" content=\"article\" \/>\n<meta property=\"og:title\" content=\"Amazing Peridot Stone Surrounded by Pav\u00e9 Diamonds Ring - Sophie Jewelry Geneva | Online Store\" \/>\n<meta property=\"og:description\" content=\"Best Price Be Wise | Sophy Geneva presents you its Iconic, Glamorous Fine jewelry &amp; watches. Discover our fabulous collections, with a possibility to Virtually try on. Let&#039;s shine\" \/>\n<meta property=\"og:url\" content=\"https:\/\/www.sophy.ch\/de\/item\/amazing-peridot-stone-surrounded-by-pave-diamonds-ring\/\" \/>\n<meta property=\"og:site_name\" content=\"Sophie Jewelry Geneva | Online Store\" \/>\n<meta property=\"article:publisher\" content=\"https:\/\/facebook.com\/sophygeneva\" \/>\n<meta property=\"article:modified_time\" content=\"2023-08-27T21:01:22+00:00\" \/>\n<meta property=\"og:image\" content=\"https:\/\/www.sophy.ch\/web\/wp-content\/uploads\/2021\/07\/A.7294-v.2.png\" \/>\n\t<meta property=\"og:image:width\" content=\"1200\" \/>\n\t<meta property=\"og:image:height\" content=\"1600\" \/>\n\t<meta property=\"og:image:type\" content=\"image\/png\" \/>\n<meta name=\"twitter:card\" content=\"summary_large_image\" \/>\n<meta name=\"twitter:site\" content=\"@sophygeneva\" \/>\n<meta name=\"twitter:label1\" content=\"Availability\" \/>\n\t<meta name=\"twitter:data1\" content=\"In stock\" \/>\n<script type=\"application\/ld+json\" class=\"yoast-schema-graph\">{\"@context\":\"https:\/\/schema.org\",\"@graph\":[{\"@type\":[\"WebPage\",\"ItemPage\"],\"@id\":\"https:\/\/www.sophy.ch\/item\/amazing-peridot-stone-surrounded-by-pave-diamonds-ring\/\",\"url\":\"https:\/\/www.sophy.ch\/item\/amazing-peridot-stone-surrounded-by-pave-diamonds-ring\/\",\"name\":\"Amazing Peridot Stone Surrounded by Pav\u00e9 Diamonds Ring - Best Price at Sophy Jewellery\",\"isPartOf\":{\"@id\":\"https:\/\/www.sophy.ch\/#website\"},\"primaryImageOfPage\":{\"@id\":\"https:\/\/www.sophy.ch\/item\/amazing-peridot-stone-surrounded-by-pave-diamonds-ring\/#primaryimage\"},\"image\":{\"@id\":\"https:\/\/www.sophy.ch\/item\/amazing-peridot-stone-surrounded-by-pave-diamonds-ring\/#primaryimage\"},\"thumbnailUrl\":\"https:\/\/www.sophy.ch\/web\/wp-content\/uploads\/2021\/07\/A.7294-v.2.png\",\"datePublished\":\"2021-07-09T00:02:19+00:00\",\"dateModified\":\"2023-08-27T21:01:22+00:00\",\"description\":\"we present you our Iconic, Glamorous fine jewelry & watches. Discover our fabulous collections, with a possibility to Virtually try on\",\"breadcrumb\":{\"@id\":\"https:\/\/www.sophy.ch\/item\/amazing-peridot-stone-surrounded-by-pave-diamonds-ring\/#breadcrumb\"},\"inLanguage\":\"de-CH\",\"potentialAction\":[{\"@type\":\"ReadAction\",\"target\":[\"https:\/\/www.sophy.ch\/item\/amazing-peridot-stone-surrounded-by-pave-diamonds-ring\/\"]}]},{\"@type\":\"ImageObject\",\"inLanguage\":\"de-CH\",\"@id\":\"https:\/\/www.sophy.ch\/item\/amazing-peridot-stone-surrounded-by-pave-diamonds-ring\/#primaryimage\",\"url\":\"https:\/\/www.sophy.ch\/web\/wp-content\/uploads\/2021\/07\/A.7294-v.2.png\",\"contentUrl\":\"https:\/\/www.sophy.ch\/web\/wp-content\/uploads\/2021\/07\/A.7294-v.2.png\",\"width\":1200,\"height\":1600},{\"@type\":\"BreadcrumbList\",\"@id\":\"https:\/\/www.sophy.ch\/item\/amazing-peridot-stone-surrounded-by-pave-diamonds-ring\/#breadcrumb\",\"itemListElement\":[{\"@type\":\"ListItem\",\"position\":1,\"name\":\"Home\",\"item\":\"https:\/\/www.sophy.ch\/\"},{\"@type\":\"ListItem\",\"position\":2,\"name\":\"Shop\",\"item\":\"https:\/\/www.sophy.ch\/shop\/\"},{\"@type\":\"ListItem\",\"position\":3,\"name\":\"Women Jewelry\",\"item\":\"https:\/\/www.sophy.ch\/products\/women-jewelry\/\"},{\"@type\":\"ListItem\",\"position\":4,\"name\":\"Rings\",\"item\":\"https:\/\/www.sophy.ch\/products\/women-jewelry\/rings\/\"},{\"@type\":\"ListItem\",\"position\":5,\"name\":\"Amazing Peridot Stone Surrounded by Pav\u00e9 Diamonds Ring\"}]},{\"@type\":\"WebSite\",\"@id\":\"https:\/\/www.sophy.ch\/#website\",\"url\":\"https:\/\/www.sophy.ch\/\",\"name\":\"Sophie Jewelry Geneva | Online Store\",\"description\":\"Swiss Store for Gold, Diamonds &amp; Gems | Best Prices\",\"publisher\":{\"@id\":\"https:\/\/www.sophy.ch\/#organization\"},\"alternateName\":\"Sophy Jewelry\",\"potentialAction\":[{\"@type\":\"SearchAction\",\"target\":{\"@type\":\"EntryPoint\",\"urlTemplate\":\"https:\/\/www.sophy.ch\/?s={search_term_string}\"},\"query-input\":{\"@type\":\"PropertyValueSpecification\",\"valueRequired\":true,\"valueName\":\"search_term_string\"}}],\"inLanguage\":\"de-CH\"},{\"@type\":\"Organization\",\"@id\":\"https:\/\/www.sophy.ch\/#organization\",\"name\":\"Sophy Geneva Jewellery\",\"alternateName\":\"Sophy Jewelry\",\"url\":\"https:\/\/www.sophy.ch\/\",\"logo\":{\"@type\":\"ImageObject\",\"inLanguage\":\"de-CH\",\"@id\":\"https:\/\/www.sophy.ch\/#\/schema\/logo\/image\/\",\"url\":\"https:\/\/www.sophy.ch\/web\/wp-content\/uploads\/2021\/06\/sophy-geneva-logo-small-400.png\",\"contentUrl\":\"https:\/\/www.sophy.ch\/web\/wp-content\/uploads\/2021\/06\/sophy-geneva-logo-small-400.png\",\"width\":408,\"height\":408,\"caption\":\"Sophy Geneva Jewellery\"},\"image\":{\"@id\":\"https:\/\/www.sophy.ch\/#\/schema\/logo\/image\/\"},\"sameAs\":[\"https:\/\/facebook.com\/sophygeneva\",\"https:\/\/x.com\/sophygeneva\",\"https:\/\/instagram.com\/sophygeneva\",\"https:\/\/pinterest.com\/sophygeneva\",\"https:\/\/www.youtube.com\/sophygeneva\",\"https:\/\/www.tiktok.com\/@sophygeneva\"],\"hasMerchantReturnPolicy\":{\"@type\":\"MerchantReturnPolicy\",\"merchantReturnLink\":\"https:\/\/www.sophy.ch\/de\/returns-and-guarantee\/\"}}]}<\/script>\n<meta property=\"product:brand\" content=\"Fine Jewellery by Sophy Geneva\" \/>\n<meta property=\"og:availability\" content=\"instock\" \/>\n<meta property=\"product:availability\" content=\"instock\" \/>\n<meta property=\"product:retailer_item_id\" content=\"A.7294\" \/>\n<meta property=\"product:condition\" content=\"new\" \/>\n<!-- \/ Yoast SEO Premium plugin. -->","yoast_head_json":{"title":"Wundersch\u00f6ner Ring mit Peridot-Stein, umgeben von Pav\u00e9-Diamanten \u2013 Bester Preis bei Sophy Jewellery","description":"pr\u00e4sentieren wir Ihnen unseren ikonischen, glamour\u00f6sen edlen Schmuck &amp; Uhren. Entdecken Sie unsere fabelhaften Kollektionen mit der M\u00f6glichkeit zum virtuellen Anprobieren","robots":{"index":"index","follow":"follow","max-snippet":"max-snippet:-1","max-image-preview":"max-image-preview:large","max-video-preview":"max-video-preview:-1"},"canonical":"https:\/\/www.sophy.ch\/de\/item\/amazing-peridot-stone-surrounded-by-pave-diamonds-ring\/","og_locale":"de_DE","og_type":"article","og_title":"Amazing Peridot Stone Surrounded by Pav\u00e9 Diamonds Ring - Sophie Jewelry Geneva | Online Store","og_description":"Best Price Be Wise | Sophy Geneva presents you its Iconic, Glamorous Fine jewelry & watches. Discover our fabulous collections, with a possibility to Virtually try on. Let's shine","og_url":"https:\/\/www.sophy.ch\/de\/item\/amazing-peridot-stone-surrounded-by-pave-diamonds-ring\/","og_site_name":"Sophie Jewelry Geneva | Online Store","article_publisher":"https:\/\/facebook.com\/sophygeneva","article_modified_time":"2023-08-27T21:01:22+00:00","og_image":[{"width":1200,"height":1600,"url":"https:\/\/www.sophy.ch\/web\/wp-content\/uploads\/2021\/07\/A.7294-v.2.png","type":"image\/png"}],"twitter_card":"summary_large_image","twitter_site":"@sophygeneva","twitter_misc":{"Availability":"In stock"},"schema":{"@context":"https:\/\/schema.org","@graph":[{"@type":["WebPage","ItemPage"],"@id":"https:\/\/www.sophy.ch\/item\/amazing-peridot-stone-surrounded-by-pave-diamonds-ring\/","url":"https:\/\/www.sophy.ch\/item\/amazing-peridot-stone-surrounded-by-pave-diamonds-ring\/","name":"Wundersch\u00f6ner Ring mit Peridot-Stein, umgeben von Pav\u00e9-Diamanten \u2013 Bester Preis bei Sophy Jewellery","isPartOf":{"@id":"https:\/\/www.sophy.ch\/#website"},"primaryImageOfPage":{"@id":"https:\/\/www.sophy.ch\/item\/amazing-peridot-stone-surrounded-by-pave-diamonds-ring\/#primaryimage"},"image":{"@id":"https:\/\/www.sophy.ch\/item\/amazing-peridot-stone-surrounded-by-pave-diamonds-ring\/#primaryimage"},"thumbnailUrl":"https:\/\/www.sophy.ch\/web\/wp-content\/uploads\/2021\/07\/A.7294-v.2.png","datePublished":"2021-07-09T00:02:19+00:00","dateModified":"2023-08-27T21:01:22+00:00","description":"pr\u00e4sentieren wir Ihnen unseren ikonischen, glamour\u00f6sen edlen Schmuck &amp; Uhren. Entdecken Sie unsere fabelhaften Kollektionen mit der M\u00f6glichkeit zum virtuellen Anprobieren","breadcrumb":{"@id":"https:\/\/www.sophy.ch\/item\/amazing-peridot-stone-surrounded-by-pave-diamonds-ring\/#breadcrumb"},"inLanguage":"de-CH","potentialAction":[{"@type":"ReadAction","target":["https:\/\/www.sophy.ch\/item\/amazing-peridot-stone-surrounded-by-pave-diamonds-ring\/"]}]},{"@type":"ImageObject","inLanguage":"de-CH","@id":"https:\/\/www.sophy.ch\/item\/amazing-peridot-stone-surrounded-by-pave-diamonds-ring\/#primaryimage","url":"https:\/\/www.sophy.ch\/web\/wp-content\/uploads\/2021\/07\/A.7294-v.2.png","contentUrl":"https:\/\/www.sophy.ch\/web\/wp-content\/uploads\/2021\/07\/A.7294-v.2.png","width":1200,"height":1600},{"@type":"BreadcrumbList","@id":"https:\/\/www.sophy.ch\/item\/amazing-peridot-stone-surrounded-by-pave-diamonds-ring\/#breadcrumb","itemListElement":[{"@type":"ListItem","position":1,"name":"Home","item":"https:\/\/www.sophy.ch\/"},{"@type":"ListItem","position":2,"name":"Shop","item":"https:\/\/www.sophy.ch\/shop\/"},{"@type":"ListItem","position":3,"name":"Women Jewelry","item":"https:\/\/www.sophy.ch\/products\/women-jewelry\/"},{"@type":"ListItem","position":4,"name":"Rings","item":"https:\/\/www.sophy.ch\/products\/women-jewelry\/rings\/"},{"@type":"ListItem","position":5,"name":"Amazing Peridot Stone Surrounded by Pav\u00e9 Diamonds Ring"}]},{"@type":"WebSite","@id":"https:\/\/www.sophy.ch\/#website","url":"https:\/\/www.sophy.ch\/","name":"Sophie Jewelry Geneva | Online Store","description":"Swiss Store for Gold, Diamonds &amp; Gems | Best Prices","publisher":{"@id":"https:\/\/www.sophy.ch\/#organization"},"alternateName":"Sophy Jewelry","potentialAction":[{"@type":"SearchAction","target":{"@type":"EntryPoint","urlTemplate":"https:\/\/www.sophy.ch\/?s={search_term_string}"},"query-input":{"@type":"PropertyValueSpecification","valueRequired":true,"valueName":"search_term_string"}}],"inLanguage":"de-CH"},{"@type":"Organization","@id":"https:\/\/www.sophy.ch\/#organization","name":"Sophie Geneva Schmuck","alternateName":"Sophy Jewelry","url":"https:\/\/www.sophy.ch\/","logo":{"@type":"ImageObject","inLanguage":"de-CH","@id":"https:\/\/www.sophy.ch\/#\/schema\/logo\/image\/","url":"https:\/\/www.sophy.ch\/web\/wp-content\/uploads\/2021\/06\/sophy-geneva-logo-small-400.png","contentUrl":"https:\/\/www.sophy.ch\/web\/wp-content\/uploads\/2021\/06\/sophy-geneva-logo-small-400.png","width":408,"height":408,"caption":"Sophy Geneva Jewellery"},"image":{"@id":"https:\/\/www.sophy.ch\/#\/schema\/logo\/image\/"},"sameAs":["https:\/\/facebook.com\/sophygeneva","https:\/\/x.com\/sophygeneva","https:\/\/instagram.com\/sophygeneva","https:\/\/pinterest.com\/sophygeneva","https:\/\/www.youtube.com\/sophygeneva","https:\/\/www.tiktok.com\/@sophygeneva"],"hasMerchantReturnPolicy":{"@type":"MerchantReturnPolicy","merchantReturnLink":"https:\/\/www.sophy.ch\/de\/returns-and-guarantee\/"}}]},"product_brand":"Fine Jewellery by Sophy Geneva","og_availability":"instock","product_availability":"instock","product_retailer_item_id":"A.7294","product_condition":"new"},"_links":{"self":[{"href":"https:\/\/www.sophy.ch\/de\/wp-json\/wp\/v2\/product\/4213","targetHints":{"allow":["GET"]}}],"collection":[{"href":"https:\/\/www.sophy.ch\/de\/wp-json\/wp\/v2\/product"}],"about":[{"href":"https:\/\/www.sophy.ch\/de\/wp-json\/wp\/v2\/types\/product"}],"version-history":[{"count":0,"href":"https:\/\/www.sophy.ch\/de\/wp-json\/wp\/v2\/product\/4213\/revisions"}],"wp:featuredmedia":[{"embeddable":true,"href":"https:\/\/www.sophy.ch\/de\/wp-json\/wp\/v2\/media\/4797"}],"wp:attachment":[{"href":"https:\/\/www.sophy.ch\/de\/wp-json\/wp\/v2\/media?parent=4213"}],"wp:term":[{"taxonomy":"product_brand","embeddable":true,"href":"https:\/\/www.sophy.ch\/de\/wp-json\/wp\/v2\/product_brand?post=4213"},{"taxonomy":"product_cat","embeddable":true,"href":"https:\/\/www.sophy.ch\/de\/wp-json\/wp\/v2\/product_cat?post=4213"},{"taxonomy":"product_tag","embeddable":true,"href":"https:\/\/www.sophy.ch\/de\/wp-json\/wp\/v2\/product_tag?post=4213"}],"curies":[{"name":"wp","href":"https:\/\/api.w.org\/{rel}","templated":true}]}}