{"id":4108,"date":"2021-07-08T18:09:57","date_gmt":"2021-07-08T16:09:57","guid":{"rendered":"https:\/\/www.sophy.ch\/?post_type=product&#038;p=4108"},"modified":"2022-11-26T11:12:26","modified_gmt":"2022-11-26T10:12:26","slug":"stingray-earrings","status":"publish","type":"product","link":"https:\/\/www.sophy.ch\/de\/item\/stingray-earrings\/","title":{"rendered":"Stachelrochen Ohrringe"},"content":{"rendered":"<blockquote>\n<p>Hinweis: Es ist nur ein St\u00fcck verf\u00fcgbar. Sobald es ausverkauft ist, kann eine Nachbestellung erfolgen. Das voraussichtliche Versanddatum betr\u00e4gt jedoch \u00b18 Wochen.<\/p>\n<\/blockquote>","protected":false},"excerpt":{"rendered":"<p>Zwei leuchtende Smaragde bilden das Herz dieser majest\u00e4tischen Stachelrochen-Ohrringe. Sein abgeflachter K\u00f6rper ist von einer schimmernden d\u00fcnnen Schicht aus schwarzen Diamanten bedeckt und mit zarten blauen Saphiren gesprenkelt. Dieses spektakul\u00e4re Paar hat die F\u00e4higkeit, nahtlos durch jede Gelegenheit zu gleiten und die Zuschauer mit ihrer elektrisierenden Sch\u00f6nheit zu schockieren.<\/p>\n<p><!--googleoff: index--><\/p>\n<link rel=\"stylesheet\" id=\"elementor-post-4963-css\" href=\"https:\/\/www.sophy.ch\/web\/wp-content\/uploads\/elementor\/css\/post-4963.css?ver=1777948377\" type=\"text\/css\" media=\"all\">\n<div data-elementor-type=\"wp-post\" data-elementor-id=\"4963\" class=\"elementor elementor-4963\" data-elementor-post-type=\"cms_block\">\n<section class=\"elementor-section elementor-top-section elementor-element elementor-element-1ab3267 elementor-section-content-middle elementor-section-full_width elementor-hidden-phone elementor-section-height-min-height elementor-section-height-default elementor-section-items-middle\" data-id=\"1ab3267\" data-element_type=\"section\" data-e-type=\"section\" data-settings=\"{&quot;background_background&quot;:&quot;classic&quot;}\">\n<div class=\"elementor-container elementor-column-gap-no\">\n<div class=\"elementor-column elementor-col-50 elementor-top-column elementor-element elementor-element-1ec0989\" data-id=\"1ec0989\" data-element_type=\"column\" data-e-type=\"column\">\n<div class=\"elementor-widget-wrap elementor-element-populated\">\n\t\t\t\t\t\t\t<link rel=\"stylesheet\" id=\"wd-mod-animations-transform-base-css\" href=\"https:\/\/www.sophy.ch\/web\/wp-content\/themes\/woodmart\/css\/parts\/mod-animations-transform-base.min.css?ver=8.4.1\" type=\"text\/css\" media=\"all\" \/> \t\t\t\t\t\t<link rel=\"stylesheet\" id=\"wd-mod-animations-transform-css\" href=\"https:\/\/www.sophy.ch\/web\/wp-content\/themes\/woodmart\/css\/parts\/mod-animations-transform.min.css?ver=8.4.1\" type=\"text\/css\" media=\"all\" \/> \t\t\t\t\t\t<link rel=\"stylesheet\" id=\"wd-mod-transform-css\" href=\"https:\/\/www.sophy.ch\/web\/wp-content\/themes\/woodmart\/css\/parts\/mod-transform.min.css?ver=8.4.1\" type=\"text\/css\" media=\"all\" \/>\n<div class=\"elementor-element elementor-element-64d8526 wd-animation-slide-from-left wd-animation-normal wd_delay_100 wd-animation wd-transform elementor-widget elementor-widget-image\" data-id=\"64d8526\" data-element_type=\"widget\" data-e-type=\"widget\" data-widget_type=\"image.default\">\n<div class=\"elementor-widget-container\">\n\t\t\t\t\t\t\t\t\t\t\t\t\t\t\t<img decoding=\"async\" src=\"https:\/\/www.sophy.ch\/web\/wp-content\/uploads\/elementor\/thumbs\/free-delivery-pygblnjs3kt39ylh8iemuksvaimsf873a5iokzrqm8.png\" title=\"kostenlose Lieferung\" alt=\"kostenlose Lieferung\" loading=\"lazy\" \/>\t\t\t\t\t\t\t\t\t\t\t\t\t\t\t<\/div>\n<\/p><\/div>\n<\/p><\/div>\n<\/p><\/div>\n<div class=\"elementor-column elementor-col-50 elementor-top-column elementor-element elementor-element-34f3bda\" data-id=\"34f3bda\" data-element_type=\"column\" data-e-type=\"column\">\n<div class=\"elementor-widget-wrap elementor-element-populated\">\n<div class=\"elementor-element elementor-element-55c181c color-scheme-inherit text-left elementor-widget elementor-widget-text-editor\" data-id=\"55c181c\" data-element_type=\"widget\" data-e-type=\"widget\" data-widget_type=\"text-editor.default\">\n<div class=\"elementor-widget-container\">\n\t\t\t\t\t\t\t\t\t<strong>Voraussichtliche Lieferung:<\/strong> Wird versendet zwischen <strong>3 <\/strong>&amp;<strong> 5 <\/strong>Tage\t\t\t\t\t\t\t\t<\/div>\n<\/p><\/div>\n<\/p><\/div>\n<\/p><\/div>\n<\/p><\/div>\n<\/section><\/div>\n<\/p>\n<p><!--googleon: index--><\/p>","protected":false},"featured_media":3871,"template":"","meta":[],"product_brand":[],"product_cat":[272,264,498],"product_tag":[48,385,367,396],"class_list":{"0":"post-4108","1":"product","2":"type-product","3":"status-publish","4":"has-post-thumbnail","6":"product_cat-earrings","7":"product_cat-exclusive-collections","8":"product_cat-votive-jewellery","9":"product_tag-18k-gold-jewellery","10":"product_tag-black-diamond","11":"product_tag-blue-sapphire","12":"product_tag-emerald","13":"pa_jewellery-art-earrings","14":"pa_jewellery-material-gold-18k-750","15":"pa_made-for-ladies","16":"pa_product-brand-votive-jewellery","17":"pa_product-gemstone-emerald","19":"first","20":"instock","21":"sold-individually","22":"taxable","23":"shipping-taxable","24":"purchasable","25":"product-type-simple"},"yoast_head":"<!-- This site is optimized with the Yoast SEO Premium plugin v26.9 (Yoast SEO v27.1.1) - https:\/\/yoast.com\/product\/yoast-seo-premium-wordpress\/ -->\n<title>Stingray Earrings - Best Price at Sophy Jewellery<\/title>\n<meta name=\"description\" content=\"the center gem is emerald, natural green emerald stones surrounded by diamond and sapphire, unique and beautiful as came from mother nature. %\" \/>\n<meta name=\"robots\" content=\"index, follow, max-snippet:-1, max-image-preview:large, max-video-preview:-1\" \/>\n<link rel=\"canonical\" href=\"https:\/\/www.sophy.ch\/de\/item\/stingray-earrings\/\" \/>\n<meta property=\"og:locale\" content=\"de_DE\" \/>\n<meta property=\"og:type\" content=\"article\" \/>\n<meta property=\"og:title\" content=\"Stingray Earrings - Sophie Jewelry Geneva | Online Store\" \/>\n<meta property=\"og:description\" content=\"Best Price Be Wise | Sophy Geneva presents you its Iconic, Glamorous Fine jewelry &amp; watches. Discover our fabulous collections, with a possibility to Virtually try on. Let&#039;s shine\" \/>\n<meta property=\"og:url\" content=\"https:\/\/www.sophy.ch\/de\/item\/stingray-earrings\/\" \/>\n<meta property=\"og:site_name\" content=\"Sophie Jewelry Geneva | Online Store\" \/>\n<meta property=\"article:publisher\" content=\"https:\/\/facebook.com\/sophygeneva\" \/>\n<meta property=\"article:modified_time\" content=\"2022-11-26T10:12:26+00:00\" \/>\n<meta property=\"og:image\" content=\"https:\/\/www.sophy.ch\/web\/wp-content\/uploads\/2021\/07\/PV0007E.jpg\" \/>\n\t<meta property=\"og:image:width\" content=\"720\" \/>\n\t<meta property=\"og:image:height\" content=\"720\" \/>\n\t<meta property=\"og:image:type\" content=\"image\/jpeg\" \/>\n<meta name=\"twitter:card\" content=\"summary_large_image\" \/>\n<meta name=\"twitter:site\" content=\"@sophygeneva\" \/>\n<meta name=\"twitter:label1\" content=\"Price\" \/>\n\t<meta name=\"twitter:data1\" content=\"&#067;&#072;&#070;&nbsp;7,500 Excl. VAT\" \/>\n\t<meta name=\"twitter:label2\" content=\"Availability\" \/>\n\t<meta name=\"twitter:data2\" content=\"In stock\" \/>\n<script type=\"application\/ld+json\" class=\"yoast-schema-graph\">{\"@context\":\"https:\/\/schema.org\",\"@graph\":[{\"@type\":[\"WebPage\",\"ItemPage\"],\"@id\":\"https:\/\/www.sophy.ch\/item\/stingray-earrings\/\",\"url\":\"https:\/\/www.sophy.ch\/item\/stingray-earrings\/\",\"name\":\"Stingray Earrings - Best Price at Sophy Jewellery\",\"isPartOf\":{\"@id\":\"https:\/\/www.sophy.ch\/#website\"},\"primaryImageOfPage\":{\"@id\":\"https:\/\/www.sophy.ch\/item\/stingray-earrings\/#primaryimage\"},\"image\":{\"@id\":\"https:\/\/www.sophy.ch\/item\/stingray-earrings\/#primaryimage\"},\"thumbnailUrl\":\"https:\/\/www.sophy.ch\/web\/wp-content\/uploads\/2021\/07\/PV0007E.jpg\",\"datePublished\":\"2021-07-08T16:09:57+00:00\",\"dateModified\":\"2022-11-26T10:12:26+00:00\",\"description\":\"the center gem is emerald, natural green emerald stones surrounded by diamond and sapphire, unique and beautiful as came from mother nature. %\",\"breadcrumb\":{\"@id\":\"https:\/\/www.sophy.ch\/item\/stingray-earrings\/#breadcrumb\"},\"inLanguage\":\"de-CH\",\"potentialAction\":[{\"@type\":\"ReadAction\",\"target\":[\"https:\/\/www.sophy.ch\/item\/stingray-earrings\/\"]}]},{\"@type\":\"ImageObject\",\"inLanguage\":\"de-CH\",\"@id\":\"https:\/\/www.sophy.ch\/item\/stingray-earrings\/#primaryimage\",\"url\":\"https:\/\/www.sophy.ch\/web\/wp-content\/uploads\/2021\/07\/PV0007E.jpg\",\"contentUrl\":\"https:\/\/www.sophy.ch\/web\/wp-content\/uploads\/2021\/07\/PV0007E.jpg\",\"width\":720,\"height\":720},{\"@type\":\"BreadcrumbList\",\"@id\":\"https:\/\/www.sophy.ch\/item\/stingray-earrings\/#breadcrumb\",\"itemListElement\":[{\"@type\":\"ListItem\",\"position\":1,\"name\":\"Home\",\"item\":\"https:\/\/www.sophy.ch\/\"},{\"@type\":\"ListItem\",\"position\":2,\"name\":\"Shop\",\"item\":\"https:\/\/www.sophy.ch\/shop\/\"},{\"@type\":\"ListItem\",\"position\":3,\"name\":\"Women Jewelry\",\"item\":\"https:\/\/www.sophy.ch\/products\/women-jewelry\/\"},{\"@type\":\"ListItem\",\"position\":4,\"name\":\"Earrings\",\"item\":\"https:\/\/www.sophy.ch\/products\/women-jewelry\/earrings\/\"},{\"@type\":\"ListItem\",\"position\":5,\"name\":\"Stingray Earrings\"}]},{\"@type\":\"WebSite\",\"@id\":\"https:\/\/www.sophy.ch\/#website\",\"url\":\"https:\/\/www.sophy.ch\/\",\"name\":\"Sophie Jewelry Geneva | Online Store\",\"description\":\"Swiss Store for Gold, Diamonds &amp; Gems | Best Prices\",\"publisher\":{\"@id\":\"https:\/\/www.sophy.ch\/#organization\"},\"alternateName\":\"Sophy Jewelry\",\"potentialAction\":[{\"@type\":\"SearchAction\",\"target\":{\"@type\":\"EntryPoint\",\"urlTemplate\":\"https:\/\/www.sophy.ch\/?s={search_term_string}\"},\"query-input\":{\"@type\":\"PropertyValueSpecification\",\"valueRequired\":true,\"valueName\":\"search_term_string\"}}],\"inLanguage\":\"de-CH\"},{\"@type\":\"Organization\",\"@id\":\"https:\/\/www.sophy.ch\/#organization\",\"name\":\"Sophy Geneva Jewellery\",\"alternateName\":\"Sophy Jewelry\",\"url\":\"https:\/\/www.sophy.ch\/\",\"logo\":{\"@type\":\"ImageObject\",\"inLanguage\":\"de-CH\",\"@id\":\"https:\/\/www.sophy.ch\/#\/schema\/logo\/image\/\",\"url\":\"https:\/\/www.sophy.ch\/web\/wp-content\/uploads\/2021\/06\/sophy-geneva-logo-small-400.png\",\"contentUrl\":\"https:\/\/www.sophy.ch\/web\/wp-content\/uploads\/2021\/06\/sophy-geneva-logo-small-400.png\",\"width\":408,\"height\":408,\"caption\":\"Sophy Geneva Jewellery\"},\"image\":{\"@id\":\"https:\/\/www.sophy.ch\/#\/schema\/logo\/image\/\"},\"sameAs\":[\"https:\/\/facebook.com\/sophygeneva\",\"https:\/\/x.com\/sophygeneva\",\"https:\/\/instagram.com\/sophygeneva\",\"https:\/\/pinterest.com\/sophygeneva\",\"https:\/\/www.youtube.com\/sophygeneva\",\"https:\/\/www.tiktok.com\/@sophygeneva\"],\"hasMerchantReturnPolicy\":{\"@type\":\"MerchantReturnPolicy\",\"merchantReturnLink\":\"https:\/\/www.sophy.ch\/de\/returns-and-guarantee\/\"}}]}<\/script>\n<meta property=\"product:brand\" content=\"Votive Jewellery\" \/>\n<meta property=\"product:price:amount\" content=\"7500.00\" \/>\n<meta property=\"product:price:currency\" content=\"CHF\" \/>\n<meta property=\"og:availability\" content=\"instock\" \/>\n<meta property=\"product:availability\" content=\"instock\" \/>\n<meta property=\"product:retailer_item_id\" content=\"PV0007E\" \/>\n<meta property=\"product:condition\" content=\"new\" \/>\n<!-- \/ Yoast SEO Premium plugin. -->","yoast_head_json":{"title":"Rochenohrringe - Bester Preis bei Sophy Jewellery","description":"Der zentrale Edelstein ist Smaragd, nat\u00fcrliche gr\u00fcne Smaragdsteine, umgeben von Diamanten und Saphiren, einzigartig und sch\u00f6n wie von Mutter Natur. %","robots":{"index":"index","follow":"follow","max-snippet":"max-snippet:-1","max-image-preview":"max-image-preview:large","max-video-preview":"max-video-preview:-1"},"canonical":"https:\/\/www.sophy.ch\/de\/item\/stingray-earrings\/","og_locale":"de_DE","og_type":"article","og_title":"Stingray Earrings - Sophie Jewelry Geneva | Online Store","og_description":"Best Price Be Wise | Sophy Geneva presents you its Iconic, Glamorous Fine jewelry & watches. Discover our fabulous collections, with a possibility to Virtually try on. Let's shine","og_url":"https:\/\/www.sophy.ch\/de\/item\/stingray-earrings\/","og_site_name":"Sophie Jewelry Geneva | Online Store","article_publisher":"https:\/\/facebook.com\/sophygeneva","article_modified_time":"2022-11-26T10:12:26+00:00","og_image":[{"width":720,"height":720,"url":"https:\/\/www.sophy.ch\/web\/wp-content\/uploads\/2021\/07\/PV0007E.jpg","type":"image\/jpeg"}],"twitter_card":"summary_large_image","twitter_site":"@sophygeneva","twitter_misc":{"Price":"&#67;&#72;&#70;&nbsp;7,500 Excl. VAT","Availability":"In stock"},"schema":{"@context":"https:\/\/schema.org","@graph":[{"@type":["WebPage","ItemPage"],"@id":"https:\/\/www.sophy.ch\/item\/stingray-earrings\/","url":"https:\/\/www.sophy.ch\/item\/stingray-earrings\/","name":"Rochenohrringe - Bester Preis bei Sophy Jewellery","isPartOf":{"@id":"https:\/\/www.sophy.ch\/#website"},"primaryImageOfPage":{"@id":"https:\/\/www.sophy.ch\/item\/stingray-earrings\/#primaryimage"},"image":{"@id":"https:\/\/www.sophy.ch\/item\/stingray-earrings\/#primaryimage"},"thumbnailUrl":"https:\/\/www.sophy.ch\/web\/wp-content\/uploads\/2021\/07\/PV0007E.jpg","datePublished":"2021-07-08T16:09:57+00:00","dateModified":"2022-11-26T10:12:26+00:00","description":"Der zentrale Edelstein ist Smaragd, nat\u00fcrliche gr\u00fcne Smaragdsteine, umgeben von Diamanten und Saphiren, einzigartig und sch\u00f6n wie von Mutter Natur. %","breadcrumb":{"@id":"https:\/\/www.sophy.ch\/item\/stingray-earrings\/#breadcrumb"},"inLanguage":"de-CH","potentialAction":[{"@type":"ReadAction","target":["https:\/\/www.sophy.ch\/item\/stingray-earrings\/"]}]},{"@type":"ImageObject","inLanguage":"de-CH","@id":"https:\/\/www.sophy.ch\/item\/stingray-earrings\/#primaryimage","url":"https:\/\/www.sophy.ch\/web\/wp-content\/uploads\/2021\/07\/PV0007E.jpg","contentUrl":"https:\/\/www.sophy.ch\/web\/wp-content\/uploads\/2021\/07\/PV0007E.jpg","width":720,"height":720},{"@type":"BreadcrumbList","@id":"https:\/\/www.sophy.ch\/item\/stingray-earrings\/#breadcrumb","itemListElement":[{"@type":"ListItem","position":1,"name":"Home","item":"https:\/\/www.sophy.ch\/"},{"@type":"ListItem","position":2,"name":"Shop","item":"https:\/\/www.sophy.ch\/shop\/"},{"@type":"ListItem","position":3,"name":"Women Jewelry","item":"https:\/\/www.sophy.ch\/products\/women-jewelry\/"},{"@type":"ListItem","position":4,"name":"Earrings","item":"https:\/\/www.sophy.ch\/products\/women-jewelry\/earrings\/"},{"@type":"ListItem","position":5,"name":"Stingray Earrings"}]},{"@type":"WebSite","@id":"https:\/\/www.sophy.ch\/#website","url":"https:\/\/www.sophy.ch\/","name":"Sophie Jewelry Geneva | Online Store","description":"Swiss Store for Gold, Diamonds &amp; Gems | Best Prices","publisher":{"@id":"https:\/\/www.sophy.ch\/#organization"},"alternateName":"Sophy Jewelry","potentialAction":[{"@type":"SearchAction","target":{"@type":"EntryPoint","urlTemplate":"https:\/\/www.sophy.ch\/?s={search_term_string}"},"query-input":{"@type":"PropertyValueSpecification","valueRequired":true,"valueName":"search_term_string"}}],"inLanguage":"de-CH"},{"@type":"Organization","@id":"https:\/\/www.sophy.ch\/#organization","name":"Sophie Geneva Schmuck","alternateName":"Sophy Jewelry","url":"https:\/\/www.sophy.ch\/","logo":{"@type":"ImageObject","inLanguage":"de-CH","@id":"https:\/\/www.sophy.ch\/#\/schema\/logo\/image\/","url":"https:\/\/www.sophy.ch\/web\/wp-content\/uploads\/2021\/06\/sophy-geneva-logo-small-400.png","contentUrl":"https:\/\/www.sophy.ch\/web\/wp-content\/uploads\/2021\/06\/sophy-geneva-logo-small-400.png","width":408,"height":408,"caption":"Sophy Geneva Jewellery"},"image":{"@id":"https:\/\/www.sophy.ch\/#\/schema\/logo\/image\/"},"sameAs":["https:\/\/facebook.com\/sophygeneva","https:\/\/x.com\/sophygeneva","https:\/\/instagram.com\/sophygeneva","https:\/\/pinterest.com\/sophygeneva","https:\/\/www.youtube.com\/sophygeneva","https:\/\/www.tiktok.com\/@sophygeneva"],"hasMerchantReturnPolicy":{"@type":"MerchantReturnPolicy","merchantReturnLink":"https:\/\/www.sophy.ch\/de\/returns-and-guarantee\/"}}]},"product_brand":"Votive Jewellery","product_price_amount":"7500.00","product_price_currency":"CHF","og_availability":"instock","product_availability":"instock","product_retailer_item_id":"PV0007E","product_condition":"new"},"_links":{"self":[{"href":"https:\/\/www.sophy.ch\/de\/wp-json\/wp\/v2\/product\/4108","targetHints":{"allow":["GET"]}}],"collection":[{"href":"https:\/\/www.sophy.ch\/de\/wp-json\/wp\/v2\/product"}],"about":[{"href":"https:\/\/www.sophy.ch\/de\/wp-json\/wp\/v2\/types\/product"}],"version-history":[{"count":0,"href":"https:\/\/www.sophy.ch\/de\/wp-json\/wp\/v2\/product\/4108\/revisions"}],"wp:featuredmedia":[{"embeddable":true,"href":"https:\/\/www.sophy.ch\/de\/wp-json\/wp\/v2\/media\/3871"}],"wp:attachment":[{"href":"https:\/\/www.sophy.ch\/de\/wp-json\/wp\/v2\/media?parent=4108"}],"wp:term":[{"taxonomy":"product_brand","embeddable":true,"href":"https:\/\/www.sophy.ch\/de\/wp-json\/wp\/v2\/product_brand?post=4108"},{"taxonomy":"product_cat","embeddable":true,"href":"https:\/\/www.sophy.ch\/de\/wp-json\/wp\/v2\/product_cat?post=4108"},{"taxonomy":"product_tag","embeddable":true,"href":"https:\/\/www.sophy.ch\/de\/wp-json\/wp\/v2\/product_tag?post=4108"}],"curies":[{"name":"wp","href":"https:\/\/api.w.org\/{rel}","templated":true}]}}