{"id":3887,"date":"2021-07-05T23:44:37","date_gmt":"2021-07-05T21:44:37","guid":{"rendered":"https:\/\/www.sophy.ch\/?post_type=product&#038;p=3887"},"modified":"2023-09-14T10:22:17","modified_gmt":"2023-09-14T08:22:17","slug":"stunning-natural-green-sapphire-pendant-5mm","status":"publish","type":"product","link":"https:\/\/www.sophy.ch\/de\/item\/stunning-natural-green-sapphire-pendant-5mm\/","title":{"rendered":"Atemberaubender nat\u00fcrlicher gr\u00fcner Saphir-Anh\u00e4nger 5mm"},"content":{"rendered":"","protected":false},"excerpt":{"rendered":"<p>Atemberaubender echter gr\u00fcner Saphir-Anh\u00e4nger aus hochwertigen Edelsteinen und feiner Handwerkskunst, mit 18 Karat Wei\u00dfgold, um Ihren Tag oder Ihre Veranstaltungen mit sch\u00f6nen Farben zu erhellen, auch in Pink, Blau und Gelb erh\u00e4ltlich. Daher ist diese Farbe die wahre Farbe, die f\u00fcr immer h\u00e4lt.<\/p>\n<p>Dies sind nat\u00fcrliche blaue Saphire, die genau so verkauft werden, wie sie von Mutter Natur abgebaut \/ produziert wurden. Diese Saphire werden nur vom Menschen facettiert, aber ihre nat\u00fcrliche Sch\u00f6nheit und Eigenschaften werden in keiner Weise verbessert. Bei Sophy Geneva haben wir nur den besten nat\u00fcrlichen Saphir.<\/p>","protected":false},"featured_media":3883,"template":"","meta":[],"product_brand":[],"product_cat":[264,269],"product_tag":[48,359,1971,317],"class_list":{"0":"post-3887","1":"product","2":"type-product","3":"status-publish","4":"has-post-thumbnail","6":"product_cat-exclusive-collections","7":"product_cat-pendants","8":"product_tag-18k-gold-jewellery","9":"product_tag-solitaire-pendant","10":"product_tag-solitaires-jewelry","11":"product_tag-white-gold","12":"pa_color-white-gold","13":"pa_jewellery-art-pendants","14":"pa_jewellery-material-gold-18k-750","15":"pa_made-for-ladies","16":"pa_product-brand-fine-jewellery-by-sophy-geneva","17":"pa_product-color-product-color-green","18":"pa_product-cut-styles-round-diamonds","19":"pa_product-gemstone-green-sapphire","20":"pa_solitaire-solitaire-pendant","21":"pa_solitaire-diamond-carat-5-mm","23":"first","24":"instock","25":"taxable","26":"shipping-taxable","27":"purchasable","28":"product-type-simple"},"yoast_head":"<!-- This site is optimized with the Yoast SEO Premium plugin v26.9 (Yoast SEO v27.1.1) - https:\/\/yoast.com\/product\/yoast-seo-premium-wordpress\/ -->\n<title>Stunning natural green Sapphire pendant 5mm - Best Price at Sophy Jewellery<\/title>\n<meta name=\"description\" content=\"Glamorous Iconic Fine jewelry &amp; watches. Discover our fabulous collections, with a possibility to Virtually try on.\" \/>\n<meta name=\"robots\" content=\"index, follow, max-snippet:-1, max-image-preview:large, max-video-preview:-1\" \/>\n<link rel=\"canonical\" href=\"https:\/\/www.sophy.ch\/de\/item\/stunning-natural-green-sapphire-pendant-5mm\/\" \/>\n<meta property=\"og:locale\" content=\"de_DE\" \/>\n<meta property=\"og:type\" content=\"article\" \/>\n<meta property=\"og:title\" content=\"Stunning natural green Sapphire pendant 5mm - Sophie Jewelry Geneva | Online Store\" \/>\n<meta property=\"og:description\" content=\"Best Price Be Wise | Sophy Geneva presents you its Iconic, Glamorous Fine jewelry &amp; watches. Discover our fabulous collections, with a possibility to Virtually try on. Let&#039;s shine\" \/>\n<meta property=\"og:url\" content=\"https:\/\/www.sophy.ch\/de\/item\/stunning-natural-green-sapphire-pendant-5mm\/\" \/>\n<meta property=\"og:site_name\" content=\"Sophie Jewelry Geneva | Online Store\" \/>\n<meta property=\"article:publisher\" content=\"https:\/\/facebook.com\/sophygeneva\" \/>\n<meta property=\"article:modified_time\" content=\"2023-09-14T08:22:17+00:00\" \/>\n<meta property=\"og:image\" content=\"https:\/\/www.sophy.ch\/web\/wp-content\/uploads\/2021\/07\/Sophy-Geneva-green-sapphire-round-cut-solitaire-white-18k-Gold-Basket-pendant-5mm.jpg\" \/>\n\t<meta property=\"og:image:width\" content=\"666\" \/>\n\t<meta property=\"og:image:height\" content=\"666\" \/>\n\t<meta property=\"og:image:type\" content=\"image\/jpeg\" \/>\n<meta name=\"twitter:card\" content=\"summary_large_image\" \/>\n<meta name=\"twitter:site\" content=\"@sophygeneva\" \/>\n<meta name=\"twitter:label1\" content=\"Price\" \/>\n\t<meta name=\"twitter:data1\" content=\"&#067;&#072;&#070;&nbsp;495 Excl. VAT\" \/>\n\t<meta name=\"twitter:label2\" content=\"Availability\" \/>\n\t<meta name=\"twitter:data2\" content=\"In stock\" \/>\n<script type=\"application\/ld+json\" class=\"yoast-schema-graph\">{\"@context\":\"https:\/\/schema.org\",\"@graph\":[{\"@type\":[\"WebPage\",\"ItemPage\"],\"@id\":\"https:\/\/www.sophy.ch\/item\/stunning-natural-green-sapphire-pendant-5mm\/\",\"url\":\"https:\/\/www.sophy.ch\/item\/stunning-natural-green-sapphire-pendant-5mm\/\",\"name\":\"Stunning natural green Sapphire pendant 5mm - Best Price at Sophy Jewellery\",\"isPartOf\":{\"@id\":\"https:\/\/www.sophy.ch\/#website\"},\"primaryImageOfPage\":{\"@id\":\"https:\/\/www.sophy.ch\/item\/stunning-natural-green-sapphire-pendant-5mm\/#primaryimage\"},\"image\":{\"@id\":\"https:\/\/www.sophy.ch\/item\/stunning-natural-green-sapphire-pendant-5mm\/#primaryimage\"},\"thumbnailUrl\":\"https:\/\/www.sophy.ch\/web\/wp-content\/uploads\/2021\/07\/Sophy-Geneva-green-sapphire-round-cut-solitaire-white-18k-Gold-Basket-pendant-5mm.jpg\",\"datePublished\":\"2021-07-05T21:44:37+00:00\",\"dateModified\":\"2023-09-14T08:22:17+00:00\",\"description\":\"Glamorous Iconic Fine jewelry & watches. Discover our fabulous collections, with a possibility to Virtually try on.\",\"breadcrumb\":{\"@id\":\"https:\/\/www.sophy.ch\/item\/stunning-natural-green-sapphire-pendant-5mm\/#breadcrumb\"},\"inLanguage\":\"de-CH\",\"potentialAction\":[{\"@type\":\"ReadAction\",\"target\":[\"https:\/\/www.sophy.ch\/item\/stunning-natural-green-sapphire-pendant-5mm\/\"]}]},{\"@type\":\"ImageObject\",\"inLanguage\":\"de-CH\",\"@id\":\"https:\/\/www.sophy.ch\/item\/stunning-natural-green-sapphire-pendant-5mm\/#primaryimage\",\"url\":\"https:\/\/www.sophy.ch\/web\/wp-content\/uploads\/2021\/07\/Sophy-Geneva-green-sapphire-round-cut-solitaire-white-18k-Gold-Basket-pendant-5mm.jpg\",\"contentUrl\":\"https:\/\/www.sophy.ch\/web\/wp-content\/uploads\/2021\/07\/Sophy-Geneva-green-sapphire-round-cut-solitaire-white-18k-Gold-Basket-pendant-5mm.jpg\",\"width\":666,\"height\":666},{\"@type\":\"BreadcrumbList\",\"@id\":\"https:\/\/www.sophy.ch\/item\/stunning-natural-green-sapphire-pendant-5mm\/#breadcrumb\",\"itemListElement\":[{\"@type\":\"ListItem\",\"position\":1,\"name\":\"Home\",\"item\":\"https:\/\/www.sophy.ch\/\"},{\"@type\":\"ListItem\",\"position\":2,\"name\":\"Shop\",\"item\":\"https:\/\/www.sophy.ch\/shop\/\"},{\"@type\":\"ListItem\",\"position\":3,\"name\":\"Women Jewelry\",\"item\":\"https:\/\/www.sophy.ch\/products\/women-jewelry\/\"},{\"@type\":\"ListItem\",\"position\":4,\"name\":\"Pendants\",\"item\":\"https:\/\/www.sophy.ch\/products\/women-jewelry\/pendants\/\"},{\"@type\":\"ListItem\",\"position\":5,\"name\":\"Stunning natural green Sapphire pendant 5mm\"}]},{\"@type\":\"WebSite\",\"@id\":\"https:\/\/www.sophy.ch\/#website\",\"url\":\"https:\/\/www.sophy.ch\/\",\"name\":\"Sophie Jewelry Geneva | Online Store\",\"description\":\"Swiss Store for Gold, Diamonds &amp; Gems | Best Prices\",\"publisher\":{\"@id\":\"https:\/\/www.sophy.ch\/#organization\"},\"alternateName\":\"Sophy Jewelry\",\"potentialAction\":[{\"@type\":\"SearchAction\",\"target\":{\"@type\":\"EntryPoint\",\"urlTemplate\":\"https:\/\/www.sophy.ch\/?s={search_term_string}\"},\"query-input\":{\"@type\":\"PropertyValueSpecification\",\"valueRequired\":true,\"valueName\":\"search_term_string\"}}],\"inLanguage\":\"de-CH\"},{\"@type\":\"Organization\",\"@id\":\"https:\/\/www.sophy.ch\/#organization\",\"name\":\"Sophy Geneva Jewellery\",\"alternateName\":\"Sophy Jewelry\",\"url\":\"https:\/\/www.sophy.ch\/\",\"logo\":{\"@type\":\"ImageObject\",\"inLanguage\":\"de-CH\",\"@id\":\"https:\/\/www.sophy.ch\/#\/schema\/logo\/image\/\",\"url\":\"https:\/\/www.sophy.ch\/web\/wp-content\/uploads\/2021\/06\/sophy-geneva-logo-small-400.png\",\"contentUrl\":\"https:\/\/www.sophy.ch\/web\/wp-content\/uploads\/2021\/06\/sophy-geneva-logo-small-400.png\",\"width\":408,\"height\":408,\"caption\":\"Sophy Geneva Jewellery\"},\"image\":{\"@id\":\"https:\/\/www.sophy.ch\/#\/schema\/logo\/image\/\"},\"sameAs\":[\"https:\/\/facebook.com\/sophygeneva\",\"https:\/\/x.com\/sophygeneva\",\"https:\/\/instagram.com\/sophygeneva\",\"https:\/\/pinterest.com\/sophygeneva\",\"https:\/\/www.youtube.com\/sophygeneva\",\"https:\/\/www.tiktok.com\/@sophygeneva\"],\"hasMerchantReturnPolicy\":{\"@type\":\"MerchantReturnPolicy\",\"merchantReturnLink\":\"https:\/\/www.sophy.ch\/de\/returns-and-guarantee\/\"}}]}<\/script>\n<meta property=\"product:brand\" content=\"Fine Jewellery by Sophy Geneva\" \/>\n<meta property=\"product:price:amount\" content=\"495.00\" \/>\n<meta property=\"product:price:currency\" content=\"CHF\" \/>\n<meta property=\"og:availability\" content=\"instock\" \/>\n<meta property=\"product:availability\" content=\"instock\" \/>\n<meta property=\"product:retailer_item_id\" content=\"PA23774.3W18SG\" \/>\n<meta property=\"product:condition\" content=\"new\" \/>\n<!-- \/ Yoast SEO Premium plugin. -->","yoast_head_json":{"title":"Atemberaubender nat\u00fcrlicher gr\u00fcner Saphir-Anh\u00e4nger, 5 mm \u2013 Bester Preis bei Sophy Jewellery","description":"Glamour\u00f6ser ikonischer Edelschmuck und Uhren. Entdecken Sie unsere fabelhaften Kollektionen mit der M\u00f6glichkeit zum virtuellen Anprobieren.","robots":{"index":"index","follow":"follow","max-snippet":"max-snippet:-1","max-image-preview":"max-image-preview:large","max-video-preview":"max-video-preview:-1"},"canonical":"https:\/\/www.sophy.ch\/de\/item\/stunning-natural-green-sapphire-pendant-5mm\/","og_locale":"de_DE","og_type":"article","og_title":"Stunning natural green Sapphire pendant 5mm - Sophie Jewelry Geneva | Online Store","og_description":"Best Price Be Wise | Sophy Geneva presents you its Iconic, Glamorous Fine jewelry & watches. Discover our fabulous collections, with a possibility to Virtually try on. Let's shine","og_url":"https:\/\/www.sophy.ch\/de\/item\/stunning-natural-green-sapphire-pendant-5mm\/","og_site_name":"Sophie Jewelry Geneva | Online Store","article_publisher":"https:\/\/facebook.com\/sophygeneva","article_modified_time":"2023-09-14T08:22:17+00:00","og_image":[{"width":666,"height":666,"url":"https:\/\/www.sophy.ch\/web\/wp-content\/uploads\/2021\/07\/Sophy-Geneva-green-sapphire-round-cut-solitaire-white-18k-Gold-Basket-pendant-5mm.jpg","type":"image\/jpeg"}],"twitter_card":"summary_large_image","twitter_site":"@sophygeneva","twitter_misc":{"Price":"&#67;&#72;&#70;&nbsp;495 Excl. VAT","Availability":"In stock"},"schema":{"@context":"https:\/\/schema.org","@graph":[{"@type":["WebPage","ItemPage"],"@id":"https:\/\/www.sophy.ch\/item\/stunning-natural-green-sapphire-pendant-5mm\/","url":"https:\/\/www.sophy.ch\/item\/stunning-natural-green-sapphire-pendant-5mm\/","name":"Atemberaubender nat\u00fcrlicher gr\u00fcner Saphir-Anh\u00e4nger, 5 mm \u2013 Bester Preis bei Sophy Jewellery","isPartOf":{"@id":"https:\/\/www.sophy.ch\/#website"},"primaryImageOfPage":{"@id":"https:\/\/www.sophy.ch\/item\/stunning-natural-green-sapphire-pendant-5mm\/#primaryimage"},"image":{"@id":"https:\/\/www.sophy.ch\/item\/stunning-natural-green-sapphire-pendant-5mm\/#primaryimage"},"thumbnailUrl":"https:\/\/www.sophy.ch\/web\/wp-content\/uploads\/2021\/07\/Sophy-Geneva-green-sapphire-round-cut-solitaire-white-18k-Gold-Basket-pendant-5mm.jpg","datePublished":"2021-07-05T21:44:37+00:00","dateModified":"2023-09-14T08:22:17+00:00","description":"Glamour\u00f6ser ikonischer Edelschmuck und Uhren. Entdecken Sie unsere fabelhaften Kollektionen mit der M\u00f6glichkeit zum virtuellen Anprobieren.","breadcrumb":{"@id":"https:\/\/www.sophy.ch\/item\/stunning-natural-green-sapphire-pendant-5mm\/#breadcrumb"},"inLanguage":"de-CH","potentialAction":[{"@type":"ReadAction","target":["https:\/\/www.sophy.ch\/item\/stunning-natural-green-sapphire-pendant-5mm\/"]}]},{"@type":"ImageObject","inLanguage":"de-CH","@id":"https:\/\/www.sophy.ch\/item\/stunning-natural-green-sapphire-pendant-5mm\/#primaryimage","url":"https:\/\/www.sophy.ch\/web\/wp-content\/uploads\/2021\/07\/Sophy-Geneva-green-sapphire-round-cut-solitaire-white-18k-Gold-Basket-pendant-5mm.jpg","contentUrl":"https:\/\/www.sophy.ch\/web\/wp-content\/uploads\/2021\/07\/Sophy-Geneva-green-sapphire-round-cut-solitaire-white-18k-Gold-Basket-pendant-5mm.jpg","width":666,"height":666},{"@type":"BreadcrumbList","@id":"https:\/\/www.sophy.ch\/item\/stunning-natural-green-sapphire-pendant-5mm\/#breadcrumb","itemListElement":[{"@type":"ListItem","position":1,"name":"Home","item":"https:\/\/www.sophy.ch\/"},{"@type":"ListItem","position":2,"name":"Shop","item":"https:\/\/www.sophy.ch\/shop\/"},{"@type":"ListItem","position":3,"name":"Women Jewelry","item":"https:\/\/www.sophy.ch\/products\/women-jewelry\/"},{"@type":"ListItem","position":4,"name":"Pendants","item":"https:\/\/www.sophy.ch\/products\/women-jewelry\/pendants\/"},{"@type":"ListItem","position":5,"name":"Stunning natural green Sapphire pendant 5mm"}]},{"@type":"WebSite","@id":"https:\/\/www.sophy.ch\/#website","url":"https:\/\/www.sophy.ch\/","name":"Sophie Jewelry Geneva | Online Store","description":"Swiss Store for Gold, Diamonds &amp; Gems | Best Prices","publisher":{"@id":"https:\/\/www.sophy.ch\/#organization"},"alternateName":"Sophy Jewelry","potentialAction":[{"@type":"SearchAction","target":{"@type":"EntryPoint","urlTemplate":"https:\/\/www.sophy.ch\/?s={search_term_string}"},"query-input":{"@type":"PropertyValueSpecification","valueRequired":true,"valueName":"search_term_string"}}],"inLanguage":"de-CH"},{"@type":"Organization","@id":"https:\/\/www.sophy.ch\/#organization","name":"Sophie Geneva Schmuck","alternateName":"Sophy Jewelry","url":"https:\/\/www.sophy.ch\/","logo":{"@type":"ImageObject","inLanguage":"de-CH","@id":"https:\/\/www.sophy.ch\/#\/schema\/logo\/image\/","url":"https:\/\/www.sophy.ch\/web\/wp-content\/uploads\/2021\/06\/sophy-geneva-logo-small-400.png","contentUrl":"https:\/\/www.sophy.ch\/web\/wp-content\/uploads\/2021\/06\/sophy-geneva-logo-small-400.png","width":408,"height":408,"caption":"Sophy Geneva Jewellery"},"image":{"@id":"https:\/\/www.sophy.ch\/#\/schema\/logo\/image\/"},"sameAs":["https:\/\/facebook.com\/sophygeneva","https:\/\/x.com\/sophygeneva","https:\/\/instagram.com\/sophygeneva","https:\/\/pinterest.com\/sophygeneva","https:\/\/www.youtube.com\/sophygeneva","https:\/\/www.tiktok.com\/@sophygeneva"],"hasMerchantReturnPolicy":{"@type":"MerchantReturnPolicy","merchantReturnLink":"https:\/\/www.sophy.ch\/de\/returns-and-guarantee\/"}}]},"product_brand":"Fine Jewellery by Sophy Geneva","product_price_amount":"495.00","product_price_currency":"CHF","og_availability":"instock","product_availability":"instock","product_retailer_item_id":"PA23774.3W18SG","product_condition":"new"},"_links":{"self":[{"href":"https:\/\/www.sophy.ch\/de\/wp-json\/wp\/v2\/product\/3887","targetHints":{"allow":["GET"]}}],"collection":[{"href":"https:\/\/www.sophy.ch\/de\/wp-json\/wp\/v2\/product"}],"about":[{"href":"https:\/\/www.sophy.ch\/de\/wp-json\/wp\/v2\/types\/product"}],"version-history":[{"count":0,"href":"https:\/\/www.sophy.ch\/de\/wp-json\/wp\/v2\/product\/3887\/revisions"}],"wp:featuredmedia":[{"embeddable":true,"href":"https:\/\/www.sophy.ch\/de\/wp-json\/wp\/v2\/media\/3883"}],"wp:attachment":[{"href":"https:\/\/www.sophy.ch\/de\/wp-json\/wp\/v2\/media?parent=3887"}],"wp:term":[{"taxonomy":"product_brand","embeddable":true,"href":"https:\/\/www.sophy.ch\/de\/wp-json\/wp\/v2\/product_brand?post=3887"},{"taxonomy":"product_cat","embeddable":true,"href":"https:\/\/www.sophy.ch\/de\/wp-json\/wp\/v2\/product_cat?post=3887"},{"taxonomy":"product_tag","embeddable":true,"href":"https:\/\/www.sophy.ch\/de\/wp-json\/wp\/v2\/product_tag?post=3887"}],"curies":[{"name":"wp","href":"https:\/\/api.w.org\/{rel}","templated":true}]}}