{"id":29224,"date":"2024-12-19T05:23:32","date_gmt":"2024-12-19T04:23:32","guid":{"rendered":"https:\/\/www.sophy.ch\/?post_type=product&#038;p=29224"},"modified":"2024-12-19T14:42:24","modified_gmt":"2024-12-19T13:42:24","slug":"curb-bracelet-cut-yellow-gold-750-approx-14-0mm-22cm","status":"publish","type":"product","link":"https:\/\/www.sophy.ch\/de\/item\/curb-bracelet-cut-yellow-gold-750-approx-14-0mm-22cm\/","title":{"rendered":"Panzerarmband Schliff Gelbgold 750 ca. 14,0mm 22cm"},"content":{"rendered":"","protected":false},"excerpt":{"rendered":"","protected":false},"featured_media":10430,"template":"","meta":[],"product_brand":[],"product_cat":[270],"product_tag":[48,2081,2131],"class_list":{"0":"post-29224","1":"product","2":"type-product","3":"status-publish","4":"has-post-thumbnail","6":"product_cat-bracelets","7":"product_tag-18k-gold-jewellery","8":"product_tag-bracelet","9":"product_tag-franco-chain","10":"pa_brand-fine-jewellery-by-sophy-geneva","11":"pa_color-yellow","12":"pa_gold-color-yellow-gold","13":"pa_jewellery-art-bracelets","14":"pa_made-for-ladies","16":"first","17":"outofstock","18":"purchasable","19":"product-type-simple"},"yoast_head":"<!-- This site is optimized with the Yoast SEO Premium plugin v26.9 (Yoast SEO v27.1.1) - https:\/\/yoast.com\/product\/yoast-seo-premium-wordpress\/ -->\n<title>Curb Bracelet Cut Yellow Gold 750 approx. 14.0mm 22cm - Best Price at Sophy Jewellery<\/title>\n<meta name=\"description\" content=\"Sophy Geneva presents you its Iconic, Glamorous Fine jewelry &amp; watches. Discover our fabulous collections, with a possibility to Virtually try on. Let&#039;s shine with the Best Price!\" \/>\n<meta name=\"robots\" content=\"index, follow, max-snippet:-1, max-image-preview:large, max-video-preview:-1\" \/>\n<link rel=\"canonical\" href=\"https:\/\/www.sophy.ch\/de\/item\/curb-bracelet-cut-yellow-gold-750-approx-14-0mm-22cm\/\" \/>\n<meta property=\"og:locale\" content=\"de_DE\" \/>\n<meta property=\"og:type\" content=\"article\" \/>\n<meta property=\"og:title\" content=\"Curb Bracelet Cut Yellow Gold 750 approx. 14.0mm 22cm - Sophie Jewelry Geneva | Online Store\" \/>\n<meta property=\"og:description\" content=\"Best Price Be Wise | Sophy Geneva presents you its Iconic, Glamorous Fine jewelry &amp; watches. Discover our fabulous collections, with a possibility to Virtually try on. Let&#039;s shine\" \/>\n<meta property=\"og:url\" content=\"https:\/\/www.sophy.ch\/de\/item\/curb-bracelet-cut-yellow-gold-750-approx-14-0mm-22cm\/\" \/>\n<meta property=\"og:site_name\" content=\"Sophie Jewelry Geneva | Online Store\" \/>\n<meta property=\"article:publisher\" content=\"https:\/\/facebook.com\/sophygeneva\" \/>\n<meta property=\"article:modified_time\" content=\"2024-12-19T13:42:24+00:00\" \/>\n<meta property=\"og:image\" content=\"https:\/\/www.sophy.ch\/web\/wp-content\/uploads\/2021\/11\/BPA102622-scaled.jpg\" \/>\n\t<meta property=\"og:image:width\" content=\"2560\" \/>\n\t<meta property=\"og:image:height\" content=\"431\" \/>\n\t<meta property=\"og:image:type\" content=\"image\/jpeg\" \/>\n<meta name=\"twitter:card\" content=\"summary_large_image\" \/>\n<meta name=\"twitter:site\" content=\"@sophygeneva\" \/>\n<meta name=\"twitter:label1\" content=\"Price\" \/>\n\t<meta name=\"twitter:data1\" content=\"&#067;&#072;&#070;&nbsp;17,572\" \/>\n\t<meta name=\"twitter:label2\" content=\"Availability\" \/>\n\t<meta name=\"twitter:data2\" content=\"Out of stock\" \/>\n<script type=\"application\/ld+json\" class=\"yoast-schema-graph\">{\"@context\":\"https:\/\/schema.org\",\"@graph\":[{\"@type\":[\"WebPage\",\"ItemPage\"],\"@id\":\"https:\/\/www.sophy.ch\/item\/curb-bracelet-cut-yellow-gold-750-approx-14-0mm-22cm\/\",\"url\":\"https:\/\/www.sophy.ch\/item\/curb-bracelet-cut-yellow-gold-750-approx-14-0mm-22cm\/\",\"name\":\"Curb Bracelet Cut Yellow Gold 750 approx. 14.0mm 22cm - Best Price at Sophy Jewellery\",\"isPartOf\":{\"@id\":\"https:\/\/www.sophy.ch\/#website\"},\"primaryImageOfPage\":{\"@id\":\"https:\/\/www.sophy.ch\/item\/curb-bracelet-cut-yellow-gold-750-approx-14-0mm-22cm\/#primaryimage\"},\"image\":{\"@id\":\"https:\/\/www.sophy.ch\/item\/curb-bracelet-cut-yellow-gold-750-approx-14-0mm-22cm\/#primaryimage\"},\"thumbnailUrl\":\"https:\/\/www.sophy.ch\/web\/wp-content\/uploads\/2021\/11\/BPA102622-scaled.jpg\",\"datePublished\":\"2024-12-19T04:23:32+00:00\",\"dateModified\":\"2024-12-19T13:42:24+00:00\",\"description\":\"Sophy Geneva presents you its Iconic, Glamorous Fine jewelry & watches. Discover our fabulous collections, with a possibility to Virtually try on. Let's shine with the Best Price!\",\"breadcrumb\":{\"@id\":\"https:\/\/www.sophy.ch\/item\/curb-bracelet-cut-yellow-gold-750-approx-14-0mm-22cm\/#breadcrumb\"},\"inLanguage\":\"de-CH\",\"potentialAction\":[{\"@type\":\"ReadAction\",\"target\":[\"https:\/\/www.sophy.ch\/item\/curb-bracelet-cut-yellow-gold-750-approx-14-0mm-22cm\/\"]}]},{\"@type\":\"ImageObject\",\"inLanguage\":\"de-CH\",\"@id\":\"https:\/\/www.sophy.ch\/item\/curb-bracelet-cut-yellow-gold-750-approx-14-0mm-22cm\/#primaryimage\",\"url\":\"https:\/\/www.sophy.ch\/web\/wp-content\/uploads\/2021\/11\/BPA102622-scaled.jpg\",\"contentUrl\":\"https:\/\/www.sophy.ch\/web\/wp-content\/uploads\/2021\/11\/BPA102622-scaled.jpg\",\"width\":2560,\"height\":431},{\"@type\":\"BreadcrumbList\",\"@id\":\"https:\/\/www.sophy.ch\/item\/curb-bracelet-cut-yellow-gold-750-approx-14-0mm-22cm\/#breadcrumb\",\"itemListElement\":[{\"@type\":\"ListItem\",\"position\":1,\"name\":\"Home\",\"item\":\"https:\/\/www.sophy.ch\/\"},{\"@type\":\"ListItem\",\"position\":2,\"name\":\"Shop\",\"item\":\"https:\/\/www.sophy.ch\/shop\/\"},{\"@type\":\"ListItem\",\"position\":3,\"name\":\"Women Jewelry\",\"item\":\"https:\/\/www.sophy.ch\/products\/women-jewelry\/\"},{\"@type\":\"ListItem\",\"position\":4,\"name\":\"Bracelets\",\"item\":\"https:\/\/www.sophy.ch\/products\/women-jewelry\/bracelets\/\"},{\"@type\":\"ListItem\",\"position\":5,\"name\":\"Curb Bracelet Cut Yellow Gold 750 approx. 14.0mm 22cm\"}]},{\"@type\":\"WebSite\",\"@id\":\"https:\/\/www.sophy.ch\/#website\",\"url\":\"https:\/\/www.sophy.ch\/\",\"name\":\"Sophie Jewelry Geneva | Online Store\",\"description\":\"Swiss Store for Gold, Diamonds &amp; Gems | Best Prices\",\"publisher\":{\"@id\":\"https:\/\/www.sophy.ch\/#organization\"},\"alternateName\":\"Sophy Jewelry\",\"potentialAction\":[{\"@type\":\"SearchAction\",\"target\":{\"@type\":\"EntryPoint\",\"urlTemplate\":\"https:\/\/www.sophy.ch\/?s={search_term_string}\"},\"query-input\":{\"@type\":\"PropertyValueSpecification\",\"valueRequired\":true,\"valueName\":\"search_term_string\"}}],\"inLanguage\":\"de-CH\"},{\"@type\":\"Organization\",\"@id\":\"https:\/\/www.sophy.ch\/#organization\",\"name\":\"Sophy Geneva Jewellery\",\"alternateName\":\"Sophy Jewelry\",\"url\":\"https:\/\/www.sophy.ch\/\",\"logo\":{\"@type\":\"ImageObject\",\"inLanguage\":\"de-CH\",\"@id\":\"https:\/\/www.sophy.ch\/#\/schema\/logo\/image\/\",\"url\":\"https:\/\/www.sophy.ch\/web\/wp-content\/uploads\/2021\/06\/sophy-geneva-logo-small-400.png\",\"contentUrl\":\"https:\/\/www.sophy.ch\/web\/wp-content\/uploads\/2021\/06\/sophy-geneva-logo-small-400.png\",\"width\":408,\"height\":408,\"caption\":\"Sophy Geneva Jewellery\"},\"image\":{\"@id\":\"https:\/\/www.sophy.ch\/#\/schema\/logo\/image\/\"},\"sameAs\":[\"https:\/\/facebook.com\/sophygeneva\",\"https:\/\/x.com\/sophygeneva\",\"https:\/\/instagram.com\/sophygeneva\",\"https:\/\/pinterest.com\/sophygeneva\",\"https:\/\/www.youtube.com\/sophygeneva\",\"https:\/\/www.tiktok.com\/@sophygeneva\"],\"hasMerchantReturnPolicy\":{\"@type\":\"MerchantReturnPolicy\",\"merchantReturnLink\":\"https:\/\/www.sophy.ch\/de\/returns-and-guarantee\/\"}}]}<\/script>\n<meta property=\"product:price:amount\" content=\"17572.00\" \/>\n<meta property=\"product:price:currency\" content=\"CHF\" \/>\n<meta property=\"og:availability\" content=\"out of stock\" \/>\n<meta property=\"product:availability\" content=\"out of stock\" \/>\n<meta property=\"product:retailer_item_id\" content=\"BPA102622\" \/>\n<meta property=\"product:condition\" content=\"new\" \/>\n<!-- \/ Yoast SEO Premium plugin. -->","yoast_head_json":{"title":"Panzerarmband Schliff Gelbgold 750 ca. 14,0mm 22cm - Bester Preis bei Sophy Schmuck","description":"Sophy Geneva pr\u00e4sentiert Ihnen seinen ikonischen, glamour\u00f6sen Schmuck und seine Uhren. Entdecken Sie unsere fabelhaften Kollektionen mit der M\u00f6glichkeit, sie virtuell anzuprobieren. Lassen Sie uns mit dem besten Preis gl\u00e4nzen!","robots":{"index":"index","follow":"follow","max-snippet":"max-snippet:-1","max-image-preview":"max-image-preview:large","max-video-preview":"max-video-preview:-1"},"canonical":"https:\/\/www.sophy.ch\/de\/item\/curb-bracelet-cut-yellow-gold-750-approx-14-0mm-22cm\/","og_locale":"de_DE","og_type":"article","og_title":"Curb Bracelet Cut Yellow Gold 750 approx. 14.0mm 22cm - Sophie Jewelry Geneva | Online Store","og_description":"Best Price Be Wise | Sophy Geneva presents you its Iconic, Glamorous Fine jewelry & watches. Discover our fabulous collections, with a possibility to Virtually try on. Let's shine","og_url":"https:\/\/www.sophy.ch\/de\/item\/curb-bracelet-cut-yellow-gold-750-approx-14-0mm-22cm\/","og_site_name":"Sophie Jewelry Geneva | Online Store","article_publisher":"https:\/\/facebook.com\/sophygeneva","article_modified_time":"2024-12-19T13:42:24+00:00","og_image":[{"width":2560,"height":431,"url":"https:\/\/www.sophy.ch\/web\/wp-content\/uploads\/2021\/11\/BPA102622-scaled.jpg","type":"image\/jpeg"}],"twitter_card":"summary_large_image","twitter_site":"@sophygeneva","twitter_misc":{"Price":"&#67;&#72;&#70;&nbsp;17,572","Availability":"Out of stock"},"schema":{"@context":"https:\/\/schema.org","@graph":[{"@type":["WebPage","ItemPage"],"@id":"https:\/\/www.sophy.ch\/item\/curb-bracelet-cut-yellow-gold-750-approx-14-0mm-22cm\/","url":"https:\/\/www.sophy.ch\/item\/curb-bracelet-cut-yellow-gold-750-approx-14-0mm-22cm\/","name":"Panzerarmband Schliff Gelbgold 750 ca. 14,0mm 22cm - Bester Preis bei Sophy Schmuck","isPartOf":{"@id":"https:\/\/www.sophy.ch\/#website"},"primaryImageOfPage":{"@id":"https:\/\/www.sophy.ch\/item\/curb-bracelet-cut-yellow-gold-750-approx-14-0mm-22cm\/#primaryimage"},"image":{"@id":"https:\/\/www.sophy.ch\/item\/curb-bracelet-cut-yellow-gold-750-approx-14-0mm-22cm\/#primaryimage"},"thumbnailUrl":"https:\/\/www.sophy.ch\/web\/wp-content\/uploads\/2021\/11\/BPA102622-scaled.jpg","datePublished":"2024-12-19T04:23:32+00:00","dateModified":"2024-12-19T13:42:24+00:00","description":"Sophy Geneva pr\u00e4sentiert Ihnen seinen ikonischen, glamour\u00f6sen Schmuck und seine Uhren. Entdecken Sie unsere fabelhaften Kollektionen mit der M\u00f6glichkeit, sie virtuell anzuprobieren. Lassen Sie uns mit dem besten Preis gl\u00e4nzen!","breadcrumb":{"@id":"https:\/\/www.sophy.ch\/item\/curb-bracelet-cut-yellow-gold-750-approx-14-0mm-22cm\/#breadcrumb"},"inLanguage":"de-CH","potentialAction":[{"@type":"ReadAction","target":["https:\/\/www.sophy.ch\/item\/curb-bracelet-cut-yellow-gold-750-approx-14-0mm-22cm\/"]}]},{"@type":"ImageObject","inLanguage":"de-CH","@id":"https:\/\/www.sophy.ch\/item\/curb-bracelet-cut-yellow-gold-750-approx-14-0mm-22cm\/#primaryimage","url":"https:\/\/www.sophy.ch\/web\/wp-content\/uploads\/2021\/11\/BPA102622-scaled.jpg","contentUrl":"https:\/\/www.sophy.ch\/web\/wp-content\/uploads\/2021\/11\/BPA102622-scaled.jpg","width":2560,"height":431},{"@type":"BreadcrumbList","@id":"https:\/\/www.sophy.ch\/item\/curb-bracelet-cut-yellow-gold-750-approx-14-0mm-22cm\/#breadcrumb","itemListElement":[{"@type":"ListItem","position":1,"name":"Home","item":"https:\/\/www.sophy.ch\/"},{"@type":"ListItem","position":2,"name":"Shop","item":"https:\/\/www.sophy.ch\/shop\/"},{"@type":"ListItem","position":3,"name":"Women Jewelry","item":"https:\/\/www.sophy.ch\/products\/women-jewelry\/"},{"@type":"ListItem","position":4,"name":"Bracelets","item":"https:\/\/www.sophy.ch\/products\/women-jewelry\/bracelets\/"},{"@type":"ListItem","position":5,"name":"Curb Bracelet Cut Yellow Gold 750 approx. 14.0mm 22cm"}]},{"@type":"WebSite","@id":"https:\/\/www.sophy.ch\/#website","url":"https:\/\/www.sophy.ch\/","name":"Sophie Jewelry Geneva | Online Store","description":"Swiss Store for Gold, Diamonds &amp; Gems | Best Prices","publisher":{"@id":"https:\/\/www.sophy.ch\/#organization"},"alternateName":"Sophy Jewelry","potentialAction":[{"@type":"SearchAction","target":{"@type":"EntryPoint","urlTemplate":"https:\/\/www.sophy.ch\/?s={search_term_string}"},"query-input":{"@type":"PropertyValueSpecification","valueRequired":true,"valueName":"search_term_string"}}],"inLanguage":"de-CH"},{"@type":"Organization","@id":"https:\/\/www.sophy.ch\/#organization","name":"Sophie Geneva Schmuck","alternateName":"Sophy Jewelry","url":"https:\/\/www.sophy.ch\/","logo":{"@type":"ImageObject","inLanguage":"de-CH","@id":"https:\/\/www.sophy.ch\/#\/schema\/logo\/image\/","url":"https:\/\/www.sophy.ch\/web\/wp-content\/uploads\/2021\/06\/sophy-geneva-logo-small-400.png","contentUrl":"https:\/\/www.sophy.ch\/web\/wp-content\/uploads\/2021\/06\/sophy-geneva-logo-small-400.png","width":408,"height":408,"caption":"Sophy Geneva Jewellery"},"image":{"@id":"https:\/\/www.sophy.ch\/#\/schema\/logo\/image\/"},"sameAs":["https:\/\/facebook.com\/sophygeneva","https:\/\/x.com\/sophygeneva","https:\/\/instagram.com\/sophygeneva","https:\/\/pinterest.com\/sophygeneva","https:\/\/www.youtube.com\/sophygeneva","https:\/\/www.tiktok.com\/@sophygeneva"],"hasMerchantReturnPolicy":{"@type":"MerchantReturnPolicy","merchantReturnLink":"https:\/\/www.sophy.ch\/de\/returns-and-guarantee\/"}}]},"product_price_amount":"17572.00","product_price_currency":"CHF","og_availability":"out of stock","product_availability":"out of stock","product_retailer_item_id":"BPA102622","product_condition":"new"},"_links":{"self":[{"href":"https:\/\/www.sophy.ch\/de\/wp-json\/wp\/v2\/product\/29224","targetHints":{"allow":["GET"]}}],"collection":[{"href":"https:\/\/www.sophy.ch\/de\/wp-json\/wp\/v2\/product"}],"about":[{"href":"https:\/\/www.sophy.ch\/de\/wp-json\/wp\/v2\/types\/product"}],"version-history":[{"count":0,"href":"https:\/\/www.sophy.ch\/de\/wp-json\/wp\/v2\/product\/29224\/revisions"}],"wp:featuredmedia":[{"embeddable":true,"href":"https:\/\/www.sophy.ch\/de\/wp-json\/wp\/v2\/media\/10430"}],"wp:attachment":[{"href":"https:\/\/www.sophy.ch\/de\/wp-json\/wp\/v2\/media?parent=29224"}],"wp:term":[{"taxonomy":"product_brand","embeddable":true,"href":"https:\/\/www.sophy.ch\/de\/wp-json\/wp\/v2\/product_brand?post=29224"},{"taxonomy":"product_cat","embeddable":true,"href":"https:\/\/www.sophy.ch\/de\/wp-json\/wp\/v2\/product_cat?post=29224"},{"taxonomy":"product_tag","embeddable":true,"href":"https:\/\/www.sophy.ch\/de\/wp-json\/wp\/v2\/product_tag?post=29224"}],"curies":[{"name":"wp","href":"https:\/\/api.w.org\/{rel}","templated":true}]}}