{"id":29110,"date":"2024-11-30T00:33:27","date_gmt":"2024-11-29T23:33:27","guid":{"rendered":"https:\/\/www.sophy.ch\/?post_type=product&#038;p=29110"},"modified":"2024-11-30T00:54:08","modified_gmt":"2024-11-29T23:54:08","slug":"sophisticated-marquise-cut-diamond-earrings-in-18k-white-gold","status":"publish","type":"product","link":"https:\/\/www.sophy.ch\/de\/item\/sophisticated-marquise-cut-diamond-earrings-in-18k-white-gold\/","title":{"rendered":"Anspruchsvolle Diamantohrringe im Marquiseschliff aus 18 Karat Wei\u00dfgold"},"content":{"rendered":"<div class=\"flex max-w-full flex-col flex-grow\">\n<div class=\"min-h-8 text-message flex w-full flex-col items-end gap-2 whitespace-normal break-words [.text-message+&amp;]:mt-5\" dir=\"auto\" data-message-author-role=\"assistant\" data-message-id=\"7244b3f6-2958-4659-b434-911d7b7f40e4\" data-message-model-slug=\"gpt-4o\">\n<div class=\"flex w-full flex-col gap-1 empty:hidden first:pt-[3px]\">\n<div class=\"markdown prose w-full break-words dark:prose-invert dark\">\n<p>These elegant earrings feature 6 marquise diamonds (0.54ct) and 8 pear-shaped diamonds (1.61ct), all H\/SI quality, set in luxurious 18K white gold. A timeless design blending brilliance and sophistication, perfect for any occasion.<\/p>\n<\/div>\n<\/div>\n<\/div>\n<\/div>\n<p>Presented with a certificate of authenticity, it\u2019s a piece to cherish forever.<\/p>\n<p>&nbsp;<\/p>\n<p><strong>Dancing Marquise Set<\/strong><\/p>\n<p>The Dancing Marquise Set features a stunning trio of 18K white gold creations: an elegant bracelet adorned with 44 brilliant-cut diamonds (1.21ct), a sophisticated ring with two marquise diamonds (0.38ct), and dazzling drop earrings with six marquise diamonds (0.54ct). A perfect blend of timeless beauty and modern elegance.<img decoding=\"async\" class=\"alignnone size-medium wp-image-29105\" src=\"https:\/\/www.sophy.ch\/web\/wp-content\/uploads\/2024\/11\/Marquise-Sophy-Geneva-diamond-collection-300x183.jpg\" alt=\"\" width=\"300\" height=\"183\" srcset=\"https:\/\/www.sophy.ch\/web\/wp-content\/uploads\/2024\/11\/Marquise-Sophy-Geneva-diamond-collection-300x183.jpg 300w, https:\/\/www.sophy.ch\/web\/wp-content\/uploads\/2024\/11\/Marquise-Sophy-Geneva-diamond-collection-150x91.jpg 150w, https:\/\/www.sophy.ch\/web\/wp-content\/uploads\/2024\/11\/Marquise-Sophy-Geneva-diamond-collection-1200x730.jpg 1200w, https:\/\/www.sophy.ch\/web\/wp-content\/uploads\/2024\/11\/Marquise-Sophy-Geneva-diamond-collection-1024x623.jpg 1024w, https:\/\/www.sophy.ch\/web\/wp-content\/uploads\/2024\/11\/Marquise-Sophy-Geneva-diamond-collection-768x467.jpg 768w, https:\/\/www.sophy.ch\/web\/wp-content\/uploads\/2024\/11\/Marquise-Sophy-Geneva-diamond-collection-18x12.jpg 18w, https:\/\/www.sophy.ch\/web\/wp-content\/uploads\/2024\/11\/Marquise-Sophy-Geneva-diamond-collection.jpg 1426w\" sizes=\"(max-width: 300px) 100vw, 300px\" \/><\/p>\n","protected":false},"excerpt":{"rendered":"<p>Diese atemberaubenden Tropfenohrringe sind mit sechs Marquise-Diamanten (0,54 Karat, H\/SI) besetzt, einem zeitlosen Symbol f\u00fcr Anmut und Stil, und acht birnenf\u00f6rmigen Diamanten (1,61 Karat), eingefasst in 18 Karat Wei\u00dfgold, und bieten eine zeitlose Mischung aus Brillanz, Eleganz und ethischer Handwerkskunst.<\/p>\n<div class=\"mb-2 flex gap-3 empty:hidden -ml-2\">\n<div class=\"items-center justify-start rounded-xl p-1 flex\">\n<div class=\"flex items-center\">\n<div class=\"flex\"><\/div>\n<div class=\"flex items-center pb-0\"><\/div>\n<\/div>\n<\/div>\n<\/div>","protected":false},"featured_media":29106,"template":"","meta":[],"product_brand":[],"product_cat":[2070,272,464,263],"product_tag":[2066,2065,2067,386],"class_list":{"0":"post-29110","1":"product","2":"type-product","3":"status-publish","4":"has-post-thumbnail","6":"product_cat-diamond-earring","7":"product_cat-earrings","8":"product_cat-sets","9":"product_cat-women-jewelry","10":"product_tag-dancing-marquise-set","11":"product_tag-marquise-cut-diamond","12":"product_tag-princess-cut-diamond","13":"product_tag-white-diamond","14":"pa_color-white-gold","15":"pa_diamond-carat-0-54ct","16":"pa_diamond-carat-1-61ct","17":"pa_diamond-shape-marquise-cut-brilliant","18":"pa_diamond-shape-princess-cut-brilliant","19":"pa_guarantee-12-months","20":"pa_jewellery-art-earrings","21":"pa_product-brand-fine-jewellery-by-sophy-geneva","22":"pa_supplier-wassner","24":"first","25":"instock","26":"taxable","27":"shipping-taxable","28":"purchasable","29":"product-type-simple"},"yoast_head":"<!-- This site is optimized with the Yoast SEO Premium plugin v26.9 (Yoast SEO v27.1.1) - https:\/\/yoast.com\/product\/yoast-seo-premium-wordpress\/ -->\n<title>Sophisticated Marquise-Cut Diamond Earrings in 18K White Gold - Best Price at Sophy Jewellery<\/title>\n<meta name=\"description\" content=\"Sophy Geneva presents you its Iconic, Glamorous Fine jewelry &amp; watches. Discover our fabulous collections, with a possibility to Virtually try on. Let&#039;s shine with the Best Price!\" \/>\n<meta name=\"robots\" content=\"index, follow, max-snippet:-1, max-image-preview:large, max-video-preview:-1\" \/>\n<link rel=\"canonical\" href=\"https:\/\/www.sophy.ch\/de\/item\/sophisticated-marquise-cut-diamond-earrings-in-18k-white-gold\/\" \/>\n<meta property=\"og:locale\" content=\"de_DE\" \/>\n<meta property=\"og:type\" content=\"article\" \/>\n<meta property=\"og:title\" content=\"Sophisticated Marquise-Cut Diamond Earrings in 18K White Gold - Sophie Jewelry Geneva | Online Store\" \/>\n<meta property=\"og:description\" content=\"Best Price Be Wise | Sophy Geneva presents you its Iconic, Glamorous Fine jewelry &amp; watches. Discover our fabulous collections, with a possibility to Virtually try on. Let&#039;s shine\" \/>\n<meta property=\"og:url\" content=\"https:\/\/www.sophy.ch\/de\/item\/sophisticated-marquise-cut-diamond-earrings-in-18k-white-gold\/\" \/>\n<meta property=\"og:site_name\" content=\"Sophie Jewelry Geneva | Online Store\" \/>\n<meta property=\"article:publisher\" content=\"https:\/\/facebook.com\/sophygeneva\" \/>\n<meta property=\"article:modified_time\" content=\"2024-11-29T23:54:08+00:00\" \/>\n<meta property=\"og:image\" content=\"https:\/\/www.sophy.ch\/web\/wp-content\/uploads\/2024\/11\/OBR2193SG-Sophy-Geneva-diamond-collection.jpg\" \/>\n\t<meta property=\"og:image:width\" content=\"731\" \/>\n\t<meta property=\"og:image:height\" content=\"792\" \/>\n\t<meta property=\"og:image:type\" content=\"image\/jpeg\" \/>\n<meta name=\"twitter:card\" content=\"summary_large_image\" \/>\n<meta name=\"twitter:site\" content=\"@sophygeneva\" \/>\n<meta name=\"twitter:label1\" content=\"Price\" \/>\n\t<meta name=\"twitter:data1\" content=\"&#067;&#072;&#070;&nbsp;9,450 Excl. VAT\" \/>\n\t<meta name=\"twitter:label2\" content=\"Availability\" \/>\n\t<meta name=\"twitter:data2\" content=\"In stock\" \/>\n<script type=\"application\/ld+json\" class=\"yoast-schema-graph\">{\"@context\":\"https:\/\/schema.org\",\"@graph\":[{\"@type\":[\"WebPage\",\"ItemPage\"],\"@id\":\"https:\/\/www.sophy.ch\/item\/sophisticated-marquise-cut-diamond-earrings-in-18k-white-gold\/\",\"url\":\"https:\/\/www.sophy.ch\/item\/sophisticated-marquise-cut-diamond-earrings-in-18k-white-gold\/\",\"name\":\"Sophisticated Marquise-Cut Diamond Earrings in 18K White Gold - Best Price at Sophy Jewellery\",\"isPartOf\":{\"@id\":\"https:\/\/www.sophy.ch\/#website\"},\"primaryImageOfPage\":{\"@id\":\"https:\/\/www.sophy.ch\/item\/sophisticated-marquise-cut-diamond-earrings-in-18k-white-gold\/#primaryimage\"},\"image\":{\"@id\":\"https:\/\/www.sophy.ch\/item\/sophisticated-marquise-cut-diamond-earrings-in-18k-white-gold\/#primaryimage\"},\"thumbnailUrl\":\"https:\/\/www.sophy.ch\/web\/wp-content\/uploads\/2024\/11\/OBR2193SG-Sophy-Geneva-diamond-collection.jpg\",\"datePublished\":\"2024-11-29T23:33:27+00:00\",\"dateModified\":\"2024-11-29T23:54:08+00:00\",\"description\":\"Sophy Geneva presents you its Iconic, Glamorous Fine jewelry & watches. Discover our fabulous collections, with a possibility to Virtually try on. Let's shine with the Best Price!\",\"breadcrumb\":{\"@id\":\"https:\/\/www.sophy.ch\/item\/sophisticated-marquise-cut-diamond-earrings-in-18k-white-gold\/#breadcrumb\"},\"inLanguage\":\"de-CH\",\"potentialAction\":[{\"@type\":\"ReadAction\",\"target\":[\"https:\/\/www.sophy.ch\/item\/sophisticated-marquise-cut-diamond-earrings-in-18k-white-gold\/\"]}]},{\"@type\":\"ImageObject\",\"inLanguage\":\"de-CH\",\"@id\":\"https:\/\/www.sophy.ch\/item\/sophisticated-marquise-cut-diamond-earrings-in-18k-white-gold\/#primaryimage\",\"url\":\"https:\/\/www.sophy.ch\/web\/wp-content\/uploads\/2024\/11\/OBR2193SG-Sophy-Geneva-diamond-collection.jpg\",\"contentUrl\":\"https:\/\/www.sophy.ch\/web\/wp-content\/uploads\/2024\/11\/OBR2193SG-Sophy-Geneva-diamond-collection.jpg\",\"width\":731,\"height\":792},{\"@type\":\"BreadcrumbList\",\"@id\":\"https:\/\/www.sophy.ch\/item\/sophisticated-marquise-cut-diamond-earrings-in-18k-white-gold\/#breadcrumb\",\"itemListElement\":[{\"@type\":\"ListItem\",\"position\":1,\"name\":\"Home\",\"item\":\"https:\/\/www.sophy.ch\/\"},{\"@type\":\"ListItem\",\"position\":2,\"name\":\"Shop\",\"item\":\"https:\/\/www.sophy.ch\/shop\/\"},{\"@type\":\"ListItem\",\"position\":3,\"name\":\"Women Jewelry\",\"item\":\"https:\/\/www.sophy.ch\/products\/women-jewelry\/\"},{\"@type\":\"ListItem\",\"position\":4,\"name\":\"Earrings\",\"item\":\"https:\/\/www.sophy.ch\/products\/women-jewelry\/earrings\/\"},{\"@type\":\"ListItem\",\"position\":5,\"name\":\"Diamond Earring\",\"item\":\"https:\/\/www.sophy.ch\/products\/women-jewelry\/earrings\/diamond-earring\/\"},{\"@type\":\"ListItem\",\"position\":6,\"name\":\"Sophisticated Marquise-Cut Diamond Earrings in 18K White Gold\"}]},{\"@type\":\"WebSite\",\"@id\":\"https:\/\/www.sophy.ch\/#website\",\"url\":\"https:\/\/www.sophy.ch\/\",\"name\":\"Sophie Jewelry Geneva | Online Store\",\"description\":\"Swiss Store for Gold, Diamonds &amp; Gems | Best Prices\",\"publisher\":{\"@id\":\"https:\/\/www.sophy.ch\/#organization\"},\"alternateName\":\"Sophy Jewelry\",\"potentialAction\":[{\"@type\":\"SearchAction\",\"target\":{\"@type\":\"EntryPoint\",\"urlTemplate\":\"https:\/\/www.sophy.ch\/?s={search_term_string}\"},\"query-input\":{\"@type\":\"PropertyValueSpecification\",\"valueRequired\":true,\"valueName\":\"search_term_string\"}}],\"inLanguage\":\"de-CH\"},{\"@type\":\"Organization\",\"@id\":\"https:\/\/www.sophy.ch\/#organization\",\"name\":\"Sophy Geneva Jewellery\",\"alternateName\":\"Sophy Jewelry\",\"url\":\"https:\/\/www.sophy.ch\/\",\"logo\":{\"@type\":\"ImageObject\",\"inLanguage\":\"de-CH\",\"@id\":\"https:\/\/www.sophy.ch\/#\/schema\/logo\/image\/\",\"url\":\"https:\/\/www.sophy.ch\/web\/wp-content\/uploads\/2021\/06\/sophy-geneva-logo-small-400.png\",\"contentUrl\":\"https:\/\/www.sophy.ch\/web\/wp-content\/uploads\/2021\/06\/sophy-geneva-logo-small-400.png\",\"width\":408,\"height\":408,\"caption\":\"Sophy Geneva Jewellery\"},\"image\":{\"@id\":\"https:\/\/www.sophy.ch\/#\/schema\/logo\/image\/\"},\"sameAs\":[\"https:\/\/facebook.com\/sophygeneva\",\"https:\/\/x.com\/sophygeneva\",\"https:\/\/instagram.com\/sophygeneva\",\"https:\/\/pinterest.com\/sophygeneva\",\"https:\/\/www.youtube.com\/sophygeneva\",\"https:\/\/www.tiktok.com\/@sophygeneva\"],\"hasMerchantReturnPolicy\":{\"@type\":\"MerchantReturnPolicy\",\"merchantReturnLink\":\"https:\/\/www.sophy.ch\/de\/returns-and-guarantee\/\"}}]}<\/script>\n<meta property=\"product:brand\" content=\"Fine Jewellery by Sophy Geneva\" \/>\n<meta property=\"product:price:amount\" content=\"9450.00\" \/>\n<meta property=\"product:price:currency\" content=\"CHF\" \/>\n<meta property=\"og:availability\" content=\"instock\" \/>\n<meta property=\"product:availability\" content=\"instock\" \/>\n<meta property=\"product:retailer_item_id\" content=\"OBR2193SG\" \/>\n<meta property=\"product:condition\" content=\"new\" \/>\n<!-- \/ Yoast SEO Premium plugin. -->","yoast_head_json":{"title":"Edle Diamantohrringe im Marquiseschliff aus 18 Karat Wei\u00dfgold \u2013 Bester Preis bei Sophy Jewellery","description":"Sophy Geneva pr\u00e4sentiert Ihnen seinen ikonischen, glamour\u00f6sen Schmuck und seine Uhren. Entdecken Sie unsere fabelhaften Kollektionen mit der M\u00f6glichkeit, sie virtuell anzuprobieren. Lassen Sie uns mit dem besten Preis gl\u00e4nzen!","robots":{"index":"index","follow":"follow","max-snippet":"max-snippet:-1","max-image-preview":"max-image-preview:large","max-video-preview":"max-video-preview:-1"},"canonical":"https:\/\/www.sophy.ch\/de\/item\/sophisticated-marquise-cut-diamond-earrings-in-18k-white-gold\/","og_locale":"de_DE","og_type":"article","og_title":"Sophisticated Marquise-Cut Diamond Earrings in 18K White Gold - Sophie Jewelry Geneva | Online Store","og_description":"Best Price Be Wise | Sophy Geneva presents you its Iconic, Glamorous Fine jewelry & watches. Discover our fabulous collections, with a possibility to Virtually try on. Let's shine","og_url":"https:\/\/www.sophy.ch\/de\/item\/sophisticated-marquise-cut-diamond-earrings-in-18k-white-gold\/","og_site_name":"Sophie Jewelry Geneva | Online Store","article_publisher":"https:\/\/facebook.com\/sophygeneva","article_modified_time":"2024-11-29T23:54:08+00:00","og_image":[{"width":731,"height":792,"url":"https:\/\/www.sophy.ch\/web\/wp-content\/uploads\/2024\/11\/OBR2193SG-Sophy-Geneva-diamond-collection.jpg","type":"image\/jpeg"}],"twitter_card":"summary_large_image","twitter_site":"@sophygeneva","twitter_misc":{"Price":"&#67;&#72;&#70;&nbsp;9,450 Excl. VAT","Availability":"In stock"},"schema":{"@context":"https:\/\/schema.org","@graph":[{"@type":["WebPage","ItemPage"],"@id":"https:\/\/www.sophy.ch\/item\/sophisticated-marquise-cut-diamond-earrings-in-18k-white-gold\/","url":"https:\/\/www.sophy.ch\/item\/sophisticated-marquise-cut-diamond-earrings-in-18k-white-gold\/","name":"Edle Diamantohrringe im Marquiseschliff aus 18 Karat Wei\u00dfgold \u2013 Bester Preis bei Sophy Jewellery","isPartOf":{"@id":"https:\/\/www.sophy.ch\/#website"},"primaryImageOfPage":{"@id":"https:\/\/www.sophy.ch\/item\/sophisticated-marquise-cut-diamond-earrings-in-18k-white-gold\/#primaryimage"},"image":{"@id":"https:\/\/www.sophy.ch\/item\/sophisticated-marquise-cut-diamond-earrings-in-18k-white-gold\/#primaryimage"},"thumbnailUrl":"https:\/\/www.sophy.ch\/web\/wp-content\/uploads\/2024\/11\/OBR2193SG-Sophy-Geneva-diamond-collection.jpg","datePublished":"2024-11-29T23:33:27+00:00","dateModified":"2024-11-29T23:54:08+00:00","description":"Sophy Geneva pr\u00e4sentiert Ihnen seinen ikonischen, glamour\u00f6sen Schmuck und seine Uhren. Entdecken Sie unsere fabelhaften Kollektionen mit der M\u00f6glichkeit, sie virtuell anzuprobieren. Lassen Sie uns mit dem besten Preis gl\u00e4nzen!","breadcrumb":{"@id":"https:\/\/www.sophy.ch\/item\/sophisticated-marquise-cut-diamond-earrings-in-18k-white-gold\/#breadcrumb"},"inLanguage":"de-CH","potentialAction":[{"@type":"ReadAction","target":["https:\/\/www.sophy.ch\/item\/sophisticated-marquise-cut-diamond-earrings-in-18k-white-gold\/"]}]},{"@type":"ImageObject","inLanguage":"de-CH","@id":"https:\/\/www.sophy.ch\/item\/sophisticated-marquise-cut-diamond-earrings-in-18k-white-gold\/#primaryimage","url":"https:\/\/www.sophy.ch\/web\/wp-content\/uploads\/2024\/11\/OBR2193SG-Sophy-Geneva-diamond-collection.jpg","contentUrl":"https:\/\/www.sophy.ch\/web\/wp-content\/uploads\/2024\/11\/OBR2193SG-Sophy-Geneva-diamond-collection.jpg","width":731,"height":792},{"@type":"BreadcrumbList","@id":"https:\/\/www.sophy.ch\/item\/sophisticated-marquise-cut-diamond-earrings-in-18k-white-gold\/#breadcrumb","itemListElement":[{"@type":"ListItem","position":1,"name":"Home","item":"https:\/\/www.sophy.ch\/"},{"@type":"ListItem","position":2,"name":"Shop","item":"https:\/\/www.sophy.ch\/shop\/"},{"@type":"ListItem","position":3,"name":"Women Jewelry","item":"https:\/\/www.sophy.ch\/products\/women-jewelry\/"},{"@type":"ListItem","position":4,"name":"Earrings","item":"https:\/\/www.sophy.ch\/products\/women-jewelry\/earrings\/"},{"@type":"ListItem","position":5,"name":"Diamond Earring","item":"https:\/\/www.sophy.ch\/products\/women-jewelry\/earrings\/diamond-earring\/"},{"@type":"ListItem","position":6,"name":"Sophisticated Marquise-Cut Diamond Earrings in 18K White Gold"}]},{"@type":"WebSite","@id":"https:\/\/www.sophy.ch\/#website","url":"https:\/\/www.sophy.ch\/","name":"Sophie Jewelry Geneva | Online Store","description":"Swiss Store for Gold, Diamonds &amp; Gems | Best Prices","publisher":{"@id":"https:\/\/www.sophy.ch\/#organization"},"alternateName":"Sophy Jewelry","potentialAction":[{"@type":"SearchAction","target":{"@type":"EntryPoint","urlTemplate":"https:\/\/www.sophy.ch\/?s={search_term_string}"},"query-input":{"@type":"PropertyValueSpecification","valueRequired":true,"valueName":"search_term_string"}}],"inLanguage":"de-CH"},{"@type":"Organization","@id":"https:\/\/www.sophy.ch\/#organization","name":"Sophie Geneva Schmuck","alternateName":"Sophy Jewelry","url":"https:\/\/www.sophy.ch\/","logo":{"@type":"ImageObject","inLanguage":"de-CH","@id":"https:\/\/www.sophy.ch\/#\/schema\/logo\/image\/","url":"https:\/\/www.sophy.ch\/web\/wp-content\/uploads\/2021\/06\/sophy-geneva-logo-small-400.png","contentUrl":"https:\/\/www.sophy.ch\/web\/wp-content\/uploads\/2021\/06\/sophy-geneva-logo-small-400.png","width":408,"height":408,"caption":"Sophy Geneva Jewellery"},"image":{"@id":"https:\/\/www.sophy.ch\/#\/schema\/logo\/image\/"},"sameAs":["https:\/\/facebook.com\/sophygeneva","https:\/\/x.com\/sophygeneva","https:\/\/instagram.com\/sophygeneva","https:\/\/pinterest.com\/sophygeneva","https:\/\/www.youtube.com\/sophygeneva","https:\/\/www.tiktok.com\/@sophygeneva"],"hasMerchantReturnPolicy":{"@type":"MerchantReturnPolicy","merchantReturnLink":"https:\/\/www.sophy.ch\/de\/returns-and-guarantee\/"}}]},"product_brand":"Fine Jewellery by Sophy Geneva","product_price_amount":"9450.00","product_price_currency":"CHF","og_availability":"instock","product_availability":"instock","product_retailer_item_id":"OBR2193SG","product_condition":"new"},"_links":{"self":[{"href":"https:\/\/www.sophy.ch\/de\/wp-json\/wp\/v2\/product\/29110","targetHints":{"allow":["GET"]}}],"collection":[{"href":"https:\/\/www.sophy.ch\/de\/wp-json\/wp\/v2\/product"}],"about":[{"href":"https:\/\/www.sophy.ch\/de\/wp-json\/wp\/v2\/types\/product"}],"version-history":[{"count":0,"href":"https:\/\/www.sophy.ch\/de\/wp-json\/wp\/v2\/product\/29110\/revisions"}],"wp:featuredmedia":[{"embeddable":true,"href":"https:\/\/www.sophy.ch\/de\/wp-json\/wp\/v2\/media\/29106"}],"wp:attachment":[{"href":"https:\/\/www.sophy.ch\/de\/wp-json\/wp\/v2\/media?parent=29110"}],"wp:term":[{"taxonomy":"product_brand","embeddable":true,"href":"https:\/\/www.sophy.ch\/de\/wp-json\/wp\/v2\/product_brand?post=29110"},{"taxonomy":"product_cat","embeddable":true,"href":"https:\/\/www.sophy.ch\/de\/wp-json\/wp\/v2\/product_cat?post=29110"},{"taxonomy":"product_tag","embeddable":true,"href":"https:\/\/www.sophy.ch\/de\/wp-json\/wp\/v2\/product_tag?post=29110"}],"curies":[{"name":"wp","href":"https:\/\/api.w.org\/{rel}","templated":true}]}}