{"id":18011,"date":"2022-11-10T16:54:39","date_gmt":"2022-11-10T15:54:39","guid":{"rendered":"https:\/\/www.sophy.ch\/item\/chain-necklace-50-cm-panzer-sanded-3-5-mm-yellow-gold-750\/"},"modified":"2022-11-26T11:14:25","modified_gmt":"2022-11-26T10:14:25","slug":"chain-necklace-50-cm-panzer-sanded-3-5-mm-yellow-gold-750","status":"publish","type":"product","link":"https:\/\/www.sophy.ch\/de\/item\/chain-necklace-50-cm-panzer-sanded-3-5-mm-yellow-gold-750\/","title":{"rendered":"Kettenhalskette 50 cm Panzer sandgestrahlt 3,5 mm Gelbgold 750"},"content":{"rendered":"","protected":false},"excerpt":{"rendered":"<link rel=\"stylesheet\" id=\"elementor-post-4963-css\" href=\"https:\/\/www.sophy.ch\/web\/wp-content\/uploads\/elementor\/css\/post-4963.css?ver=1775228186\" type=\"text\/css\" media=\"all\">\n<div data-elementor-type=\"wp-post\" data-elementor-id=\"4963\" class=\"elementor elementor-4963\" data-elementor-post-type=\"cms_block\">\n<section class=\"elementor-section elementor-top-section elementor-element elementor-element-1ab3267 elementor-section-content-middle elementor-section-full_width elementor-hidden-phone elementor-section-height-min-height elementor-section-height-default elementor-section-items-middle\" data-id=\"1ab3267\" data-element_type=\"section\" data-e-type=\"section\" data-settings=\"{&quot;background_background&quot;:&quot;classic&quot;}\">\n<div class=\"elementor-container elementor-column-gap-no\">\n<div class=\"elementor-column elementor-col-50 elementor-top-column elementor-element elementor-element-1ec0989\" data-id=\"1ec0989\" data-element_type=\"column\" data-e-type=\"column\">\n<div class=\"elementor-widget-wrap elementor-element-populated\">\n\t\t\t\t\t\t\t<link rel=\"stylesheet\" id=\"wd-mod-animations-transform-base-css\" href=\"https:\/\/www.sophy.ch\/web\/wp-content\/themes\/woodmart\/css\/parts\/mod-animations-transform-base.min.css?ver=8.4.1\" type=\"text\/css\" media=\"all\" \/> \t\t\t\t\t\t<link rel=\"stylesheet\" id=\"wd-mod-animations-transform-css\" href=\"https:\/\/www.sophy.ch\/web\/wp-content\/themes\/woodmart\/css\/parts\/mod-animations-transform.min.css?ver=8.4.1\" type=\"text\/css\" media=\"all\" \/> \t\t\t\t\t\t<link rel=\"stylesheet\" id=\"wd-mod-transform-css\" href=\"https:\/\/www.sophy.ch\/web\/wp-content\/themes\/woodmart\/css\/parts\/mod-transform.min.css?ver=8.4.1\" type=\"text\/css\" media=\"all\" \/>\n<div class=\"elementor-element elementor-element-64d8526 wd-animation-slide-from-left wd-animation-normal wd_delay_100 wd-animation wd-transform elementor-widget elementor-widget-image\" data-id=\"64d8526\" data-element_type=\"widget\" data-e-type=\"widget\" data-widget_type=\"image.default\">\n<div class=\"elementor-widget-container\">\n\t\t\t\t\t\t\t\t\t\t\t\t\t\t\t<img decoding=\"async\" src=\"https:\/\/www.sophy.ch\/web\/wp-content\/uploads\/elementor\/thumbs\/free-delivery-pygblnjs3kt39ylh8iemuksvaimsf873a5iokzrqm8.png\" title=\"kostenlose Lieferung\" alt=\"kostenlose Lieferung\" loading=\"lazy\" \/>\t\t\t\t\t\t\t\t\t\t\t\t\t\t\t<\/div>\n<\/p><\/div>\n<\/p><\/div>\n<\/p><\/div>\n<div class=\"elementor-column elementor-col-50 elementor-top-column elementor-element elementor-element-34f3bda\" data-id=\"34f3bda\" data-element_type=\"column\" data-e-type=\"column\">\n<div class=\"elementor-widget-wrap elementor-element-populated\">\n<div class=\"elementor-element elementor-element-55c181c color-scheme-inherit text-left elementor-widget elementor-widget-text-editor\" data-id=\"55c181c\" data-element_type=\"widget\" data-e-type=\"widget\" data-widget_type=\"text-editor.default\">\n<div class=\"elementor-widget-container\">\n\t\t\t\t\t\t\t\t\t<strong>Voraussichtliche Lieferung:<\/strong> Wird versendet zwischen <strong>3 <\/strong>&amp;<strong> 5 <\/strong>Tage\t\t\t\t\t\t\t\t<\/div>\n<\/p><\/div>\n<\/p><\/div>\n<\/p><\/div>\n<\/p><\/div>\n<\/section><\/div>","protected":false},"featured_media":18006,"template":"","meta":[],"product_brand":[],"product_cat":[1614,1989],"product_tag":[2012,2014,2013],"class_list":{"0":"post-18011","1":"product","2":"type-product","3":"status-publish","4":"has-post-thumbnail","6":"product_cat-chain-necklace","7":"product_cat-men-necklaces","8":"product_tag-chain-collier","9":"product_tag-chain-necklace","10":"product_tag-trendy-chain","12":"first","13":"instock","14":"featured","15":"sold-individually","16":"taxable","17":"shipping-taxable","18":"purchasable","19":"product-type-simple"},"yoast_head":"<!-- This site is optimized with the Yoast SEO Premium plugin v26.9 (Yoast SEO v27.1.1) - https:\/\/yoast.com\/product\/yoast-seo-premium-wordpress\/ -->\n<title>Chain Necklace 50 cm Panzer sanded 3.5 mm Yellow Gold 750 - Best Price at Sophy Jewellery<\/title>\n<meta name=\"description\" content=\"Sophy Geneva presents you its Iconic, Glamorous Fine jewelry &amp; watches. Discover our fabulous collections, with a possibility to Virtually try on. Let&#039;s shine with the Best Price!\" \/>\n<meta name=\"robots\" content=\"index, follow, max-snippet:-1, max-image-preview:large, max-video-preview:-1\" \/>\n<link rel=\"canonical\" href=\"https:\/\/www.sophy.ch\/de\/item\/chain-necklace-50-cm-panzer-sanded-3-5-mm-yellow-gold-750\/\" \/>\n<meta property=\"og:locale\" content=\"de_DE\" \/>\n<meta property=\"og:type\" content=\"article\" \/>\n<meta property=\"og:title\" content=\"Chain Necklace 50 cm Panzer sanded 3.5 mm Yellow Gold 750 - Sophie Jewelry Geneva | Online Store\" \/>\n<meta property=\"og:description\" content=\"Best Price Be Wise | Sophy Geneva presents you its Iconic, Glamorous Fine jewelry &amp; watches. Discover our fabulous collections, with a possibility to Virtually try on. Let&#039;s shine\" \/>\n<meta property=\"og:url\" content=\"https:\/\/www.sophy.ch\/de\/item\/chain-necklace-50-cm-panzer-sanded-3-5-mm-yellow-gold-750\/\" \/>\n<meta property=\"og:site_name\" content=\"Sophie Jewelry Geneva | Online Store\" \/>\n<meta property=\"article:publisher\" content=\"https:\/\/facebook.com\/sophygeneva\" \/>\n<meta property=\"article:modified_time\" content=\"2022-11-26T10:14:25+00:00\" \/>\n<meta property=\"og:image\" content=\"https:\/\/www.sophy.ch\/web\/wp-content\/uploads\/2022\/11\/114003103.jpg\" \/>\n\t<meta property=\"og:image:width\" content=\"591\" \/>\n\t<meta property=\"og:image:height\" content=\"591\" \/>\n\t<meta property=\"og:image:type\" content=\"image\/jpeg\" \/>\n<meta name=\"twitter:card\" content=\"summary_large_image\" \/>\n<meta name=\"twitter:site\" content=\"@sophygeneva\" \/>\n<meta name=\"twitter:label1\" content=\"Price\" \/>\n\t<meta name=\"twitter:data1\" content=\"&euro;3,583 Excl. VAT\" \/>\n\t<meta name=\"twitter:label2\" content=\"Availability\" \/>\n\t<meta name=\"twitter:data2\" content=\"In stock\" \/>\n<script type=\"application\/ld+json\" class=\"yoast-schema-graph\">{\"@context\":\"https:\/\/schema.org\",\"@graph\":[{\"@type\":[\"WebPage\",\"ItemPage\"],\"@id\":\"https:\/\/www.sophy.ch\/item\/chain-necklace-50-cm-panzer-sanded-3-5-mm-yellow-gold-750\/\",\"url\":\"https:\/\/www.sophy.ch\/item\/chain-necklace-50-cm-panzer-sanded-3-5-mm-yellow-gold-750\/\",\"name\":\"Chain Necklace 50 cm Panzer sanded 3.5 mm Yellow Gold 750 - Best Price at Sophy Jewellery\",\"isPartOf\":{\"@id\":\"https:\/\/www.sophy.ch\/#website\"},\"primaryImageOfPage\":{\"@id\":\"https:\/\/www.sophy.ch\/item\/chain-necklace-50-cm-panzer-sanded-3-5-mm-yellow-gold-750\/#primaryimage\"},\"image\":{\"@id\":\"https:\/\/www.sophy.ch\/item\/chain-necklace-50-cm-panzer-sanded-3-5-mm-yellow-gold-750\/#primaryimage\"},\"thumbnailUrl\":\"https:\/\/www.sophy.ch\/web\/wp-content\/uploads\/2022\/11\/114003103.jpg\",\"datePublished\":\"2022-11-10T15:54:39+00:00\",\"dateModified\":\"2022-11-26T10:14:25+00:00\",\"description\":\"Sophy Geneva presents you its Iconic, Glamorous Fine jewelry & watches. Discover our fabulous collections, with a possibility to Virtually try on. Let's shine with the Best Price!\",\"breadcrumb\":{\"@id\":\"https:\/\/www.sophy.ch\/item\/chain-necklace-50-cm-panzer-sanded-3-5-mm-yellow-gold-750\/#breadcrumb\"},\"inLanguage\":\"de-CH\",\"potentialAction\":[{\"@type\":\"ReadAction\",\"target\":[\"https:\/\/www.sophy.ch\/item\/chain-necklace-50-cm-panzer-sanded-3-5-mm-yellow-gold-750\/\"]}]},{\"@type\":\"ImageObject\",\"inLanguage\":\"de-CH\",\"@id\":\"https:\/\/www.sophy.ch\/item\/chain-necklace-50-cm-panzer-sanded-3-5-mm-yellow-gold-750\/#primaryimage\",\"url\":\"https:\/\/www.sophy.ch\/web\/wp-content\/uploads\/2022\/11\/114003103.jpg\",\"contentUrl\":\"https:\/\/www.sophy.ch\/web\/wp-content\/uploads\/2022\/11\/114003103.jpg\",\"width\":591,\"height\":591},{\"@type\":\"BreadcrumbList\",\"@id\":\"https:\/\/www.sophy.ch\/item\/chain-necklace-50-cm-panzer-sanded-3-5-mm-yellow-gold-750\/#breadcrumb\",\"itemListElement\":[{\"@type\":\"ListItem\",\"position\":1,\"name\":\"Home\",\"item\":\"https:\/\/www.sophy.ch\/\"},{\"@type\":\"ListItem\",\"position\":2,\"name\":\"Shop\",\"item\":\"https:\/\/www.sophy.ch\/shop\/\"},{\"@type\":\"ListItem\",\"position\":3,\"name\":\"Chain Necklace 50 cm Panzer sanded 3.5 mm Yellow Gold 750\"}]},{\"@type\":\"WebSite\",\"@id\":\"https:\/\/www.sophy.ch\/#website\",\"url\":\"https:\/\/www.sophy.ch\/\",\"name\":\"Sophie Jewelry Geneva | Online Store\",\"description\":\"Swiss Store for Gold, Diamonds &amp; Gems | Best Prices\",\"publisher\":{\"@id\":\"https:\/\/www.sophy.ch\/#organization\"},\"alternateName\":\"Sophy Jewelry\",\"potentialAction\":[{\"@type\":\"SearchAction\",\"target\":{\"@type\":\"EntryPoint\",\"urlTemplate\":\"https:\/\/www.sophy.ch\/?s={search_term_string}\"},\"query-input\":{\"@type\":\"PropertyValueSpecification\",\"valueRequired\":true,\"valueName\":\"search_term_string\"}}],\"inLanguage\":\"de-CH\"},{\"@type\":\"Organization\",\"@id\":\"https:\/\/www.sophy.ch\/#organization\",\"name\":\"Sophy Geneva Jewellery\",\"alternateName\":\"Sophy Jewelry\",\"url\":\"https:\/\/www.sophy.ch\/\",\"logo\":{\"@type\":\"ImageObject\",\"inLanguage\":\"de-CH\",\"@id\":\"https:\/\/www.sophy.ch\/#\/schema\/logo\/image\/\",\"url\":\"https:\/\/www.sophy.ch\/web\/wp-content\/uploads\/2021\/06\/sophy-geneva-logo-small-400.png\",\"contentUrl\":\"https:\/\/www.sophy.ch\/web\/wp-content\/uploads\/2021\/06\/sophy-geneva-logo-small-400.png\",\"width\":408,\"height\":408,\"caption\":\"Sophy Geneva Jewellery\"},\"image\":{\"@id\":\"https:\/\/www.sophy.ch\/#\/schema\/logo\/image\/\"},\"sameAs\":[\"https:\/\/facebook.com\/sophygeneva\",\"https:\/\/x.com\/sophygeneva\",\"https:\/\/instagram.com\/sophygeneva\",\"https:\/\/pinterest.com\/sophygeneva\",\"https:\/\/www.youtube.com\/sophygeneva\",\"https:\/\/www.tiktok.com\/@sophygeneva\"],\"hasMerchantReturnPolicy\":{\"@type\":\"MerchantReturnPolicy\",\"merchantReturnLink\":\"https:\/\/www.sophy.ch\/de\/returns-and-guarantee\/\"}}]}<\/script>\n<meta property=\"product:price:amount\" content=\"3583.00\" \/>\n<meta property=\"product:price:currency\" content=\"EUR\" \/>\n<meta property=\"og:availability\" content=\"instock\" \/>\n<meta property=\"product:availability\" content=\"instock\" \/>\n<meta property=\"product:retailer_item_id\" content=\"1140.03103\/5005\" \/>\n<meta property=\"product:condition\" content=\"new\" \/>\n<!-- \/ Yoast SEO Premium plugin. -->","yoast_head_json":{"title":"Kette Halskette 50 cm Panzer geschliffen 3,5 mm Gelbgold 750 - Bester Preis bei Sophy Schmuck","description":"Sophy Geneva pr\u00e4sentiert Ihnen seinen ikonischen, glamour\u00f6sen Schmuck und seine Uhren. Entdecken Sie unsere fabelhaften Kollektionen mit der M\u00f6glichkeit, sie virtuell anzuprobieren. Lassen Sie uns mit dem besten Preis gl\u00e4nzen!","robots":{"index":"index","follow":"follow","max-snippet":"max-snippet:-1","max-image-preview":"max-image-preview:large","max-video-preview":"max-video-preview:-1"},"canonical":"https:\/\/www.sophy.ch\/de\/item\/chain-necklace-50-cm-panzer-sanded-3-5-mm-yellow-gold-750\/","og_locale":"de_DE","og_type":"article","og_title":"Chain Necklace 50 cm Panzer sanded 3.5 mm Yellow Gold 750 - Sophie Jewelry Geneva | Online Store","og_description":"Best Price Be Wise | Sophy Geneva presents you its Iconic, Glamorous Fine jewelry & watches. Discover our fabulous collections, with a possibility to Virtually try on. Let's shine","og_url":"https:\/\/www.sophy.ch\/de\/item\/chain-necklace-50-cm-panzer-sanded-3-5-mm-yellow-gold-750\/","og_site_name":"Sophie Jewelry Geneva | Online Store","article_publisher":"https:\/\/facebook.com\/sophygeneva","article_modified_time":"2022-11-26T10:14:25+00:00","og_image":[{"width":591,"height":591,"url":"https:\/\/www.sophy.ch\/web\/wp-content\/uploads\/2022\/11\/114003103.jpg","type":"image\/jpeg"}],"twitter_card":"summary_large_image","twitter_site":"@sophygeneva","twitter_misc":{"Price":"&euro;3,583 Excl. VAT","Availability":"In stock"},"schema":{"@context":"https:\/\/schema.org","@graph":[{"@type":["WebPage","ItemPage"],"@id":"https:\/\/www.sophy.ch\/item\/chain-necklace-50-cm-panzer-sanded-3-5-mm-yellow-gold-750\/","url":"https:\/\/www.sophy.ch\/item\/chain-necklace-50-cm-panzer-sanded-3-5-mm-yellow-gold-750\/","name":"Kette Halskette 50 cm Panzer geschliffen 3,5 mm Gelbgold 750 - Bester Preis bei Sophy Schmuck","isPartOf":{"@id":"https:\/\/www.sophy.ch\/#website"},"primaryImageOfPage":{"@id":"https:\/\/www.sophy.ch\/item\/chain-necklace-50-cm-panzer-sanded-3-5-mm-yellow-gold-750\/#primaryimage"},"image":{"@id":"https:\/\/www.sophy.ch\/item\/chain-necklace-50-cm-panzer-sanded-3-5-mm-yellow-gold-750\/#primaryimage"},"thumbnailUrl":"https:\/\/www.sophy.ch\/web\/wp-content\/uploads\/2022\/11\/114003103.jpg","datePublished":"2022-11-10T15:54:39+00:00","dateModified":"2022-11-26T10:14:25+00:00","description":"Sophy Geneva pr\u00e4sentiert Ihnen seinen ikonischen, glamour\u00f6sen Schmuck und seine Uhren. Entdecken Sie unsere fabelhaften Kollektionen mit der M\u00f6glichkeit, sie virtuell anzuprobieren. Lassen Sie uns mit dem besten Preis gl\u00e4nzen!","breadcrumb":{"@id":"https:\/\/www.sophy.ch\/item\/chain-necklace-50-cm-panzer-sanded-3-5-mm-yellow-gold-750\/#breadcrumb"},"inLanguage":"de-CH","potentialAction":[{"@type":"ReadAction","target":["https:\/\/www.sophy.ch\/item\/chain-necklace-50-cm-panzer-sanded-3-5-mm-yellow-gold-750\/"]}]},{"@type":"ImageObject","inLanguage":"de-CH","@id":"https:\/\/www.sophy.ch\/item\/chain-necklace-50-cm-panzer-sanded-3-5-mm-yellow-gold-750\/#primaryimage","url":"https:\/\/www.sophy.ch\/web\/wp-content\/uploads\/2022\/11\/114003103.jpg","contentUrl":"https:\/\/www.sophy.ch\/web\/wp-content\/uploads\/2022\/11\/114003103.jpg","width":591,"height":591},{"@type":"BreadcrumbList","@id":"https:\/\/www.sophy.ch\/item\/chain-necklace-50-cm-panzer-sanded-3-5-mm-yellow-gold-750\/#breadcrumb","itemListElement":[{"@type":"ListItem","position":1,"name":"Home","item":"https:\/\/www.sophy.ch\/"},{"@type":"ListItem","position":2,"name":"Shop","item":"https:\/\/www.sophy.ch\/shop\/"},{"@type":"ListItem","position":3,"name":"Chain Necklace 50 cm Panzer sanded 3.5 mm Yellow Gold 750"}]},{"@type":"WebSite","@id":"https:\/\/www.sophy.ch\/#website","url":"https:\/\/www.sophy.ch\/","name":"Sophie Jewelry Geneva | Online Store","description":"Swiss Store for Gold, Diamonds &amp; Gems | Best Prices","publisher":{"@id":"https:\/\/www.sophy.ch\/#organization"},"alternateName":"Sophy Jewelry","potentialAction":[{"@type":"SearchAction","target":{"@type":"EntryPoint","urlTemplate":"https:\/\/www.sophy.ch\/?s={search_term_string}"},"query-input":{"@type":"PropertyValueSpecification","valueRequired":true,"valueName":"search_term_string"}}],"inLanguage":"de-CH"},{"@type":"Organization","@id":"https:\/\/www.sophy.ch\/#organization","name":"Sophie Geneva Schmuck","alternateName":"Sophy Jewelry","url":"https:\/\/www.sophy.ch\/","logo":{"@type":"ImageObject","inLanguage":"de-CH","@id":"https:\/\/www.sophy.ch\/#\/schema\/logo\/image\/","url":"https:\/\/www.sophy.ch\/web\/wp-content\/uploads\/2021\/06\/sophy-geneva-logo-small-400.png","contentUrl":"https:\/\/www.sophy.ch\/web\/wp-content\/uploads\/2021\/06\/sophy-geneva-logo-small-400.png","width":408,"height":408,"caption":"Sophy Geneva Jewellery"},"image":{"@id":"https:\/\/www.sophy.ch\/#\/schema\/logo\/image\/"},"sameAs":["https:\/\/facebook.com\/sophygeneva","https:\/\/x.com\/sophygeneva","https:\/\/instagram.com\/sophygeneva","https:\/\/pinterest.com\/sophygeneva","https:\/\/www.youtube.com\/sophygeneva","https:\/\/www.tiktok.com\/@sophygeneva"],"hasMerchantReturnPolicy":{"@type":"MerchantReturnPolicy","merchantReturnLink":"https:\/\/www.sophy.ch\/de\/returns-and-guarantee\/"}}]},"product_price_amount":"3583.00","product_price_currency":"EUR","og_availability":"instock","product_availability":"instock","product_retailer_item_id":"1140.03103\/5005","product_condition":"new"},"_links":{"self":[{"href":"https:\/\/www.sophy.ch\/de\/wp-json\/wp\/v2\/product\/18011","targetHints":{"allow":["GET"]}}],"collection":[{"href":"https:\/\/www.sophy.ch\/de\/wp-json\/wp\/v2\/product"}],"about":[{"href":"https:\/\/www.sophy.ch\/de\/wp-json\/wp\/v2\/types\/product"}],"version-history":[{"count":0,"href":"https:\/\/www.sophy.ch\/de\/wp-json\/wp\/v2\/product\/18011\/revisions"}],"wp:featuredmedia":[{"embeddable":true,"href":"https:\/\/www.sophy.ch\/de\/wp-json\/wp\/v2\/media\/18006"}],"wp:attachment":[{"href":"https:\/\/www.sophy.ch\/de\/wp-json\/wp\/v2\/media?parent=18011"}],"wp:term":[{"taxonomy":"product_brand","embeddable":true,"href":"https:\/\/www.sophy.ch\/de\/wp-json\/wp\/v2\/product_brand?post=18011"},{"taxonomy":"product_cat","embeddable":true,"href":"https:\/\/www.sophy.ch\/de\/wp-json\/wp\/v2\/product_cat?post=18011"},{"taxonomy":"product_tag","embeddable":true,"href":"https:\/\/www.sophy.ch\/de\/wp-json\/wp\/v2\/product_tag?post=18011"}],"curies":[{"name":"wp","href":"https:\/\/api.w.org\/{rel}","templated":true}]}}