{"id":16796,"date":"2022-10-04T12:00:45","date_gmt":"2022-10-04T10:00:45","guid":{"rendered":"https:\/\/www.sophy.ch\/?post_type=product&#038;p=16796"},"modified":"2023-08-28T00:07:37","modified_gmt":"2023-08-27T22:07:37","slug":"swiss-elegance-blue-sapphire-ring-and-white-gold","status":"publish","type":"product","link":"https:\/\/www.sophy.ch\/de\/item\/swiss-elegance-blue-sapphire-ring-and-white-gold\/","title":{"rendered":"SCHWEIZER ELEGANZ - Blauer Saphir- und Diamantring aus Wei\u00dfgold"},"content":{"rendered":"","protected":false},"excerpt":{"rendered":"<p>Ring Wei\u00dfgold 750 mit 18 Diamanten H SI Tot. 0,11ct. &amp; 1 Saphirblau 0,31ct.<\/p>","protected":false},"featured_media":16798,"template":"","meta":[],"product_brand":[],"product_cat":[1965,1964,297],"product_tag":[367],"class_list":{"0":"post-16796","1":"product","2":"type-product","3":"status-publish","4":"has-post-thumbnail","6":"product_cat-colored-gemstone-rings","7":"product_cat-diamond-ring","8":"product_cat-rings","9":"product_tag-blue-sapphire","10":"pa_collection-swiss-elegance","11":"pa_color-white-gold","12":"pa_diamond-carat-0-11-ct","13":"pa_guarantee-12-months","14":"pa_jewellery-art-ring","15":"pa_product-brand-fine-jewellery-by-sophy-geneva","16":"pa_product-gemstone-blue-sapphire","17":"pa_product-ring-size-50-o-159mm","18":"pa_product-ring-size-52-o-165mm","19":"pa_product-ring-size-377","20":"pa_product-ring-size-378","21":"pa_product-ring-size-379","22":"pa_product-ring-size-380","23":"pa_ring-style-solitaire-ring","25":"first","26":"instock","27":"taxable","28":"shipping-taxable","29":"purchasable","30":"product-type-variable"},"yoast_head":"<!-- This site is optimized with the Yoast SEO Premium plugin v26.9 (Yoast SEO v27.1.1) - https:\/\/yoast.com\/product\/yoast-seo-premium-wordpress\/ -->\n<title>SWISS ELEGANCE- Blue Sapphire and Diamond Ring in white gold - Best Price at Sophy Jewellery<\/title>\n<meta name=\"description\" content=\"Blue Saphire ring &amp; diamond in white gold, represents the Swiss elegancy with the best price guarantee and swiss quality, check for more options\" \/>\n<meta name=\"robots\" content=\"index, follow, max-snippet:-1, max-image-preview:large, max-video-preview:-1\" \/>\n<link rel=\"canonical\" href=\"https:\/\/www.sophy.ch\/de\/item\/swiss-elegance-blue-sapphire-ring-and-white-gold\/\" \/>\n<meta property=\"og:locale\" content=\"de_DE\" \/>\n<meta property=\"og:type\" content=\"article\" \/>\n<meta property=\"og:title\" content=\"SWISS ELEGANCE- Blue Sapphire and Diamond Ring in white gold - Sophie Jewelry Geneva | Online Store\" \/>\n<meta property=\"og:description\" content=\"Best Price Be Wise | Sophy Geneva presents you its Iconic, Glamorous Fine jewelry &amp; watches. Discover our fabulous collections, with a possibility to Virtually try on. Let&#039;s shine\" \/>\n<meta property=\"og:url\" content=\"https:\/\/www.sophy.ch\/de\/item\/swiss-elegance-blue-sapphire-ring-and-white-gold\/\" \/>\n<meta property=\"og:site_name\" content=\"Sophie Jewelry Geneva | Online Store\" \/>\n<meta property=\"article:publisher\" content=\"https:\/\/facebook.com\/sophygeneva\" \/>\n<meta property=\"article:modified_time\" content=\"2023-08-27T22:07:37+00:00\" \/>\n<meta property=\"og:image\" content=\"https:\/\/www.sophy.ch\/web\/wp-content\/uploads\/2022\/10\/RFA2141-blue-saphire-sophy-geneva-e1664877582855.jpg\" \/>\n\t<meta property=\"og:image:width\" content=\"673\" \/>\n\t<meta property=\"og:image:height\" content=\"618\" \/>\n\t<meta property=\"og:image:type\" content=\"image\/jpeg\" \/>\n<meta name=\"twitter:card\" content=\"summary_large_image\" \/>\n<meta name=\"twitter:site\" content=\"@sophygeneva\" \/>\n<meta name=\"twitter:label1\" content=\"Availability\" \/>\n\t<meta name=\"twitter:data1\" content=\"In stock\" \/>\n<script type=\"application\/ld+json\" class=\"yoast-schema-graph\">{\"@context\":\"https:\/\/schema.org\",\"@graph\":[{\"@type\":[\"WebPage\",\"ItemPage\"],\"@id\":\"https:\/\/www.sophy.ch\/item\/swiss-elegance-blue-sapphire-ring-and-white-gold\/\",\"url\":\"https:\/\/www.sophy.ch\/item\/swiss-elegance-blue-sapphire-ring-and-white-gold\/\",\"name\":\"SWISS ELEGANCE- Blue Sapphire and Diamond Ring in white gold - Best Price at Sophy Jewellery\",\"isPartOf\":{\"@id\":\"https:\/\/www.sophy.ch\/#website\"},\"primaryImageOfPage\":{\"@id\":\"https:\/\/www.sophy.ch\/item\/swiss-elegance-blue-sapphire-ring-and-white-gold\/#primaryimage\"},\"image\":{\"@id\":\"https:\/\/www.sophy.ch\/item\/swiss-elegance-blue-sapphire-ring-and-white-gold\/#primaryimage\"},\"thumbnailUrl\":\"https:\/\/www.sophy.ch\/web\/wp-content\/uploads\/2022\/10\/RFA2141-blue-saphire-sophy-geneva-e1664877582855.jpg\",\"datePublished\":\"2022-10-04T10:00:45+00:00\",\"dateModified\":\"2023-08-27T22:07:37+00:00\",\"description\":\"Blue Saphire ring & diamond in white gold, represents the Swiss elegancy with the best price guarantee and swiss quality, check for more options\",\"breadcrumb\":{\"@id\":\"https:\/\/www.sophy.ch\/item\/swiss-elegance-blue-sapphire-ring-and-white-gold\/#breadcrumb\"},\"inLanguage\":\"de-CH\",\"potentialAction\":[{\"@type\":\"ReadAction\",\"target\":[\"https:\/\/www.sophy.ch\/item\/swiss-elegance-blue-sapphire-ring-and-white-gold\/\"]}]},{\"@type\":\"ImageObject\",\"inLanguage\":\"de-CH\",\"@id\":\"https:\/\/www.sophy.ch\/item\/swiss-elegance-blue-sapphire-ring-and-white-gold\/#primaryimage\",\"url\":\"https:\/\/www.sophy.ch\/web\/wp-content\/uploads\/2022\/10\/RFA2141-blue-saphire-sophy-geneva-e1664877582855.jpg\",\"contentUrl\":\"https:\/\/www.sophy.ch\/web\/wp-content\/uploads\/2022\/10\/RFA2141-blue-saphire-sophy-geneva-e1664877582855.jpg\",\"width\":673,\"height\":618},{\"@type\":\"BreadcrumbList\",\"@id\":\"https:\/\/www.sophy.ch\/item\/swiss-elegance-blue-sapphire-ring-and-white-gold\/#breadcrumb\",\"itemListElement\":[{\"@type\":\"ListItem\",\"position\":1,\"name\":\"Home\",\"item\":\"https:\/\/www.sophy.ch\/\"},{\"@type\":\"ListItem\",\"position\":2,\"name\":\"Shop\",\"item\":\"https:\/\/www.sophy.ch\/shop\/\"},{\"@type\":\"ListItem\",\"position\":3,\"name\":\"Women Jewelry\",\"item\":\"https:\/\/www.sophy.ch\/products\/women-jewelry\/\"},{\"@type\":\"ListItem\",\"position\":4,\"name\":\"Rings\",\"item\":\"https:\/\/www.sophy.ch\/products\/women-jewelry\/rings\/\"},{\"@type\":\"ListItem\",\"position\":5,\"name\":\"SWISS ELEGANCE- Blue Sapphire and Diamond Ring in white gold\"}]},{\"@type\":\"WebSite\",\"@id\":\"https:\/\/www.sophy.ch\/#website\",\"url\":\"https:\/\/www.sophy.ch\/\",\"name\":\"Sophie Jewelry Geneva | Online Store\",\"description\":\"Swiss Store for Gold, Diamonds &amp; Gems | Best Prices\",\"publisher\":{\"@id\":\"https:\/\/www.sophy.ch\/#organization\"},\"alternateName\":\"Sophy Jewelry\",\"potentialAction\":[{\"@type\":\"SearchAction\",\"target\":{\"@type\":\"EntryPoint\",\"urlTemplate\":\"https:\/\/www.sophy.ch\/?s={search_term_string}\"},\"query-input\":{\"@type\":\"PropertyValueSpecification\",\"valueRequired\":true,\"valueName\":\"search_term_string\"}}],\"inLanguage\":\"de-CH\"},{\"@type\":\"Organization\",\"@id\":\"https:\/\/www.sophy.ch\/#organization\",\"name\":\"Sophy Geneva Jewellery\",\"alternateName\":\"Sophy Jewelry\",\"url\":\"https:\/\/www.sophy.ch\/\",\"logo\":{\"@type\":\"ImageObject\",\"inLanguage\":\"de-CH\",\"@id\":\"https:\/\/www.sophy.ch\/#\/schema\/logo\/image\/\",\"url\":\"https:\/\/www.sophy.ch\/web\/wp-content\/uploads\/2021\/06\/sophy-geneva-logo-small-400.png\",\"contentUrl\":\"https:\/\/www.sophy.ch\/web\/wp-content\/uploads\/2021\/06\/sophy-geneva-logo-small-400.png\",\"width\":408,\"height\":408,\"caption\":\"Sophy Geneva Jewellery\"},\"image\":{\"@id\":\"https:\/\/www.sophy.ch\/#\/schema\/logo\/image\/\"},\"sameAs\":[\"https:\/\/facebook.com\/sophygeneva\",\"https:\/\/x.com\/sophygeneva\",\"https:\/\/instagram.com\/sophygeneva\",\"https:\/\/pinterest.com\/sophygeneva\",\"https:\/\/www.youtube.com\/sophygeneva\",\"https:\/\/www.tiktok.com\/@sophygeneva\"],\"hasMerchantReturnPolicy\":{\"@type\":\"MerchantReturnPolicy\",\"merchantReturnLink\":\"https:\/\/www.sophy.ch\/de\/returns-and-guarantee\/\"}}]}<\/script>\n<meta property=\"product:brand\" content=\"Fine Jewellery by Sophy Geneva\" \/>\n<meta property=\"og:availability\" content=\"instock\" \/>\n<meta property=\"product:availability\" content=\"instock\" \/>\n<meta property=\"product:retailer_item_id\" content=\"RFA2141\" \/>\n<meta property=\"product:condition\" content=\"new\" \/>\n<!-- \/ Yoast SEO Premium plugin. -->","yoast_head_json":{"title":"SWISS ELEGANCE - Blauer Saphir- und Diamantring in Wei\u00dfgold - Bester Preis bei Sophy Jewellery","description":"Blauer Saphirring &amp; Diamant in Wei\u00dfgold, repr\u00e4sentiert die Schweizer Eleganz mit Bestpreisgarantie und Schweizer Qualit\u00e4t, pr\u00fcfen Sie f\u00fcr weitere Optionen","robots":{"index":"index","follow":"follow","max-snippet":"max-snippet:-1","max-image-preview":"max-image-preview:large","max-video-preview":"max-video-preview:-1"},"canonical":"https:\/\/www.sophy.ch\/de\/item\/swiss-elegance-blue-sapphire-ring-and-white-gold\/","og_locale":"de_DE","og_type":"article","og_title":"SWISS ELEGANCE- Blue Sapphire and Diamond Ring in white gold - Sophie Jewelry Geneva | Online Store","og_description":"Best Price Be Wise | Sophy Geneva presents you its Iconic, Glamorous Fine jewelry & watches. Discover our fabulous collections, with a possibility to Virtually try on. Let's shine","og_url":"https:\/\/www.sophy.ch\/de\/item\/swiss-elegance-blue-sapphire-ring-and-white-gold\/","og_site_name":"Sophie Jewelry Geneva | Online Store","article_publisher":"https:\/\/facebook.com\/sophygeneva","article_modified_time":"2023-08-27T22:07:37+00:00","og_image":[{"width":673,"height":618,"url":"https:\/\/www.sophy.ch\/web\/wp-content\/uploads\/2022\/10\/RFA2141-blue-saphire-sophy-geneva-e1664877582855.jpg","type":"image\/jpeg"}],"twitter_card":"summary_large_image","twitter_site":"@sophygeneva","twitter_misc":{"Availability":"In stock"},"schema":{"@context":"https:\/\/schema.org","@graph":[{"@type":["WebPage","ItemPage"],"@id":"https:\/\/www.sophy.ch\/item\/swiss-elegance-blue-sapphire-ring-and-white-gold\/","url":"https:\/\/www.sophy.ch\/item\/swiss-elegance-blue-sapphire-ring-and-white-gold\/","name":"SWISS ELEGANCE - Blauer Saphir- und Diamantring in Wei\u00dfgold - Bester Preis bei Sophy Jewellery","isPartOf":{"@id":"https:\/\/www.sophy.ch\/#website"},"primaryImageOfPage":{"@id":"https:\/\/www.sophy.ch\/item\/swiss-elegance-blue-sapphire-ring-and-white-gold\/#primaryimage"},"image":{"@id":"https:\/\/www.sophy.ch\/item\/swiss-elegance-blue-sapphire-ring-and-white-gold\/#primaryimage"},"thumbnailUrl":"https:\/\/www.sophy.ch\/web\/wp-content\/uploads\/2022\/10\/RFA2141-blue-saphire-sophy-geneva-e1664877582855.jpg","datePublished":"2022-10-04T10:00:45+00:00","dateModified":"2023-08-27T22:07:37+00:00","description":"Blauer Saphirring &amp; Diamant in Wei\u00dfgold, repr\u00e4sentiert die Schweizer Eleganz mit Bestpreisgarantie und Schweizer Qualit\u00e4t, pr\u00fcfen Sie f\u00fcr weitere Optionen","breadcrumb":{"@id":"https:\/\/www.sophy.ch\/item\/swiss-elegance-blue-sapphire-ring-and-white-gold\/#breadcrumb"},"inLanguage":"de-CH","potentialAction":[{"@type":"ReadAction","target":["https:\/\/www.sophy.ch\/item\/swiss-elegance-blue-sapphire-ring-and-white-gold\/"]}]},{"@type":"ImageObject","inLanguage":"de-CH","@id":"https:\/\/www.sophy.ch\/item\/swiss-elegance-blue-sapphire-ring-and-white-gold\/#primaryimage","url":"https:\/\/www.sophy.ch\/web\/wp-content\/uploads\/2022\/10\/RFA2141-blue-saphire-sophy-geneva-e1664877582855.jpg","contentUrl":"https:\/\/www.sophy.ch\/web\/wp-content\/uploads\/2022\/10\/RFA2141-blue-saphire-sophy-geneva-e1664877582855.jpg","width":673,"height":618},{"@type":"BreadcrumbList","@id":"https:\/\/www.sophy.ch\/item\/swiss-elegance-blue-sapphire-ring-and-white-gold\/#breadcrumb","itemListElement":[{"@type":"ListItem","position":1,"name":"Home","item":"https:\/\/www.sophy.ch\/"},{"@type":"ListItem","position":2,"name":"Shop","item":"https:\/\/www.sophy.ch\/shop\/"},{"@type":"ListItem","position":3,"name":"Women Jewelry","item":"https:\/\/www.sophy.ch\/products\/women-jewelry\/"},{"@type":"ListItem","position":4,"name":"Rings","item":"https:\/\/www.sophy.ch\/products\/women-jewelry\/rings\/"},{"@type":"ListItem","position":5,"name":"SWISS ELEGANCE- Blue Sapphire and Diamond Ring in white gold"}]},{"@type":"WebSite","@id":"https:\/\/www.sophy.ch\/#website","url":"https:\/\/www.sophy.ch\/","name":"Sophie Jewelry Geneva | Online Store","description":"Swiss Store for Gold, Diamonds &amp; Gems | Best Prices","publisher":{"@id":"https:\/\/www.sophy.ch\/#organization"},"alternateName":"Sophy Jewelry","potentialAction":[{"@type":"SearchAction","target":{"@type":"EntryPoint","urlTemplate":"https:\/\/www.sophy.ch\/?s={search_term_string}"},"query-input":{"@type":"PropertyValueSpecification","valueRequired":true,"valueName":"search_term_string"}}],"inLanguage":"de-CH"},{"@type":"Organization","@id":"https:\/\/www.sophy.ch\/#organization","name":"Sophie Geneva Schmuck","alternateName":"Sophy Jewelry","url":"https:\/\/www.sophy.ch\/","logo":{"@type":"ImageObject","inLanguage":"de-CH","@id":"https:\/\/www.sophy.ch\/#\/schema\/logo\/image\/","url":"https:\/\/www.sophy.ch\/web\/wp-content\/uploads\/2021\/06\/sophy-geneva-logo-small-400.png","contentUrl":"https:\/\/www.sophy.ch\/web\/wp-content\/uploads\/2021\/06\/sophy-geneva-logo-small-400.png","width":408,"height":408,"caption":"Sophy Geneva Jewellery"},"image":{"@id":"https:\/\/www.sophy.ch\/#\/schema\/logo\/image\/"},"sameAs":["https:\/\/facebook.com\/sophygeneva","https:\/\/x.com\/sophygeneva","https:\/\/instagram.com\/sophygeneva","https:\/\/pinterest.com\/sophygeneva","https:\/\/www.youtube.com\/sophygeneva","https:\/\/www.tiktok.com\/@sophygeneva"],"hasMerchantReturnPolicy":{"@type":"MerchantReturnPolicy","merchantReturnLink":"https:\/\/www.sophy.ch\/de\/returns-and-guarantee\/"}}]},"product_brand":"Fine Jewellery by Sophy Geneva","og_availability":"instock","product_availability":"instock","product_retailer_item_id":"RFA2141","product_condition":"new"},"_links":{"self":[{"href":"https:\/\/www.sophy.ch\/de\/wp-json\/wp\/v2\/product\/16796","targetHints":{"allow":["GET"]}}],"collection":[{"href":"https:\/\/www.sophy.ch\/de\/wp-json\/wp\/v2\/product"}],"about":[{"href":"https:\/\/www.sophy.ch\/de\/wp-json\/wp\/v2\/types\/product"}],"version-history":[{"count":0,"href":"https:\/\/www.sophy.ch\/de\/wp-json\/wp\/v2\/product\/16796\/revisions"}],"wp:featuredmedia":[{"embeddable":true,"href":"https:\/\/www.sophy.ch\/de\/wp-json\/wp\/v2\/media\/16798"}],"wp:attachment":[{"href":"https:\/\/www.sophy.ch\/de\/wp-json\/wp\/v2\/media?parent=16796"}],"wp:term":[{"taxonomy":"product_brand","embeddable":true,"href":"https:\/\/www.sophy.ch\/de\/wp-json\/wp\/v2\/product_brand?post=16796"},{"taxonomy":"product_cat","embeddable":true,"href":"https:\/\/www.sophy.ch\/de\/wp-json\/wp\/v2\/product_cat?post=16796"},{"taxonomy":"product_tag","embeddable":true,"href":"https:\/\/www.sophy.ch\/de\/wp-json\/wp\/v2\/product_tag?post=16796"}],"curies":[{"name":"wp","href":"https:\/\/api.w.org\/{rel}","templated":true}]}}