{"id":20220,"date":"2022-12-27T14:24:47","date_gmt":"2022-12-27T13:24:47","guid":{"rendered":"https:\/\/www.sophy.ch\/?page_id=20220"},"modified":"2023-02-21T10:40:25","modified_gmt":"2023-02-21T09:40:25","slug":"best-price-guarantee","status":"publish","type":"page","link":"https:\/\/www.sophy.ch\/de\/best-price-guarantee\/","title":{"rendered":"Preisgarantie - immer zum besten Preis"},"content":{"rendered":"<div data-elementor-type=\"wp-page\" data-elementor-id=\"20220\" class=\"elementor elementor-20220\" data-elementor-post-type=\"page\">\n\t\t\t\t\t\t<section class=\"wd-negative-gap elementor-section elementor-top-section elementor-element elementor-element-7ec7fe0 elementor-section-boxed elementor-section-height-default elementor-section-height-default\" data-id=\"7ec7fe0\" data-element_type=\"section\" data-e-type=\"section\" data-settings=\"{&quot;background_background&quot;:&quot;classic&quot;}\">\n\t\t\t\t\t\t<div class=\"elementor-container elementor-column-gap-default\">\n\t\t\t\t\t<div class=\"elementor-column elementor-col-100 elementor-top-column elementor-element elementor-element-10eb773c\" data-id=\"10eb773c\" data-element_type=\"column\" data-e-type=\"column\" data-settings=\"{&quot;background_background&quot;:&quot;classic&quot;}\">\n\t\t\t<div class=\"elementor-widget-wrap elementor-element-populated\">\n\t\t\t\t\t\t<div class=\"elementor-element elementor-element-65389e1e color-scheme-inherit text-left elementor-widget elementor-widget-text-editor\" data-id=\"65389e1e\" data-element_type=\"widget\" data-e-type=\"widget\" data-widget_type=\"text-editor.default\">\n\t\t\t\t<div class=\"elementor-widget-container\">\n\t\t\t\t\t\t\t\t\t<p><\/p>\n<p>Wir von Sophy Jewellery, einem Schweizer Online-Schmuckgesch\u00e4ft, sind stolz darauf, unseren Kunden die Bestpreisgarantie anbieten zu k\u00f6nnen.<\/p>\n<p>Wir sind zuversichtlich, dass wir die besten Preise in der Schweiz haben und wir glauben, dass unsere Preise wahrscheinlich auch die besten in der EU sind.<\/p>\n<p>Unsere Preise beinhalten die Versandkosten, sodass Sie sich keine Gedanken \u00fcber zus\u00e4tzliche Geb\u00fchren machen m\u00fcssen, wenn Sie bei uns einkaufen.<\/p>\n<p>Es spielt keine Rolle, wonach Sie suchen! Gold, Diamanten, Silber, Saphire, Smaragde, Opale oder was auch immer an Schmuckkunst Sie interessiert, Ringe, Ohrringe, Anh\u00e4nger, Halsketten, Armb\u00e4nder, wir bei Sophy Jewelry werden unser Bestes tun, um Ihnen den besten Preis anzubieten.<\/p>\n<p>Den Markt st\u00e4ndig zu verfolgen, um die besten Preise zu halten, erfordert viel Arbeit, die wir m\u00f6glicherweise nicht t\u00e4glich oder sogar monatlich leisten k\u00f6nnen. Wenn Sie also in einem anderen Gesch\u00e4ft einen besseren Preis finden, empfehlen wir Ihnen, uns \u00fcber den Produktlink auf der anderen Website zu kontaktieren.<\/p>\n<p>Beachten Sie, dass die folgenden Bedingungen erf\u00fcllt sein m\u00fcssen, um einen besseren Preis als den Preis des anderen Gesch\u00e4fts zu erzielen:<br \/>1. Das Gesch\u00e4ft befindet sich in der Schweiz.<br \/>2. Kostenloser Versand ist inbegriffen<br \/>3. Die beiden Produkte haben die gleichen Spezifikationen<br \/>4. Der Endpreis ist der Originalpreis. Sonderangebote, Rabatte, Gutscheine oder andere Angebote gelten nicht f\u00fcr den Endpreis<span style=\"color: #be9a60;\"><strong><span title=\"Auch wenn das Produkt im Sonderangebot ist, bieten wir Ihnen m\u00f6glicherweise einen besseren Preis oder ein besseres Angebot an.\">*<\/span><\/strong><\/span>.<\/p>\n<p><strong>Wir werden unser Bestes tun, um den Preis zu erreichen oder zu \u00fcbertreffen und Ihnen das bestm\u00f6gliche Angebot zu machen.<\/strong><\/p>\n<p>Bitte ber\u00fccksichtigen Sie, dass Sie bei jedem Kauf ein Geschenk mit dem Produkt erhalten, bei dem es sich um einen Gutschein oder Rabatt handeln kann, der beim n\u00e4chsten Kauf verwendet werden kann und der den Endpreis reduziert.<\/p>\n<p>Wir sind bestrebt, unseren Kunden die besten Preise auf dem Markt anzubieten, und wir hoffen, dass unsere Bestpreisgarantie Ihnen das Vertrauen gibt, bei Sophy Jewellery einzukaufen.<\/p>\n<p style=\"text-align: right;\">Vielen Dank, dass Sie sich f\u00fcr unseren einzigen Juwelierladen entschieden haben.<br \/>Sophie Genf Team<\/p>\n<p><span style=\"color: #999999; font-size: 8pt;\">Auch wenn das Produkt im Sonderangebot ist, bieten wir Ihnen m\u00f6glicherweise einen besseren Preis oder ein besseres Angebot an.<\/span><\/p>\n<p><\/p>\t\t\t\t\t\t\t\t<\/div>\n\t\t\t\t<\/div>\n\t\t\t\t<div class=\"elementor-element elementor-element-21be739 elementor-grid-6 elementor-share-buttons--color-custom elementor-share-buttons--view-icon-text elementor-share-buttons--skin-gradient elementor-share-buttons--shape-square elementor-widget elementor-widget-share-buttons\" data-id=\"21be739\" data-element_type=\"widget\" data-e-type=\"widget\" data-widget_type=\"share-buttons.default\">\n\t\t\t\t<div class=\"elementor-widget-container\">\n\t\t\t\t\t\t\t<div class=\"elementor-grid\" role=\"list\">\n\t\t\t\t\t\t\t\t<div class=\"elementor-grid-item\" role=\"listitem\">\n\t\t\t\t\t\t<div class=\"elementor-share-btn elementor-share-btn_facebook\" role=\"button\" tabindex=\"0\" aria-label=\"Partager sur facebook\" data-no-translation-aria-label=\"\">\n\t\t\t\t\t\t\t\t\t\t\t\t\t\t\t<span class=\"elementor-share-btn__icon\">\n\t\t\t\t\t\t\t\t<i class=\"fab fa-facebook\" aria-hidden=\"true\"><\/i>\t\t\t\t\t\t\t<\/span>\n\t\t\t\t\t\t\t\t\t\t\t\t\t\t\t\t\t\t\t\t\t\t<div class=\"elementor-share-btn__text\">\n\t\t\t\t\t\t\t\t\t\t\t\t\t\t\t\t\t\t\t<span class=\"elementor-share-btn__title\">\n\t\t\t\t\t\t\t\t\t\tFacebook\t\t\t\t\t\t\t\t\t<\/span>\n\t\t\t\t\t\t\t\t\t\t\t\t\t\t\t\t\t<\/div>\n\t\t\t\t\t\t\t\t\t\t\t\t\t<\/div>\n\t\t\t\t\t<\/div>\n\t\t\t\t\t\t\t\t\t<div class=\"elementor-grid-item\" role=\"listitem\">\n\t\t\t\t\t\t<div class=\"elementor-share-btn elementor-share-btn_twitter\" role=\"button\" tabindex=\"0\" aria-label=\"Partager sur twitter\" data-no-translation-aria-label=\"\">\n\t\t\t\t\t\t\t\t\t\t\t\t\t\t\t<span class=\"elementor-share-btn__icon\">\n\t\t\t\t\t\t\t\t<i class=\"fab fa-twitter\" aria-hidden=\"true\"><\/i>\t\t\t\t\t\t\t<\/span>\n\t\t\t\t\t\t\t\t\t\t\t\t\t\t\t\t\t\t\t\t\t\t<div class=\"elementor-share-btn__text\">\n\t\t\t\t\t\t\t\t\t\t\t\t\t\t\t\t\t\t\t<span class=\"elementor-share-btn__title\">\n\t\t\t\t\t\t\t\t\t\tTwitter\t\t\t\t\t\t\t\t\t<\/span>\n\t\t\t\t\t\t\t\t\t\t\t\t\t\t\t\t\t<\/div>\n\t\t\t\t\t\t\t\t\t\t\t\t\t<\/div>\n\t\t\t\t\t<\/div>\n\t\t\t\t\t\t\t\t\t<div class=\"elementor-grid-item\" role=\"listitem\">\n\t\t\t\t\t\t<div class=\"elementor-share-btn elementor-share-btn_linkedin\" role=\"button\" tabindex=\"0\" aria-label=\"Partager sur linkedin\" data-no-translation-aria-label=\"\">\n\t\t\t\t\t\t\t\t\t\t\t\t\t\t\t<span class=\"elementor-share-btn__icon\">\n\t\t\t\t\t\t\t\t<i class=\"fab fa-linkedin\" aria-hidden=\"true\"><\/i>\t\t\t\t\t\t\t<\/span>\n\t\t\t\t\t\t\t\t\t\t\t\t\t\t\t\t\t\t\t\t\t\t<div class=\"elementor-share-btn__text\">\n\t\t\t\t\t\t\t\t\t\t\t\t\t\t\t\t\t\t\t<span class=\"elementor-share-btn__title\">\n\t\t\t\t\t\t\t\t\t\tLinkedIn\t\t\t\t\t\t\t\t\t<\/span>\n\t\t\t\t\t\t\t\t\t\t\t\t\t\t\t\t\t<\/div>\n\t\t\t\t\t\t\t\t\t\t\t\t\t<\/div>\n\t\t\t\t\t<\/div>\n\t\t\t\t\t\t\t\t\t<div class=\"elementor-grid-item\" role=\"listitem\">\n\t\t\t\t\t\t<div class=\"elementor-share-btn elementor-share-btn_telegram\" role=\"button\" tabindex=\"0\" aria-label=\"Partager sur telegram\" data-no-translation-aria-label=\"\">\n\t\t\t\t\t\t\t\t\t\t\t\t\t\t\t<span class=\"elementor-share-btn__icon\">\n\t\t\t\t\t\t\t\t<i class=\"fab fa-telegram\" aria-hidden=\"true\"><\/i>\t\t\t\t\t\t\t<\/span>\n\t\t\t\t\t\t\t\t\t\t\t\t\t\t\t\t\t\t\t\t\t\t<div class=\"elementor-share-btn__text\">\n\t\t\t\t\t\t\t\t\t\t\t\t\t\t\t\t\t\t\t<span class=\"elementor-share-btn__title\">\n\t\t\t\t\t\t\t\t\t\tTelegramm\t\t\t\t\t\t\t\t\t<\/span>\n\t\t\t\t\t\t\t\t\t\t\t\t\t\t\t\t\t<\/div>\n\t\t\t\t\t\t\t\t\t\t\t\t\t<\/div>\n\t\t\t\t\t<\/div>\n\t\t\t\t\t\t\t\t\t<div class=\"elementor-grid-item\" role=\"listitem\">\n\t\t\t\t\t\t<div class=\"elementor-share-btn elementor-share-btn_whatsapp\" role=\"button\" tabindex=\"0\" aria-label=\"Partager sur whatsapp\" data-no-translation-aria-label=\"\">\n\t\t\t\t\t\t\t\t\t\t\t\t\t\t\t<span class=\"elementor-share-btn__icon\">\n\t\t\t\t\t\t\t\t<i class=\"fab fa-whatsapp\" aria-hidden=\"true\"><\/i>\t\t\t\t\t\t\t<\/span>\n\t\t\t\t\t\t\t\t\t\t\t\t\t\t\t\t\t\t\t\t\t\t<div class=\"elementor-share-btn__text\">\n\t\t\t\t\t\t\t\t\t\t\t\t\t\t\t\t\t\t\t<span class=\"elementor-share-btn__title\">\n\t\t\t\t\t\t\t\t\t\tWhatsapp\t\t\t\t\t\t\t\t\t<\/span>\n\t\t\t\t\t\t\t\t\t\t\t\t\t\t\t\t\t<\/div>\n\t\t\t\t\t\t\t\t\t\t\t\t\t<\/div>\n\t\t\t\t\t<\/div>\n\t\t\t\t\t\t\t\t\t<div class=\"elementor-grid-item\" role=\"listitem\">\n\t\t\t\t\t\t<div class=\"elementor-share-btn elementor-share-btn_email\" role=\"button\" tabindex=\"0\" aria-label=\"Partager sur email\" data-no-translation-aria-label=\"\">\n\t\t\t\t\t\t\t\t\t\t\t\t\t\t\t<span class=\"elementor-share-btn__icon\">\n\t\t\t\t\t\t\t\t<i class=\"fas fa-envelope\" aria-hidden=\"true\"><\/i>\t\t\t\t\t\t\t<\/span>\n\t\t\t\t\t\t\t\t\t\t\t\t\t\t\t\t\t\t\t\t\t\t<div class=\"elementor-share-btn__text\">\n\t\t\t\t\t\t\t\t\t\t\t\t\t\t\t\t\t\t\t<span class=\"elementor-share-btn__title\">\n\t\t\t\t\t\t\t\t\t\tE-Mail\t\t\t\t\t\t\t\t\t<\/span>\n\t\t\t\t\t\t\t\t\t\t\t\t\t\t\t\t\t<\/div>\n\t\t\t\t\t\t\t\t\t\t\t\t\t<\/div>\n\t\t\t\t\t<\/div>\n\t\t\t\t\t\t<\/div>\n\t\t\t\t\t\t<\/div>\n\t\t\t\t<\/div>\n\t\t\t\t<div class=\"elementor-element elementor-element-bd2357a elementor-widget elementor-widget-testimonial\" data-id=\"bd2357a\" data-element_type=\"widget\" data-e-type=\"widget\" data-widget_type=\"testimonial.default\">\n\t\t\t\t<div class=\"elementor-widget-container\">\n\t\t\t\t\t\t\t<div class=\"elementor-testimonial-wrapper\">\n\t\t\t\t\t\t\t<div class=\"elementor-testimonial-content\">Bitte beachten Sie, dass Sie bei jedem Kauf ein Geschenk mit dem Produkt erhalten, bei dem es sich um einen Gutschein oder Rabatt handeln kann, der beim n\u00e4chsten Kauf verwendet werden kann und der den urspr\u00fcnglichen Preis reduziert.<\/div>\n\t\t\t\n\t\t\t\t\t\t<div class=\"elementor-testimonial-meta elementor-has-image elementor-testimonial-image-position-aside\">\n\t\t\t\t<div class=\"elementor-testimonial-meta-inner\">\n\t\t\t\t\t\t\t\t\t\t\t<div class=\"elementor-testimonial-image\">\n\t\t\t\t\t\t\t<img decoding=\"async\" width=\"665\" height=\"672\" src=\"https:\/\/www.sophy.ch\/web\/wp-content\/uploads\/2023\/01\/best_price_guarantee-golden_label.jpg\" class=\"attachment-full size-full wp-image-20311\" alt=\"\" srcset=\"https:\/\/www.sophy.ch\/web\/wp-content\/uploads\/2023\/01\/best_price_guarantee-golden_label.jpg 665w, https:\/\/www.sophy.ch\/web\/wp-content\/uploads\/2023\/01\/best_price_guarantee-golden_label-150x152.jpg 150w, https:\/\/www.sophy.ch\/web\/wp-content\/uploads\/2023\/01\/best_price_guarantee-golden_label-297x300.jpg 297w, https:\/\/www.sophy.ch\/web\/wp-content\/uploads\/2023\/01\/best_price_guarantee-golden_label-12x12.jpg 12w\" sizes=\"(max-width: 665px) 100vw, 665px\" \/>\t\t\t\t\t\t<\/div>\n\t\t\t\t\t\n\t\t\t\t\t\t\t\t\t\t<div class=\"elementor-testimonial-details\">\n\t\t\t\t\t\t\t\t\t\t\t\t\t\t<div class=\"elementor-testimonial-name\">Sophie Genf<\/div>\n\t\t\t\t\t\t\t\t\t\t\t\t\t\t\t\t\t\t\t\t\t\t<div class=\"elementor-testimonial-job\">Founder &amp; CEO<\/div>\n\t\t\t\t\t\t\t\t\t\t\t\t\t<\/div>\n\t\t\t\t\t\t\t\t\t<\/div>\n\t\t\t<\/div>\n\t\t\t\t\t<\/div>\n\t\t\t\t\t\t<\/div>\n\t\t\t\t<\/div>\n\t\t\t\t\t<\/div>\n\t\t<\/div>\n\t\t\t\t\t<\/div>\n\t\t<\/section>\n\t\t\t\t<\/div>","protected":false},"excerpt":{"rendered":"<p>Facebook Twitter LinkedIn Telegram WhatsApp Email Please take into account that with every purchase, you will receive a gift with<\/p>","protected":false},"author":1,"featured_media":20222,"parent":0,"menu_order":0,"comment_status":"closed","ping_status":"closed","template":"","meta":{"footnotes":""},"class_list":["post-20220","page","type-page","status-publish","has-post-thumbnail","hentry"],"yoast_head":"<!-- This site is optimized with the Yoast SEO Premium plugin v26.9 (Yoast SEO v27.1.1) - https:\/\/yoast.com\/product\/yoast-seo-premium-wordpress\/ -->\n<title>Best Price Guarantee | Gold, Diamond &amp; Gemstones @SophyGeneva<\/title>\n<meta name=\"description\" content=\"Guarantee of the Best &amp; Most Reasonable Price in the Swiss &amp; EU Markets! Rings, Earrings, Necklaces, Bracelets &amp; Pendants! Free Shipping! \u27a1\ufe0f\" \/>\n<meta name=\"robots\" content=\"index, follow, max-snippet:-1, max-image-preview:large, max-video-preview:-1\" \/>\n<link rel=\"canonical\" href=\"https:\/\/www.sophy.ch\/de\/best-price-guarantee\/\" \/>\n<meta property=\"og:locale\" content=\"de_DE\" \/>\n<meta property=\"og:type\" content=\"article\" \/>\n<meta property=\"og:title\" content=\"Best Price Guarantee - Sophie Jewelry Geneva | Online Store\" \/>\n<meta property=\"og:description\" content=\"Guarantee of the Best &amp; Most Reasonable Price in the Swiss &amp; EU Markets! Rings, Earrings, Necklaces, Bracelets &amp; Pendants! Free Shipping! \u27a1\ufe0f\" \/>\n<meta property=\"og:url\" content=\"https:\/\/www.sophy.ch\/de\/best-price-guarantee\/\" \/>\n<meta property=\"og:site_name\" content=\"Sophie Jewelry Geneva | Online Store\" \/>\n<meta property=\"article:publisher\" content=\"https:\/\/facebook.com\/sophygeneva\" \/>\n<meta property=\"article:modified_time\" content=\"2023-02-21T09:40:25+00:00\" \/>\n<meta property=\"og:image\" content=\"https:\/\/www.sophy.ch\/web\/wp-content\/uploads\/2022\/12\/best-price-offer-promotion-commerce-marketing-concept.jpg\" \/>\n\t<meta property=\"og:image:width\" content=\"2000\" \/>\n\t<meta property=\"og:image:height\" content=\"1335\" \/>\n\t<meta property=\"og:image:type\" content=\"image\/jpeg\" \/>\n<meta name=\"twitter:card\" content=\"summary_large_image\" \/>\n<meta name=\"twitter:site\" content=\"@sophygeneva\" \/>\n<meta name=\"twitter:label1\" content=\"Gesch\u00e4tzte Lesezeit\" \/>\n\t<meta name=\"twitter:data1\" content=\"2\u00a0Minuten\" \/>\n<script type=\"application\/ld+json\" class=\"yoast-schema-graph\">{\"@context\":\"https:\/\/schema.org\",\"@graph\":[{\"@type\":\"WebPage\",\"@id\":\"https:\/\/www.sophy.ch\/best-price-guarantee\/\",\"url\":\"https:\/\/www.sophy.ch\/best-price-guarantee\/\",\"name\":\"Best Price Guarantee | Gold, Diamond & Gemstones @SophyGeneva\",\"isPartOf\":{\"@id\":\"https:\/\/www.sophy.ch\/#website\"},\"primaryImageOfPage\":{\"@id\":\"https:\/\/www.sophy.ch\/best-price-guarantee\/#primaryimage\"},\"image\":{\"@id\":\"https:\/\/www.sophy.ch\/best-price-guarantee\/#primaryimage\"},\"thumbnailUrl\":\"https:\/\/www.sophy.ch\/web\/wp-content\/uploads\/2022\/12\/best-price-offer-promotion-commerce-marketing-concept.jpg\",\"datePublished\":\"2022-12-27T13:24:47+00:00\",\"dateModified\":\"2023-02-21T09:40:25+00:00\",\"description\":\"Guarantee of the Best & Most Reasonable Price in the Swiss & EU Markets! Rings, Earrings, Necklaces, Bracelets & Pendants! Free Shipping! \u27a1\ufe0f\",\"breadcrumb\":{\"@id\":\"https:\/\/www.sophy.ch\/best-price-guarantee\/#breadcrumb\"},\"inLanguage\":\"de-CH\",\"potentialAction\":[{\"@type\":\"ReadAction\",\"target\":[\"https:\/\/www.sophy.ch\/best-price-guarantee\/\"]}]},{\"@type\":\"ImageObject\",\"inLanguage\":\"de-CH\",\"@id\":\"https:\/\/www.sophy.ch\/best-price-guarantee\/#primaryimage\",\"url\":\"https:\/\/www.sophy.ch\/web\/wp-content\/uploads\/2022\/12\/best-price-offer-promotion-commerce-marketing-concept.jpg\",\"contentUrl\":\"https:\/\/www.sophy.ch\/web\/wp-content\/uploads\/2022\/12\/best-price-offer-promotion-commerce-marketing-concept.jpg\",\"width\":2000,\"height\":1335,\"caption\":\"Best Price Offer Promotion Commerce Marketing Concept\"},{\"@type\":\"BreadcrumbList\",\"@id\":\"https:\/\/www.sophy.ch\/best-price-guarantee\/#breadcrumb\",\"itemListElement\":[{\"@type\":\"ListItem\",\"position\":1,\"name\":\"Home\",\"item\":\"https:\/\/www.sophy.ch\/\"},{\"@type\":\"ListItem\",\"position\":2,\"name\":\"Best Price Guarantee\"}]},{\"@type\":\"WebSite\",\"@id\":\"https:\/\/www.sophy.ch\/#website\",\"url\":\"https:\/\/www.sophy.ch\/\",\"name\":\"Sophie Jewelry Geneva | Online Store\",\"description\":\"Swiss Store for Gold, Diamonds &amp; Gems | Best Prices\",\"publisher\":{\"@id\":\"https:\/\/www.sophy.ch\/#organization\"},\"alternateName\":\"Sophy Jewelry\",\"potentialAction\":[{\"@type\":\"SearchAction\",\"target\":{\"@type\":\"EntryPoint\",\"urlTemplate\":\"https:\/\/www.sophy.ch\/?s={search_term_string}\"},\"query-input\":{\"@type\":\"PropertyValueSpecification\",\"valueRequired\":true,\"valueName\":\"search_term_string\"}}],\"inLanguage\":\"de-CH\"},{\"@type\":\"Organization\",\"@id\":\"https:\/\/www.sophy.ch\/#organization\",\"name\":\"Sophy Geneva Jewellery\",\"alternateName\":\"Sophy Jewelry\",\"url\":\"https:\/\/www.sophy.ch\/\",\"logo\":{\"@type\":\"ImageObject\",\"inLanguage\":\"de-CH\",\"@id\":\"https:\/\/www.sophy.ch\/#\/schema\/logo\/image\/\",\"url\":\"https:\/\/www.sophy.ch\/web\/wp-content\/uploads\/2021\/06\/sophy-geneva-logo-small-400.png\",\"contentUrl\":\"https:\/\/www.sophy.ch\/web\/wp-content\/uploads\/2021\/06\/sophy-geneva-logo-small-400.png\",\"width\":408,\"height\":408,\"caption\":\"Sophy Geneva Jewellery\"},\"image\":{\"@id\":\"https:\/\/www.sophy.ch\/#\/schema\/logo\/image\/\"},\"sameAs\":[\"https:\/\/facebook.com\/sophygeneva\",\"https:\/\/x.com\/sophygeneva\",\"https:\/\/instagram.com\/sophygeneva\",\"https:\/\/pinterest.com\/sophygeneva\",\"https:\/\/www.youtube.com\/sophygeneva\",\"https:\/\/www.tiktok.com\/@sophygeneva\"],\"hasMerchantReturnPolicy\":{\"@type\":\"MerchantReturnPolicy\",\"merchantReturnLink\":\"https:\/\/www.sophy.ch\/de\/returns-and-guarantee\/\"}}]}<\/script>\n<!-- \/ Yoast SEO Premium plugin. -->","yoast_head_json":{"title":"Bestpreisgarantie | Gold, Diamanten und Edelsteine @SophyGeneva","description":"Garantie des besten und g\u00fcnstigsten Preises auf dem Schweizer und EU-Markt! Ringe, Ohrringe, Halsketten, Armb\u00e4nder &amp; Anh\u00e4nger! Kostenloser Versand! \u27a1\ufe0f","robots":{"index":"index","follow":"follow","max-snippet":"max-snippet:-1","max-image-preview":"max-image-preview:large","max-video-preview":"max-video-preview:-1"},"canonical":"https:\/\/www.sophy.ch\/de\/best-price-guarantee\/","og_locale":"de_DE","og_type":"article","og_title":"Best Price Guarantee - Sophie Jewelry Geneva | Online Store","og_description":"Guarantee of the Best & Most Reasonable Price in the Swiss & EU Markets! Rings, Earrings, Necklaces, Bracelets & Pendants! Free Shipping! \u27a1\ufe0f","og_url":"https:\/\/www.sophy.ch\/de\/best-price-guarantee\/","og_site_name":"Sophie Jewelry Geneva | Online Store","article_publisher":"https:\/\/facebook.com\/sophygeneva","article_modified_time":"2023-02-21T09:40:25+00:00","og_image":[{"width":2000,"height":1335,"url":"https:\/\/www.sophy.ch\/web\/wp-content\/uploads\/2022\/12\/best-price-offer-promotion-commerce-marketing-concept.jpg","type":"image\/jpeg"}],"twitter_card":"summary_large_image","twitter_site":"@sophygeneva","twitter_misc":{"Gesch\u00e4tzte Lesezeit":"2\u00a0Minuten"},"schema":{"@context":"https:\/\/schema.org","@graph":[{"@type":"WebPage","@id":"https:\/\/www.sophy.ch\/best-price-guarantee\/","url":"https:\/\/www.sophy.ch\/best-price-guarantee\/","name":"Bestpreisgarantie | Gold, Diamanten und Edelsteine @SophyGeneva","isPartOf":{"@id":"https:\/\/www.sophy.ch\/#website"},"primaryImageOfPage":{"@id":"https:\/\/www.sophy.ch\/best-price-guarantee\/#primaryimage"},"image":{"@id":"https:\/\/www.sophy.ch\/best-price-guarantee\/#primaryimage"},"thumbnailUrl":"https:\/\/www.sophy.ch\/web\/wp-content\/uploads\/2022\/12\/best-price-offer-promotion-commerce-marketing-concept.jpg","datePublished":"2022-12-27T13:24:47+00:00","dateModified":"2023-02-21T09:40:25+00:00","description":"Garantie des besten und g\u00fcnstigsten Preises auf dem Schweizer und EU-Markt! Ringe, Ohrringe, Halsketten, Armb\u00e4nder &amp; Anh\u00e4nger! Kostenloser Versand! \u27a1\ufe0f","breadcrumb":{"@id":"https:\/\/www.sophy.ch\/best-price-guarantee\/#breadcrumb"},"inLanguage":"de-CH","potentialAction":[{"@type":"ReadAction","target":["https:\/\/www.sophy.ch\/best-price-guarantee\/"]}]},{"@type":"ImageObject","inLanguage":"de-CH","@id":"https:\/\/www.sophy.ch\/best-price-guarantee\/#primaryimage","url":"https:\/\/www.sophy.ch\/web\/wp-content\/uploads\/2022\/12\/best-price-offer-promotion-commerce-marketing-concept.jpg","contentUrl":"https:\/\/www.sophy.ch\/web\/wp-content\/uploads\/2022\/12\/best-price-offer-promotion-commerce-marketing-concept.jpg","width":2000,"height":1335,"caption":"Best Price Offer Promotion Commerce Marketing Concept"},{"@type":"BreadcrumbList","@id":"https:\/\/www.sophy.ch\/best-price-guarantee\/#breadcrumb","itemListElement":[{"@type":"ListItem","position":1,"name":"Home","item":"https:\/\/www.sophy.ch\/"},{"@type":"ListItem","position":2,"name":"Best Price Guarantee"}]},{"@type":"WebSite","@id":"https:\/\/www.sophy.ch\/#website","url":"https:\/\/www.sophy.ch\/","name":"Sophie Jewelry Geneva | Online Store","description":"Swiss Store for Gold, Diamonds &amp; Gems | Best Prices","publisher":{"@id":"https:\/\/www.sophy.ch\/#organization"},"alternateName":"Sophy Jewelry","potentialAction":[{"@type":"SearchAction","target":{"@type":"EntryPoint","urlTemplate":"https:\/\/www.sophy.ch\/?s={search_term_string}"},"query-input":{"@type":"PropertyValueSpecification","valueRequired":true,"valueName":"search_term_string"}}],"inLanguage":"de-CH"},{"@type":"Organization","@id":"https:\/\/www.sophy.ch\/#organization","name":"Sophie Geneva Schmuck","alternateName":"Sophy Jewelry","url":"https:\/\/www.sophy.ch\/","logo":{"@type":"ImageObject","inLanguage":"de-CH","@id":"https:\/\/www.sophy.ch\/#\/schema\/logo\/image\/","url":"https:\/\/www.sophy.ch\/web\/wp-content\/uploads\/2021\/06\/sophy-geneva-logo-small-400.png","contentUrl":"https:\/\/www.sophy.ch\/web\/wp-content\/uploads\/2021\/06\/sophy-geneva-logo-small-400.png","width":408,"height":408,"caption":"Sophy Geneva Jewellery"},"image":{"@id":"https:\/\/www.sophy.ch\/#\/schema\/logo\/image\/"},"sameAs":["https:\/\/facebook.com\/sophygeneva","https:\/\/x.com\/sophygeneva","https:\/\/instagram.com\/sophygeneva","https:\/\/pinterest.com\/sophygeneva","https:\/\/www.youtube.com\/sophygeneva","https:\/\/www.tiktok.com\/@sophygeneva"],"hasMerchantReturnPolicy":{"@type":"MerchantReturnPolicy","merchantReturnLink":"https:\/\/www.sophy.ch\/de\/returns-and-guarantee\/"}}]}},"_links":{"self":[{"href":"https:\/\/www.sophy.ch\/de\/wp-json\/wp\/v2\/pages\/20220","targetHints":{"allow":["GET"]}}],"collection":[{"href":"https:\/\/www.sophy.ch\/de\/wp-json\/wp\/v2\/pages"}],"about":[{"href":"https:\/\/www.sophy.ch\/de\/wp-json\/wp\/v2\/types\/page"}],"author":[{"embeddable":true,"href":"https:\/\/www.sophy.ch\/de\/wp-json\/wp\/v2\/users\/1"}],"replies":[{"embeddable":true,"href":"https:\/\/www.sophy.ch\/de\/wp-json\/wp\/v2\/comments?post=20220"}],"version-history":[{"count":0,"href":"https:\/\/www.sophy.ch\/de\/wp-json\/wp\/v2\/pages\/20220\/revisions"}],"wp:featuredmedia":[{"embeddable":true,"href":"https:\/\/www.sophy.ch\/de\/wp-json\/wp\/v2\/media\/20222"}],"wp:attachment":[{"href":"https:\/\/www.sophy.ch\/de\/wp-json\/wp\/v2\/media?parent=20220"}],"curies":[{"name":"wp","href":"https:\/\/api.w.org\/{rel}","templated":true}]}}